{"id":993,"date":"2018-06-21T14:13:00","date_gmt":"2018-06-21T12:13:00","guid":{"rendered":"http:\/\/gdsreseau3m.com\/?page_id=993"},"modified":"2024-10-24T09:25:25","modified_gmt":"2024-10-24T07:25:25","slug":"ovins-avortements-pack","status":"publish","type":"page","link":"https:\/\/gdsreseau3m.com\/?page_id=993","title":{"rendered":"Ovins \u2013 Avortements &#8211; Pack"},"content":{"rendered":"<div class=\"mpl-content-wrap\"><h6><a href=\"http:\/\/gdsreseau3m.com\/?page_id=304\"><img loading=\"lazy\" class=\"alignnone wp-image-333\" src=\"http:\/\/gdsreseau3m.com\/wp-content\/uploads\/2018\/06\/treffleMenu.png\" alt=\"\" width=\"23\" height=\"22\" \/><\/a><a href=\"http:\/\/gdsreseau3m.com\/?page_id=972\">Avortements en \u00e9levage ovin<\/a><a href=\"http:\/\/gdsreseau3m.com\/?page_id=304\"><img loading=\"lazy\" class=\"alignnone wp-image-333\" src=\"http:\/\/gdsreseau3m.com\/wp-content\/uploads\/2018\/06\/treffleMenu.png\" alt=\"\" width=\"23\" height=\"22\" \/><\/a><a href=\"http:\/\/gdsreseau3m.com\/?page_id=993\">Pack avortement des GDS\u00a0<\/a><\/h6>\n<h1><img loading=\"lazy\" class=\"alignnone wp-image-750\" src=\"http:\/\/gdsreseau3m.com\/wp-content\/uploads\/2018\/06\/Ovins.png\" alt=\"\" width=\"51\" height=\"42\" \/> <span style=\"color: #2e85e8;\">Le pack avortements des GDS<\/span><\/h1>\n<p><strong>\u2192 Son but :<\/strong> <span style=\"color: #ff6600;\"><b>r\u00e9solution rapide, optimisation des co\u00fbts d\u2019analyses<\/b><\/span><br \/>\n<strong> \u2192 <\/strong><strong>Sa d\u00e9marche<\/strong> :<span style=\"color: #ff6600;\"><b> hi\u00e9rarchisation des maladies, recherches prioritaires, enqu\u00eate approfondie, trame rigoureuse<\/b><\/span><\/p>\n<p>Le GDS vous aide financi\u00e8rement et techniquement.<b><br \/>\n<\/b><\/p>\n<h2><span style=\"color: #2e85e8;\">\u00c9tapes par \u00e9tapes avec le \u00ab\u00a0pack avortements\u00a0\u00bb<\/span><\/h2>\n<h6><em>\u00a0En collaboration syst\u00e9matique avec le v\u00e9t\u00e9rinaire de l&rsquo;exploitation et le laboratoire d&rsquo;analyse v\u00e9t\u00e9rinaire<\/em><\/h6>\n<p><b>1 &#8211; <\/b><b>Recherches de 1<sup>\u00e8re<\/sup> intention + enqu\u00eate \u00e9pid\u00e9miologique : <\/b><br \/>\n<b>Sur les brebis qui avortent et sur avorton <i>(sur placenta, \u00e9couvillons, organes, sang)<\/i> =<\/b><\/p>\n<ul>\n<li>Brucellose <i>(obligatoire)<\/i><\/li>\n<li>Chlamydiose<\/li>\n<li>Fi\u00e8vre Q<\/li>\n<li>Toxoplasmose<\/li>\n<li>+\/- Salmonellose, mycose, Border Disease en fonction du contexte \u00e9pid\u00e9miologique<i>\u00a0<\/i><\/li>\n<\/ul>\n<p><b>\u2192 Sur 1 lot de brebis ayant avort\u00e9 r\u00e9cemment ou avec mortinatalit\u00e9, voire probl\u00e8me de reproduction <i>(prises de sang) <\/i>=<\/b><\/p>\n<ul>\n<li>Chlamydiose sur 5 brebis<\/li>\n<li>Fi\u00e8vre Q sur 10 brebis<\/li>\n<li>Toxoplasmose sur 5 brebis<\/li>\n<li><i>+\/- salmonellose, mycose, Border Disaese en fonction du contexte \u00e9pid\u00e9miologique<br \/>\n<\/i><\/li>\n<\/ul>\n<blockquote>\n<h4><span style=\"color: #ff6600;\">Le choix de pr\u00e9l\u00e8vement est d\u00e9terminant<\/span> <a href=\"http:\/\/gdsreseau3m.com\/wp-content\/uploads\/2018\/06\/1421671336_Fiche_technique_Avortement_ovins_20150119.pdf\" target=\"_blank\" rel=\"noopener noreferrer\">(voir l\u2019article d\u00e9di\u00e9)<\/a><\/h4>\n<\/blockquote>\n<p><img loading=\"lazy\" class=\"alignnone size-full wp-image-1003\" src=\"http:\/\/gdsreseau3m.com\/wp-content\/uploads\/2018\/06\/1403784618_prel_labo_2.jpg\" alt=\"\" width=\"313\" height=\"448\" srcset=\"https:\/\/gdsreseau3m.com\/wp-content\/uploads\/2018\/06\/1403784618_prel_labo_2.jpg 313w, https:\/\/gdsreseau3m.com\/wp-content\/uploads\/2018\/06\/1403784618_prel_labo_2-210x300.jpg 210w\" sizes=\"(max-width: 313px) 100vw, 313px\" \/><\/p>\n<p><b>2. \u00c9tendue des recherches aux causes non infectieuses si les analyses ne sont pas concluantes <\/b><b>:<\/b><\/p>\n<ul>\n<li>Eau de boisson<\/li>\n<li>Carences nutritionnelles, en min\u00e9ral, vitamines ou oligo-\u00e9l\u00e9ments<\/li>\n<li>Intoxications (mycotoxine, ergot de seigle,<i> phyto-oestrog\u00e8nes)<\/i> ou polluants <i>(nitrates)<\/i><\/li>\n<li>Causes traumatiques<\/li>\n<li>Causes g\u00e9n\u00e9tiques<\/li>\n<\/ul>\n<p><img loading=\"lazy\" class=\"alignnone size-full wp-image-1007\" src=\"http:\/\/gdsreseau3m.com\/wp-content\/uploads\/2018\/06\/1403784811_ergot.png\" alt=\"\" width=\"217\" height=\"205\" \/><\/p>\n<blockquote>\n<h4><span style=\"color: #ff6600;\">Pour les adh\u00e9rents \u00e0 la section ovine du GDS = 50% d&rsquo;aides sur les analyses au laboratoire<\/span><\/h4>\n<\/blockquote>\n<\/div>","protected":false},"excerpt":{"rendered":"<p>Avortements en \u00e9levage ovinPack avortement des GDS\u00a0 Le pack avortements des GDS \u2192 Son but : r\u00e9solution rapide, optimisation des co\u00fbts d\u2019analyses \u2192 Sa d\u00e9marche : hi\u00e9rarchisation des maladies, recherches prioritaires, enqu\u00eate approfondie, trame rigoureuse Le GDS vous aide financi\u00e8rement et techniquement. \u00c9tapes par \u00e9tapes avec le \u00ab\u00a0pack avortements\u00a0\u00bb \u00a0En collaboration syst\u00e9matique avec le v\u00e9t\u00e9rinaire [&hellip;]<\/p>\n","protected":false},"author":1,"featured_media":0,"parent":0,"menu_order":0,"comment_status":"closed","ping_status":"closed","template":"","meta":[],"_links":{"self":[{"href":"https:\/\/gdsreseau3m.com\/index.php?rest_route=\/wp\/v2\/pages\/993"}],"collection":[{"href":"https:\/\/gdsreseau3m.com\/index.php?rest_route=\/wp\/v2\/pages"}],"about":[{"href":"https:\/\/gdsreseau3m.com\/index.php?rest_route=\/wp\/v2\/types\/page"}],"author":[{"embeddable":true,"href":"https:\/\/gdsreseau3m.com\/index.php?rest_route=\/wp\/v2\/users\/1"}],"replies":[{"embeddable":true,"href":"https:\/\/gdsreseau3m.com\/index.php?rest_route=%2Fwp%2Fv2%2Fcomments&post=993"}],"version-history":[{"count":13,"href":"https:\/\/gdsreseau3m.com\/index.php?rest_route=\/wp\/v2\/pages\/993\/revisions"}],"predecessor-version":[{"id":1005,"href":"https:\/\/gdsreseau3m.com\/index.php?rest_route=\/wp\/v2\/pages\/993\/revisions\/1005"}],"wp:attachment":[{"href":"https:\/\/gdsreseau3m.com\/index.php?rest_route=%2Fwp%2Fv2%2Fmedia&parent=993"}],"curies":[{"name":"wp","href":"https:\/\/api.w.org\/{rel}","templated":true}]}}