{"id":984,"date":"2018-06-21T14:09:03","date_gmt":"2018-06-21T12:09:03","guid":{"rendered":"http:\/\/gdsreseau3m.com\/?page_id=984"},"modified":"2023-02-08T14:58:59","modified_gmt":"2023-02-08T13:58:59","slug":"ovins-technique","status":"publish","type":"page","link":"https:\/\/gdsreseau3m.com\/?page_id=984","title":{"rendered":"Ovins \u2013 Technique + &#8211; Dossiers techniques"},"content":{"rendered":"<div class=\"mpl-content-wrap\"><h6><a href=\"http:\/\/gdsreseau3m.com\/?page_id=304\"><img loading=\"lazy\" class=\"alignnone wp-image-333\" src=\"http:\/\/gdsreseau3m.com\/wp-content\/uploads\/2018\/06\/treffleMenu.png\" alt=\"\" width=\"23\" height=\"22\" \/><\/a><a href=\"http:\/\/gdsreseau3m.com\/?page_id=984\">Dossiers techniques<\/a><a href=\"http:\/\/gdsreseau3m.com\/?page_id=1074\"><img loading=\"lazy\" class=\"alignnone wp-image-333\" src=\"http:\/\/gdsreseau3m.com\/wp-content\/uploads\/2018\/06\/treffleMenu.png\" alt=\"\" width=\"23\" height=\"22\" \/>Vid\u00e9os techniques<\/a><\/h6>\n<h1><img loading=\"lazy\" class=\"alignnone wp-image-750\" src=\"http:\/\/gdsreseau3m.com\/wp-content\/uploads\/2018\/06\/Ovins.png\" alt=\"\" width=\"39\" height=\"32\" \/> <span style=\"color: #2180c0;\">Dossiers <\/span><span style=\"color: #56b74f;\"><span style=\"color: #2180c0;\">techniques<\/span><br \/>\n<\/span><\/h1>\n<h3 class=\"NewsTitle Title\"><span style=\"color: #2180c0;\">Sant\u00e9 des ch\u00e8vres : nouveau portail d&rsquo;information<\/span><\/h3>\n<blockquote>\n<h4>\u2192<a href=\"https:\/\/sante-chevres.fr\/\"> sante-chevres.fr<\/a><\/h4>\n<\/blockquote>\n<p>Ce portail \u00ab\u00a0Sant\u00e9 des ch\u00e8vres\u00a0\u00bb a pour objectif de regrouper des liens utiles vers des informations fiables sur la gestion de la sant\u00e9 des ch\u00e8vres, \u00e0 destination des \u00e9leveurs et de leurs conseillers.<\/p>\n<p>Ce portail est anim\u00e9 par l\u2019observatoire des maladies caprines OMACAP du GDS Poitou-Charentes et s\u2019appuie notamment sur les travaux r\u00e9alis\u00e9s par la Commission Sanitaire Caprine du Grand-Ouest, r\u00e9unissant un ensemble d\u2019acteurs impliqu\u00e9s dans la sant\u00e9 des ch\u00e8vres (\u00e9leveurs, v\u00e9t\u00e9rinaires, techniciens, laboratoires, laiteries, chercheurs, services v\u00e9t\u00e9rinaires et groupements de d\u00e9fense sanitaire<\/p>\n<h3><span style=\"color: #2180c0;\">Fiche technique sur la myiase <em>Wohlfahrtia magnifica <\/em>(avril 2020)<\/span><\/h3>\n<p>Vous trouverez ci-contre une fiche sur la myiase \u00e0 <em>Wohlfahrtia Magnifica<\/em> et les recommandations en cas de suspicion. Cette fiche a \u00e9t\u00e9 \u00e9labor\u00e9e par la commission ovine de GDS France.<\/p>\n<p>Cette myiase n\u2019est pas celle que vous pouvez observer habituellement sur vos ovins.<\/p>\n<p>Jusque-l\u00e0 elle ne vivait qu`en altitude mais depuis plusieurs ann\u00e9es elle s`est install\u00e9e en plaine du Limousin en faisant de gros d\u00e9g\u00e2ts sur les animaux atteints.<\/p>\n<p><strong>Attention donc si vous achetez des ovins issus de cette r\u00e9gion : isolement, surveillance et traitements sont indispensables !<\/strong><\/p>\n<p>Nous vous invitons \u00e0 lire attentivement cette fiche technique pour bien comprendre quelles sont les caract\u00e9ristiques de cette myiase et quand la suspecter. Une de ses particularit\u00e9s principales est que les LARVES sont TR\u00c8S DIFFICILES A RETIRER m\u00eame \u00e0 la pince \u00e0 \u00e9piler !<\/p>\n<ul>\n<li>\n<blockquote><p><strong><a href=\"http:\/\/gdsreseau3m.com\/wp-content\/uploads\/2020\/04\/202004_GDSF_Recommandations_wohlfahrtia_eleveurs.pdf\" target=\"_blank\" rel=\"noopener noreferrer\">Fiche technique sur la myiase <em>Wohlfahrtia magnifica<\/em><\/a> <\/strong><\/p><\/blockquote>\n<\/li>\n<\/ul>\n<p>&nbsp;<\/p>\n<h3><span style=\"color: #2180c0;\">Fiches techniques caprines \u00ab\u00a0observation des animaux\u00a0\u00bb<br \/>\n<\/span><\/h3>\n<p>Les pathologies d\u2019origines alimentaires ou nutritionnelles repr\u00e9sentent la majorit\u00e9 des affections rencontr\u00e9es en \u00e9levage\u00a0 caprins, avec les pathologies mammaires*. Il est donc plus que n\u00e9cessaire de pouvoir suivre la conduite alimentaire de son troupeau, au-del\u00e0 du calcul de la ration : ceci passe par <b>l\u2019observation des animaux\u00a0<\/b>! <b>4 crit\u00e8res faciles observer <\/b>et objectiver ont \u00e9t\u00e9 retenus pour un suivi efficace par l\u2019\u00e9leveur : la Note d\u2019Etat Corporel, les niveaux de refus en fourrage, l\u2019\u00e9tat des f\u00e8ces, les variations ponctuelles de la production de lait et des taux.<\/p>\n<h4>Retrouvez le d\u00e9tail de ces observations et leur interpr\u00e9tation sur les fiches techniques \u00e0 t\u00e9l\u00e9charger ci-dessous :<\/h4>\n<p><a href=\"http:\/\/gdsreseau3m.com\/wp-content\/uploads\/2019\/10\/Sant\u00e9-du-troupeau_fiches-tech.pdf\"><img loading=\"lazy\" class=\"alignnone wp-image-4590\" src=\"http:\/\/gdsreseau3m.com\/wp-content\/uploads\/2019\/10\/gds3m_20191021_illu-FT-ch\u00e8vres.gif\" alt=\"\" width=\"213\" height=\"301\" \/><\/a><\/p>\n<p>Lien : <a href=\"http:\/\/gdsreseau3m.com\/wp-content\/uploads\/2019\/10\/Sant\u00e9-du-troupeau_fiches-tech.pdf\" target=\"_blank\" rel=\"noopener noreferrer\">http:\/\/gdsreseau3m.com\/wp-content\/uploads\/2019\/10\/Sant\u00e9-du-troupeau_fiches-tech.pdf<\/a><\/p>\n<h6><i>*\u00e9tude de la fili\u00e8re caprine de l\u2019Ouest en 2010 dans le cadre des travaux de l\u2019OMACAP (donn\u00e9es issues des bilans sanitaires r\u00e9alis\u00e9s dans 144 \u00e9levages par le GTV 79)<\/i><\/h6>\n<p>&nbsp;<\/p>\n<h3><span style=\"color: #2180c0;\">Observatoire et suivi des causes d\u2019avortements chez les ruminants (Bilan 2018)<\/span><\/h3>\n<h6>Plateforme nationale d\u2019\u00e9pid\u00e9miosurveillance en sant\u00e9 animale (F\u00e9vrier 2019)<\/h6>\n<p>Ce document dresse le bilan du dispositif Oscar pour l\u2019ann\u00e9e 2018. Il s\u2019appuie sur les donn\u00e9es saisies par les GDS des d\u00e9partements engag\u00e9s dans le dispositif pour la p\u00e9riode du 1er janvier au 31 d\u00e9cembre 2018.<\/p>\n<ul>\n<li>\n<blockquote><p>T\u00e9l\u00e9charger le dossier technique complet <a href=\"http:\/\/gdsreseau3m.com\/wp-content\/uploads\/2020\/04\/R\u00e9sultats-OSCAR-2018_VF.pdf\" target=\"_blank\" rel=\"noopener noreferrer\"><strong>\u00ab\u00a0Observatoire et suivi des causes d\u2019avortements chez les ruminants (Bilan 2018)\u00a0\u00bb<\/strong><\/a><\/p><\/blockquote>\n<\/li>\n<\/ul>\n<h3><span style=\"color: #2180c0;\">Statut sanitaire des troupeaux : Un indicateur de pilotage pour optimiser les performances de l\u2019\u00e9levage et pour g\u00e9rer les achats d\u2019animaux<br \/>\n<\/span><\/h3>\n<p><a href=\"http:\/\/gdsreseau3m.com\/wp-content\/uploads\/2019\/05\/Statuts-sanitaires-guide-technique-4-pages-octobre-2016.pdf\" target=\"_blank\" rel=\"noopener noreferrer\"><img loading=\"lazy\" class=\"wp-image-4146 alignright\" src=\"http:\/\/gdsreseau3m.com\/wp-content\/uploads\/2019\/05\/gds3m_20190521_statuts-sanitaites-des-troupeaux-.jpeg\" alt=\"\" width=\"139\" height=\"214\" srcset=\"https:\/\/gdsreseau3m.com\/wp-content\/uploads\/2019\/05\/gds3m_20190521_statuts-sanitaites-des-troupeaux-.jpeg 573w, https:\/\/gdsreseau3m.com\/wp-content\/uploads\/2019\/05\/gds3m_20190521_statuts-sanitaites-des-troupeaux--195x300.jpeg 195w\" sizes=\"(max-width: 139px) 100vw, 139px\" \/><\/a>La gestion des maladies est un des principaux probl\u00e8mes rencontr\u00e9s par les<br \/>\n\u00e9leveurs. Elle n\u00e9cessite l\u2019application de mesures de pr\u00e9vention sanitaire parfois<br \/>\nco\u00fbteuses et difficiles \u00e0 mettre en oeuvre.<br \/>\nIl est donc primordial de conna\u00eetre le statut sanitaire de son troupeau, c\u2019est-\u00e0-dire<br \/>\nles maladies pr\u00e9sentes, afin de d\u00e9cider d\u2019un plan de ma\u00eetrise de ces maladies.<\/p>\n<ul>\n<li>\n<blockquote><p><strong><a href=\"http:\/\/gdsreseau3m.com\/wp-content\/uploads\/2019\/05\/Statuts-sanitaires-guide-technique-4-pages-octobre-2016.pdf\" target=\"_blank\" rel=\"noopener noreferrer\">T\u00e9l\u00e9charger le PDF<\/a><\/strong><span style=\"color: #333333;\"> (GDS Rh\u00f4ne-Alpes &#8211; novembre 2017)<\/span><\/p><\/blockquote>\n<\/li>\n<\/ul>\n<p>&nbsp;<\/p>\n<h3><span style=\"color: #2180c0;\">Tox\u00e9mie de fin de gestation : tout miser sur la pr\u00e9vention !<\/span><\/h3>\n<div><a href=\"http:\/\/gdsreseau3m.com\/wp-content\/uploads\/2018\/06\/Fiche_technique__Toxemie_gestation_aout_2016.pdf\" target=\"_blank\" rel=\"noopener noreferrer\"><img loading=\"lazy\" class=\"wp-image-1078 alignright\" src=\"http:\/\/gdsreseau3m.com\/wp-content\/uploads\/2018\/06\/Fiche_technique__Toxemie_gestation_aout_2016-icon.png\" alt=\"\" width=\"129\" height=\"166\" \/><\/a>La tox\u00e9mie de gestation (ou c\u00e9tose) est une maladie m\u00e9tabolique qui atteint les brebis en fin de gestation suite \u00e0 un d\u00e9s\u00e9quilibre alimentaire au niveau \u00e9nerg\u00e9tique, soit par exc\u00e8s (= brebis grasse) soit par d\u00e9faut (= brebis maigre). Elle entra\u00eene la mort de l&rsquo;animal si elle n&rsquo;est pas prise \u00e0 temps mais peut se ma\u00eetriser, gr\u00e2ce \u00e0 une pr\u00e9paration sp\u00e9cifique des femelles en fin de gestation.<\/div>\n<ul>\n<li>\n<blockquote><p><b><span style=\"color: #2180c0;\"><span style=\"color: #333333;\">T\u00e9l\u00e9charger la fiche technique (PDF) : <\/span><span style=\"color: #3366ff;\"><a style=\"color: #3366ff;\" href=\"http:\/\/gdsreseau3m.com\/wp-content\/uploads\/2018\/06\/Fiche_technique__Toxemie_gestation_aout_2016.pdf\" target=\"_blank\" rel=\"noopener noreferrer\">\u00ab\u00a0Tox\u00e9mie de fin de gestation\u00a0\u00bb<\/a><\/span><\/span><br \/>\n<\/b><\/p><\/blockquote>\n<\/li>\n<\/ul>\n<p>&nbsp;<\/p>\n<h3><span style=\"color: #2180c0;\">\u00c9viter la mort par hypothermie des agneaux<\/span><\/h3>\n<div>\n<p><a href=\"http:\/\/gdsreseau3m.com\/wp-content\/uploads\/2018\/06\/Site_Bergerie_froide_complet_JA.pdf\" target=\"_blank\" rel=\"noopener noreferrer\"><img loading=\"lazy\" class=\"wp-image-1082 alignright\" src=\"http:\/\/gdsreseau3m.com\/wp-content\/uploads\/2018\/06\/Site_Bergerie_froide_complet_JA-icon.png\" alt=\"\" width=\"132\" height=\"178\" \/><\/a>Les pertes d&rsquo;agneaux par hypothermie repr\u00e9sentent une part importante de la mortalit\u00e9 n\u00e9o-natale en \u00e9levage ovin. Pourtant, que ce soit en agissant sur l&rsquo;alimentation des m\u00e8res avant agnelage, les soins et la surveillance des agneaux nouveau-n\u00e9s ou l&rsquo;am\u00e9nagement du b\u00e2timent, des solutions simples et tr\u00e8s efficaces permettent d&rsquo;\u00e9viter ces pertes\u2026\u00a0<b><\/b><\/p>\n<ul>\n<li>\n<blockquote><p><strong><span style=\"color: #333333;\">T\u00e9l\u00e9charger le dossier complet (PDF) :<\/span> <a href=\"http:\/\/gdsreseau3m.com\/wp-content\/uploads\/2018\/06\/Site_Bergerie_froide_complet_JA.pdf\" target=\"_blank\" rel=\"noopener noreferrer\"><span style=\"color: #2180c0;\">Agneaux, \u00e9viter les pertes par hypothermie<\/span><\/a><\/strong><\/p><\/blockquote>\n<p>&nbsp;<\/li>\n<\/ul>\n<h3><span style=\"color: #2180c0;\">Vaches &#8211; brebis &#8211; ch\u00e8vres : maitrise des risques m\u00e9taboliques avant mise-bas<\/span><\/h3>\n<p><a href=\"http:\/\/gdsreseau3m.com\/wp-content\/uploads\/2018\/06\/Prepa_mise_bas_VA_VL_B_Ch.pdf\" target=\"_blank\" rel=\"noopener noreferrer\"><img loading=\"lazy\" class=\"wp-image-1083 alignright\" src=\"http:\/\/gdsreseau3m.com\/wp-content\/uploads\/2018\/06\/Prepa_mise_bas_VA_VL_B_Ch-icon.png\" alt=\"\" width=\"132\" height=\"184\" \/><\/a>De la gestion de la fin de gestation des futures m\u00e8res d\u00e9pendra le d\u00e9marrage de la lactation, la sant\u00e9 g\u00e9n\u00e9rale de la m\u00e8re et de son petit et la reprise des cycles de reproduction. Cette \u00e9tape est donc indispensable pour avoir des vaches\/brebis ou ch\u00e8vres en forme \u00e0 la mise-bas et juste apr\u00e8s ainsi que des veaux\/agneaux\/chevreaux vigoureux et en bonne sant\u00e9 ! Les risques m\u00e9taboliques sont les risques les plus importants autour de la mise-bas : pour les ma\u00eetriser, il faut avant tout couvrir les besoins des futures m\u00e8res en fin de gestation.<\/p>\n<p>Les points importants \u00e0 prendre en compte lors de cette phase de fin de gestation (= 3 derni\u00e8res semaines) sont la lutte contre l&rsquo;hypocalc\u00e9mie, la capacit\u00e9 d&rsquo;ingestion des m\u00e8res, les apports \u00e9nerg\u00e9tiques et azot\u00e9s et la couverture en oligo\u00e9l\u00e9ments-vitamines\u2026<\/p>\n<ul>\n<li>\n<blockquote><p><b><span style=\"color: #74bd20;\"><span style=\"color: #050505;\">T\u00e9l\u00e9charger le dossier complet (PDF) :<\/span> <a href=\"http:\/\/gdsreseau3m.com\/wp-content\/uploads\/2018\/06\/Prepa_mise_bas_VA_VL_B_Ch.pdf\" target=\"_blank\" rel=\"noopener noreferrer\"><span style=\"color: #2180c0;\">\u00ab\u00a0Maitriser les risques m\u00e9taboliques avant mise-bas\u00a0\u00bb<\/span><\/a><\/span><\/b><\/p><\/blockquote>\n<\/li>\n<\/ul>\n<p>&nbsp;<\/p>\n<h3><span style=\"color: #2180c0;\">Paratuberculose des petits ruminants<br \/>\n<\/span><\/h3>\n<p><a href=\"http:\/\/gdsreseau3m.com\/wp-content\/uploads\/2018\/06\/GDS_Fiche_technique_Paratuberculose_Ovine.pdf\" target=\"_blank\" rel=\"noopener noreferrer\"><img loading=\"lazy\" class=\"wp-image-1094 alignright\" src=\"http:\/\/gdsreseau3m.com\/wp-content\/uploads\/2018\/06\/GDS_Fiche_technique_Paratuberculose_Ovine-icon.png\" alt=\"\" width=\"130\" height=\"172\" \/><\/a>Nous choisissions aujourd&rsquo;hui de vous parler de la paratuberculose ovine, encore mal connue des \u00e9leveurs ovins mais pourtant belle et bien pr\u00e9sente en France et dans notre d\u00e9partement (observations r\u00e9guli\u00e8res de cas cliniques dans les \u00e9levages ovins).<br \/>\nLa paratuberculose est une maladie grave, incurable, avec des cons\u00e9quences plus ou moins importantes en fonction de la pression d&rsquo;infection et de la pr\u00e9sence de facteurs aggravants dans l&rsquo;\u00e9levage. Cette maladie se caract\u00e9rise par un amaigrissement progressif des animaux adultes et \u00e9volue toujours vers la mort\u2026<\/p>\n<ul>\n<li>\n<blockquote><p><b><span style=\"color: #74bd20;\"><span style=\"color: #090a09;\">T\u00e9l\u00e9charger le fiche technique (PDF) =<\/span> <a href=\"http:\/\/gdsreseau3m.com\/wp-content\/uploads\/2018\/06\/GDS_Fiche_technique_Paratuberculose_Ovine.pdf\" target=\"_blank\" rel=\"noopener noreferrer\"><span style=\"color: #56b74f;\"><span style=\"color: #2180c0;\">\u00ab\u00a0Paratuberculose des ovins : l&rsquo;amaigrissement incurable des jeunes brebis est un signe d&rsquo;appel\u00a0\u00bb<\/span><\/span><\/a><\/span><\/b><\/p><\/blockquote>\n<\/li>\n<\/ul>\n<p><b><span style=\"color: #74bd20;\">\u00a0<\/span><\/b><\/p>\n<h3><span style=\"color: #2180c0;\">La NEC, un outil de pilotage qui peut rapporter gros !!<\/span><\/h3>\n<p>Suivre la Note d&rsquo;Etat Corporel des brebis pour des meilleurs performances de reproduction et autour de l&rsquo;agnelage.<\/p>\n<p><img loading=\"lazy\" class=\"wp-image-1089 aligncenter\" src=\"http:\/\/gdsreseau3m.com\/wp-content\/uploads\/2018\/06\/gds3m_Illustration_NEC_brebis_Inovin.jpg\" alt=\"\" width=\"563\" height=\"316\" srcset=\"https:\/\/gdsreseau3m.com\/wp-content\/uploads\/2018\/06\/gds3m_Illustration_NEC_brebis_Inovin.jpg 1000w, https:\/\/gdsreseau3m.com\/wp-content\/uploads\/2018\/06\/gds3m_Illustration_NEC_brebis_Inovin-300x169.jpg 300w, https:\/\/gdsreseau3m.com\/wp-content\/uploads\/2018\/06\/gds3m_Illustration_NEC_brebis_Inovin-768x432.jpg 768w\" sizes=\"(max-width: 563px) 100vw, 563px\" \/><\/p>\n<div><\/div>\n<div>\n<h3><span style=\"color: #2180c0;\">Avortements en \u00e9levage &#8211; Plan sanitaire des GDS<\/span><\/h3>\n<p><a href=\"http:\/\/gdsreseau3m.com\/wp-content\/uploads\/2018\/06\/Fiche_technique_Avortement_ovins_20150119.pdf\" target=\"_blank\" rel=\"noopener noreferrer\"><img loading=\"lazy\" class=\"wp-image-1091 alignright\" src=\"http:\/\/gdsreseau3m.com\/wp-content\/uploads\/2018\/06\/Fiche_technique_Avortement_ovins_20150119-icon.png\" alt=\"\" width=\"133\" height=\"178\" \/><\/a>Un avortement est un signal d&rsquo;alerte qu&rsquo;il faut toujours prendre au s\u00e9rieux. Il doit susciter une attention toute particuli\u00e8re, tant sur le plan \u00e9conomique que sanitaire, car souvent associ\u00e9 \u00e0 une pathologie contagieuse. Les GDS ont mis en place un protocole rigoureux appel\u00e9 \u00ab\u00a0Plan Avortements\u00a0\u00bb pour aider les \u00e9leveurs dans la gestion de ces troubles d&rsquo;\u00e9levage\u2026<span style=\"color: #56b74f;\">\u00a0<\/span><b><\/b><\/p>\n<ul>\n<li>\n<blockquote><p><b><span style=\"color: #74bd20;\"><span style=\"color: #090a09;\"><span style=\"color: #56b74f;\"><span style=\"color: #333333;\">T\u00e9l\u00e9charger le fiche technique (PDF) : <\/span><a href=\"http:\/\/gdsreseau3m.com\/wp-content\/uploads\/2018\/06\/Fiche_technique_Avortement_ovins_20150119.pdf\" target=\"_blank\" rel=\"noopener noreferrer\"><span style=\"color: #2180c0;\">\u00ab\u00a0Pack avortement en \u00e9levages ovins\u00a0\u00bb<\/span><\/a><\/span><br \/>\n<\/span><\/span><\/b><\/p><\/blockquote>\n<\/li>\n<\/ul>\n<p>&nbsp;<\/p>\n<h3><span style=\"color: #2180c0;\">Des cl\u00e9s pour r\u00e9duire la mortalit\u00e9 des agneaux<\/span><\/h3>\n<p><a href=\"http:\/\/gdsreseau3m.com\/wp-content\/uploads\/2018\/06\/Fiche_technique_Mortalites_agneaux_cd.pdf\" target=\"_blank\" rel=\"noopener noreferrer\"><img loading=\"lazy\" class=\"wp-image-1097 alignright\" src=\"http:\/\/gdsreseau3m.com\/wp-content\/uploads\/2018\/06\/Fiche_technique_Mortalites_agneaux_cd-icon.png\" alt=\"\" width=\"134\" height=\"175\" \/><\/a>En \u00e9levage ovin, les relations entre le nombre d&rsquo;agneaux produits par brebis et les performances \u00e9conomiques de l&rsquo;atelier ne sont plus \u00e0 d\u00e9montrer. Les mortalit\u00e9s des agneaux sont pourtant courantes et peuvent \u00eatre appr\u00e9hend\u00e9es avec une marge de progression importante. Des leviers efficaces existent pour diminuer ces pertes, sans oublier que tout agneau perdu sera un agneau de moins \u00e0 vendre <span style=\"color: #333333;\">!<\/span><\/p>\n<ul>\n<li>\n<blockquote><p><b><span style=\"color: #74bd20;\"><span style=\"color: #090a09;\"><span style=\"color: #56b74f;\"><span style=\"color: #333333;\">T\u00e9l\u00e9charger la fiche technique (PDF) :<\/span> <a href=\"http:\/\/gdsreseau3m.com\/wp-content\/uploads\/2018\/06\/Fiche_technique_Mortalites_agneaux_cd.pdf\" target=\"_blank\" rel=\"noopener noreferrer\"><span style=\"color: #2180c0;\">\u00ab\u00a0Les\u00a0mortalit\u00e9s d&rsquo;agneaux : des leviers existent pour limiter les pertes !\u00a0\u00bb<\/span><\/a><\/span><br \/>\n<\/span><\/span><\/b><\/p><\/blockquote>\n<\/li>\n<\/ul>\n<p>&nbsp;<\/p>\n<h3><span style=\"color: #2180c0;\">Min\u00e9raux, oligo-\u00e9l\u00e9ments et vitamines : pourquoi on en parle ?<\/span><\/h3>\n<p><i><a href=\"http:\/\/gdsreseau3m.com\/wp-content\/uploads\/2018\/06\/Dossier_mineraix_oligo_ovins_2014.pdf\" target=\"_blank\" rel=\"noopener noreferrer\"><img loading=\"lazy\" class=\"wp-image-1100 alignright\" src=\"http:\/\/gdsreseau3m.com\/wp-content\/uploads\/2018\/06\/Dossier_mineraix_oligo_ovins_2014-icon.png\" alt=\"\" width=\"135\" height=\"183\" \/><\/a>\u00ab\u00a0On ne donne pas des min\u00e9raux \u00e0 une brebis pour qu&rsquo;elle produise, c&rsquo;est parce qu&rsquo;elle produit qu&rsquo;on lui en donne !\u00a0\u00bb<\/i><br \/>\nEn effet, une compl\u00e9mentation min\u00e9rale et vitaminique efficace des brebis est indispensable pour la bonne sant\u00e9 de la<br \/>\ntroupe et des agneaux \u00e0 na\u00eetre\u2026<\/p>\n<blockquote>\n<ul>\n<li><b><span style=\"color: #74bd20;\"><span style=\"color: #090a09;\">T\u00e9l\u00e9charger la fiche technique (PDF) :<a href=\"http:\/\/gdsreseau3m.com\/wp-content\/uploads\/2018\/06\/Dossier_mineraix_oligo_ovins_2014.pdf\" target=\"_blank\" rel=\"noopener noreferrer\"><span style=\"color: #2180c0;\"> \u00ab\u00a0Min\u00e9raux, oligo-\u00e9l\u00e9ments et vitamines chez les ovins\u00a0\u00bb<\/span><\/a><\/span><\/span><\/b><\/li>\n<\/ul>\n<\/blockquote>\n<p>&nbsp;<\/p>\n<\/div>\n<\/div>\n<\/div>","protected":false},"excerpt":{"rendered":"<p>Dossiers techniquesVid\u00e9os techniques Dossiers techniques Sant\u00e9 des ch\u00e8vres : nouveau portail d&rsquo;information \u2192 sante-chevres.fr Ce portail \u00ab\u00a0Sant\u00e9 des ch\u00e8vres\u00a0\u00bb a pour objectif de regrouper des liens utiles vers des informations fiables sur la gestion de la sant\u00e9 des ch\u00e8vres, \u00e0 destination des \u00e9leveurs et de leurs conseillers. Ce portail est anim\u00e9 par l\u2019observatoire des maladies [&hellip;]<\/p>\n","protected":false},"author":1,"featured_media":0,"parent":0,"menu_order":0,"comment_status":"closed","ping_status":"closed","template":"","meta":[],"_links":{"self":[{"href":"https:\/\/gdsreseau3m.com\/index.php?rest_route=\/wp\/v2\/pages\/984"}],"collection":[{"href":"https:\/\/gdsreseau3m.com\/index.php?rest_route=\/wp\/v2\/pages"}],"about":[{"href":"https:\/\/gdsreseau3m.com\/index.php?rest_route=\/wp\/v2\/types\/page"}],"author":[{"embeddable":true,"href":"https:\/\/gdsreseau3m.com\/index.php?rest_route=\/wp\/v2\/users\/1"}],"replies":[{"embeddable":true,"href":"https:\/\/gdsreseau3m.com\/index.php?rest_route=%2Fwp%2Fv2%2Fcomments&post=984"}],"version-history":[{"count":36,"href":"https:\/\/gdsreseau3m.com\/index.php?rest_route=\/wp\/v2\/pages\/984\/revisions"}],"predecessor-version":[{"id":6472,"href":"https:\/\/gdsreseau3m.com\/index.php?rest_route=\/wp\/v2\/pages\/984\/revisions\/6472"}],"wp:attachment":[{"href":"https:\/\/gdsreseau3m.com\/index.php?rest_route=%2Fwp%2Fv2%2Fmedia&parent=984"}],"curies":[{"name":"wp","href":"https:\/\/api.w.org\/{rel}","templated":true}]}}