{"id":976,"date":"2018-06-21T14:08:10","date_gmt":"2018-06-21T12:08:10","guid":{"rendered":"http:\/\/gdsreseau3m.com\/?page_id=976"},"modified":"2026-04-07T15:36:27","modified_gmt":"2026-04-07T13:36:27","slug":"ovins-qualite-de-leau","status":"publish","type":"page","link":"https:\/\/gdsreseau3m.com\/?page_id=976","title":{"rendered":"Ovins \u2013 Qualit\u00e9 de l&rsquo;eau"},"content":{"rendered":"<div class=\"mpl-content-wrap\"><h1><img loading=\"lazy\" class=\"alignnone wp-image-750\" src=\"http:\/\/gdsreseau3m.com\/wp-content\/uploads\/2018\/06\/Ovins.png\" alt=\"\" width=\"51\" height=\"42\" \/> <span style=\"color: #2e85e8;\">Qualit\u00e9 de l&rsquo;eau d&rsquo;abreuvement<\/span><\/h1>\n<blockquote><p><span style=\"color: #99cc00;\"><strong>Contr\u00f4ler r\u00e9guli\u00e8rement l&rsquo;eau que vous donnez \u00e0 vos animaux est un gage de sant\u00e9 animale et de productivit\u00e9.<\/strong><\/span><\/p><\/blockquote>\n<h3><span style=\"color: #2e85e8;\">L&rsquo;action suivi qualit\u00e9 de l&rsquo;EAU des GDS<\/span><\/h3>\n<p>Les GDS proposent \u00e0 tout \u00e9leveur adh\u00e9rent un service pour le suivi de la qualit\u00e9 de l&rsquo;eau en \u00e9levage issue de captage priv\u00e9 <i>(forage, puits, source, etc.).<\/i><\/p>\n<h4><span style=\"color: #800080;\">Pourquoi suivre la qualit\u00e9 de l&rsquo;eau distribu\u00e9e ?<\/span><\/h4>\n<ul>\n<li>\u00c9viter les risques sanitaires li\u00e9s \u00e0 la consommation d&rsquo;eau contamin\u00e9e<\/li>\n<li>Garantir les performances d&rsquo;\u00e9levage<\/li>\n<li>R\u00e9pondre \u00e0 la l\u00e9gislation et aux cahiers des charges de labels<\/li>\n<li>Assurer la long\u00e9vit\u00e9 des \u00e9quipements mat\u00e9riels<\/li>\n<\/ul>\n<h4><span style=\"color: #800080;\">Le service propos\u00e9 comprend<br \/>\n<\/span><\/h4>\n<div>\n<ul>\n<li>Visite de l&rsquo;installation de captage (\u00e9valuation des risques)<\/li>\n<li>Audit d&rsquo;abreuvement en \u00e9levage<\/li>\n<li>Pr\u00e9l\u00e8vement en conditions d&rsquo;hygi\u00e8ne\u00a0appropri\u00e9es<\/li>\n<li>Acheminement des \u00e9chantillons au laboratoire<\/li>\n<li>Interpr\u00e9tation des r\u00e9sultats dans le contexte de l&rsquo;\u00e9levage<\/li>\n<li>Conseils personnalis\u00e9s pour l&rsquo;am\u00e9lioration ou le maintien de la qualit\u00e9 de l&rsquo;eau<\/li>\n<li>Suivi annuel de l&rsquo;\u00e9volution de la qualit\u00e9 de l&rsquo;eau<\/li>\n<li><b><img loading=\"lazy\" class=\"alignnone size-full wp-image-1021\" src=\"http:\/\/gdsreseau3m.com\/wp-content\/uploads\/2018\/06\/1405585068_forage_GDS55__2_.jpg\" alt=\"\" width=\"956\" height=\"250\" srcset=\"https:\/\/gdsreseau3m.com\/wp-content\/uploads\/2018\/06\/1405585068_forage_GDS55__2_.jpg 956w, https:\/\/gdsreseau3m.com\/wp-content\/uploads\/2018\/06\/1405585068_forage_GDS55__2_-300x78.jpg 300w, https:\/\/gdsreseau3m.com\/wp-content\/uploads\/2018\/06\/1405585068_forage_GDS55__2_-768x201.jpg 768w\" sizes=\"(max-width: 956px) 100vw, 956px\" \/><\/b><\/li>\n<\/ul>\n<h4><span style=\"color: #800080;\">Conditions et tarifs<\/span><\/h4>\n<ul>\n<li><strong>T\u00e9l\u00e9chargez le protocole des GDS ci-dessous pour connaitre les diff\u00e9rentes analyses bact\u00e9riologiques et physicochimiques r\u00e9alis\u00e9es. Contactez votre GDS pour connaitre les tarifs en vigueur.\u00a0<\/strong><\/li>\n<\/ul>\n<p><a href=\"http:\/\/gdsreseau3m.com\/wp-content\/uploads\/2026\/04\/PROTOCOLE-QE-2016-17-pack-2-analyses-.pdf\" target=\"_blank\" rel=\"noopener noreferrer\"><img loading=\"lazy\" class=\"alignnone wp-image-2729\" src=\"http:\/\/gdsreseau3m.com\/wp-content\/uploads\/2018\/07\/Illustration_protocole-qualit\u00e9-eau-GDS.png\" alt=\"\" width=\"168\" height=\"217\" srcset=\"https:\/\/gdsreseau3m.com\/wp-content\/uploads\/2018\/07\/Illustration_protocole-qualit\u00e9-eau-GDS.png 306w, https:\/\/gdsreseau3m.com\/wp-content\/uploads\/2018\/07\/Illustration_protocole-qualit\u00e9-eau-GDS-232x300.png 232w\" sizes=\"(max-width: 168px) 100vw, 168px\" \/><\/a><\/p>\n<h3><span style=\"color: #2e85e8;\">Vos contacts\u00a0<\/span><\/h3>\n<p><strong><a href=\"mailto:c.dargent@gds54.com\">Claire DARGENT<\/a> (54)\u00a0<\/strong> &#8211; 03 83 93 44 76<br \/>\n<strong><a href=\"mailto:e.dubaux@gds55.com\">Emma DUBAUX<\/a> (55) &#8211;<\/strong> 03 29 83 30 32<br \/>\n<strong><a href=\"mailto:schweitzer@gddsb-moselle.asso.fr\">C\u00e9line SCHWEITZER<\/a> ( 57)<\/strong> <strong>&#8211;<\/strong> 03 87 66 12 63<\/p>\n<p>&nbsp;<\/p>\n<\/div>\n<h3><span style=\"color: #2e85e8;\">Assurer les besoins en eau<\/span><\/h3>\n<p>L&rsquo;eau est le premier aliment consomm\u00e9 en quantit\u00e9 par les animaux. La fourniture d&rsquo;une eau saine et abondante est donc cruciale pour maximiser l&rsquo;ingestion d&rsquo;eau et les performances zootechniques.<\/p>\n<table width=\"611\">\n<tbody>\n<tr>\n<td colspan=\"3\" width=\"484\">\n<h4><span style=\"color: #333333;\">Estimation des besoins en eau (litres\/animal\/jour)<\/span><\/h4>\n<\/td>\n<\/tr>\n<tr>\n<td width=\"262\">Brebis allaitante et sa port\u00e9e<\/td>\n<td width=\"57\">10 litres<\/td>\n<td width=\"165\"><span style=\"color: #ff6600;\"><strong>x1,5 en condition estivale (+25\u00b0C)<\/strong><\/span><\/td>\n<\/tr>\n<\/tbody>\n<\/table>\n<h4><span style=\"color: #333333;\">R\u00e8gles et disposition des buvettes en bergerie<\/span><\/h4>\n<table style=\"height: 190px;\" width=\"611\">\n<tbody>\n<tr>\n<td width=\"128\"><\/td>\n<td style=\"text-align: center;\" width=\"88\">Animaux par\u00a0 abreuvoir simple<\/td>\n<td style=\"text-align: center;\" width=\"88\">Hauteur par rapport au sol (en cm)<\/td>\n<td style=\"text-align: center;\" width=\"88\">Temp\u00e9rature de l&rsquo;eau (en \u00b0C)<\/td>\n<\/tr>\n<tr>\n<td width=\"128\">Agneaux &gt;3 semaines<\/td>\n<td style=\"text-align: center;\" rowspan=\"3\" width=\"88\">40 \u00e0 50<\/td>\n<td width=\"88\"><\/td>\n<td style=\"text-align: center;\" rowspan=\"3\" width=\"88\">10-15<\/td>\n<\/tr>\n<tr>\n<td width=\"128\">Agnelles<\/td>\n<td width=\"88\"><\/td>\n<\/tr>\n<tr>\n<td width=\"128\">Adultes entretien<\/td>\n<td style=\"text-align: center;\" width=\"88\">70 \u00e0 80<\/td>\n<\/tr>\n<\/tbody>\n<\/table>\n<h4><span style=\"color: #333333;\">Maitriser la qualit\u00e9 de l&rsquo;eau <\/span><\/h4>\n<ul>\n<li>L&rsquo;abreuvement avec des eaux de surfaces ou eaux issues de captages vuln\u00e9rables vis-\u00e0-vis d&rsquo;infiltrations d&rsquo;eaux souill\u00e9es est fortement d\u00e9conseill\u00e9.<\/li>\n<li>Le suivi annuel de l&rsquo;eau par analyses bact\u00e9riologique et physico-chimique est recommand\u00e9. Contactez le GDS.<\/li>\n<\/ul>\n<p><span style=\"color: #800080;\"><strong>\u2192 Lire la <a style=\"color: #800080;\" href=\"http:\/\/gdsreseau3m.com\/wp-content\/uploads\/2018\/07\/Newletter_OvinsCaprins_Eau_juillet-2018.pdf\" target=\"_blank\" rel=\"noopener noreferrer\">fiche technique sur l&rsquo;abreuvement en p\u00e2ture des ovins\/caprins<\/a> (juillet 2018)<\/strong><\/span><\/p>\n<p><a href=\"http:\/\/gdsreseau3m.com\/wp-content\/uploads\/2018\/07\/Newletter_OvinsCaprins_Eau_juillet-2018.pdf\" target=\"_blank\" rel=\"noopener noreferrer\"><img loading=\"lazy\" class=\"alignnone size-medium wp-image-2871 thumb-of-pdf\" src=\"http:\/\/gdsreseau3m.com\/wp-content\/uploads\/2018\/07\/Newletter_OvinsCaprins_Eau_juillet-2018-pdf-212x300.jpg\" alt=\"thumbnail of Newletter_OvinsCaprins_Eau_juillet 2018\" width=\"212\" height=\"300\" srcset=\"https:\/\/gdsreseau3m.com\/wp-content\/uploads\/2018\/07\/Newletter_OvinsCaprins_Eau_juillet-2018-pdf-212x300.jpg 212w, https:\/\/gdsreseau3m.com\/wp-content\/uploads\/2018\/07\/Newletter_OvinsCaprins_Eau_juillet-2018-pdf.jpg 724w\" sizes=\"(max-width: 212px) 100vw, 212px\" \/><\/a><\/p>\n<h3><span style=\"color: #2e85e8;\">Bilan de l&rsquo;action<\/span><\/h3>\n<blockquote><p><span style=\"color: #ff6600;\"><strong>388 \u00e9leveurs engag\u00e9s au 30 juin 2021 toutes productions confondues<\/strong><\/span><\/p><\/blockquote>\n<div>\n<p><img loading=\"lazy\" class=\"alignnone size-full wp-image-6363\" src=\"http:\/\/gdsreseau3m.com\/wp-content\/uploads\/2022\/07\/Carte_Engages-EAU-3M-30.06.2021-Copie.png\" alt=\"\" width=\"912\" height=\"564\" srcset=\"https:\/\/gdsreseau3m.com\/wp-content\/uploads\/2022\/07\/Carte_Engages-EAU-3M-30.06.2021-Copie.png 912w, https:\/\/gdsreseau3m.com\/wp-content\/uploads\/2022\/07\/Carte_Engages-EAU-3M-30.06.2021-Copie-300x186.png 300w, https:\/\/gdsreseau3m.com\/wp-content\/uploads\/2022\/07\/Carte_Engages-EAU-3M-30.06.2021-Copie-768x475.png 768w\" sizes=\"(max-width: 912px) 100vw, 912px\" \/><\/p>\n<div><\/div>\n<\/div>\n<\/div>","protected":false},"excerpt":{"rendered":"<p>Qualit\u00e9 de l&rsquo;eau d&rsquo;abreuvement Contr\u00f4ler r\u00e9guli\u00e8rement l&rsquo;eau que vous donnez \u00e0 vos animaux est un gage de sant\u00e9 animale et de productivit\u00e9. L&rsquo;action suivi qualit\u00e9 de l&rsquo;EAU des GDS Les GDS proposent \u00e0 tout \u00e9leveur adh\u00e9rent un service pour le suivi de la qualit\u00e9 de l&rsquo;eau en \u00e9levage issue de captage priv\u00e9 (forage, puits, source, [&hellip;]<\/p>\n","protected":false},"author":1,"featured_media":0,"parent":0,"menu_order":0,"comment_status":"closed","ping_status":"closed","template":"","meta":[],"_links":{"self":[{"href":"https:\/\/gdsreseau3m.com\/index.php?rest_route=\/wp\/v2\/pages\/976"}],"collection":[{"href":"https:\/\/gdsreseau3m.com\/index.php?rest_route=\/wp\/v2\/pages"}],"about":[{"href":"https:\/\/gdsreseau3m.com\/index.php?rest_route=\/wp\/v2\/types\/page"}],"author":[{"embeddable":true,"href":"https:\/\/gdsreseau3m.com\/index.php?rest_route=\/wp\/v2\/users\/1"}],"replies":[{"embeddable":true,"href":"https:\/\/gdsreseau3m.com\/index.php?rest_route=%2Fwp%2Fv2%2Fcomments&post=976"}],"version-history":[{"count":22,"href":"https:\/\/gdsreseau3m.com\/index.php?rest_route=\/wp\/v2\/pages\/976\/revisions"}],"predecessor-version":[{"id":7554,"href":"https:\/\/gdsreseau3m.com\/index.php?rest_route=\/wp\/v2\/pages\/976\/revisions\/7554"}],"wp:attachment":[{"href":"https:\/\/gdsreseau3m.com\/index.php?rest_route=%2Fwp%2Fv2%2Fmedia&parent=976"}],"curies":[{"name":"wp","href":"https:\/\/api.w.org\/{rel}","templated":true}]}}