{"id":974,"date":"2018-06-21T14:07:54","date_gmt":"2018-06-21T12:07:54","guid":{"rendered":"http:\/\/gdsreseau3m.com\/?page_id=974"},"modified":"2021-04-14T14:44:43","modified_gmt":"2021-04-14T12:44:43","slug":"ovins-audit-delevage","status":"publish","type":"page","link":"https:\/\/gdsreseau3m.com\/?page_id=974","title":{"rendered":"Ovins \u2013 Audit d&rsquo;\u00e9levage"},"content":{"rendered":"<div class=\"mpl-content-wrap\"><h1><img loading=\"lazy\" class=\"alignnone wp-image-750\" src=\"http:\/\/gdsreseau3m.com\/wp-content\/uploads\/2018\/06\/Ovins.png\" alt=\"\" width=\"51\" height=\"42\" \/> <span style=\"color: #56b74f;\"><span style=\"color: #2e85e8;\">Audit d&rsquo;\u00e9levage<\/span><\/span><\/h1>\n<h3><span style=\"color: #2e85e8;\">Pathologies n\u00e9onatales : un audit sp\u00e9cifique \u00e0 votre disposition<\/span><\/h3>\n<p><img loading=\"lazy\" class=\"size-full wp-image-1016\" src=\"http:\/\/gdsreseau3m.com\/wp-content\/uploads\/2018\/06\/1410158653_agneaux_et_brebs.jpg\" alt=\"\" width=\"448\" height=\"298\" srcset=\"https:\/\/gdsreseau3m.com\/wp-content\/uploads\/2018\/06\/1410158653_agneaux_et_brebs.jpg 448w, https:\/\/gdsreseau3m.com\/wp-content\/uploads\/2018\/06\/1410158653_agneaux_et_brebs-300x200.jpg 300w\" sizes=\"(max-width: 448px) 100vw, 448px\" \/><\/p>\n<h4><span style=\"color: #ff6600;\">Stop aux malades !<\/span><\/h4>\n<div>\n<p>Les agneaux sont malades, la faute aux maladies ? Oui&#8230; Et NON ! Car malgr\u00e9 la pr\u00e9sence des bact\u00e9ries, virus ou autres parasites, dans tous les \u00e9levages (dans tous les milieux), tous les agneaux ne sont pas syst\u00e9matiquement malades.<\/p>\n<ul>\n<li><strong>Pourquoi<\/strong> <strong>?<\/strong> Car certains sont plus r\u00e9sistants aux agents pathog\u00e8nes et aux agressions ext\u00e9rieures (froid, courant d&rsquo;air\u2026) !<\/li>\n<li><strong>Comment ?<\/strong> Gr\u00e2ce une meilleure pr\u00e9paration de leur \u00ab\u00a0arriv\u00e9e\u00a0\u00bb : couverture des besoins alimentaires de la m\u00e8re en fin de gestation, gestion et soins \u00e0 la mise bas, buv\u00e9e du colostrum, de l&rsquo;allaitement et du logement&#8230; Autant de facteurs qui agissent directement sur l&rsquo;immunit\u00e9 de l&rsquo;agneau, donc sur sa r\u00e9sistance aux agressions.<\/li>\n<\/ul>\n<p>Le GDS et votre v\u00e9t\u00e9rinaire ont donc des moyens d&rsquo;action et pistes d&rsquo;am\u00e9lioration pour la sant\u00e9 des agneaux : ils vous proposent leur action<b> \u00ab\u00a0Audit d&rsquo;Agnelage\u00a0\u00bb<\/b> ! Cet audit est inclus dans la cotisation, pour toutes probl\u00e9matiques sanitaires !<\/p>\n<h3><span style=\"color: #2e85e8;\">D\u00e9roul\u00e9 de l&rsquo;audit<\/span><\/h3>\n<ul>\n<li>Un pr\u00e9-audit est r\u00e9alis\u00e9 par le technicien GDS pour faire un point sur la situation sanitaire et les pratiques d&rsquo;\u00e9levage,<\/li>\n<li>Un audit r\u00e9alis\u00e9 par le v\u00e9t\u00e9rinaire avec le technicien du GDS, au cours duquel des pr\u00e9l\u00e8vements seront r\u00e9alis\u00e9s afin d&rsquo;affiner les investigations,<\/li>\n<li>Les conclusions sont donn\u00e9es \u00e0 l&rsquo;\u00e9leveur en fin d&rsquo;audit,<\/li>\n<li>Un compte rendu lui sera remis en main propre,<\/li>\n<li>Une visite de suivi et contr\u00f4le de l&rsquo;efficacit\u00e9 des mesures prises sera r\u00e9alis\u00e9e par le technicien et compl\u00e9t\u00e9e si besoin par le v\u00e9t\u00e9rinaire.<\/li>\n<\/ul>\n<blockquote><p><strong>Le GDS prend en charge 70% des frais d&rsquo;investigation et d&rsquo;analyse (maximum 1 000\u20ac).<\/strong><br \/>\n<strong>Tout \u00e9levage peut b\u00e9n\u00e9ficier de cette action en faisant la demande aupr\u00e8s du GDS.<\/strong><\/p><\/blockquote>\n<p><img loading=\"lazy\" class=\"size-full wp-image-1017\" src=\"http:\/\/gdsreseau3m.com\/wp-content\/uploads\/2018\/06\/1410158696_agneaux_2.jpg\" alt=\"\" width=\"448\" height=\"298\" srcset=\"https:\/\/gdsreseau3m.com\/wp-content\/uploads\/2018\/06\/1410158696_agneaux_2.jpg 448w, https:\/\/gdsreseau3m.com\/wp-content\/uploads\/2018\/06\/1410158696_agneaux_2-300x200.jpg 300w\" sizes=\"(max-width: 448px) 100vw, 448px\" \/><\/p>\n<h3><span style=\"color: #2e85e8;\">Vos contacts<\/span><\/h3>\n<\/div>\n<p><span style=\"color: #333333;\"><b><a style=\"color: #333333;\" href=\"mailto:l.foures@gds55.com\">Laurent FOURES<\/a><\/b> (55) &#8211; 03.29.83.30.41<\/span><br \/>\n<span style=\"color: #333333;\"><b><a style=\"color: #333333;\" href=\"mailto:kenens@gddsb-moselle.asso.fr\">Margaux KENENS<\/a><\/b> (57) &#8211; 03.87.66.12.98<\/span><\/p>\n<\/div>","protected":false},"excerpt":{"rendered":"<p>Audit d&rsquo;\u00e9levage Pathologies n\u00e9onatales : un audit sp\u00e9cifique \u00e0 votre disposition Stop aux malades ! Les agneaux sont malades, la faute aux maladies ? Oui&#8230; Et NON ! Car malgr\u00e9 la pr\u00e9sence des bact\u00e9ries, virus ou autres parasites, dans tous les \u00e9levages (dans tous les milieux), tous les agneaux ne sont pas syst\u00e9matiquement malades. Pourquoi [&hellip;]<\/p>\n","protected":false},"author":1,"featured_media":0,"parent":0,"menu_order":0,"comment_status":"closed","ping_status":"closed","template":"","meta":[],"_links":{"self":[{"href":"https:\/\/gdsreseau3m.com\/index.php?rest_route=\/wp\/v2\/pages\/974"}],"collection":[{"href":"https:\/\/gdsreseau3m.com\/index.php?rest_route=\/wp\/v2\/pages"}],"about":[{"href":"https:\/\/gdsreseau3m.com\/index.php?rest_route=\/wp\/v2\/types\/page"}],"author":[{"embeddable":true,"href":"https:\/\/gdsreseau3m.com\/index.php?rest_route=\/wp\/v2\/users\/1"}],"replies":[{"embeddable":true,"href":"https:\/\/gdsreseau3m.com\/index.php?rest_route=%2Fwp%2Fv2%2Fcomments&post=974"}],"version-history":[{"count":10,"href":"https:\/\/gdsreseau3m.com\/index.php?rest_route=\/wp\/v2\/pages\/974\/revisions"}],"predecessor-version":[{"id":5646,"href":"https:\/\/gdsreseau3m.com\/index.php?rest_route=\/wp\/v2\/pages\/974\/revisions\/5646"}],"wp:attachment":[{"href":"https:\/\/gdsreseau3m.com\/index.php?rest_route=%2Fwp%2Fv2%2Fmedia&parent=974"}],"curies":[{"name":"wp","href":"https:\/\/api.w.org\/{rel}","templated":true}]}}