{"id":972,"date":"2018-06-21T14:07:41","date_gmt":"2018-06-21T12:07:41","guid":{"rendered":"http:\/\/gdsreseau3m.com\/?page_id=972"},"modified":"2018-07-20T08:15:56","modified_gmt":"2018-07-20T06:15:56","slug":"ovins-avortements","status":"publish","type":"page","link":"https:\/\/gdsreseau3m.com\/?page_id=972","title":{"rendered":"Ovins \u2013 Avortements &#8211; gestion"},"content":{"rendered":"<div class=\"mpl-content-wrap\"><h6><a href=\"http:\/\/gdsreseau3m.com\/?page_id=304\"><img loading=\"lazy\" class=\"alignnone wp-image-333\" src=\"http:\/\/gdsreseau3m.com\/wp-content\/uploads\/2018\/06\/treffleMenu.png\" alt=\"\" width=\"23\" height=\"22\" \/><\/a><a href=\"http:\/\/gdsreseau3m.com\/?page_id=972\">Avortements en \u00e9levage ovin<\/a><a href=\"http:\/\/gdsreseau3m.com\/?page_id=304\"><img loading=\"lazy\" class=\"alignnone wp-image-333\" src=\"http:\/\/gdsreseau3m.com\/wp-content\/uploads\/2018\/06\/treffleMenu.png\" alt=\"\" width=\"23\" height=\"22\" \/><\/a><a href=\"http:\/\/gdsreseau3m.com\/?page_id=993\">Pack avortement des GDS<\/a><\/h6>\n<h1><img loading=\"lazy\" class=\"alignnone wp-image-750\" src=\"http:\/\/gdsreseau3m.com\/wp-content\/uploads\/2018\/06\/Ovins.png\" alt=\"\" width=\"51\" height=\"42\" \/> <span style=\"color: #2e85e8;\">Gestion des avortements en \u00e9levage ovin<\/span><\/h1>\n<blockquote>\n<div><b><span style=\"color: #ff6600;\">Un avortement est un signal d&rsquo;alerte qu&rsquo;il faut toujours prendre au s\u00e9rieux.<\/span><br \/>\n<\/b><b>\u2192\u00a0avortement = danger sanitaire<br \/>\n<\/b><b>\u2192 avortement = perte d&rsquo;argent<\/b><\/div>\n<\/blockquote>\n<div>\n<blockquote>\n<div><b><i>\u201cUn avortement = 1 billet de 50\u20ac qui part en fum\u00e9e\u201d<\/i><\/b><\/div>\n<\/blockquote>\n<div><img loading=\"lazy\" class=\"alignnone size-full wp-image-999\" src=\"http:\/\/gdsreseau3m.com\/wp-content\/uploads\/2018\/06\/1409909394_SBV.jpg\" alt=\"\" width=\"436\" height=\"291\" srcset=\"https:\/\/gdsreseau3m.com\/wp-content\/uploads\/2018\/06\/1409909394_SBV.jpg 436w, https:\/\/gdsreseau3m.com\/wp-content\/uploads\/2018\/06\/1409909394_SBV-300x200.jpg 300w\" sizes=\"(max-width: 436px) 100vw, 436px\" \/><\/div>\n<h3><span style=\"color: #2e85e8;\">Les avortements doivent \u00eatre consid\u00e9r\u00e9s comme une pathologie majeure \u00e0 double titre :<\/span><\/h3>\n<ul>\n<li>\u00e0 cause de leurs <b>impacts \u00e9conomiques<\/b> importants : perte de produit, augmentation des soins v\u00e9t\u00e9rinaires, perte de temps, etc.<\/li>\n<li>\u00e0 cause de <b>leurs impacts sanitaires <\/b>:\u00a0 la survenue d&rsquo;avortements r\u00e9v\u00e8le un trouble sanitaire au sein de la troupe. Le femelle avort\u00e9e doit \u00eatre isol\u00e9e pour parer toute transmission infectieuse au reste de la troupe. Parmi les causes possibles d&rsquo;avortements, figurent les maladies transmissibles \u00e0 l&rsquo;Homme dites \u00ab\u00a0zoonoses\u00a0\u00bb. C&rsquo;est le cas par exemple de la chlamydiose, fi\u00e8vre Q, toxoplasmose, brucellose. (Prot\u00e9gez-vous, attention aux femmes enceintes).<\/li>\n<\/ul>\n<h3><span style=\"color: #2e85e8;\">R\u00e9glementation<\/span><\/h3>\n<h4><span style=\"color: #800080;\">\u2192 Qu&rsquo;est-ce qu&rsquo;un avortement ?<\/span><\/h4>\n<p><strong>D&rsquo;apr\u00e8s le Code Rural :<\/strong> <i>\u00ab\u00a0On consid\u00e8re comme avortement possiblement infectieux, l&rsquo;expulsion d&rsquo;un foetus ou d&rsquo;un animal mort n\u00e9 ou succombant dans les douze heures suivant la naissance, \u00e0 l&rsquo;exclusion des avortements d&rsquo;origine manifestement accidentelle.\u00a0\u00bb <\/i><\/p>\n<h4><span style=\"color: #800080;\">\u2192 D\u00e9claration obligatoire des avortements<\/span><\/h4>\n<p>La d\u00e9claration des avortements est obligatoire \u00e0 partir de 3 avortements en moins de 7 jours.<\/p>\n<h4><span style=\"color: #800080;\">\u2192 Recherche Brucellose <\/span><\/h4>\n<p><b>Lorsqu&rsquo;il y a avortement(s), l&rsquo;\u00e9leveur doit avertir son v\u00e9t\u00e9rinaire sanitaire en vue du d\u00e9pistage de la brucellose<\/b>. Dans ce cadre, la visite, les frais de pr\u00e9l\u00e8vement et d&rsquo;analyses sont pris en charge par l&rsquo;\u00c9tat.<\/p>\n<p>M\u00eame si la France est \u00e0 ce jour indemne de brucellose, le risque de r\u00e9introduction demeure, et la surveillance des avortements constitue la cl\u00e9 de d\u00e9tection rapide de cette maladie tr\u00e8s contagieuse.<\/p>\n<h3><span style=\"color: #2e85e8;\">Conduite \u00e0 tenir en cas d&rsquo;avortement<br \/>\n<\/span><\/h3>\n<p style=\"text-align: center;\"><img loading=\"lazy\" class=\"alignnone size-full wp-image-1001 aligncenter\" src=\"http:\/\/gdsreseau3m.com\/wp-content\/uploads\/2018\/06\/1409910585_avortements_ovins_conduite.gif\" alt=\"\" width=\"937\" height=\"270\" \/><br \/>\n<span style=\"color: #ff6600;\"><strong>\u00a0Seuil d&rsquo;alerte = 3 avortements en 7 jours<\/strong><\/span><\/p>\n<h3><span style=\"color: #2e85e8;\">Les causes possibles\u00a0<\/span><\/h3>\n<p>Les avortements ovins sont principalement d&rsquo;origine bact\u00e9rienne ou parasitaire. La chlamydiose s&rsquo;av\u00e8re souvent pr\u00e9pond\u00e9rante, mais la salmonellose, toxoplasmose et la fi\u00e8vre Q sont aussi rencontr\u00e9es de fa\u00e7on courante.<br \/>\nDans 25% des cas environ, leur cause ne peut \u00eatre pr\u00e9cis\u00e9e. Il convient alors d&rsquo;envisager les mycoplasmes, les virus et les causes non infectieuses (alimentation, stress).<\/p>\n<p>Si la recherche Brucellose est obligatoire et gratuite, la visite du v\u00e9t\u00e9rinaire doit \u00eatre l&rsquo;occasion de pousser les investigations plus loin pour rechercher les agents pathog\u00e8nes responsables, ou les autres causes possibles, sur une partie du lot de femelles ayant des probl\u00e8mes.<\/p>\n<p><span style=\"color: #ff6600;\"><b>Pour y voir plus clair, les GDS proposent le <\/b><a href=\"http:\/\/gdsreseau3m.com\/?page_id=993\"><b>PACK AVORTEMENTS.<\/b><\/a><\/span><\/p>\n<\/div>\n<\/div>","protected":false},"excerpt":{"rendered":"<p>Avortements en \u00e9levage ovinPack avortement des GDS Gestion des avortements en \u00e9levage ovin Un avortement est un signal d&rsquo;alerte qu&rsquo;il faut toujours prendre au s\u00e9rieux. \u2192\u00a0avortement = danger sanitaire \u2192 avortement = perte d&rsquo;argent \u201cUn avortement = 1 billet de 50\u20ac qui part en fum\u00e9e\u201d Les avortements doivent \u00eatre consid\u00e9r\u00e9s comme une pathologie majeure \u00e0 [&hellip;]<\/p>\n","protected":false},"author":1,"featured_media":0,"parent":0,"menu_order":0,"comment_status":"closed","ping_status":"closed","template":"","meta":[],"_links":{"self":[{"href":"https:\/\/gdsreseau3m.com\/index.php?rest_route=\/wp\/v2\/pages\/972"}],"collection":[{"href":"https:\/\/gdsreseau3m.com\/index.php?rest_route=\/wp\/v2\/pages"}],"about":[{"href":"https:\/\/gdsreseau3m.com\/index.php?rest_route=\/wp\/v2\/types\/page"}],"author":[{"embeddable":true,"href":"https:\/\/gdsreseau3m.com\/index.php?rest_route=\/wp\/v2\/users\/1"}],"replies":[{"embeddable":true,"href":"https:\/\/gdsreseau3m.com\/index.php?rest_route=%2Fwp%2Fv2%2Fcomments&post=972"}],"version-history":[{"count":10,"href":"https:\/\/gdsreseau3m.com\/index.php?rest_route=\/wp\/v2\/pages\/972\/revisions"}],"predecessor-version":[{"id":2858,"href":"https:\/\/gdsreseau3m.com\/index.php?rest_route=\/wp\/v2\/pages\/972\/revisions\/2858"}],"wp:attachment":[{"href":"https:\/\/gdsreseau3m.com\/index.php?rest_route=%2Fwp%2Fv2%2Fmedia&parent=972"}],"curies":[{"name":"wp","href":"https:\/\/api.w.org\/{rel}","templated":true}]}}