{"id":927,"date":"2018-06-21T11:30:22","date_gmt":"2018-06-21T09:30:22","guid":{"rendered":"http:\/\/gdsreseau3m.com\/?page_id=927"},"modified":"2018-07-19T16:48:16","modified_gmt":"2018-07-19T14:48:16","slug":"ovins-materiel-outils-informatiques","status":"publish","type":"page","link":"https:\/\/gdsreseau3m.com\/?page_id=927","title":{"rendered":"Ovins &#8211; Mat\u00e9riel &#8211; Outils informatiques"},"content":{"rendered":"<div class=\"mpl-content-wrap\"><h6><a href=\"http:\/\/gdsreseau3m.com\/?page_id=304\"><img loading=\"lazy\" class=\"alignnone wp-image-333\" src=\"http:\/\/gdsreseau3m.com\/wp-content\/uploads\/2018\/06\/treffleMenu.png\" alt=\"\" width=\"23\" height=\"22\" \/><\/a><a href=\"http:\/\/gdsreseau3m.com\/?page_id=512\">D\u00e9chets d&rsquo;\u00e9levage<\/a><a href=\"http:\/\/gdsreseau3m.com\/?page_id=304\"><img loading=\"lazy\" class=\"alignnone wp-image-333\" src=\"http:\/\/gdsreseau3m.com\/wp-content\/uploads\/2018\/06\/treffleMenu.png\" alt=\"\" width=\"23\" height=\"22\" \/><\/a><a href=\"http:\/\/gdsreseau3m.com\/?page_id=925\">Gamme sanitaire<\/a><a href=\"http:\/\/gdsreseau3m.com\/?page_id=304\"><img loading=\"lazy\" class=\"alignnone wp-image-333\" src=\"http:\/\/gdsreseau3m.com\/wp-content\/uploads\/2018\/06\/treffleMenu.png\" alt=\"\" width=\"23\" height=\"22\" \/><\/a><a href=\"http:\/\/gdsreseau3m.com\/?page_id=927\">Outil informatique<\/a><\/h6>\n<h6><\/h6>\n<h1><img loading=\"lazy\" class=\"alignnone wp-image-750\" src=\"http:\/\/gdsreseau3m.com\/wp-content\/uploads\/2018\/06\/Ovins.png\" alt=\"\" width=\"51\" height=\"42\" \/> <span style=\"color: #2e85e8;\">Outil informatique<\/span><\/h1>\n<h3><span style=\"color: #56b74f;\"><span style=\"color: #2e85e8;\">EstElevage OVIN<\/span><br \/>\n<\/span><img loading=\"lazy\" class=\"alignnone size-full wp-image-280\" src=\"http:\/\/gdsreseau3m.com\/wp-content\/uploads\/2018\/06\/1416583687_Estelevage___boussole.bmp\" alt=\"\" width=\"157\" height=\"103\" \/><\/h3>\n<h4><span style=\"color: #800080;\">\u2192 Module sanitaire d&rsquo;EstElevage<\/span><\/h4>\n<p>La gestion sanitaire de votre troupeau peut \u00eatre assur\u00e9e sur EstElevage :<\/p>\n<ul>\n<li>Enregistrement des traitements et soins aux animaux<\/li>\n<li>Consultation du carnet sanitaire<\/li>\n<li>Liste des m\u00e9dicaments utilis\u00e9s<\/li>\n<li>Gestion des ordonnances<\/li>\n<\/ul>\n<h4><span style=\"color: #800080;\">\u2192 Les avantages d&rsquo;un carnet sanitaire sous format informatique<\/span><\/h4>\n<ul>\n<li>Faciliter la saisie des enregistrements : saisie dans un environnement convivial est pr\u00e9-tabul\u00e9<\/li>\n<li>Faciliter le suivi des traitements en alertant l&rsquo;\u00e9leveur en cas de rappel de traitement<\/li>\n<li>Assurer la sauvegarde des donn\u00e9es sur une base informatique s\u00e9curis\u00e9e et confidentielle<\/li>\n<li>Version mobile et tablette disponible<\/li>\n<\/ul>\n<h4><span style=\"color: #800080;\">\u2192 Sur EstElevage ovins, vous pouvez g\u00e9rez aussi :<\/span><\/h4>\n<ul>\n<li>L&rsquo;identification des ovins <i>(inventaire, gestion des boucles, recensement, \u00e9dition des documents de circulation, entr\u00e9es-sorties, g\u00e9n\u00e9alogie<\/i>)<\/li>\n<li>La reproduction <i>(agnelage, gestion du renouvellement, des mises en lutte, des lots)<\/i><\/li>\n<li>&#8230;<\/li>\n<\/ul>\n<\/div>","protected":false},"excerpt":{"rendered":"<p>D\u00e9chets d&rsquo;\u00e9levageGamme sanitaireOutil informatique Outil informatique EstElevage OVIN \u2192 Module sanitaire d&rsquo;EstElevage La gestion sanitaire de votre troupeau peut \u00eatre assur\u00e9e sur EstElevage : Enregistrement des traitements et soins aux animaux Consultation du carnet sanitaire Liste des m\u00e9dicaments utilis\u00e9s Gestion des ordonnances \u2192 Les avantages d&rsquo;un carnet sanitaire sous format informatique Faciliter la saisie des [&hellip;]<\/p>\n","protected":false},"author":1,"featured_media":0,"parent":0,"menu_order":0,"comment_status":"closed","ping_status":"closed","template":"","meta":[],"_links":{"self":[{"href":"https:\/\/gdsreseau3m.com\/index.php?rest_route=\/wp\/v2\/pages\/927"}],"collection":[{"href":"https:\/\/gdsreseau3m.com\/index.php?rest_route=\/wp\/v2\/pages"}],"about":[{"href":"https:\/\/gdsreseau3m.com\/index.php?rest_route=\/wp\/v2\/types\/page"}],"author":[{"embeddable":true,"href":"https:\/\/gdsreseau3m.com\/index.php?rest_route=\/wp\/v2\/users\/1"}],"replies":[{"embeddable":true,"href":"https:\/\/gdsreseau3m.com\/index.php?rest_route=%2Fwp%2Fv2%2Fcomments&post=927"}],"version-history":[{"count":11,"href":"https:\/\/gdsreseau3m.com\/index.php?rest_route=\/wp\/v2\/pages\/927\/revisions"}],"predecessor-version":[{"id":2852,"href":"https:\/\/gdsreseau3m.com\/index.php?rest_route=\/wp\/v2\/pages\/927\/revisions\/2852"}],"wp:attachment":[{"href":"https:\/\/gdsreseau3m.com\/index.php?rest_route=%2Fwp%2Fv2%2Fmedia&parent=927"}],"curies":[{"name":"wp","href":"https:\/\/api.w.org\/{rel}","templated":true}]}}