{"id":925,"date":"2018-06-21T11:30:09","date_gmt":"2018-06-21T09:30:09","guid":{"rendered":"http:\/\/gdsreseau3m.com\/?page_id=925"},"modified":"2020-09-30T14:47:49","modified_gmt":"2020-09-30T12:47:49","slug":"ovins-materiel-gamme-sanitaire","status":"publish","type":"page","link":"https:\/\/gdsreseau3m.com\/?page_id=925","title":{"rendered":"Ovins &#8211; Mat\u00e9riel &#8211; Gamme sanitaire"},"content":{"rendered":"<div class=\"mpl-content-wrap\"><h6><a href=\"http:\/\/gdsreseau3m.com\/?page_id=304\"><img loading=\"lazy\" class=\"alignnone wp-image-333\" src=\"http:\/\/gdsreseau3m.com\/wp-content\/uploads\/2018\/06\/treffleMenu.png\" alt=\"\" width=\"23\" height=\"22\" \/><\/a><a href=\"http:\/\/gdsreseau3m.com\/?page_id=512\">D\u00e9chets d&rsquo;\u00e9levage<\/a><a href=\"http:\/\/gdsreseau3m.com\/?page_id=304\"><img loading=\"lazy\" class=\"alignnone wp-image-333\" src=\"http:\/\/gdsreseau3m.com\/wp-content\/uploads\/2018\/06\/treffleMenu.png\" alt=\"\" width=\"23\" height=\"22\" \/><\/a><a href=\"http:\/\/gdsreseau3m.com\/?page_id=925\">Gamme sanitaire<\/a><a href=\"http:\/\/gdsreseau3m.com\/?page_id=304\"><img loading=\"lazy\" class=\"alignnone wp-image-333\" src=\"http:\/\/gdsreseau3m.com\/wp-content\/uploads\/2018\/06\/treffleMenu.png\" alt=\"\" width=\"23\" height=\"22\" \/><\/a><a href=\"http:\/\/gdsreseau3m.com\/?page_id=927\">Outil informatique<\/a><\/h6>\n<h1><span style=\"color: #56b74f;\"><img loading=\"lazy\" class=\"alignnone wp-image-750\" src=\"http:\/\/gdsreseau3m.com\/wp-content\/uploads\/2018\/06\/Ovins.png\" alt=\"\" width=\"42\" height=\"34\" \/><span style=\"color: #2e85e8;\"> Gamme sanitaire des GDS<\/span><\/span><\/h1>\n<h2><span style=\"color: #2e85e8;\">R\u00e9fractom\u00e8tre de Brix<\/span><\/h2>\n<p><img loading=\"lazy\" class=\"alignnone size-full wp-image-952\" src=\"http:\/\/gdsreseau3m.com\/wp-content\/uploads\/2018\/06\/1499936453_IMG_0971.jpg\" alt=\"\" width=\"300\" height=\"400\" srcset=\"https:\/\/gdsreseau3m.com\/wp-content\/uploads\/2018\/06\/1499936453_IMG_0971.jpg 300w, https:\/\/gdsreseau3m.com\/wp-content\/uploads\/2018\/06\/1499936453_IMG_0971-225x300.jpg 225w\" sizes=\"(max-width: 300px) 100vw, 300px\" \/><\/p>\n<p>Le GDS propose des r\u00e9fractom\u00e8tres de Brix pour mesurer notamment la qualit\u00e9 du colostrum au tarif de <strong>40\u20ac HT l&rsquo;unit\u00e9.<\/strong> Contactez votre GDS54 pour le commander.<\/p>\n<ul>\n<li>T\u00e9l\u00e9charger l&rsquo;article sur le r\u00e9fractom\u00e8tre :\u00a0<a href=\"http:\/\/gdsreseau3m.com\/wp-content\/uploads\/2018\/06\/1499936391_PL_A17_S26__juillet_2017_Les_multiples_usages_du_refractometre_JA.pdf\" target=\"_blank\" rel=\"noopener noreferrer\"><em>Les multiples usages du r\u00e9fractom\u00e8tre &#8211; juillet 2017<\/em><\/a><\/li>\n<li><a href=\"http:\/\/gdsreseau3m.com\/wp-content\/uploads\/2020\/09\/Bon-de-commande-Mat\u00e9riel-Sanitaire-GDS_20200930.pdf\" target=\"_blank\" rel=\"noopener noreferrer\">Bon de commande de mat\u00e9riel (2020-GDS 54)<\/a><\/li>\n<\/ul>\n<h3><span style=\"color: #2e85e8;\">Autres produits dans notre gamme commerciale sanitaire<\/span><\/h3>\n<ul>\n<li>Armoire \u00e0 pharmacie &#8230;<\/li>\n<li>Gestion des animaux trouv\u00e9s morts &#8230;<\/li>\n<li>protection des documents &#8230;<\/li>\n<li>Hygi\u00e8ne et s\u00e9curit\u00e9 (d\u00e9sinfectants, p\u00e9diluve, etc) &#8230;<\/li>\n<li>Mat\u00e9riel de parage &#8230;<\/li>\n<li>Documents techniques &#8230;<\/li>\n<\/ul>\n<p><img loading=\"lazy\" class=\"alignnone size-full wp-image-958\" src=\"http:\/\/gdsreseau3m.com\/wp-content\/uploads\/2018\/06\/1418744111_pharma_2.png\" alt=\"\" width=\"389\" height=\"122\" srcset=\"https:\/\/gdsreseau3m.com\/wp-content\/uploads\/2018\/06\/1418744111_pharma_2.png 389w, https:\/\/gdsreseau3m.com\/wp-content\/uploads\/2018\/06\/1418744111_pharma_2-300x94.png 300w\" sizes=\"(max-width: 389px) 100vw, 389px\" \/><\/p>\n<p><strong>\u2192 Armoire en poly\u00e9thyl\u00e8ne : petit mod\u00e8le<\/strong><\/p>\n<p><em><strong><img loading=\"lazy\" class=\"alignnone size-full wp-image-959\" src=\"http:\/\/gdsreseau3m.com\/wp-content\/uploads\/2018\/06\/1418744161_pharma_3.png\" alt=\"\" width=\"373\" height=\"159\" srcset=\"https:\/\/gdsreseau3m.com\/wp-content\/uploads\/2018\/06\/1418744161_pharma_3.png 373w, https:\/\/gdsreseau3m.com\/wp-content\/uploads\/2018\/06\/1418744161_pharma_3-300x128.png 300w\" sizes=\"(max-width: 373px) 100vw, 373px\" \/><\/strong><\/em><\/p>\n<p><strong>\u2192 Armoire en polypropyl\u00e8ne : gros volume<\/strong><\/p>\n<p><img loading=\"lazy\" class=\"alignnone size-full wp-image-961\" src=\"http:\/\/gdsreseau3m.com\/wp-content\/uploads\/2018\/06\/1418743822_gamme_sanitaire.jpg\" alt=\"\" width=\"297\" height=\"810\" srcset=\"https:\/\/gdsreseau3m.com\/wp-content\/uploads\/2018\/06\/1418743822_gamme_sanitaire.jpg 297w, https:\/\/gdsreseau3m.com\/wp-content\/uploads\/2018\/06\/1418743822_gamme_sanitaire-110x300.jpg 110w\" sizes=\"(max-width: 297px) 100vw, 297px\" \/><\/p>\n<h3><span style=\"color: #2e85e8;\">Tarifs et bon de commande<\/span><\/h3>\n<p><strong>T\u00e9l\u00e9charger le <a href=\"http:\/\/gdsreseau3m.com\/wp-content\/uploads\/2020\/09\/Bon-de-commande-Mat\u00e9riel-Sanitaire-GDS_20200930.pdf\" target=\"_blank\" rel=\"noopener noreferrer\">bon de commande du GDS 54 (2020)<\/a><\/strong><\/p>\n<p><strong>Autres d\u00e9partements : contactez votre GDS. <\/strong><\/p>\n<p>Vous pouvez trouver d&rsquo;autres produits sanitaires sur le site du <a href=\"http:\/\/www.lecarrefarago.com\/\">Carr\u00e9 FARAGO<\/a> et sur <a href=\"https:\/\/www.agrodirect.fr\/\" target=\"_blank\" rel=\"noopener noreferrer\">AgroDirect<\/a><\/p>\n<p>&nbsp;<\/p>\n<p>&nbsp;<\/p>\n<div><\/div>\n<div><\/div>\n<\/div>","protected":false},"excerpt":{"rendered":"<p>D\u00e9chets d&rsquo;\u00e9levageGamme sanitaireOutil informatique Gamme sanitaire des GDS R\u00e9fractom\u00e8tre de Brix Le GDS propose des r\u00e9fractom\u00e8tres de Brix pour mesurer notamment la qualit\u00e9 du colostrum au tarif de 40\u20ac HT l&rsquo;unit\u00e9. Contactez votre GDS54 pour le commander. T\u00e9l\u00e9charger l&rsquo;article sur le r\u00e9fractom\u00e8tre :\u00a0Les multiples usages du r\u00e9fractom\u00e8tre &#8211; juillet 2017 Bon de commande de mat\u00e9riel [&hellip;]<\/p>\n","protected":false},"author":1,"featured_media":0,"parent":0,"menu_order":0,"comment_status":"closed","ping_status":"closed","template":"","meta":[],"_links":{"self":[{"href":"https:\/\/gdsreseau3m.com\/index.php?rest_route=\/wp\/v2\/pages\/925"}],"collection":[{"href":"https:\/\/gdsreseau3m.com\/index.php?rest_route=\/wp\/v2\/pages"}],"about":[{"href":"https:\/\/gdsreseau3m.com\/index.php?rest_route=\/wp\/v2\/types\/page"}],"author":[{"embeddable":true,"href":"https:\/\/gdsreseau3m.com\/index.php?rest_route=\/wp\/v2\/users\/1"}],"replies":[{"embeddable":true,"href":"https:\/\/gdsreseau3m.com\/index.php?rest_route=%2Fwp%2Fv2%2Fcomments&post=925"}],"version-history":[{"count":19,"href":"https:\/\/gdsreseau3m.com\/index.php?rest_route=\/wp\/v2\/pages\/925\/revisions"}],"predecessor-version":[{"id":5313,"href":"https:\/\/gdsreseau3m.com\/index.php?rest_route=\/wp\/v2\/pages\/925\/revisions\/5313"}],"wp:attachment":[{"href":"https:\/\/gdsreseau3m.com\/index.php?rest_route=%2Fwp%2Fv2%2Fmedia&parent=925"}],"curies":[{"name":"wp","href":"https:\/\/api.w.org\/{rel}","templated":true}]}}