{"id":886,"date":"2018-06-21T10:18:01","date_gmt":"2018-06-21T08:18:01","guid":{"rendered":"http:\/\/gdsreseau3m.com\/?page_id=886"},"modified":"2018-06-21T17:14:48","modified_gmt":"2018-06-21T15:14:48","slug":"ovins-actualites-fco","status":"publish","type":"page","link":"https:\/\/gdsreseau3m.com\/?page_id=886","title":{"rendered":"Ovins &#8211; Actualit\u00e9s &#8211; FCO"},"content":{"rendered":"<div class=\"mpl-content-wrap\"><h6><a href=\"http:\/\/gdsreseau3m.com\/?page_id=304\"><img loading=\"lazy\" class=\"alignnone wp-image-333\" src=\"http:\/\/gdsreseau3m.com\/wp-content\/uploads\/2018\/06\/treffleMenu.png\" alt=\"\" width=\"23\" height=\"22\" \/><\/a><a href=\"http:\/\/gdsreseau3m.com\/?page_id=304\">Ac<\/a><a href=\"http:\/\/gdsreseau3m.com\/?page_id=503\">tualit\u00e9s<\/a><a href=\"http:\/\/gdsreseau3m.com\/?page_id=304\"><img loading=\"lazy\" class=\"alignnone wp-image-333\" src=\"http:\/\/gdsreseau3m.com\/wp-content\/uploads\/2018\/06\/treffleMenu.png\" alt=\"\" width=\"23\" height=\"22\" \/><\/a><a href=\"http:\/\/gdsreseau3m.com\/?page_id=881\">Agalaxie<\/a><a href=\"http:\/\/gdsreseau3m.com\/?page_id=304\"><img loading=\"lazy\" class=\"alignnone wp-image-333\" src=\"http:\/\/gdsreseau3m.com\/wp-content\/uploads\/2018\/06\/treffleMenu.png\" alt=\"\" width=\"23\" height=\"22\" \/><\/a><a href=\"http:\/\/gdsreseau3m.com\/?page_id=883\">SBV<\/a><a href=\"http:\/\/gdsreseau3m.com\/?page_id=304\"><img loading=\"lazy\" class=\"alignnone wp-image-333\" src=\"http:\/\/gdsreseau3m.com\/wp-content\/uploads\/2018\/06\/treffleMenu.png\" alt=\"\" width=\"23\" height=\"22\" \/><\/a><a href=\"http:\/\/gdsreseau3m.com\/?page_id=886\">FCO<\/a><\/h6>\n<h1><span style=\"color: #56b74f;\"><img loading=\"lazy\" class=\"alignnone size-full wp-image-750\" src=\"http:\/\/gdsreseau3m.com\/wp-content\/uploads\/2018\/06\/Ovins.png\" alt=\"\" width=\"93\" height=\"76\" \/>Surveillance de la FCO<\/span><\/h1>\n<p><b>Actualit\u00e9s situation en France en temps r\u00e9el : <a href=\"http:\/\/plateforme-esa.fr\/th%C3%A9matique-fi%C3%A8vre-catarrhale-ovine\" target=\"_self\"><span style=\"color: #56b74f;\">cliquez ici<\/span><\/a><\/b><\/p>\n<p>&gt; T\u00e9l\u00e9charger le support <b>d&rsquo;illustration signes cliniques<\/b> (format pdf) :<br \/>\n<a href=\"http:\/\/gdsreseau3m.com\/wp-content\/uploads\/2018\/06\/1438083089_vigilancefco.pdf\" target=\"_blank\" rel=\"noopener\"><img loading=\"lazy\" class=\"alignnone wp-image-915 size-full\" src=\"http:\/\/gdsreseau3m.com\/wp-content\/uploads\/2018\/06\/1438083089_vigilancefco-icon.png\" alt=\"\" width=\"146\" height=\"106\" \/><\/a><br \/>\n&gt; T\u00e9l\u00e9charger la liste des signes cliniques\u00a0 \u00e0 rechercher sur des animaux suspects de FCO\u00a0 &#8211; T\u00e9l\u00e9charger le vademecum FCO :<br \/>\n<a href=\"http:\/\/gdsreseau3m.com\/wp-content\/uploads\/2018\/06\/1443172869_Signes_cliniques_a_rechercher_sur_des_animaux_suspects_de_FCO.pdf\" target=\"_blank\" rel=\"noopener\"><img loading=\"lazy\" class=\"alignnone wp-image-917 size-full\" src=\"http:\/\/gdsreseau3m.com\/wp-content\/uploads\/2018\/06\/1443172869_Signes_cliniques_a_rechercher_sur_des_animaux_suspects_de_FCO-icon.png\" alt=\"\" width=\"103\" height=\"145\" \/><\/a><\/p>\n<p><img loading=\"lazy\" class=\"alignnone size-full wp-image-911\" src=\"http:\/\/gdsreseau3m.com\/wp-content\/uploads\/2018\/06\/1438082563_fco.jpg\" alt=\"\" width=\"907\" height=\"526\" srcset=\"https:\/\/gdsreseau3m.com\/wp-content\/uploads\/2018\/06\/1438082563_fco.jpg 907w, https:\/\/gdsreseau3m.com\/wp-content\/uploads\/2018\/06\/1438082563_fco-300x174.jpg 300w, https:\/\/gdsreseau3m.com\/wp-content\/uploads\/2018\/06\/1438082563_fco-768x445.jpg 768w\" sizes=\"(max-width: 907px) 100vw, 907px\" \/><\/p>\n<p>Source : <a href=\"http:\/\/www.plateforme-esa.fr\/\" target=\"_blank\" rel=\"noopener\"><span style=\"color: #56b74f;\">Plateforme ESA<\/span><\/a><\/p>\n<p><span style=\"color: #74bd2c;\"><b>Rappel :\u00a0<\/b><\/span> <span style=\"color: #ff0000;\"><b>La FCO est un danger sanitaire de cat\u00e9gorie 1. L &lsquo;observation de signes cliniques \u00e9vocateurs de FCO constitue une suspicion clinique qui doit \u00eatre imm\u00e9diatement notifi\u00e9e \u00e0 la DDPP\u00a0<\/b><\/span>(Note de service : DGAL\/SDSPA\/N2013-8188 du 20 novembre 2013). La D.D.P.P. d\u00e9terminera selon le contexte les mesures \u00e0 adopter.<\/p>\n<\/div>","protected":false},"excerpt":{"rendered":"<p>Actualit\u00e9sAgalaxieSBVFCO Surveillance de la FCO Actualit\u00e9s situation en France en temps r\u00e9el : cliquez ici &gt; T\u00e9l\u00e9charger le support d&rsquo;illustration signes cliniques (format pdf) : &gt; T\u00e9l\u00e9charger la liste des signes cliniques\u00a0 \u00e0 rechercher sur des animaux suspects de FCO\u00a0 &#8211; T\u00e9l\u00e9charger le vademecum FCO : Source : Plateforme ESA Rappel :\u00a0 La FCO est [&hellip;]<\/p>\n","protected":false},"author":1,"featured_media":0,"parent":0,"menu_order":0,"comment_status":"closed","ping_status":"closed","template":"","meta":[],"_links":{"self":[{"href":"https:\/\/gdsreseau3m.com\/index.php?rest_route=\/wp\/v2\/pages\/886"}],"collection":[{"href":"https:\/\/gdsreseau3m.com\/index.php?rest_route=\/wp\/v2\/pages"}],"about":[{"href":"https:\/\/gdsreseau3m.com\/index.php?rest_route=\/wp\/v2\/types\/page"}],"author":[{"embeddable":true,"href":"https:\/\/gdsreseau3m.com\/index.php?rest_route=\/wp\/v2\/users\/1"}],"replies":[{"embeddable":true,"href":"https:\/\/gdsreseau3m.com\/index.php?rest_route=%2Fwp%2Fv2%2Fcomments&post=886"}],"version-history":[{"count":7,"href":"https:\/\/gdsreseau3m.com\/index.php?rest_route=\/wp\/v2\/pages\/886\/revisions"}],"predecessor-version":[{"id":1139,"href":"https:\/\/gdsreseau3m.com\/index.php?rest_route=\/wp\/v2\/pages\/886\/revisions\/1139"}],"wp:attachment":[{"href":"https:\/\/gdsreseau3m.com\/index.php?rest_route=%2Fwp%2Fv2%2Fmedia&parent=886"}],"curies":[{"name":"wp","href":"https:\/\/api.w.org\/{rel}","templated":true}]}}