{"id":881,"date":"2018-06-21T10:17:14","date_gmt":"2018-06-21T08:17:14","guid":{"rendered":"http:\/\/gdsreseau3m.com\/?page_id=881"},"modified":"2018-06-21T17:13:04","modified_gmt":"2018-06-21T15:13:04","slug":"ovins-agalaxie","status":"publish","type":"page","link":"https:\/\/gdsreseau3m.com\/?page_id=881","title":{"rendered":"Ovins &#8211; Actualit\u00e9s &#8211; Agalaxie"},"content":{"rendered":"<div class=\"mpl-content-wrap\"><h6><a href=\"http:\/\/gdsreseau3m.com\/?page_id=304\"><img loading=\"lazy\" class=\"alignnone wp-image-333\" src=\"http:\/\/gdsreseau3m.com\/wp-content\/uploads\/2018\/06\/treffleMenu.png\" alt=\"\" width=\"23\" height=\"22\" \/><\/a><a href=\"http:\/\/gdsreseau3m.com\/?page_id=304\">Ac<\/a><a href=\"http:\/\/gdsreseau3m.com\/?page_id=503\">tualit\u00e9s<\/a><a href=\"http:\/\/gdsreseau3m.com\/?page_id=304\"><img loading=\"lazy\" class=\"alignnone wp-image-333\" src=\"http:\/\/gdsreseau3m.com\/wp-content\/uploads\/2018\/06\/treffleMenu.png\" alt=\"\" width=\"23\" height=\"22\" \/><\/a><a href=\"http:\/\/gdsreseau3m.com\/?page_id=881\">Agalaxie<\/a><a href=\"http:\/\/gdsreseau3m.com\/?page_id=304\"><img loading=\"lazy\" class=\"alignnone wp-image-333\" src=\"http:\/\/gdsreseau3m.com\/wp-content\/uploads\/2018\/06\/treffleMenu.png\" alt=\"\" width=\"23\" height=\"22\" \/><\/a><a href=\"http:\/\/gdsreseau3m.com\/?page_id=883\">SBV<\/a><a href=\"http:\/\/gdsreseau3m.com\/?page_id=304\"><img loading=\"lazy\" class=\"alignnone wp-image-333\" src=\"http:\/\/gdsreseau3m.com\/wp-content\/uploads\/2018\/06\/treffleMenu.png\" alt=\"\" width=\"23\" height=\"22\" \/><\/a><a href=\"http:\/\/gdsreseau3m.com\/?page_id=886\">FCO<\/a><\/h6>\n<h1><span style=\"color: #56b74f;\"><img loading=\"lazy\" class=\"alignnone size-full wp-image-750\" src=\"http:\/\/gdsreseau3m.com\/wp-content\/uploads\/2018\/06\/Ovins.png\" alt=\"\" width=\"93\" height=\"76\" \/>Agalaxie<\/span><\/h1>\n<h3><span style=\"color: #56b74f;\">Retour sur l&rsquo;\u00e9pisode d&rsquo;agalactie des brebis en Lorraine<\/span><\/h3>\n<p>Au cours de l&rsquo;hiver 2012-2013, de nombreux \u00e9leveurs ovins du Nord-Est de la France ont \u00e9t\u00e9 confront\u00e9s \u00e0 un \u00e9pisode s\u00e9v\u00e8re d&rsquo;agalactie sur les brebis. Au total, 39 \u00e9levages des r\u00e9gions Alsace et Lorraine ont d\u00e9clar\u00e9s des cas. Le ph\u00e9nom\u00e8ne s&rsquo;est traduit par<b> une baisse importante, voire une absence totale de colostrum et de lait pendant 2 \u00e0 8 jours apr\u00e8s l&rsquo;agnelage<\/b>.<\/p>\n<p>D\u00e8s les premiers cas en novembre 2012, les GDS de Meurthe-et-Moselle et Moselle ont sollicit\u00e9 GDS France pour la mise en place d&rsquo;un groupe de travail r\u00e9unissant l&rsquo;Ecole Nationale V\u00e9t\u00e9rinaire de Toulouse, la Plateforme d&rsquo;Epid\u00e9miosurveillance en Sant\u00e9 Animale (Plateforme ESA), des v\u00e9t\u00e9rinaires ruraux des GTV 54 et 57, GDS France et les GDS des r\u00e9gions Alsace et Lorraine. Ce groupe de travail a rapidement \u00e9labor\u00e9 un cadre d&rsquo;investigations bas\u00e9 sur des enqu\u00eates en \u00e9levages et de nombreuses analyses.<\/p>\n<p><img loading=\"lazy\" class=\"alignnone size-full wp-image-895\" src=\"http:\/\/gdsreseau3m.com\/wp-content\/uploads\/2018\/06\/1461330440_ergot_2.png\" alt=\"\" width=\"488\" height=\"324\" srcset=\"https:\/\/gdsreseau3m.com\/wp-content\/uploads\/2018\/06\/1461330440_ergot_2.png 488w, https:\/\/gdsreseau3m.com\/wp-content\/uploads\/2018\/06\/1461330440_ergot_2-300x199.png 300w\" sizes=\"(max-width: 488px) 100vw, 488px\" \/><\/p>\n<p>Les enqu\u00eates en \u00e9levage ont permis de confirmer et de chiffrer<b> le caract\u00e8re inhabituel du ph\u00e9nom\u00e8ne<\/b> : jusqu&rsquo;\u00e0 90% des brebis d&rsquo;un m\u00eame lot ont pu \u00eatre touch\u00e9es, se traduisant par des mortalit\u00e9s \u00e9lev\u00e9es d&rsquo;agneaux, 30% en moyenne, mais tr\u00e8s variables selon la r\u00e9activit\u00e9 et la disponibilit\u00e9 des \u00e9leveurs pour alimenter artificiellement des agneaux. En effet, il a \u00e9t\u00e9 observ\u00e9 que la lactation pouvait reprendre (avec ou sans traitement th\u00e9rapeutique) quand les mamelles \u00e9taient stimul\u00e9es soit par la traite, soit par la t\u00e9t\u00e9e.<\/p>\n<p>Les enqu\u00eates ont \u00e9galement permis de conclure que la conduite d&rsquo;\u00e9levage \u00e9tait coh\u00e9rente, avec notamment une bonne pr\u00e9paration \u00e0 la mise-bas (brebis bien compl\u00e9ment\u00e9es avant agnelage).<\/p>\n<p>Les analyses biologiques r\u00e9alis\u00e9es dans les \u00e9levages atteints sur les brebis et dans l&rsquo;aliment ont permis d&rsquo;explorer les hypoth\u00e8ses infectieuses, m\u00e9taboliques et toxiques. <b>Ce panel d&rsquo;analyses a permis de conclure \u00e0 un diagnostic d&rsquo;intoxication par des mycotoxines.\u00a0 <\/b><\/p>\n<p><img loading=\"lazy\" class=\"alignnone size-full wp-image-896\" src=\"http:\/\/gdsreseau3m.com\/wp-content\/uploads\/2018\/06\/1461330464_ergot.png\" alt=\"\" width=\"605\" height=\"460\" srcset=\"https:\/\/gdsreseau3m.com\/wp-content\/uploads\/2018\/06\/1461330464_ergot.png 605w, https:\/\/gdsreseau3m.com\/wp-content\/uploads\/2018\/06\/1461330464_ergot-300x228.png 300w\" sizes=\"(max-width: 605px) 100vw, 605px\" \/><\/p>\n<p><b>Les r\u00e9sultats ont montr\u00e9 de fortes teneurs en alcalo\u00efdes de l&rsquo;ergot, associ\u00e9es ou non \u00e0 d&rsquo;autres mycotoxines (trichoth\u00e9c\u00e8nes) en quantit\u00e9 importantes dans l&rsquo;alimentation des \u00e9levages ayant particip\u00e9 \u00e0 l&rsquo;enqu\u00eate<\/b>. Les alcalo\u00efdes de l&rsquo;ergot inhibent la s\u00e9cr\u00e9tion de prolactine, indispensable au d\u00e9veloppement mammaire et \u00e0 la mise en place de la lactation. Cette hypoth\u00e8se est appuy\u00e9e par le fait que les probl\u00e8mes d&rsquo;agalactie ont disparu rapidement dans les \u00e9levages qui ont pu arr\u00eater les aliments contamin\u00e9s ou qui ont choisi d&rsquo;ajouter des capteurs de mycotoxines.<\/p>\n<p>Le probl\u00e8me des mycotoxines est tr\u00e8s complexe et peu de solutions existent, ce sont des toxines produites par des champignons, elles se d\u00e9veloppent sur les v\u00e9g\u00e9taux dans les champs, lors de la r\u00e9colte, du transport et du stockage des aliments. Il existe des mycotoxines de \u00ab\u00a0champs\u00a0\u00bb (Alcalo\u00efdes de l&rsquo;Ergot,\u00a0 Thrichot\u00e9c\u00e8nes, Z\u00e9aral\u00e9none, etc.) et de \u00ab\u00a0stockage\u00a0\u00bb (P\u00e9nicillium et Aspergillus). Les cultivateurs peuvent limiter le risque de contaminations par des mycotoxines de champs en corrigeant certaines pratiques culturales : rotations des cultures, choix de vari\u00e9t\u00e9s les plus adapt\u00e9es aux conditions p\u00e9doclimatiques, travail du sol, r\u00e9glage de la moissonneuse batteuse, &#8230; Pour les mycotoxines de stockage, il est possible de limiter le risque en conservant les c\u00e9r\u00e9ales dans des bonnes conditions (endroit sec, propre et bien a\u00e9r\u00e9, &#8230;). Les fourrages doivent \u00e9galement faire l&rsquo;objet d&rsquo;une attention particuli\u00e8re car ils peuvent \u00eatre sujets \u00e0 des attaques de champignons \u00e0 l&rsquo;origine des mycotoxines (y compris l&rsquo;ergot) : un s\u00e9chage rapide du foin et une stabilisation de la fermentation des ensilages limitent le risque.<\/p>\n<p><img loading=\"lazy\" class=\"alignnone size-full wp-image-897\" src=\"http:\/\/gdsreseau3m.com\/wp-content\/uploads\/2018\/06\/1461331634_agalactie_3.png\" alt=\"\" width=\"463\" height=\"369\" \/><\/p>\n<p>Les al\u00e9as climatiques pourraient expliquer le caract\u00e8re localis\u00e9 et exceptionnel de ce ph\u00e9nom\u00e8ne. En effet, suite \u00e0 la vague de froid de f\u00e9vrier 2012, la Lorraine et l&rsquo;Alsace ont connu d&rsquo;importants d\u00e9g\u00e2ts dus au gel de cultures, pouvant aller localement jusqu&rsquo;\u00e0 la destruction de 70 \u00e0 80 % de parcelles de bl\u00e9. En parall\u00e8le, la protection fongicide a \u00e9t\u00e9 souvent insuffisante pour des bl\u00e9s dont la production semblait compromise et, \u00e0 la faveur de l&rsquo;humidit\u00e9 au moment de la floraison, la fusariose s&rsquo;est install\u00e9e avec une production intense de mycotoxines.<\/p>\n<p>Le groupe de travail r\u00e9unissant de nombreuses comp\u00e9tences a permis de coordonner l&rsquo;ensemble des recherches, d&rsquo;identifier rapidement les causes de ces cas d&rsquo;agalactie s\u00e9v\u00e8re et de proposer des solutions aux \u00e9leveurs. L&rsquo;ensemble des frais d&rsquo;investigations, d&rsquo;un montant de 8 000 euros, a \u00e9t\u00e9 pris en charge par la section \u00ab\u00a0\u00e9tudes et recherches\u00a0\u00bb de la Caisse de solidarit\u00e9 sant\u00e9 animale (CSSA) du r\u00e9seau des GDS.<\/p>\n<p>Ce travail \u00e0 fait l&rsquo;objet d&rsquo;un article complet dans <i>Le Nouveau Praticien V\u00e9t\u00e9rinaire <\/i>en ao\u00fbt 2013<i> (disponible sur demande au GDS).<\/i><\/p>\n<blockquote><p>Aujourd&rsquo;hui il est conseill\u00e9 de faire analyser les aliments avant les mises-bas afin de pr\u00e9venir tout risque d&rsquo;agalactie sur les brebis, particuli\u00e8rement dans les \u00e9levages touch\u00e9s l&rsquo;an pass\u00e9. Toutefois, la pr\u00e9sence d&rsquo;ergot dans un tas c\u00e9r\u00e9ales doit alerter les \u00e9leveurs sur les risques encourus. Les c\u00e9r\u00e9ales contamin\u00e9s ne doivent pas \u00eatre distribu\u00e9es aux animaux, quelque soit l&rsquo;esp\u00e8ce !<\/p>\n<p>Une attention particuli\u00e8re doit \u00eatre port\u00e9e aux aliments achet\u00e9s, notamment pour les aliments \u00ab\u00a01er prix\u00a0\u00bb issus de parois et d\u00e9chets de c\u00e9r\u00e9ales : ceux-ci peuvent repr\u00e9senter un\u00a0 fort risque mycotoxine \u00e9tant donn\u00e9 leur composition (mycotoxines et champignons sont concentres sur les parois).<\/p>\n<p><span style=\"color: #901283;\"><b>En cas de signes cliniques observ\u00e9s sur vos brebis comme ceux d\u00e9crits ci-dessus, contactez votre v\u00e9t\u00e9rinaire et votre GDS !<\/b><\/span><\/p><\/blockquote>\n<h2><span style=\"color: #56b74f;\">\u00c0 lire \u00e9galement &#8230;<\/span><\/h2>\n<div>\n<div>\n<ul>\n<li><a href=\"http:\/\/gdsreseau3m.com\/wp-content\/uploads\/2018\/06\/1418907376_Reunion_Etape1_Agalactie_ovins_complet.pdf\" target=\"_blank\" rel=\"noopener\"><span style=\"color: #56b74f;\">\u00a0Diaporama pr\u00e9sent\u00e9 lors de la r\u00e9union du 7 f\u00e9vrier 2013<\/span><\/a><\/li>\n<\/ul>\n<p><a href=\"http:\/\/gdsreseau3m.com\/wp-content\/uploads\/2018\/06\/1418907376_Reunion_Etape1_Agalactie_ovins_complet.pdf\" target=\"_blank\" rel=\"noopener\"><img loading=\"lazy\" class=\"alignnone wp-image-900 size-full\" src=\"http:\/\/gdsreseau3m.com\/wp-content\/uploads\/2018\/06\/ovins-icon-Agalactie.png\" alt=\"\" width=\"242\" height=\"176\" \/><\/a><\/p>\n<\/div>\n<\/div>\n<\/div>","protected":false},"excerpt":{"rendered":"<p>Actualit\u00e9sAgalaxieSBVFCO Agalaxie Retour sur l&rsquo;\u00e9pisode d&rsquo;agalactie des brebis en Lorraine Au cours de l&rsquo;hiver 2012-2013, de nombreux \u00e9leveurs ovins du Nord-Est de la France ont \u00e9t\u00e9 confront\u00e9s \u00e0 un \u00e9pisode s\u00e9v\u00e8re d&rsquo;agalactie sur les brebis. Au total, 39 \u00e9levages des r\u00e9gions Alsace et Lorraine ont d\u00e9clar\u00e9s des cas. Le ph\u00e9nom\u00e8ne s&rsquo;est traduit par une baisse [&hellip;]<\/p>\n","protected":false},"author":1,"featured_media":0,"parent":0,"menu_order":0,"comment_status":"closed","ping_status":"closed","template":"","meta":[],"_links":{"self":[{"href":"https:\/\/gdsreseau3m.com\/index.php?rest_route=\/wp\/v2\/pages\/881"}],"collection":[{"href":"https:\/\/gdsreseau3m.com\/index.php?rest_route=\/wp\/v2\/pages"}],"about":[{"href":"https:\/\/gdsreseau3m.com\/index.php?rest_route=\/wp\/v2\/types\/page"}],"author":[{"embeddable":true,"href":"https:\/\/gdsreseau3m.com\/index.php?rest_route=\/wp\/v2\/users\/1"}],"replies":[{"embeddable":true,"href":"https:\/\/gdsreseau3m.com\/index.php?rest_route=%2Fwp%2Fv2%2Fcomments&post=881"}],"version-history":[{"count":9,"href":"https:\/\/gdsreseau3m.com\/index.php?rest_route=\/wp\/v2\/pages\/881\/revisions"}],"predecessor-version":[{"id":1137,"href":"https:\/\/gdsreseau3m.com\/index.php?rest_route=\/wp\/v2\/pages\/881\/revisions\/1137"}],"wp:attachment":[{"href":"https:\/\/gdsreseau3m.com\/index.php?rest_route=%2Fwp%2Fv2%2Fmedia&parent=881"}],"curies":[{"name":"wp","href":"https:\/\/api.w.org\/{rel}","templated":true}]}}