{"id":811,"date":"2018-06-19T17:06:24","date_gmt":"2018-06-19T15:06:24","guid":{"rendered":"http:\/\/gdsreseau3m.com\/?page_id=811"},"modified":"2018-06-19T18:03:59","modified_gmt":"2018-06-19T16:03:59","slug":"nos-missions-videos","status":"publish","type":"page","link":"https:\/\/gdsreseau3m.com\/?page_id=811","title":{"rendered":"Nos missions &#8211; Vid\u00e9os"},"content":{"rendered":"<div class=\"mpl-content-wrap\"><h1><span style=\"color: #2180c0;\">Nos missions en vid\u00e9os<\/span><\/h1>\n<h2><span style=\"color: #2180c0;\">1994 : FNGDS, 40 ann\u00e9es au service de la s\u00e9curit\u00e9 sanitaire fran\u00e7aise<\/span><\/h2>\n<p><strong>Vid\u00e9o retra\u00e7ant la naissance des GDS dans son contexte et l&rsquo;\u00e9volution des missions au fil des ans, en fonction des besoins des \u00e9leveurs. 1994.<\/strong><\/p>\n<div style=\"width: 478px;\" class=\"wp-video\"><!--[if lt IE 9]><script>document.createElement('video');<\/script><![endif]-->\n<video class=\"wp-video-shortcode\" id=\"video-811-1\" width=\"478\" height=\"360\" poster=\"http:\/\/gdsreseau3m.com\/wp-content\/uploads\/2018\/06\/1994-40-ans-de-la-FNGDS.png\" preload=\"metadata\" controls=\"controls\"><source type=\"video\/mp4\" src=\"http:\/\/gdsreseau3m.com\/wp-content\/uploads\/2018\/06\/1994-40-ans-de-la-FNGDS.mp4?_=1\" \/><a href=\"http:\/\/gdsreseau3m.com\/wp-content\/uploads\/2018\/06\/1994-40-ans-de-la-FNGDS.mp4\">http:\/\/gdsreseau3m.com\/wp-content\/uploads\/2018\/06\/1994-40-ans-de-la-FNGDS.mp4<\/a><\/video><\/div>\n<div>\n<p>Propri\u00e9t\u00e9 exclusive : GDSFrance. 1994.<\/p>\n<p>&nbsp;<\/p>\n<h2><span style=\"color: #2180c0;\">2014 : Discours du Ministre de l\u2019Agriculture pour les 60 ans de GDS France<\/span><\/h2>\n<div><strong>Discours officiel du 23 avril 2014 de M. Le Foll\u00a0 (Ministre de l&rsquo;Agriculture) \u00e0 GDS France pour ses 60 ans.<\/strong><\/div>\n<div>\n<div style=\"width: 640px;\" class=\"wp-video\"><video class=\"wp-video-shortcode\" id=\"video-811-2\" width=\"640\" height=\"360\" poster=\"http:\/\/gdsreseau3m.com\/wp-content\/uploads\/2018\/06\/Discours-S_LEFOLL-60-ans-de-GDS-France.png\" preload=\"metadata\" controls=\"controls\"><source type=\"video\/mp4\" src=\"http:\/\/gdsreseau3m.com\/wp-content\/uploads\/2018\/06\/Discours-S_LEFOLL-60-ans-de-GDS-France.mp4?_=2\" \/><a href=\"http:\/\/gdsreseau3m.com\/wp-content\/uploads\/2018\/06\/Discours-S_LEFOLL-60-ans-de-GDS-France.mp4\">http:\/\/gdsreseau3m.com\/wp-content\/uploads\/2018\/06\/Discours-S_LEFOLL-60-ans-de-GDS-France.mp4<\/a><\/video><\/div>\n<\/div>\n<div>\n<p>Propri\u00e9t\u00e9 exclusive : GDSFrance. 2014.<\/p>\n<p><i>\u00a0\u00bb [&#8230;] Vous avez prouv\u00e9 depuis 60 ans, puisque c&rsquo;est votre anniversaire, que dans cette collaboration avec l&rsquo;\u00c9tat, dans les politiques sanitaires de mani\u00e8re globale, que vous avez \u00e9t\u00e9 des acteurs essentiels, des relais importants, des organisateurs. Et donc, c&rsquo;est avec beaucoup de confiance que je vous souhaite, tout d&rsquo;abord, un tr\u00e8s bon anniversaire, d&rsquo;excellents travaux, et surtout, que je transmets un message simple : c&rsquo;est que nous souhaitons continuer \u00e0 travailler avec vous, pour faire en sorte que la politique sanitaire fran\u00e7aise reste une politique d&rsquo;excellence.\u00a0\u00bb<\/i><\/p>\n<div><\/div>\n<\/div>\n<\/div>\n<\/div>","protected":false},"excerpt":{"rendered":"<p>Nos missions en vid\u00e9os 1994 : FNGDS, 40 ann\u00e9es au service de la s\u00e9curit\u00e9 sanitaire fran\u00e7aise Vid\u00e9o retra\u00e7ant la naissance des GDS dans son contexte et l&rsquo;\u00e9volution des missions au fil des ans, en fonction des besoins des \u00e9leveurs. 1994. Propri\u00e9t\u00e9 exclusive : GDSFrance. 1994. &nbsp; 2014 : Discours du Ministre de l\u2019Agriculture pour les [&hellip;]<\/p>\n","protected":false},"author":1,"featured_media":0,"parent":0,"menu_order":0,"comment_status":"closed","ping_status":"closed","template":"","meta":[],"_links":{"self":[{"href":"https:\/\/gdsreseau3m.com\/index.php?rest_route=\/wp\/v2\/pages\/811"}],"collection":[{"href":"https:\/\/gdsreseau3m.com\/index.php?rest_route=\/wp\/v2\/pages"}],"about":[{"href":"https:\/\/gdsreseau3m.com\/index.php?rest_route=\/wp\/v2\/types\/page"}],"author":[{"embeddable":true,"href":"https:\/\/gdsreseau3m.com\/index.php?rest_route=\/wp\/v2\/users\/1"}],"replies":[{"embeddable":true,"href":"https:\/\/gdsreseau3m.com\/index.php?rest_route=%2Fwp%2Fv2%2Fcomments&post=811"}],"version-history":[{"count":11,"href":"https:\/\/gdsreseau3m.com\/index.php?rest_route=\/wp\/v2\/pages\/811\/revisions"}],"predecessor-version":[{"id":829,"href":"https:\/\/gdsreseau3m.com\/index.php?rest_route=\/wp\/v2\/pages\/811\/revisions\/829"}],"wp:attachment":[{"href":"https:\/\/gdsreseau3m.com\/index.php?rest_route=%2Fwp%2Fv2%2Fmedia&parent=811"}],"curies":[{"name":"wp","href":"https:\/\/api.w.org\/{rel}","templated":true}]}}