{"id":7210,"date":"2025-04-28T17:15:44","date_gmt":"2025-04-28T15:15:44","guid":{"rendered":"https:\/\/gdsreseau3m.com\/?page_id=7210"},"modified":"2025-04-29T08:49:39","modified_gmt":"2025-04-29T06:49:39","slug":"demosan","status":"publish","type":"page","link":"https:\/\/gdsreseau3m.com\/?page_id=7210","title":{"rendered":"DEMOSAN"},"content":{"rendered":"<div class=\"mpl-content-wrap\"><h2>D\u00e9monstrateur Sanitaire <span style=\"color: #003300;\">DEMOSAN<\/span><\/h2>\n<p><a href=\"http:\/\/gdsreseau3m.com\/wp-content\/uploads\/2025\/04\/demosan-leleveur-au-coeur.png\"><img loading=\"lazy\" class=\"wp-image-7211 aligncenter\" src=\"http:\/\/gdsreseau3m.com\/wp-content\/uploads\/2025\/04\/demosan-leleveur-au-coeur-993x1024.png\" alt=\"\" width=\"289\" height=\"298\" srcset=\"https:\/\/gdsreseau3m.com\/wp-content\/uploads\/2025\/04\/demosan-leleveur-au-coeur-993x1024.png 993w, https:\/\/gdsreseau3m.com\/wp-content\/uploads\/2025\/04\/demosan-leleveur-au-coeur-291x300.png 291w, https:\/\/gdsreseau3m.com\/wp-content\/uploads\/2025\/04\/demosan-leleveur-au-coeur-768x792.png 768w, https:\/\/gdsreseau3m.com\/wp-content\/uploads\/2025\/04\/demosan-leleveur-au-coeur.png 1264w\" sizes=\"(max-width: 289px) 100vw, 289px\" \/><\/a><\/p>\n<h3 style=\"text-align: center;\"><span style=\"color: #008000;\">Un outil int\u00e9gr\u00e9, multi partenarial, pour une vision simple, claire et moderne de la sant\u00e9 en \u00e9levage<\/span><\/h3>\n<p>&nbsp;<\/p>\n<p><span data-olk-copy-source=\"MessageBody\">Port\u00e9s par la volont\u00e9 de fournir des outils informatiques efficaces et fiables pour la simplification du quotidien sanitaire, les GDS de Meurthe-et-Moselle et de Meuse r\u00e9pondent \u00e0 un appel d\u2019offre du FEADER en 2023.<\/span><\/p>\n<p class=\"x_MsoNormal\">En partenariat avec la soci\u00e9t\u00e9 informatique Optavis, ils construisent le projet DEMOSAN \/ D\u00e9monstrateur Sanitaire, ayant pour but de faire le lien entre les outils \u00e9leveurs et les autres acteurs du sanitaire, avec un outil innovant et int\u00e9gr\u00e9 avec des droits diff\u00e9rents selon les acteurs.<\/p>\n<h3>Les enjeux :<\/h3>\n<ul type=\"disc\">\n<li class=\"x_MsoListParagraph\">Efficience des interventions v\u00e9t\u00e9rinaires,<\/li>\n<li class=\"x_MsoListParagraph\">Fluidification de la communication,<\/li>\n<li class=\"x_MsoListParagraph\">Coh\u00e9rence des actions,<\/li>\n<li class=\"x_MsoListParagraph\">Simplicit\u00e9 pour l\u2019\u00e9leveur et le v\u00e9t\u00e9rinaire<\/li>\n<\/ul>\n<h3>Ses objectifs :<\/h3>\n<ul>\n<li class=\"x_MsoNormal\"><span data-olk-copy-source=\"MessageBody\">Rendre accessibles \u00e0 tous les acteurs (\u00e9leveur\/GDS\/ v\u00e9t\u00e9rinaire) l\u2019ensemble des \u00e9v\u00e9nements sanitaires de l\u2019exploitation<\/span><\/li>\n<li class=\"x_MsoNormal\">Mettre \u00e0 disposition un outil d\u2019\u00e9valuation et d\u2019am\u00e9lioration de la sant\u00e9 globale en \u00e9levage, accessible par tous, pour un suivi sanitaire multi partenarial<\/li>\n<li class=\"x_MsoNormal\">R\u00e9aliser un suivi multi-maladies pour la gestion des mouvements et des plans sanitaires<\/li>\n<li class=\"x_MsoNormal\">Simplifier la saisie des suivis v\u00e9t\u00e9rinaires, compte-rendus, interventions, \u2026<\/li>\n<li class=\"x_MsoNormal\">Optimiser les tourn\u00e9es v\u00e9t\u00e9rinaires et la planification des rendez-vous<\/li>\n<li class=\"x_MsoNormal\">Optimiser les commandes d\u2019analyses aux mouvements<\/li>\n<li class=\"x_MsoNormal\">Enrichir les donn\u00e9es sanitaires brutes par de l\u2019analyse et des automatisations de traitements<\/li>\n<\/ul>\n<p>Cet outil sera prochainement disponible.<\/p>\n<h3>Financements :<\/h3>\n<p><strong>Le d\u00e9monstrateur Sanitaire est<\/strong> <strong>cofinanc\u00e9 par l\u2019Union Europ\u00e9enne avec le Fonds Europ\u00e9en Agricole pour le D\u00e9veloppement Rural FEADER<\/strong><\/p>\n<p><strong>Investissement global du projet : 689 916.32\u20ac\u00a0<\/strong><\/p>\n<p><span data-olk-copy-source=\"MessageBody\">dont 408 102.04\u20ac issus de financements \u00a0FEADER et de la r\u00e9gion Grand Est<\/span><\/p>\n<p><span data-olk-copy-source=\"MessageBody\"><a href=\"http:\/\/gdsreseau3m.com\/wp-content\/uploads\/2025\/04\/2025-04-29-08_39_25-Greenshot.png\"><img loading=\"lazy\" class=\"alignnone wp-image-7220\" src=\"http:\/\/gdsreseau3m.com\/wp-content\/uploads\/2025\/04\/2025-04-29-08_39_25-Greenshot.png\" alt=\"\" width=\"306\" height=\"198\" srcset=\"https:\/\/gdsreseau3m.com\/wp-content\/uploads\/2025\/04\/2025-04-29-08_39_25-Greenshot.png 513w, https:\/\/gdsreseau3m.com\/wp-content\/uploads\/2025\/04\/2025-04-29-08_39_25-Greenshot-300x194.png 300w\" sizes=\"(max-width: 306px) 100vw, 306px\" \/> <\/a><a href=\"http:\/\/gdsreseau3m.com\/wp-content\/uploads\/2025\/04\/LOGO_Horizontal_CMJN-scaled.jpg\"><img loading=\"lazy\" class=\"alignnone wp-image-7213\" src=\"http:\/\/gdsreseau3m.com\/wp-content\/uploads\/2025\/04\/LOGO_Horizontal_CMJN-1024x343.jpg\" alt=\"\" width=\"275\" height=\"92\" srcset=\"https:\/\/gdsreseau3m.com\/wp-content\/uploads\/2025\/04\/LOGO_Horizontal_CMJN-1024x343.jpg 1024w, https:\/\/gdsreseau3m.com\/wp-content\/uploads\/2025\/04\/LOGO_Horizontal_CMJN-300x100.jpg 300w, https:\/\/gdsreseau3m.com\/wp-content\/uploads\/2025\/04\/LOGO_Horizontal_CMJN-768x257.jpg 768w, https:\/\/gdsreseau3m.com\/wp-content\/uploads\/2025\/04\/LOGO_Horizontal_CMJN-1536x514.jpg 1536w, https:\/\/gdsreseau3m.com\/wp-content\/uploads\/2025\/04\/LOGO_Horizontal_CMJN-2048x686.jpg 2048w\" sizes=\"(max-width: 275px) 100vw, 275px\" \/><\/a><\/span><\/p>\n<p>Consultez la page de la commission europ\u00e9enne consacr\u00e9e au FEADER ici : <a href=\"https:\/\/agriculture.ec.europa.eu\/common-agricultural-policy\/rural-development_fr\" target=\"_blank\" rel=\"noopener\">https:\/\/agriculture.ec.europa.eu\/common-agricultural-policy\/rural-development_fr<\/a><\/p>\n<p>&nbsp;<\/p>\n<p><img loading=\"lazy\" class=\"alignnone wp-image-4532\" src=\"http:\/\/gdsreseau3m.com\/wp-content\/uploads\/2019\/10\/GDS55-e1609949873458.png\" alt=\"\" width=\"198\" height=\"66\" \/> \u00a0 <img loading=\"lazy\" class=\"alignnone wp-image-5381\" src=\"http:\/\/gdsreseau3m.com\/wp-content\/uploads\/2020\/10\/LOGO-GDS54-1024x251.jpg\" alt=\"\" width=\"269\" height=\"66\" \/>\u00a0 <img loading=\"lazy\" class=\"alignnone wp-image-7212\" src=\"http:\/\/gdsreseau3m.com\/wp-content\/uploads\/2025\/04\/2025-04-28-16_41_14-Greenshot.png\" alt=\"\" width=\"90\" height=\"95\" \/><\/p>\n<h5>Mise \u00e0 jour : 29 avril 2025<\/h5>\n<\/div>","protected":false},"excerpt":{"rendered":"<p>D\u00e9monstrateur Sanitaire DEMOSAN Un outil int\u00e9gr\u00e9, multi partenarial, pour une vision simple, claire et moderne de la sant\u00e9 en \u00e9levage &nbsp; Port\u00e9s par la volont\u00e9 de fournir des outils informatiques efficaces et fiables pour la simplification du quotidien sanitaire, les GDS de Meurthe-et-Moselle et de Meuse r\u00e9pondent \u00e0 un appel d\u2019offre du FEADER en 2023. [&hellip;]<\/p>\n","protected":false},"author":1,"featured_media":0,"parent":0,"menu_order":0,"comment_status":"closed","ping_status":"closed","template":"","meta":[],"_links":{"self":[{"href":"https:\/\/gdsreseau3m.com\/index.php?rest_route=\/wp\/v2\/pages\/7210"}],"collection":[{"href":"https:\/\/gdsreseau3m.com\/index.php?rest_route=\/wp\/v2\/pages"}],"about":[{"href":"https:\/\/gdsreseau3m.com\/index.php?rest_route=\/wp\/v2\/types\/page"}],"author":[{"embeddable":true,"href":"https:\/\/gdsreseau3m.com\/index.php?rest_route=\/wp\/v2\/users\/1"}],"replies":[{"embeddable":true,"href":"https:\/\/gdsreseau3m.com\/index.php?rest_route=%2Fwp%2Fv2%2Fcomments&post=7210"}],"version-history":[{"count":9,"href":"https:\/\/gdsreseau3m.com\/index.php?rest_route=\/wp\/v2\/pages\/7210\/revisions"}],"predecessor-version":[{"id":7226,"href":"https:\/\/gdsreseau3m.com\/index.php?rest_route=\/wp\/v2\/pages\/7210\/revisions\/7226"}],"wp:attachment":[{"href":"https:\/\/gdsreseau3m.com\/index.php?rest_route=%2Fwp%2Fv2%2Fmedia&parent=7210"}],"curies":[{"name":"wp","href":"https:\/\/api.w.org\/{rel}","templated":true}]}}