{"id":6932,"date":"2024-08-23T15:24:41","date_gmt":"2024-08-23T13:24:41","guid":{"rendered":"https:\/\/gdsreseau3m.com\/?page_id=6932"},"modified":"2025-08-21T08:54:41","modified_gmt":"2025-08-21T06:54:41","slug":"fco-3","status":"publish","type":"page","link":"https:\/\/gdsreseau3m.com\/?page_id=6932","title":{"rendered":"FCO-3"},"content":{"rendered":"<div class=\"mpl-content-wrap\"><h3><span style=\"color: #008000;\">Contexte \u00e9pid\u00e9miologique<\/span><\/h3>\n<p class=\"xmsonormal\"><span style=\"font-size: 11.0pt;\">En septembre 2023, un nouveau s\u00e9rotype de la Fi\u00e8vre Catarrhale Ovine (FCO), <strong>le s\u00e9rotype 3<\/strong> a \u00e9t\u00e9 d\u00e9tect\u00e9 dans des exploitations bovines et ovines aux Pays-Bas <\/span><a href=\"https:\/\/www.gdsfrance.org\/wp-content\/uploads\/2024-07-31-FCO3-Pays-Bas-Synthese.pdf\">(premi\u00e8re analyse d\u2019impact de l\u2019\u00e9pizootie de FCO 3 aux Pays Bas<\/a> &#8211; 2024 07 30).<\/p>\n<p class=\"xmsonormal\"><span style=\"font-size: 11.0pt;\">Depuis lors, ce virus s\u2019est propag\u00e9 vers l\u2019Allemagne, l\u2019Angleterre, la Belgique, <b>depuis le 7 ao\u00fbt 2024 en France. Le Grand-Est d\u00e9clare ses premiers foyers en ao\u00fbt 2024<\/b>. (<a href=\"https:\/\/www.plateforme-esa.fr\/sites\/default\/files\/2025-01\/2024-12-20-fco-resultats-enquete-impact-clinique-fco-v2.pdf\">Description des premiers impacts sanitaires de la fi\u00e8vre catarrhale ovine-s\u00e9rotype 3 (FCO-3) et FCO-8 dans les troupeaux bovins et ovins fran\u00e7ais pour la saison virale 2024<\/a> &#8211; 2024 12 20)<\/span><\/p>\n<p>Depuis juin 2025, la France enregistre de nouveaux foyers de FCO 3, FCO 8 et MHE.<\/p>\n<h4><span style=\"color: #3366ff;\">Localisation des foyers fran\u00e7ais :<\/span><\/h4>\n<ul>\n<li>\n<blockquote><p>Suivi sanitaire hebdomadaire pour la FCO 3 et la FCO 8 en ligne <a href=\"https:\/\/agriculture.gouv.fr\/la-situation-de-la-fievre-catarrhale-ovine-fco-en-france\"><strong>le site du Minist\u00e8re de l\u2019Agriculture.<\/strong><\/a><\/p><\/blockquote>\n<\/li>\n<\/ul>\n<p>La MHE gagne \u00e9galement du terrain sur notre territoire. Consultez ici les cartes et la liste des communes s&rsquo;y rapportant telles qu&rsquo;elles seront publi\u00e9es sur le site du minist\u00e8re :\u00a0\u00a0 <a href=\"https:\/\/agriculture.gouv.fr\/mhe-la-maladie-hemorragique-epizootique\">https:\/\/agriculture.gouv.fr\/mhe-la-maladie-hemorragique-epizootique<\/a><\/p>\n<p style=\"text-align: center;\"><span style=\"color: #ff0000;\"><strong>Pour prot\u00e9ger votre troupeau contre la FCO 3, la FCO 8 et la MHE, vaccinez votre cheptel avant la mise \u00e0 l\u2019herbe et le retour de l\u2019activit\u00e9 des culico\u00efdes. R\u00e9servez rapidement les doses aupr\u00e8s de votre v\u00e9t\u00e9rinaire<\/strong><\/span><\/p>\n<h3><span style=\"color: #008000;\">Reconnaitre la maladie<\/span><\/h3>\n<p>La FCO est une maladie virale affectant les ruminants domestiques (bovins, ovins voire caprins). Elle est transmise par des<strong> moucherons piqueurs<\/strong> (Culico\u00efdes). Les signes cliniques des diff\u00e9rents s\u00e9rotypes de FCO sont similaires. La maladie est strictement animale, non transmissible \u00e0 l\u2019Homme et n\u2019affecte pas les denr\u00e9es alimentaires.<\/p>\n<p>Le s\u00e9rotype 8 a d\u00e9j\u00e0 fortement impact\u00e9 les \u00e9levages en 2006, aujourd\u2019hui le s\u00e9rotype 3 est tout aussi virulent, il rend malade de tr\u00e8s nombreux animaux. Une surmortalit\u00e9 et des baisses de production ont \u00e9t\u00e9 observ\u00e9es dans les \u00e9levages n\u00e9erlandais et fran\u00e7ais. <b>La vaccination est la meilleure pr\u00e9vention, elle prot\u00e8ge le cheptel.<\/b><\/p>\n<h4><span style=\"color: #3366ff;\">Chez les ovins :<\/span><\/h4>\n<p>Les ovins sont les plus touch\u00e9s et la mortalit\u00e9 est fr\u00e9quente avec la FCO-3 sur les animaux porteurs de la maladie. L\u2019incubation de la maladie dure entre 6 \u00e0 8 jours.<\/p>\n<p>Signes cliniques sont les suivants (au moins 2 signes cliniques associ\u00e9s) :<\/p>\n<ul>\n<li>Fi\u00e8vre<\/li>\n<li>Sympt\u00f4mes locomoteurs : d\u00e9marche raide, atteinte plus<br \/>\nfr\u00e9quente des post\u00e9rieurs et souvent des 4 membres, possibles<br \/>\nl\u00e9sions h\u00e9morragiques et ulc\u00e8res<\/li>\n<li>Sympt\u00f4mes respiratoires : tachypn\u00e9e, dyspn\u00e9e<\/li>\n<li>Rhinite mod\u00e9r\u00e9e, jetage nasal<\/li>\n<li>Conjonctivite<\/li>\n<li>Stomatite avec cro\u00fbtes en r\u00e9gion naso-buccale, ulc\u00e8res dans<br \/>\nla bouche et les naseaux,<\/li>\n<li>Hyper salivation (animal qui bave)<\/li>\n<li>T\u00eate gonfl\u00e9e, \u0153d\u00e8me de l\u2019auge<\/li>\n<\/ul>\n<p><a href=\"http:\/\/gdsreseau3m.com\/wp-content\/uploads\/2024\/08\/2024-08-23-14_56_32-Greenshot.png\"><img loading=\"lazy\" class=\"alignnone wp-image-6939\" src=\"http:\/\/gdsreseau3m.com\/wp-content\/uploads\/2024\/08\/2024-08-23-14_56_32-Greenshot-1024x340.png\" alt=\"\" width=\"535\" height=\"178\" srcset=\"https:\/\/gdsreseau3m.com\/wp-content\/uploads\/2024\/08\/2024-08-23-14_56_32-Greenshot-1024x340.png 1024w, https:\/\/gdsreseau3m.com\/wp-content\/uploads\/2024\/08\/2024-08-23-14_56_32-Greenshot-300x100.png 300w, https:\/\/gdsreseau3m.com\/wp-content\/uploads\/2024\/08\/2024-08-23-14_56_32-Greenshot-768x255.png 768w, https:\/\/gdsreseau3m.com\/wp-content\/uploads\/2024\/08\/2024-08-23-14_56_32-Greenshot.png 1095w\" sizes=\"(max-width: 535px) 100vw, 535px\" \/><\/a><\/p>\n<p><strong>Sur la reproduction<\/strong> : baisse de la fertilit\u00e9 et de la prolificit\u00e9 des brebis, avortements. Pour les b\u00e9liers, baisse de qualit\u00e9 de la semence jusqu\u2019\u00e0 la st\u00e9rilit\u00e9.<\/p>\n<p>La libido r\u00e9apparait avant la fertilit\u00e9 avec retour \u00e0 la normale entre 2 et 5 mois. Dans \u00bc des cas, st\u00e9rilit\u00e9 d\u00e9finitive. Dans ce contexte, il est recommand\u00e9 de v\u00e9rifier, \u00e0 la saison suivante, l\u2019aptitude des m\u00e2les \u00e0 la reproduction, par examen de l\u2019appareil g\u00e9nital externe et v\u00e9rification de la qualit\u00e9 de la semence (NB : la qualit\u00e9 de semence ne refl\u00e8te pas le pouvoir f\u00e9condant).<\/p>\n<p><strong>Sur les agneaux<\/strong> : agnelage difficile, mortinatalit\u00e9 (pneumonies, sympt\u00f4mes digestifs\u00a0 avec notamment diarrh\u00e9e, arthrite, boiterie, syndromes nerveux, omphalo-phl\u00e9bite).<\/p>\n<h4><span style=\"color: #3366ff;\">Chez les bovins<\/span><\/h4>\n<p>La proportion d\u2019animaux atteints est plus faible qu\u2019en ovin. De la mortalit\u00e9 est constat\u00e9e sur les bovins de plus de 24 mois avec la FCO-3. L\u2019incubation de la maladie dure entre 6 \u00e0 8 jours.<\/p>\n<h5>Signes cliniques\u00a0 (au moins 2 signes cliniques associ\u00e9s) :<\/h5>\n<ul>\n<li>Fi\u00e8vre<\/li>\n<li>Hyper salivation (animal qui bave)<\/li>\n<li>Boiterie, \u0153d\u00e8me des pattes<\/li>\n<li>Congestion et ulc\u00e8res dans la bouche, aphtes<\/li>\n<li>Abattement, amaigrissement<\/li>\n<li>Conjonctivites<\/li>\n<li>Irritation du mufle, ulc\u00e8res des naseaux<\/li>\n<li>Trayons enfl\u00e9s et rouges +\/- \u0153d\u00e8me de la mamelle<\/li>\n<li>Baisse de la production laiti\u00e8re de 3 \u00e0 5 %.<\/li>\n<\/ul>\n<p><a href=\"http:\/\/gdsreseau3m.com\/wp-content\/uploads\/2024\/08\/2024-08-23-14_56_59-Greenshot.png\"><img loading=\"lazy\" class=\"alignnone wp-image-6940\" src=\"http:\/\/gdsreseau3m.com\/wp-content\/uploads\/2024\/08\/2024-08-23-14_56_59-Greenshot-1024x419.png\" alt=\"\" width=\"381\" height=\"156\" srcset=\"https:\/\/gdsreseau3m.com\/wp-content\/uploads\/2024\/08\/2024-08-23-14_56_59-Greenshot-1024x419.png 1024w, https:\/\/gdsreseau3m.com\/wp-content\/uploads\/2024\/08\/2024-08-23-14_56_59-Greenshot-300x123.png 300w, https:\/\/gdsreseau3m.com\/wp-content\/uploads\/2024\/08\/2024-08-23-14_56_59-Greenshot-768x314.png 768w, https:\/\/gdsreseau3m.com\/wp-content\/uploads\/2024\/08\/2024-08-23-14_56_59-Greenshot.png 1073w\" sizes=\"(max-width: 381px) 100vw, 381px\" \/><\/a><\/p>\n<p><strong>Sur la reproduction<\/strong> : Certaines souches de FCO sont capables de passage transplacentaire et de malformations importantes chez les bovins. Elle peut causer des avortements, des anomalies c\u00e9r\u00e9brales sur les veaux n\u00e9s \u00e0 terme qui peuvent se manifester par une c\u00e9cit\u00e9 ou un veau \u00ab idiot \u00bb. Les m\u00e2les peuvent excr\u00e9ter du virus dans le sperme. Le taureau peut devenir infertile.<\/p>\n<h4><span style=\"color: #3366ff;\">Chez les caprins<\/span><\/h4>\n<p>Peu d\u2019impact observ\u00e9. Signes cliniques moins francs. Il semble qu\u2019il puisse y avoir<br \/>\nde la fi\u00e8vre, une baisse de production de lait, des petites h\u00e9morragies sous-cutan\u00e9es et de l\u2019\u00e9ryth\u00e8me (rougeur).<\/p>\n<h4><span style=\"color: #3366ff;\">Pour en savoir plus :<\/span><\/h4>\n<ul>\n<li><a href=\"https:\/\/www.gdsfrance.org\/wp-content\/uploads\/Signes-cliniques-FCO_Anses_2023.pdf\">L&rsquo;identification des signes cliniques FCO en photos<\/a> (ci dessous)<\/li>\n<\/ul>\n<h4><span style=\"color: #800080;\">Pour limiter l\u2019impact clinique, il est fondamental de :<\/span><\/h4>\n<ul>\n<li>\n<blockquote><p><span style=\"color: #3b0d3b;\">Surveiller les animaux matin et soir : \u00e9tat g\u00e9n\u00e9ral, comportement, alimentation\/hydratation, production, &#8230;.<\/span><\/p><\/blockquote>\n<\/li>\n<li>\n<blockquote><p><span style=\"color: #3b0d3b;\">Contacter son v\u00e9t\u00e9rinaire d\u00e8s les premiers signes de maladie et soigner les signes cliniques d\u00e8s leur apparition<\/span><\/p><\/blockquote>\n<\/li>\n<li>\n<blockquote><p><span style=\"color: #3b0d3b;\">Limiter et s\u00e9curiser les mouvements depuis une zone atteinte pour \u00e9viter l\u2019acc\u00e9l\u00e9ration de la propagation de la maladie et d\u00e9sinsectiser les v\u00e9hicules de transports.<\/span><\/p><\/blockquote>\n<\/li>\n<li>\n<blockquote><p><span style=\"color: #3b0d3b;\">La vaccination est fortement recommand\u00e9e afin de limiter les impacts sanitaires d\u2019une potentielle infection.<\/span><\/p><\/blockquote>\n<\/li>\n<\/ul>\n<h3><span style=\"color: #008000;\">Que faire en cas de suspicion ?<\/span><\/h3>\n<p><strong>Contactez votre v\u00e9t\u00e9rinaire d\u00e8s les 1ers signes de maladie, pour \u00e9tablir un diagnostic et mettre en place les mesures sanitaires.<\/strong><\/p>\n<ul>\n<li>D\u00e9finition d&rsquo;un foyer : est d\u00e9clar\u00e9 comme foyer un \u00e9tablissement ayant un animal qui a pr\u00e9sent\u00e9 des signes cliniques (hors avortement ou veau mal-form\u00e9) associ\u00e9s \u00e0 une PCR positive au regard de la FCO.<\/li>\n<\/ul>\n<p>Dans le cadre d&rsquo;une suspicion, la visite de suspicion du v\u00e9t\u00e9rinaire et les analyses PCR (dans la limite de 3 animaux de la m\u00eame esp\u00e8ce) sont \u00e0 la charge de l\u2019Etat.<\/p>\n<h3><span style=\"color: #008000;\">Mesures de protection<\/span><\/h3>\n<h4><span style=\"color: #3366ff;\">Vaccination FCO<\/span><\/h4>\n<p><span style=\"color: #ff0000;\"><strong>La vaccination FCO est fortement recommand\u00e9e afin de limiter les impacts d\u2019une potentielle contamination<\/strong><\/span>. Suivants les vaccins, elle r\u00e9duit ou emp\u00eache la vir\u00e9mie, l\u2019apparition de sympt\u00f4mes et la mortalit\u00e9.<\/p>\n<p>Nous vous invitons \u00e0 consulter cette fiche technique ci-dessous reprenant les int\u00e9r\u00eats de la vaccination FCO et les modalit\u00e9s pratiques.<\/p>\n<ul>\n<li><a href=\"https:\/\/www.gdsfrance.org\/wp-content\/uploads\/2024-08-27-fiche-pratique-vaccination-v1.pdf\">Fiche pratique vaccination<\/a> 23\/01\/25<\/li>\n<li><a href=\"https:\/\/www.gdsfrance.org\/wp-content\/uploads\/2025-07-24-FCO-Tableau-vaccins-v5.pdf\">Synth\u00e8se des vaccins disponibles contre la FCO (s\u00e9rotypes 3 &#8211; 4 -8) <\/a>22\/07\/25<\/li>\n<li><a href=\"https:\/\/www.gdsfrance.org\/wp-content\/uploads\/Disponibilite-vaccin-FCO-MHE.pdf\">Disponibilit\u00e9 des vaccins<\/a> 01\/08\/25<\/li>\n<\/ul>\n<p><a href=\"https:\/\/www.gdsfrance.org\/wp-content\/uploads\/2024-08-27-fiche-pratique-vaccination-v1.pdf\"><img loading=\"lazy\" class=\"alignnone  wp-image-7344\" src=\"http:\/\/gdsreseau3m.com\/wp-content\/uploads\/2025\/08\/COMMFCO.jpg\" alt=\"\" width=\"239\" height=\"354\" srcset=\"https:\/\/gdsreseau3m.com\/wp-content\/uploads\/2025\/08\/COMMFCO.jpg 509w, https:\/\/gdsreseau3m.com\/wp-content\/uploads\/2025\/08\/COMMFCO-202x300.jpg 202w\" sizes=\"(max-width: 239px) 100vw, 239px\" \/><\/a><\/p>\n<p><span style=\"color: #339966;\">Ouverture de la vente de vaccin MHE et FCO-3 aux PSE :<\/span> la commande de vaccins MHE et FCO-3 est d\u00e9sormais possible aupr\u00e8s des organismes d\u00e9tenant des PSE, comme des coop\u00e9ratives ou groupement d\u2019\u00e9leveurs, \u2026<\/p>\n<p><span style=\"color: #339966;\">Campagne de vaccination gratuite FCO-8 pour les \u00e9leveurs d\u2019ovins : <span style=\"color: #000000;\">d<\/span><\/span><span style=\"color: #000000;\">ep<\/span>uis le mois de juillet 2025, les \u00e9leveurs ovins peuvent avoir acc\u00e8s a des vaccins FCO-8 gratuits du stock de l\u2019Etat (Bluevac<sup>\u00a9<\/sup>). En r\u00e9duisant la circulation virale sur le troupeau ovin, cette vaccination b\u00e9n\u00e9ficiera \u00e9galement indirectement \u00e0 l\u2019ensemble des cheptels de ruminants.<span style=\"color: #ff0000;\">\u00a0<b>Vous pouvez contacter d\u00e8s maintenant votre v\u00e9t\u00e9rinaire sanitaire afin qu\u2019il commande ces vaccins gratuits<\/b><b>.<\/b><\/span><\/p>\n<h4><span style=\"color: #3366ff;\">Gestion des vecteurs<br \/>\n<\/span><\/h4>\n<p><strong>\u2192 D\u00e9sinsectisation<br \/>\n<\/strong><\/p>\n<p>Les antiparasitaires externes \u00e0 base de pyr\u00e9thrino\u00efdes ou d\u2019organochlor\u00e9s peuvent \u00eatre utilis\u00e9s hors AMM apr\u00e8s prescription v\u00e9t\u00e9rinaire.<\/p>\n<ul>\n<li>T\u00e9l\u00e9charger la <a href=\"https:\/\/www.gdsfrance.org\/wp-content\/uploads\/2023-09-26-FCO_Produits_de_desinsectisation-V3.pdf\">liste des produits de d\u00e9sinsectisation des animaux\u00a0<\/a><\/li>\n<\/ul>\n<p>La d\u00e9sinsectisation r\u00e9duit les risques de piq\u00fbres par les moucherons (sous conditions d\u2019une application r\u00e9guli\u00e8re et d\u2019une concentration suffisante pour atteindre les parties fines du corps, l\u00e0 o\u00f9 les vecteurs piquent de fa\u00e7on pr\u00e9f\u00e9rentielle). Elle ne permet pas d\u2019obtenir une protection individuelle totale.<br \/>\n<span style=\"color: #993300;\"><strong>La d\u00e9sinsectisation reste un outil compl\u00e9mentaire<\/strong><\/span> mais ne permet pas une protection collective et ne remplace pas la vaccination (Avis AFSSA, 2009). Elle n\u2019est pas un instrument de lutte contre la maladie \u00e0 part enti\u00e8re.<\/p>\n<p>\u2192 <strong>Gestion des zones humides<\/strong>, effluents, liti\u00e8res ou zone de stockage des mati\u00e8res\u00a0 organiques \u00e0 proximit\u00e9 des animaux\u00a0 pour limiter les habitats favorables \u00e0 la ponte et au d\u00e9veloppement des Culicoides.<\/p>\n<p>\u2192 <strong>Confinement<\/strong>, autant que possible, pour les animaux malades ou vir\u00e9miques.<\/p>\n<p>\u2192 <strong>Rentrer le troupeau<\/strong> dans des b\u00e2timents pendant la p\u00e9riode d&rsquo;activit\u00e9 vectorielle.\u00a0 L\u2019activit\u00e9 des culico\u00efdes est plus forte du coucher au lever du soleil.<\/p>\n<ul>\n<li><strong>Consultez la <a href=\"https:\/\/www.gdsfrance.org\/wp-content\/uploads\/2023-10-27-Gestion-vecteurs-v1.pdf\">note compl\u00e8te sur la gestion des vecteurs<\/a><\/strong><\/li>\n<\/ul>\n<h4><span style=\"color: #3366ff;\">Surveillance et conduite du troupeau <\/span><\/h4>\n<p>La surveillance accrue du troupeau matin et soir est essentielle pour d\u00e9tecter les premiers sympt\u00f4mes rapidement et soigner au plus vite les animaux atteints.<\/p>\n<p>Le meilleur moyen de pr\u00e9vention reste une bonne conduite d&rsquo;\u00e9levage pour pr\u00e9parer le troupeau \u00e0 affronter l&rsquo;infection, par exemple : une bonne alimentation avec \u00e9ventuellement une compl\u00e9mentation en oligo-\u00e9l\u00e9ments, c\u2019est-\u00e0-dire les conditions permettant d\u2019optimiser l\u2019immunit\u00e9 du troupeau.<\/p>\n<p>Le d\u00e9parasitage interne des animaux et la bonne sant\u00e9 du foie jouent \u00e9galement un r\u00f4le important pour les capacit\u00e9s immunitaires des animaux.<\/p>\n<ul>\n<li>\n<blockquote><p>Pour aller plus loin, le GDS 54 avait organis\u00e9 le 8 avril dernier une r\u00e9union qui avait \u00e9t\u00e9 film\u00e9e, nous vous invitons \u00e0 consulter la vid\u00e9o ici : <a href=\"https:\/\/www.youtube.com\/watch?v=DGENtFNzQOw\"><strong>Maladies \u00e9mergentes, MHE, FCO 3 et 8, quels leviers ? (youtube.com)<\/strong><\/a><\/p><\/blockquote>\n<\/li>\n<\/ul>\n<h4><span style=\"color: #3366ff;\">Exportations d&rsquo;animaux :<\/span><\/h4>\n<p>Pour les \u00e9changes intra-europ\u00e9ens, les mouvements depuis la zone r\u00e9gul\u00e9e pourront se poursuivre vers les \u00c9tats membres acceptant la d\u00e9sinsectisation et le test de d\u00e9pistage PCR n\u00e9gatif.<\/p>\n<p>Pour les autres \u00c9tats membres n\u2019acceptant que des animaux vaccin\u00e9s, les mouvements seront suspendus depuis la zone r\u00e9gul\u00e9e.<\/p>\n<p><span style=\"color: #993300;\">Contactez votre DDPP locale pour vos demandes d&rsquo;export.<\/span><\/p>\n<p>Informations compl\u00e9mentaires<\/p>\n<ul>\n<li>Replay du <strong>webinaire GDS et GTV Grand Est du 23\/08\/2024 sur la FCO 3<\/strong> consultable ici : <a href=\"https:\/\/drive.google.com\/file\/d\/1olwoD92DgTLzBeZUX7SOmDZ3q-QVckZA\/view?usp=sharing\">https:\/\/drive.google.com\/file\/d\/1olwoD92DgTLzBeZUX7SOmDZ3q-QVckZA\/view?usp=sharing<\/a><\/li>\n<li><strong>Consultez l<a href=\"http:\/\/gdsreseau3m.com\/wp-content\/uploads\/2024\/08\/2024-479_final.pdf\">&lsquo;instruction technique du 20\/08\/2024.<\/a><\/strong><\/li>\n<li><a href=\"https:\/\/www.legifrance.gouv.fr\/jorf\/id\/JORFTEXT000050085859?init=true&amp;page=1&amp;query=catarrhale&amp;searchField=ALL&amp;tab_selection=all\"><strong>Arr\u00eat\u00e9 du 9 ao\u00fbt 2024 fixant les mesures financi\u00e8res relatives \u00e0 la fi\u00e8vre catarrhale ovine<\/strong><\/a><\/li>\n<li><strong><a href=\"https:\/\/www.legifrance.gouv.fr\/jorf\/id\/JORFTEXT000050085890?init=true&amp;page=1&amp;query=catarrhale&amp;searchField=ALL&amp;tab_selection=all\">Arr\u00eat\u00e9 du 9 ao\u00fbt 2024 modifiant l\u2019arr\u00eat\u00e9 du 4 juillet 2024 fixant les mesures de surveillance, de pr\u00e9vention et de lutte relatives \u00e0 la lutte contre la fi\u00e8vre catarrhale ovine sur le territoire m\u00e9tropolitain\u00a0<\/a><\/strong><\/li>\n<\/ul>\n<p>&nbsp;<\/p>\n<h3><span style=\"color: #008000;\">Programmes d&rsquo;indemnisation FCO 3<\/span><\/h3>\n<h4><span style=\"color: #008080;\">Retrouvez ici la liste des programmes d&rsquo;indemnisation FCO 3 : <\/span><\/h4>\n<ul>\n<li>Aide d\u2019urgence pour les \u00e9leveurs qui subissent les cons\u00e9quences sanitaires et \u00e9conomiques de la FCO (<a href=\"https:\/\/www.franceagrimer.fr\/aides\/fievre-catarrhale-ovine-dispositif-davance\">Dispositif d&rsquo;avance<\/a> et <a href=\"https:\/\/www.franceagrimer.fr\/aides\/fco-dispositif-de-solde\">de solde<\/a>) &#8211; FranceAgriMer<\/li>\n<li>Aide d&rsquo;urgence aux exploitations touch\u00e9es par la FCO (<a href=\"https:\/\/beeurope.grandest.fr\/actualites\/la-region-grand-est-mobilise-les-fonds-europeens-pour-aider-les-eleveurs-atteints-par-la-fievre-catarrhale-ovine\/\">M23<\/a>) &#8211; R\u00e9gion Grand Est et fonds europ\u00e9ens<\/li>\n<li>Aide \u00e0 la vaccination contre les maladies vectorielles &#8211; Financement par plusieurs acteurs, dont la <a href=\"https:\/\/www.grandest.fr\/wp-content\/uploads\/2025\/03\/03-31-25-cp-aide-exceptionnelle-fco.pdf\">R\u00e9gion Grand Est<\/a> et le GDS 54 (la liste compl\u00e8te sera pr\u00e9cis\u00e9e apr\u00e8s validation aupr\u00e8s des financeurs).<\/li>\n<\/ul>\n<h6>Date de mise \u00e0 jour : 21\/08\/25<\/h6>\n<\/div>","protected":false},"excerpt":{"rendered":"<p>Contexte \u00e9pid\u00e9miologique En septembre 2023, un nouveau s\u00e9rotype de la Fi\u00e8vre Catarrhale Ovine (FCO), le s\u00e9rotype 3 a \u00e9t\u00e9 d\u00e9tect\u00e9 dans des exploitations bovines et ovines aux Pays-Bas (premi\u00e8re analyse d\u2019impact de l\u2019\u00e9pizootie de FCO 3 aux Pays Bas &#8211; 2024 07 30). Depuis lors, ce virus s\u2019est propag\u00e9 vers l\u2019Allemagne, l\u2019Angleterre, la Belgique, depuis [&hellip;]<\/p>\n","protected":false},"author":1,"featured_media":0,"parent":0,"menu_order":0,"comment_status":"closed","ping_status":"closed","template":"","meta":[],"_links":{"self":[{"href":"https:\/\/gdsreseau3m.com\/index.php?rest_route=\/wp\/v2\/pages\/6932"}],"collection":[{"href":"https:\/\/gdsreseau3m.com\/index.php?rest_route=\/wp\/v2\/pages"}],"about":[{"href":"https:\/\/gdsreseau3m.com\/index.php?rest_route=\/wp\/v2\/types\/page"}],"author":[{"embeddable":true,"href":"https:\/\/gdsreseau3m.com\/index.php?rest_route=\/wp\/v2\/users\/1"}],"replies":[{"embeddable":true,"href":"https:\/\/gdsreseau3m.com\/index.php?rest_route=%2Fwp%2Fv2%2Fcomments&post=6932"}],"version-history":[{"count":26,"href":"https:\/\/gdsreseau3m.com\/index.php?rest_route=\/wp\/v2\/pages\/6932\/revisions"}],"predecessor-version":[{"id":7345,"href":"https:\/\/gdsreseau3m.com\/index.php?rest_route=\/wp\/v2\/pages\/6932\/revisions\/7345"}],"wp:attachment":[{"href":"https:\/\/gdsreseau3m.com\/index.php?rest_route=%2Fwp%2Fv2%2Fmedia&parent=6932"}],"curies":[{"name":"wp","href":"https:\/\/api.w.org\/{rel}","templated":true}]}}