{"id":6676,"date":"2023-10-16T13:34:41","date_gmt":"2023-10-16T11:34:41","guid":{"rendered":"https:\/\/gdsreseau3m.com\/?page_id=6676"},"modified":"2023-10-16T13:38:40","modified_gmt":"2023-10-16T11:38:40","slug":"referent-bien-etre-animal","status":"publish","type":"page","link":"https:\/\/gdsreseau3m.com\/?page_id=6676","title":{"rendered":"R\u00e9f\u00e9rent Bien-\u00catre Animal"},"content":{"rendered":"<div class=\"mpl-content-wrap\"><h2><span style=\"color: #3366ff;\">Devenir r\u00e9f\u00e9rent bien-\u00eatre animal<\/span><\/h2>\n<p><span style=\"color: #800080;\"><strong>En France, depuis le 1er janvier 2022, tout responsable d\u2019un \u00e9levage \u2013 quelle que soit sa fili\u00e8re (BOVIN, OVIN, CAPRIN, PORCIN) \u2013 \u00e0 l\u2019obligation de d\u00e9signer un r\u00e9f\u00e9rent bien-\u00eatre animal.<\/strong><\/span><\/p>\n<p>Le r\u00e9f\u00e9rent peut-\u00eatre le chef d\u2019exploitation ou un salari\u00e9 de l\u2019exploitation. Il est notamment charg\u00e9 de sensibiliser au bien-\u00eatre animal toutes les personnes exer\u00e7ant leur activit\u00e9 en contact avec les animaux au sein de l\u2019\u00e9levage.<\/p>\n<p>Les modalit\u00e9s de d\u00e9signation et les pr\u00e9cisions concernant les r\u00e9f\u00e9rents bien-\u00eatre animal sont d\u00e9finies dans l\u2019<a href=\"https:\/\/www.legifrance.gouv.fr\/loda\/id\/JORFTEXT000044592711\/\" target=\"_blank\" rel=\"noopener\">arr\u00eat\u00e9 du 16 d\u00e9cembre 2021<\/a>. <em>(NOR : AGRG2134169A) <\/em><\/p>\n<h2><span style=\"color: #3366ff;\">D\u00e9signation et affichage du r\u00e9f\u00e9rent BEA<\/span><\/h2>\n<p class=\"text-build-content\" data-testid=\"yFIQicK-_u3\">La d\u00e9signation du r\u00e9f\u00e9rent bien-\u00eatre animal <strong>est obligatoire et doit \u00eatre affich\u00e9e<\/strong> au sein de l\u2019exploitation.<\/p>\n<p class=\"text-build-content\" data-testid=\"yFIQicK-_u3\">Nous vous proposons ci-dessous un mod\u00e8le \u00e9labor\u00e9 par GDS France, l\u2019APCA et la FNSEA.<\/p>\n<p class=\"text-build-content\" data-testid=\"yFIQicK-_u3\">\u2022 <strong><a href=\"http:\/\/gdsreseau3m.com\/wp-content\/uploads\/2022\/05\/d\u00e9signation-du-r\u00e9f\u00e9rent-bien-etre-animal_V3.pdf\"><span style=\"color: #800080;\">Document pour l\u2019affichage du r\u00e9f\u00e9rent BEA<\/span><\/a><\/strong><\/p>\n<p data-testid=\"yFIQicK-_u3\"><a href=\"http:\/\/gdsreseau3m.com\/wp-content\/uploads\/2022\/05\/d\u00e9signation-du-r\u00e9f\u00e9rent-bien-etre-animal_V3.pdf\"><img loading=\"lazy\" class=\"alignnone wp-image-6327\" src=\"http:\/\/gdsreseau3m.com\/wp-content\/uploads\/2022\/05\/Illustration-doc-affichage-BEA.png\" alt=\"\" width=\"381\" height=\"503\" srcset=\"https:\/\/gdsreseau3m.com\/wp-content\/uploads\/2022\/05\/Illustration-doc-affichage-BEA.png 651w, https:\/\/gdsreseau3m.com\/wp-content\/uploads\/2022\/05\/Illustration-doc-affichage-BEA-227x300.png 227w\" sizes=\"(max-width: 381px) 100vw, 381px\" \/><\/a><\/p>\n<h2 id=\"ugb-accordion-2__heading\" class=\"ugb-accordion__title\" aria-controls=\"ugb-accordion-2__content\"><span style=\"color: #3366ff;\">Un parcours de formation obligatoire pour les r\u00e9f\u00e9rents en \u00e9levage de porcs et\/ou de volailles<\/span><\/h2>\n<p>Les r\u00e9f\u00e9rents bien-\u00eatre animal en \u00e9levage de porcs et\/ou de volailles doivent n\u00e9cessairement r\u00e9aliser un parcours de formation compos\u00e9 de deux \u00e9tapes obligatoires :<\/p>\n<div class=\"wp-block-columns\">\n<div class=\"wp-block-column\">\n<ul>\n<li><strong>Un module de formation \u00e0 distance de 2 heures <\/strong>disponible sur la plateforme d\u00e9di\u00e9e \u2192 <a href=\"http:\/\/www.formation-referent-bien-etre-animal.fr\/\">Acc\u00e9dez au module \u00e0 distance<\/a><\/li>\n<li><strong>Une formation labellis\u00e9e bien-\u00eatre animal de 7 heures minimum. <\/strong>Vous pouvez \u00e9galement <a href=\"https:\/\/info.agriculture.gouv.fr\/gedei\/site\/bo-agri\/instruction-2022-362\" target=\"_blank\" rel=\"noreferrer noopener\" data-type=\"URL\" data-id=\"https:\/\/info.agriculture.gouv.fr\/gedei\/site\/bo-agri\/instruction-2022-362\">faire valoir certaines formations reconnues \u00e9quivalentes<\/a> ou <a href=\"https:\/\/www.legifrance.gouv.fr\/loda\/id\/JORFTEXT000044592711\/\" target=\"_blank\" rel=\"noreferrer noopener\" data-type=\"URL\">certains dipl\u00f4mes<\/a>.<\/li>\n<li><a href=\"http:\/\/gdsreseau3m.com\/wp-content\/uploads\/2023\/10\/Parcours-de-formation-referents-bien-etre-animal_page.pdf\">Consultez la plaquette d&rsquo;information sur ce parcours<\/a><\/li>\n<\/ul>\n<p>Ce parcours de formation est le seul qui r\u00e9ponde aux obligations r\u00e9glementaires d\u00e9finies par l\u2019<a href=\"https:\/\/www.legifrance.gouv.fr\/loda\/id\/JORFTEXT000044592711\/\" target=\"_blank\" rel=\"noopener\">arr\u00eat\u00e9 du 16 d\u00e9cembre 2021<\/a> pour les r\u00e9f\u00e9rents bien-\u00eatre animal en \u00e9levage de porcs et\/ou volailles. Il est facultatif pour les r\u00e9f\u00e9rents des autres types d\u2019\u00e9levage.<\/p>\n<blockquote><p>\u2192 Le GDS propose des formations R\u00e9f\u00e9rent BEA pour les \u00e9leveurs de porcs. Contactez-nous !<\/p><\/blockquote>\n<h2 id=\"ugb-accordion-3__heading\" class=\"ugb-accordion__title\" aria-controls=\"ugb-accordion-3__content\"><span style=\"color: #3366ff;\">Suivre une formation labellis\u00e9e bien-\u00eatre animal<\/span><\/h2>\n<p><strong>Ces formations d\u2019une dur\u00e9e de 7 heures minimum<\/strong> <strong>ont pour th\u00e9matique principale le bien-\u00eatre animal et contribuent \u00e0 son maintien ou son d\u00e9veloppement dans les \u00e9levages.<\/strong><\/p>\n<p>Elles peuvent \u00eatre organis\u00e9es par tout organisme de formation sous r\u00e9serve de r\u00e9pondre aux crit\u00e8res du cahier des charges national.<\/p>\n<blockquote><p>\u2192 Le GDS propose des formations labellis\u00e9es BEA, contactez nous !<\/p><\/blockquote>\n<p><strong>Anim\u00e9es par des formateurs sp\u00e9cifiquement habilit\u00e9s, elles abordent quatre grands axes de formation\u00a0:<\/strong><\/p>\n<ul>\n<li>Approche globale du bien-\u00eatre animal ;<\/li>\n<li>Pr\u00e9vention de la souffrance, des blessures et de leurs cons\u00e9quences ;<\/li>\n<li>Pr\u00e9vention et maintien de la sant\u00e9 des animaux ;<\/li>\n<li>Environnement de l\u2019\u00e9levage et lien au bien-\u00eatre.<\/li>\n<\/ul>\n<p><a href=\"http:\/\/gdsreseau3m.com\/wp-content\/uploads\/2023\/10\/logo-BEA-form-labellisees.png\"><img loading=\"lazy\" class=\"alignnone wp-image-6677\" src=\"http:\/\/gdsreseau3m.com\/wp-content\/uploads\/2023\/10\/logo-BEA-form-labellisees.png\" alt=\"\" width=\"219\" height=\"130\" srcset=\"https:\/\/gdsreseau3m.com\/wp-content\/uploads\/2023\/10\/logo-BEA-form-labellisees.png 1024w, https:\/\/gdsreseau3m.com\/wp-content\/uploads\/2023\/10\/logo-BEA-form-labellisees-300x178.png 300w, https:\/\/gdsreseau3m.com\/wp-content\/uploads\/2023\/10\/logo-BEA-form-labellisees-768x455.png 768w\" sizes=\"(max-width: 219px) 100vw, 219px\" \/><\/a><\/p>\n<p><strong>Un certificat de r\u00e9alisation vous sera d\u00e9livr\u00e9 \u00e0 l\u2019issue de chacune des \u00e9tapes du parcours de formation.<\/strong> Ils sont \u00e0 conserver par vos soins et vous seront demand\u00e9s en cas de contr\u00f4le des autorit\u00e9s comp\u00e9tentes.<\/p>\n<\/div>\n<\/div>\n<\/div>","protected":false},"excerpt":{"rendered":"<p>Devenir r\u00e9f\u00e9rent bien-\u00eatre animal En France, depuis le 1er janvier 2022, tout responsable d\u2019un \u00e9levage \u2013 quelle que soit sa fili\u00e8re (BOVIN, OVIN, CAPRIN, PORCIN) \u2013 \u00e0 l\u2019obligation de d\u00e9signer un r\u00e9f\u00e9rent bien-\u00eatre animal. Le r\u00e9f\u00e9rent peut-\u00eatre le chef d\u2019exploitation ou un salari\u00e9 de l\u2019exploitation. Il est notamment charg\u00e9 de sensibiliser au bien-\u00eatre animal toutes [&hellip;]<\/p>\n","protected":false},"author":1,"featured_media":0,"parent":0,"menu_order":0,"comment_status":"closed","ping_status":"closed","template":"","meta":[],"_links":{"self":[{"href":"https:\/\/gdsreseau3m.com\/index.php?rest_route=\/wp\/v2\/pages\/6676"}],"collection":[{"href":"https:\/\/gdsreseau3m.com\/index.php?rest_route=\/wp\/v2\/pages"}],"about":[{"href":"https:\/\/gdsreseau3m.com\/index.php?rest_route=\/wp\/v2\/types\/page"}],"author":[{"embeddable":true,"href":"https:\/\/gdsreseau3m.com\/index.php?rest_route=\/wp\/v2\/users\/1"}],"replies":[{"embeddable":true,"href":"https:\/\/gdsreseau3m.com\/index.php?rest_route=%2Fwp%2Fv2%2Fcomments&post=6676"}],"version-history":[{"count":5,"href":"https:\/\/gdsreseau3m.com\/index.php?rest_route=\/wp\/v2\/pages\/6676\/revisions"}],"predecessor-version":[{"id":6684,"href":"https:\/\/gdsreseau3m.com\/index.php?rest_route=\/wp\/v2\/pages\/6676\/revisions\/6684"}],"wp:attachment":[{"href":"https:\/\/gdsreseau3m.com\/index.php?rest_route=%2Fwp%2Fv2%2Fmedia&parent=6676"}],"curies":[{"name":"wp","href":"https:\/\/api.w.org\/{rel}","templated":true}]}}