{"id":652,"date":"2018-06-18T16:24:04","date_gmt":"2018-06-18T14:24:04","guid":{"rendered":"http:\/\/gdsreseau3m.com\/?page_id=652"},"modified":"2018-07-11T17:53:47","modified_gmt":"2018-07-11T15:53:47","slug":"bovins-ibr-commerce","status":"publish","type":"page","link":"https:\/\/gdsreseau3m.com\/?page_id=652","title":{"rendered":"Bovins &#8211; IBR &#8211; Commerce"},"content":{"rendered":"<div class=\"mpl-content-wrap\"><h6><a href=\"http:\/\/gdsreseau3m.com\/?page_id=304\"><img loading=\"lazy\" class=\"alignnone wp-image-333\" src=\"http:\/\/gdsreseau3m.com\/wp-content\/uploads\/2018\/06\/treffleMenu.png\" alt=\"\" width=\"23\" height=\"22\" \/><\/a><a href=\"http:\/\/gdsreseau3m.com\/?page_id=2325\">La maladie<\/a><a href=\"http:\/\/gdsreseau3m.com\/?page_id=304\"><img loading=\"lazy\" class=\"alignnone wp-image-333\" src=\"http:\/\/gdsreseau3m.com\/wp-content\/uploads\/2018\/06\/treffleMenu.png\" alt=\"\" width=\"23\" height=\"22\" \/><\/a><a href=\"http:\/\/gdsreseau3m.com\/?page_id=519\">Situation locale<\/a><a href=\"http:\/\/gdsreseau3m.com\/?page_id=304\"><img loading=\"lazy\" class=\"alignnone wp-image-333\" src=\"http:\/\/gdsreseau3m.com\/wp-content\/uploads\/2018\/06\/treffleMenu.png\" alt=\"\" width=\"23\" height=\"22\" \/><\/a><a href=\"http:\/\/gdsreseau3m.com\/?page_id=644\">Certification<\/a><a href=\"http:\/\/gdsreseau3m.com\/?page_id=304\"><img loading=\"lazy\" class=\"alignnone wp-image-333\" src=\"http:\/\/gdsreseau3m.com\/wp-content\/uploads\/2018\/06\/treffleMenu.png\" alt=\"\" width=\"23\" height=\"22\" \/><\/a><a href=\"http:\/\/gdsreseau3m.com\/?page_id=646\">Assainissement<\/a><a href=\"http:\/\/gdsreseau3m.com\/?page_id=304\"><img loading=\"lazy\" class=\"alignnone wp-image-333\" src=\"http:\/\/gdsreseau3m.com\/wp-content\/uploads\/2018\/06\/treffleMenu.png\" alt=\"\" width=\"23\" height=\"22\" \/><\/a><a href=\"http:\/\/gdsreseau3m.com\/?page_id=648\">Contr\u00f4le des risques<\/a><a href=\"http:\/\/gdsreseau3m.com\/?page_id=304\"><img loading=\"lazy\" class=\"alignnone wp-image-333\" src=\"http:\/\/gdsreseau3m.com\/wp-content\/uploads\/2018\/06\/treffleMenu.png\" alt=\"\" width=\"23\" height=\"22\" \/><\/a><a href=\"http:\/\/gdsreseau3m.com\/?page_id=650\">L&rsquo;IBR en Grande R\u00e9gion<\/a><a href=\"http:\/\/gdsreseau3m.com\/?page_id=304\"><img loading=\"lazy\" class=\"alignnone wp-image-333\" src=\"http:\/\/gdsreseau3m.com\/wp-content\/uploads\/2018\/06\/treffleMenu.png\" alt=\"\" width=\"23\" height=\"22\" \/><\/a><a href=\"http:\/\/gdsreseau3m.com\/?page_id=652\">Commerce<\/a><\/h6>\n<h1><span style=\"color: #56b74f;\"><img loading=\"lazy\" class=\"alignnone wp-image-749 \" src=\"http:\/\/gdsreseau3m.com\/wp-content\/uploads\/2018\/06\/Bovins1.png\" alt=\"\" width=\"55\" height=\"41\" \/>\u00a0<\/span><span style=\"color: #56b74f;\">Commerce<\/span><\/h1>\n<h3><span style=\"color: #56b74f;\">S\u00e9curiser les transports<\/span><\/h3>\n<div>L&rsquo;<b>introduction <\/b>(achat, pr\u00eat, pension) d&rsquo;un bovin positif ou contamin\u00e9 IBR durant le transport est <b>la principale cause de contamination<\/b> des cheptels.<\/div>\n<div>\n<p>Pour diminuer ce risque de contamination, l&rsquo;Arr\u00eat\u00e9 Minist\u00e9riel du 31\/05\/2016 impose aux op\u00e9rateurs commerciaux une <b>s\u00e9paration stricte des circuits de transports<\/b> ainsi que<b> des destinations sp\u00e9cifiques<\/b> pour les bovins, en fonction de leurs statut sanitaire.<\/p>\n<\/div>\n<div>\n<ul>\n<li>Ainsi, selon l&rsquo;article 11. de cet arr\u00eat\u00e9, tout bovin\u00e9 reconnu infect\u00e9 d&rsquo;IBR ne peut \u00eatre introduit dans une exploitation ou m\u00e9lang\u00e9 \u00e0 des bovins de statut diff\u00e9rent, y compris lors du transport ou \u00e0 destination de tout rassemblement, sans que les bovin\u00e9s entr\u00e9s en contact avec cet animal ne soient consid\u00e9r\u00e9s comme infect\u00e9s.<\/li>\n<li>Selon l&rsquo;article 9., tout bovin d\u00e9tenu dans un troupeau non indemne d&rsquo;IBR doit \u00eatre soumis par son propri\u00e9taire ou son d\u00e9tenteur \u00e0 un d\u00e9pistage s\u00e9rologique de l&rsquo;IBR dans les quinze jours avant son d\u00e9part.<\/li>\n<\/ul>\n<p><img loading=\"lazy\" class=\"alignnone size-full wp-image-873\" src=\"http:\/\/gdsreseau3m.com\/wp-content\/uploads\/2018\/06\/IBR-20170220_illu_IBR_commerce_3.png\" alt=\"\" width=\"657\" height=\"335\" srcset=\"https:\/\/gdsreseau3m.com\/wp-content\/uploads\/2018\/06\/IBR-20170220_illu_IBR_commerce_3.png 657w, https:\/\/gdsreseau3m.com\/wp-content\/uploads\/2018\/06\/IBR-20170220_illu_IBR_commerce_3-300x153.png 300w\" sizes=\"(max-width: 657px) 100vw, 657px\" \/><\/p>\n<p>Afin de s\u00e9curiser les \u00e9levages de notre zone,<b> en facilitant la gestion sanitaire des tourn\u00e9es commerciales,<\/b> une liste des cheptels \u00ab\u00a0Indemne en IBR\u00a0\u00bb mise \u00e0 jour quotidiennement pour tous les d\u00e9partements de la r\u00e9gion Grand-Est, soit le 08 10 51 52 54 55 57 88 67 et 68,<b> est t\u00e9l\u00e9chargeable sous la forme d&rsquo;un fichier Texte sur l&rsquo;adresse librement accessible ci-apr\u00e8s.<\/b><\/p>\n<p><img loading=\"lazy\" class=\"alignnone size-full wp-image-875\" src=\"http:\/\/gdsreseau3m.com\/wp-content\/uploads\/2018\/06\/1519137038_gds3m-20170220_illu_IBR_commerce.png\" alt=\"\" width=\"815\" height=\"344\" srcset=\"https:\/\/gdsreseau3m.com\/wp-content\/uploads\/2018\/06\/1519137038_gds3m-20170220_illu_IBR_commerce.png 815w, https:\/\/gdsreseau3m.com\/wp-content\/uploads\/2018\/06\/1519137038_gds3m-20170220_illu_IBR_commerce-300x127.png 300w, https:\/\/gdsreseau3m.com\/wp-content\/uploads\/2018\/06\/1519137038_gds3m-20170220_illu_IBR_commerce-768x324.png 768w\" sizes=\"(max-width: 815px) 100vw, 815px\" \/><\/p>\n<p>Lien direct pour t\u00e9l\u00e9charger le fichier : <a href=\"http:\/\/statibr.gdsreseau3m.com\/IBR_Indemne_GrandEst.txt\" target=\"_blank\" rel=\"noopener\"><span style=\"color: #56b74f;\">http:\/\/statibr.gdsreseau3m.com\/IBR_Indemne_GrandEst.txt<\/span><\/a><br \/>\n<u><b><\/b><\/u><\/p>\n<p><u><b>Mention particuli\u00e8re pour les ateliers d\u00e9rogataires<\/b><\/u> : depuis la mise en place de cet arr\u00eat\u00e9, les ateliers d\u00e9rogataires sont contraints \u00e0 mettre en oeuvre des mesures de lutte (soit vaccination syst\u00e9matique, soit approvisionnement en bovins indemnes uniquement) afin de ne pas servir de r\u00e9servoir pour la transmission de l&rsquo;IBR. Chaque atelier a donc re\u00e7u des consignes strictes de la part de la DD(cs)PP, instructions qui doivent donc \u00eatre prises en compte pour l&rsquo;approvisionnement en animaux\u00a0 :<\/p>\n<div><span style=\"color: #ff8c00;\"><b>L&rsquo;ERADICATION DE L&rsquo;IBR \u00c9TANT L&rsquo;OBJECTIF NATIONAL, IL NE DOIT PLUS SUBSISTER DE R\u00c9SERVOIR D&rsquo;IBR DANS LES \u00c9LEVAGES, QUEL QUE SOIT LE TYPE DE PRODUCTION <\/b><\/span><\/div>\n<\/div>\n<\/div>","protected":false},"excerpt":{"rendered":"<p>La maladieSituation localeCertificationAssainissementContr\u00f4le des risquesL&rsquo;IBR en Grande R\u00e9gionCommerce \u00a0Commerce S\u00e9curiser les transports L&rsquo;introduction (achat, pr\u00eat, pension) d&rsquo;un bovin positif ou contamin\u00e9 IBR durant le transport est la principale cause de contamination des cheptels. Pour diminuer ce risque de contamination, l&rsquo;Arr\u00eat\u00e9 Minist\u00e9riel du 31\/05\/2016 impose aux op\u00e9rateurs commerciaux une s\u00e9paration stricte des circuits de transports ainsi [&hellip;]<\/p>\n","protected":false},"author":1,"featured_media":0,"parent":0,"menu_order":0,"comment_status":"closed","ping_status":"closed","template":"","meta":[],"_links":{"self":[{"href":"https:\/\/gdsreseau3m.com\/index.php?rest_route=\/wp\/v2\/pages\/652"}],"collection":[{"href":"https:\/\/gdsreseau3m.com\/index.php?rest_route=\/wp\/v2\/pages"}],"about":[{"href":"https:\/\/gdsreseau3m.com\/index.php?rest_route=\/wp\/v2\/types\/page"}],"author":[{"embeddable":true,"href":"https:\/\/gdsreseau3m.com\/index.php?rest_route=\/wp\/v2\/users\/1"}],"replies":[{"embeddable":true,"href":"https:\/\/gdsreseau3m.com\/index.php?rest_route=%2Fwp%2Fv2%2Fcomments&post=652"}],"version-history":[{"count":12,"href":"https:\/\/gdsreseau3m.com\/index.php?rest_route=\/wp\/v2\/pages\/652\/revisions"}],"predecessor-version":[{"id":2335,"href":"https:\/\/gdsreseau3m.com\/index.php?rest_route=\/wp\/v2\/pages\/652\/revisions\/2335"}],"wp:attachment":[{"href":"https:\/\/gdsreseau3m.com\/index.php?rest_route=%2Fwp%2Fv2%2Fmedia&parent=652"}],"curies":[{"name":"wp","href":"https:\/\/api.w.org\/{rel}","templated":true}]}}