{"id":646,"date":"2018-06-18T16:23:22","date_gmt":"2018-06-18T14:23:22","guid":{"rendered":"http:\/\/gdsreseau3m.com\/?page_id=646"},"modified":"2022-01-05T11:51:18","modified_gmt":"2022-01-05T10:51:18","slug":"bovins-ibr-assainissement","status":"publish","type":"page","link":"https:\/\/gdsreseau3m.com\/?page_id=646","title":{"rendered":"Bovins \u2013 IBR \u2013 Assainissement"},"content":{"rendered":"<div class=\"mpl-content-wrap\"><h6><a href=\"http:\/\/gdsreseau3m.com\/?page_id=304\"><img loading=\"lazy\" class=\"alignnone wp-image-333\" src=\"http:\/\/gdsreseau3m.com\/wp-content\/uploads\/2018\/06\/treffleMenu.png\" alt=\"\" width=\"23\" height=\"22\" \/><\/a><a href=\"http:\/\/gdsreseau3m.com\/?page_id=2325\">La maladie<\/a><a href=\"http:\/\/gdsreseau3m.com\/?page_id=304\"><img loading=\"lazy\" class=\"alignnone wp-image-333\" src=\"http:\/\/gdsreseau3m.com\/wp-content\/uploads\/2018\/06\/treffleMenu.png\" alt=\"\" width=\"23\" height=\"22\" \/><\/a><a href=\"http:\/\/gdsreseau3m.com\/?page_id=519\">Situation locale<\/a><a href=\"http:\/\/gdsreseau3m.com\/?page_id=304\"><img loading=\"lazy\" class=\"alignnone wp-image-333\" src=\"http:\/\/gdsreseau3m.com\/wp-content\/uploads\/2018\/06\/treffleMenu.png\" alt=\"\" width=\"23\" height=\"22\" \/><\/a><a href=\"http:\/\/gdsreseau3m.com\/?page_id=644\">Certification<\/a><a href=\"http:\/\/gdsreseau3m.com\/?page_id=304\"><img loading=\"lazy\" class=\"alignnone wp-image-333\" src=\"http:\/\/gdsreseau3m.com\/wp-content\/uploads\/2018\/06\/treffleMenu.png\" alt=\"\" width=\"23\" height=\"22\" \/><\/a><a href=\"http:\/\/gdsreseau3m.com\/?page_id=646\">Assainissement<\/a><a href=\"http:\/\/gdsreseau3m.com\/?page_id=304\"><img loading=\"lazy\" class=\"alignnone wp-image-333\" src=\"http:\/\/gdsreseau3m.com\/wp-content\/uploads\/2018\/06\/treffleMenu.png\" alt=\"\" width=\"23\" height=\"22\" \/><\/a><a href=\"http:\/\/gdsreseau3m.com\/?page_id=648\">Contr\u00f4le des risques<\/a><a href=\"http:\/\/gdsreseau3m.com\/?page_id=304\"><img loading=\"lazy\" class=\"alignnone wp-image-333\" src=\"http:\/\/gdsreseau3m.com\/wp-content\/uploads\/2018\/06\/treffleMenu.png\" alt=\"\" width=\"23\" height=\"22\" \/><\/a><a href=\"http:\/\/gdsreseau3m.com\/?page_id=650\">L&rsquo;IBR en Grande R\u00e9gion<\/a><a href=\"http:\/\/gdsreseau3m.com\/?page_id=304\"><img loading=\"lazy\" class=\"alignnone wp-image-333\" src=\"http:\/\/gdsreseau3m.com\/wp-content\/uploads\/2018\/06\/treffleMenu.png\" alt=\"\" width=\"23\" height=\"22\" \/><\/a><a href=\"http:\/\/gdsreseau3m.com\/?page_id=652\">Commerce<\/a><\/h6>\n<h1><span style=\"color: #56b74f;\"><img loading=\"lazy\" class=\"alignnone wp-image-749 \" src=\"http:\/\/gdsreseau3m.com\/wp-content\/uploads\/2018\/06\/Bovins1.png\" alt=\"\" width=\"55\" height=\"41\" \/>\u00a0<\/span><span style=\"color: #56b74f;\">Assainissement<\/span><\/h1>\n<h4><span style=\"color: #800000;\">Nous vous invitons \u00e0 lire le paragraphe ci-dessous sur la nouvelle Loi de Sant\u00e9 Animale (LSA) et ses cons\u00e9quences sur les exploitations d\u00e8s 2021 \u2193<br \/>\n<\/span><\/h4>\n<h3><span style=\"color: #56b74f;\">Les moyens mis en \u0153uvre pour l&rsquo;assainissement<\/span><\/h3>\n<ul>\n<li><b>Plan d&rsquo;assainissement<\/b><\/li>\n<li><b>Aide incitative \u00e0 la r\u00e9forme pr\u00e9f\u00e9rentielle <\/b>des bovins positifs\/vaccin\u00e9s IBR<\/li>\n<li><strong>Aide \u00e0 la vaccination <\/strong>et suivi des compte-rendu de vaccination<\/li>\n<li><b>Zone de surveillance renforc\u00e9e <\/b>avec d\u00e9pistages suppl\u00e9mentaires en fonction des risques voisinage<\/li>\n<li>Gestion administrative de la prophylaxie r\u00e9glementaire annuelle<\/li>\n<\/ul>\n<h3><span style=\"color: #56b74f;\">Les modalit\u00e9s du plan d&rsquo;assainissement IBR<\/span><\/h3>\n<p>Pour les cheptels connus positifs, nouvellement contamin\u00e9s ou avec recirculation du virus r\u00e9cente, un protocole rigoureux est mis en place en partenariat avec \u00e9leveurs, v\u00e9t\u00e9rinaires et techniciens du GDS :<\/p>\n<div>\n<p><img loading=\"lazy\" class=\"alignnone size-full wp-image-877\" src=\"http:\/\/gdsreseau3m.com\/wp-content\/uploads\/2018\/06\/IBR-assainissement.png\" alt=\"\" width=\"500\" height=\"375\" srcset=\"https:\/\/gdsreseau3m.com\/wp-content\/uploads\/2018\/06\/IBR-assainissement.png 500w, https:\/\/gdsreseau3m.com\/wp-content\/uploads\/2018\/06\/IBR-assainissement-300x225.png 300w, https:\/\/gdsreseau3m.com\/wp-content\/uploads\/2018\/06\/IBR-assainissement-400x300.png 400w\" sizes=\"(max-width: 500px) 100vw, 500px\" \/><\/p>\n<ul>\n<li>\u00c9valuation de l&rsquo;\u00e9tendue de la contamination pour la mise en place d&rsquo;un protocole adapt\u00e9,<\/li>\n<li>Identification des animaux \u00e0 risque,<\/li>\n<li>Suivi renforc\u00e9 des \u00e9levages et des animaux,<\/li>\n<li>Aide financi\u00e8re \u00e0 la vaccination des animaux (<i>obligation r\u00e9glementaire)<\/i>,<\/li>\n<li>Prise en charge financi\u00e8re des d\u00e9pistages, recontr\u00f4les et des actes v\u00e9t\u00e9rinaires,<\/li>\n<li>Aide \u00e0 l&rsquo;\u00e9limination des bovins positifs,<\/li>\n<li>S\u00e9paration des positifs et n\u00e9gatifs,<\/li>\n<li>Si achats d&rsquo;animaux : pr\u00e9f\u00e9rentiellement issus de cheptel indemne,<\/li>\n<li>Pr\u00e9vention et surveillance dans les \u00e9levages voisins,<\/li>\n<li>Accompagnement technique,<\/li>\n<li>&#8230;<\/li>\n<\/ul>\n<\/div>\n<p><span style=\"color: #ff8000;\"><b>La r\u00e9ussite du plan d&rsquo;assainissement requi\u00e8re la stricte application de chaque mesure sous peine d&rsquo;allongement voire d&rsquo;\u00e9chec du plan.<\/b><\/span><\/p>\n<div>\n<h3><span style=\"color: #56b74f;\">Entr\u00e9e en vigueur de la nouvelle Loi Sant\u00e9 Animale (LSA)<br \/>\n<\/span><\/h3>\n<p><img loading=\"lazy\" class=\"wp-image-5675 alignright\" src=\"http:\/\/gdsreseau3m.com\/wp-content\/uploads\/2021\/04\/France-indemne-dIBR-20210412.png\" alt=\"\" width=\"92\" height=\"91\" srcset=\"https:\/\/gdsreseau3m.com\/wp-content\/uploads\/2021\/04\/France-indemne-dIBR-20210412.png 798w, https:\/\/gdsreseau3m.com\/wp-content\/uploads\/2021\/04\/France-indemne-dIBR-20210412-150x150.png 150w, https:\/\/gdsreseau3m.com\/wp-content\/uploads\/2021\/04\/France-indemne-dIBR-20210412-300x297.png 300w, https:\/\/gdsreseau3m.com\/wp-content\/uploads\/2021\/04\/France-indemne-dIBR-20210412-768x761.png 768w\" sizes=\"(max-width: 92px) 100vw, 92px\" \/>La loi de sant\u00e9 animale europ\u00e9enne \u00ab LSA \u00bb (r\u00e8glement UE 2016\/429) est entr\u00e9e en vigueur au 21 avril 2021. <span style=\"color: #800000;\"><strong>L&rsquo;objectif est d&rsquo;obtenir le statut INDEMNE IBR de la France en 2027,<\/strong> <\/span>et par cons\u00e9quence d&rsquo;acc\u00e9l\u00e9rer l\u2019assainissement IBR sur le tout territoire.<\/p>\n<div>\n<blockquote><p>\u2192 Il pr\u00e9voit l&rsquo;obligation d\u2019analyses individuelles dans les cheptels infect\u00e9s en IBR (au lieu de m\u00e9lange actuellement). <strong>Ainsi, le co\u00fbt de prophylaxie en analyses individuelles = x5 le co\u00fbt prophylaxie avec analyse de m\u00e9lange !<\/strong><\/p>\n<p><strong><span style=\"font-size: medium;\">\u2192 Il impose la restriction des mouvements <\/span><\/strong><span style=\"font-size: medium;\">d<\/span><span style=\"font-family: Calibri,Calibri; font-size: medium;\">\u2019<\/span><span style=\"font-size: medium;\">animaux non qualifi\u00e9s vis<\/span><span style=\"font-family: Calibri,Calibri; font-size: medium;\">&#8211;<\/span><span style=\"font-size: medium;\">\u00e0<\/span><span style=\"font-family: Calibri,Calibri; font-size: medium;\">&#8211;<\/span><span style=\"font-size: medium;\">vis de l<\/span><span style=\"font-family: Calibri,Calibri; font-size: medium;\">\u2019<\/span><span style=\"font-size: medium;\">IBR.<\/span><\/p><\/blockquote>\n<p>Contactez au plus vite votre conseiller GDS pour \u00e9voquer votre situation sanitaire et envisager ensemble l&rsquo;acquisition de la qualification.<\/p>\n<p>Pour plus de pr\u00e9cisions, consultez les informations sp\u00e9cifiques :<\/p>\n<p><a href=\"http:\/\/gdsreseau3m.com\/wp-content\/uploads\/2021\/04\/Communiqu\u00e9-IBR-LSA-V4_mep-gds.pdf\">Communiqu\u00e9 LSA Grand Est &#8211; Avril 2021<\/a><\/p>\n<p><a href=\"http:\/\/gdsreseau3m.com\/wp-content\/uploads\/2021\/04\/Communiqu%C3%A9-IBR-LSA-V4_mep-gds.pdf\"><img loading=\"lazy\" class=\"wp-image-6191 aligncenter\" src=\"http:\/\/gdsreseau3m.com\/wp-content\/uploads\/2022\/01\/gds3m_20220105_illu-lsa.png\" alt=\"\" width=\"291\" height=\"410\" srcset=\"https:\/\/gdsreseau3m.com\/wp-content\/uploads\/2022\/01\/gds3m_20220105_illu-lsa.png 434w, https:\/\/gdsreseau3m.com\/wp-content\/uploads\/2022\/01\/gds3m_20220105_illu-lsa-213x300.png 213w\" sizes=\"(max-width: 291px) 100vw, 291px\" \/><\/a><\/p>\n<\/div>\n<div>\n<h3><span style=\"color: #56b74f;\">Votre conseiller sp\u00e9cialis\u00e9 en assainissement IBR :<\/span><\/h3>\n<div><b>GDS 55 et 54 = <a href=\"mailto:e.dubaux@gds55.com\"><span style=\"color: #56b74f;\">Emma DUBAUX<\/span><\/a> &#8211; 03 29 83 30 31 \/ <\/b><b>06 45 91 13 70<br \/>\nGDS 57\u00a0 = <span style=\"color: #56b74f;\"><a style=\"color: #56b74f;\" href=\"mailto:breck@gddsb-moselle.asso.fr\">Jean-Luc BRECK<\/a><\/span> &#8211; 03 87 66 12 98<\/b><\/div>\n<\/div>\n<\/div>\n<\/div>","protected":false},"excerpt":{"rendered":"<p>La maladieSituation localeCertificationAssainissementContr\u00f4le des risquesL&rsquo;IBR en Grande R\u00e9gionCommerce \u00a0Assainissement Nous vous invitons \u00e0 lire le paragraphe ci-dessous sur la nouvelle Loi de Sant\u00e9 Animale (LSA) et ses cons\u00e9quences sur les exploitations d\u00e8s 2021 \u2193 Les moyens mis en \u0153uvre pour l&rsquo;assainissement Plan d&rsquo;assainissement Aide incitative \u00e0 la r\u00e9forme pr\u00e9f\u00e9rentielle des bovins positifs\/vaccin\u00e9s IBR Aide \u00e0 [&hellip;]<\/p>\n","protected":false},"author":1,"featured_media":0,"parent":0,"menu_order":0,"comment_status":"closed","ping_status":"closed","template":"","meta":[],"_links":{"self":[{"href":"https:\/\/gdsreseau3m.com\/index.php?rest_route=\/wp\/v2\/pages\/646"}],"collection":[{"href":"https:\/\/gdsreseau3m.com\/index.php?rest_route=\/wp\/v2\/pages"}],"about":[{"href":"https:\/\/gdsreseau3m.com\/index.php?rest_route=\/wp\/v2\/types\/page"}],"author":[{"embeddable":true,"href":"https:\/\/gdsreseau3m.com\/index.php?rest_route=\/wp\/v2\/users\/1"}],"replies":[{"embeddable":true,"href":"https:\/\/gdsreseau3m.com\/index.php?rest_route=%2Fwp%2Fv2%2Fcomments&post=646"}],"version-history":[{"count":29,"href":"https:\/\/gdsreseau3m.com\/index.php?rest_route=\/wp\/v2\/pages\/646\/revisions"}],"predecessor-version":[{"id":6193,"href":"https:\/\/gdsreseau3m.com\/index.php?rest_route=\/wp\/v2\/pages\/646\/revisions\/6193"}],"wp:attachment":[{"href":"https:\/\/gdsreseau3m.com\/index.php?rest_route=%2Fwp%2Fv2%2Fmedia&parent=646"}],"curies":[{"name":"wp","href":"https:\/\/api.w.org\/{rel}","templated":true}]}}