{"id":5858,"date":"2021-08-25T11:39:01","date_gmt":"2021-08-25T09:39:01","guid":{"rendered":"http:\/\/gdsreseau3m.com\/?page_id=5858"},"modified":"2022-07-05T08:32:31","modified_gmt":"2022-07-05T06:32:31","slug":"formation-informations-sur-la-certification-de-services","status":"publish","type":"page","link":"https:\/\/gdsreseau3m.com\/?page_id=5858","title":{"rendered":"Formation &#8211; Informations sur la certification de services"},"content":{"rendered":"<div class=\"mpl-content-wrap\"><h3>CARACT\u00c9RISTIQUES CERTIFI\u00c9ES<\/h3>\n<p><a href=\"https:\/\/www.sgsgroup.fr\/fr-fr\/solutions\/qualicert-service-certification\" target=\"_blank\" rel=\"noopener\"><img loading=\"lazy\" class=\"wp-image-5856 alignleft\" src=\"http:\/\/gdsreseau3m.com\/wp-content\/uploads\/2021\/08\/logo-couleur.jpg\" alt=\"\" width=\"199\" height=\"222\" srcset=\"https:\/\/gdsreseau3m.com\/wp-content\/uploads\/2021\/08\/logo-couleur.jpg 1959w, https:\/\/gdsreseau3m.com\/wp-content\/uploads\/2021\/08\/logo-couleur-269x300.jpg 269w, https:\/\/gdsreseau3m.com\/wp-content\/uploads\/2021\/08\/logo-couleur-768x856.jpg 768w, https:\/\/gdsreseau3m.com\/wp-content\/uploads\/2021\/08\/logo-couleur-919x1024.jpg 919w\" sizes=\"(max-width: 199px) 100vw, 199px\" \/><\/a><\/p>\n<ul>\n<li><em>Des formations construites \u00e0 partir d\u2019une \u00e9tude appropri\u00e9e des besoins des clients et la construction d&rsquo;une offre adapt\u00e9e<\/em><\/li>\n<li><em>Une mobilisation et recrutement actif des futurs b\u00e9n\u00e9ficiaires de formation<\/em><\/li>\n<li><em>Des moyens mis en \u0153uvre et des formations assur\u00e9es par des intervenants comp\u00e9tents et p\u00e9dagogues, pour favoriser une acquisition de comp\u00e9tences par les b\u00e9n\u00e9ficiaires<\/em><\/li>\n<li><em>\u00c9valuation et am\u00e9lioration des pratiques<\/em><\/li>\n<\/ul>\n<p>Le r\u00e9f\u00e9rentiel de certification de services peut \u00eatre obtenu aupr\u00e8s de <strong>SGS ICS<\/strong> &#8211; 29 avenue Aristide Briand\u00a0 &#8211; 94111 ARCUEIL Cedex<\/p>\n<p><a href=\"https:\/\/www.sgsgroup.fr\/fr-fr\/solutions\/qualicert-service-certification\">www.qualicert.fr<\/a><\/p>\n<p>&nbsp;<\/p>\n<\/div>","protected":false},"excerpt":{"rendered":"<p>CARACT\u00c9RISTIQUES CERTIFI\u00c9ES Des formations construites \u00e0 partir d\u2019une \u00e9tude appropri\u00e9e des besoins des clients et la construction d&rsquo;une offre adapt\u00e9e Une mobilisation et recrutement actif des futurs b\u00e9n\u00e9ficiaires de formation Des moyens mis en \u0153uvre et des formations assur\u00e9es par des intervenants comp\u00e9tents et p\u00e9dagogues, pour favoriser une acquisition de comp\u00e9tences par les b\u00e9n\u00e9ficiaires \u00c9valuation [&hellip;]<\/p>\n","protected":false},"author":1,"featured_media":0,"parent":0,"menu_order":0,"comment_status":"closed","ping_status":"closed","template":"","meta":[],"_links":{"self":[{"href":"https:\/\/gdsreseau3m.com\/index.php?rest_route=\/wp\/v2\/pages\/5858"}],"collection":[{"href":"https:\/\/gdsreseau3m.com\/index.php?rest_route=\/wp\/v2\/pages"}],"about":[{"href":"https:\/\/gdsreseau3m.com\/index.php?rest_route=\/wp\/v2\/types\/page"}],"author":[{"embeddable":true,"href":"https:\/\/gdsreseau3m.com\/index.php?rest_route=\/wp\/v2\/users\/1"}],"replies":[{"embeddable":true,"href":"https:\/\/gdsreseau3m.com\/index.php?rest_route=%2Fwp%2Fv2%2Fcomments&post=5858"}],"version-history":[{"count":7,"href":"https:\/\/gdsreseau3m.com\/index.php?rest_route=\/wp\/v2\/pages\/5858\/revisions"}],"predecessor-version":[{"id":6353,"href":"https:\/\/gdsreseau3m.com\/index.php?rest_route=\/wp\/v2\/pages\/5858\/revisions\/6353"}],"wp:attachment":[{"href":"https:\/\/gdsreseau3m.com\/index.php?rest_route=%2Fwp%2Fv2%2Fmedia&parent=5858"}],"curies":[{"name":"wp","href":"https:\/\/api.w.org\/{rel}","templated":true}]}}