{"id":568,"date":"2018-06-18T14:28:16","date_gmt":"2018-06-18T12:28:16","guid":{"rendered":"http:\/\/gdsreseau3m.com\/?page_id=568"},"modified":"2019-08-06T11:21:22","modified_gmt":"2019-08-06T09:21:22","slug":"abeilles-formalites-administratives","status":"publish","type":"page","link":"https:\/\/gdsreseau3m.com\/?page_id=568","title":{"rendered":"Abeilles &#8211; D\u00e9claration de d\u00e9tention"},"content":{"rendered":"<div class=\"mpl-content-wrap\"><h1><img loading=\"lazy\" class=\"alignnone wp-image-1975\" src=\"http:\/\/gdsreseau3m.com\/wp-content\/uploads\/2018\/07\/picto-abeille.png\" alt=\"\" width=\"43\" height=\"36\" \/>\u00a0<span style=\"color: #ff9900;\">La d\u00e9claration annuelle de d\u00e9tention de ruche(s)\u00a0<\/span><\/h1>\n<h3><span style=\"color: #56b74f;\"><a href=\"http:\/\/gdsreseau3m.com\/wp-content\/uploads\/2019\/08\/Ruche_C.Dargent.jpg\"><img loading=\"lazy\" class=\" wp-image-4376 alignright\" src=\"http:\/\/gdsreseau3m.com\/wp-content\/uploads\/2019\/08\/Ruche_C.Dargent.jpg\" alt=\"\" width=\"267\" height=\"275\" srcset=\"https:\/\/gdsreseau3m.com\/wp-content\/uploads\/2019\/08\/Ruche_C.Dargent.jpg 2373w, https:\/\/gdsreseau3m.com\/wp-content\/uploads\/2019\/08\/Ruche_C.Dargent-291x300.jpg 291w, https:\/\/gdsreseau3m.com\/wp-content\/uploads\/2019\/08\/Ruche_C.Dargent-768x792.jpg 768w, https:\/\/gdsreseau3m.com\/wp-content\/uploads\/2019\/08\/Ruche_C.Dargent-993x1024.jpg 993w\" sizes=\"(max-width: 267px) 100vw, 267px\" \/><\/a>Une obligation pour les professionnels et les amateurs<br \/>\n<\/span><\/h3>\n<div>\n<div><strong>Que vous soyez apiculteur professionnel ou simple amateur, la d\u00e9claration annuelle de d\u00e9tention et d&#8217;emplacement de ruche(s) est une obligation r\u00e9glementaire.<\/strong>Elle doit \u00eatre r\u00e9alis\u00e9e<span style=\"color: #ff9900;\"><strong> d\u00e8s la premi\u00e8re ruche<\/strong><\/span> en sa possession.<\/div>\n<p>&nbsp;<\/p>\n<\/div>\n<div>\n<div>L&rsquo;int\u00e9r\u00eat de d\u00e9clarer toutes les ruches en activit\u00e9 est de pouvoir connaitre l&rsquo;\u00e9volution de cheptel apicole, d&rsquo;am\u00e9liorer la sant\u00e9 des abeilles et de pouvoir mobiliser des aides europ\u00e9ennes pour la fili\u00e8re apicole.<\/div>\n<div>\n<h3><span style=\"color: #56b74f;\">Modalit\u00e9s de d\u00e9claration de ruches\u00a0<\/span><\/h3>\n<\/div>\n<div>La d\u00e9claration est r\u00e9alis\u00e9e chaque ann\u00e9e,\u00a0<span style=\"color: #ff9900;\"><b>entre le 1er <span style=\"color: #ff9900;\">septembre<\/span> et le 31 d\u00e9cembre.<\/b><\/span><\/div>\n<div>Une d\u00e9claration en ligne peut \u00eatre effectu\u00e9e en dehors de la p\u00e9riode obligatoire (cas des nouveaux install\u00e9s), mais elle ne remplace pas la d\u00e9claration officielle de fin d\u2019ann\u00e9e.<\/div>\n<p>&nbsp;<\/p>\n<div>L&rsquo;apiculteur doit y d\u00e9clarer le nombre de colonies d\u2019abeilles dont il est propri\u00e9taire et pr\u00e9ciser les communes d\u2019implantation.<\/div>\n<p>&nbsp;<\/p>\n<div>Elle doit \u00eatre r\u00e9alis\u00e9e prioritairement en ligne : <strong><a href=\"http:\/\/mesdemarches.agriculture.gouv.fr\"><span style=\"color: #56b74f;\">mesdemarches.agriculture.gouv.fr<\/span><\/a><\/strong><\/div>\n<div>La d\u00e9claration peut tout de m\u00eame \u00eatre envoy\u00e9e sur formulaire papier (Cerfa n\u00b0<b><a href=\"http:\/\/gdsreseau3m.com\/wp-content\/uploads\/2018\/06\/1473921972_20160901-API-Cerfa_04.pdf\" target=\"_blank\" rel=\"noopener noreferrer\">13995*04<\/a><\/b>) \u00e0\u00a0 l&rsquo;adresse suivante : <em>DGAL \u2013 d\u00e9claration de ruches \u2013 251 rue de Vaugirard \u2013 75732 PARIS CEDEX 15.<\/em><\/div>\n<p>&nbsp;<\/p>\n<div>A l&rsquo;issue de la d\u00e9claration, vous obtenez un r\u00e9c\u00e9piss\u00e9 \u00e0 conserver 5 ans dans son registre d&rsquo;\u00e9levage.<\/div>\n<p>&nbsp;<\/p>\n<div>\n<div>Cette proc\u00e9dure permet \u00e9galement aux nouveaux apiculteurs d&rsquo;obtenir leur num\u00e9ro d&rsquo;apiculteur (NAPI) &#8211; voir ci-dessous.<\/div>\n<p>&nbsp;<\/p>\n<\/div>\n<div><strong>Cette d\u00e9marche est individuelle.<\/strong> Elle n\u2019est pas r\u00e9alis\u00e9e par le GDSA ou syndicat auquel vous \u00eates susceptible d\u2019adh\u00e9rer.<\/div>\n<p>&nbsp;<\/p>\n<div>\n<div>\n<h4><span style=\"color: #800080;\">\u2192\u00a0 Note aux nouveaux apiculteurs\u00a0<\/span><\/h4>\n<ul>\n<li>Si votre projet pr\u00e9voit la vente ou la session de produits de la ruche hors cadre familial, vous devez obtenir un num\u00e9ro de SIRET aupr\u00e8s du CFE (Centre de Formalit\u00e9 des Entreprises de la Chambre d&rsquo;Agriculture) de votre d\u00e9partement. Ce num\u00e9ro sera n\u00e9cessaire pour r\u00e9aliser votre premi\u00e8re d\u00e9claration. Faites ensuite votre premi\u00e8re d\u00e9claration de ruche, en ligne sur le site <a href=\"https:\/\/agriculture-portail.6tzen.fr\/default\/requests\/Cerfa13995\/\" target=\"_blank\" rel=\"noopener noreferrer\">Mes D\u00e9marches<\/a> ou sur formulaire papier <a href=\"http:\/\/gdsreseau3m.com\/wp-content\/uploads\/2018\/06\/1473921972_20160901-API-Cerfa_04.pdf\" target=\"_blank\" rel=\"noopener noreferrer\">Cerfa 13995*04<\/a><\/li>\n<li>Si les produits de la ruche sont destin\u00e9s \u00e0 la consommation familiale, faites directement votre premi\u00e8re d\u00e9claration de ruche en ligne sur le site <a href=\"https:\/\/agriculture-portail.6tzen.fr\/default\/requests\/Cerfa13995\/\" target=\"_blank\" rel=\"noopener noreferrer\">Mes D\u00e9marches<\/a> (ou sur formulaire papier)<\/li>\n<\/ul>\n<p>Par la suite, un r\u00e9c\u00e9piss\u00e9 de d\u00e9claration vous est envoy\u00e9 avec<strong> votre num\u00e9ro NAPI.<\/strong> Tout apiculteur se voit attribuer un num\u00e9ro d&rsquo;apiculteur (NAPI) par les services du minist\u00e8re de l&rsquo;agriculture. Le num\u00e9ro d&rsquo;apiculteur (NAPI) est \u00e0 reporter sur un panneau \u00e0 proximit\u00e9 du(des) rucher(s) ou sur au moins 10% des ruches.<\/p>\n<h3><span style=\"color: #56b74f;\"> D\u00e9clarations de 2016 :<br \/>\n<\/span><\/h3>\n<\/div>\n<\/div>\n<div>\n<table width=\"100%\">\n<tbody>\n<tr>\n<td><b>\u00a0D\u00e9partement<\/b><\/td>\n<td><b>\u00a0Nombre de d\u00e9clarations<br \/>\n<\/b><\/td>\n<td><b>Nombre de colonies<br \/>\n<\/b><\/td>\n<\/tr>\n<tr>\n<td><b>\u00a054<\/b><\/td>\n<td>\u00a0548<\/td>\n<td>\u00a06 421<\/td>\n<\/tr>\n<tr>\n<td><b>\u00a055<br \/>\n<\/b><\/td>\n<td>\u00a0349<\/td>\n<td>\u00a013 452<\/td>\n<\/tr>\n<tr>\n<td><b>\u00a057<\/b><\/td>\n<td>\u00a0777<\/td>\n<td>\u00a014 420<\/td>\n<\/tr>\n<tr>\n<td><b>\u00a0Grand Est<br \/>\n<\/b><\/td>\n<td>\u00a05 628<\/td>\n<td>\u00a0120 520<\/td>\n<\/tr>\n<\/tbody>\n<\/table>\n<p><em>Chiffres issus du Minist\u00e8re de l&rsquo;Agriculture &#8211;\u00a0<\/em><a href=\"http:\/\/gdsreseau3m.com\/wp-content\/uploads\/2018\/06\/1493367686_1704012_SW_Annexe_1_Declaration_ruches.pdf\" target=\"_blank\" rel=\"noopener noreferrer\"><em>Bilan 2016 des d\u00e9clarations de ruches<\/em><\/a><\/p>\n<\/div>\n<\/div>\n<\/div>","protected":false},"excerpt":{"rendered":"<p>\u00a0La d\u00e9claration annuelle de d\u00e9tention de ruche(s)\u00a0 Une obligation pour les professionnels et les amateurs Que vous soyez apiculteur professionnel ou simple amateur, la d\u00e9claration annuelle de d\u00e9tention et d&#8217;emplacement de ruche(s) est une obligation r\u00e9glementaire.Elle doit \u00eatre r\u00e9alis\u00e9e d\u00e8s la premi\u00e8re ruche en sa possession. &nbsp; L&rsquo;int\u00e9r\u00eat de d\u00e9clarer toutes les ruches en activit\u00e9 [&hellip;]<\/p>\n","protected":false},"author":1,"featured_media":0,"parent":0,"menu_order":0,"comment_status":"closed","ping_status":"closed","template":"","meta":[],"_links":{"self":[{"href":"https:\/\/gdsreseau3m.com\/index.php?rest_route=\/wp\/v2\/pages\/568"}],"collection":[{"href":"https:\/\/gdsreseau3m.com\/index.php?rest_route=\/wp\/v2\/pages"}],"about":[{"href":"https:\/\/gdsreseau3m.com\/index.php?rest_route=\/wp\/v2\/types\/page"}],"author":[{"embeddable":true,"href":"https:\/\/gdsreseau3m.com\/index.php?rest_route=\/wp\/v2\/users\/1"}],"replies":[{"embeddable":true,"href":"https:\/\/gdsreseau3m.com\/index.php?rest_route=%2Fwp%2Fv2%2Fcomments&post=568"}],"version-history":[{"count":33,"href":"https:\/\/gdsreseau3m.com\/index.php?rest_route=\/wp\/v2\/pages\/568\/revisions"}],"predecessor-version":[{"id":4393,"href":"https:\/\/gdsreseau3m.com\/index.php?rest_route=\/wp\/v2\/pages\/568\/revisions\/4393"}],"wp:attachment":[{"href":"https:\/\/gdsreseau3m.com\/index.php?rest_route=%2Fwp%2Fv2%2Fmedia&parent=568"}],"curies":[{"name":"wp","href":"https:\/\/api.w.org\/{rel}","templated":true}]}}