{"id":539,"date":"2018-06-18T14:13:55","date_gmt":"2018-06-18T12:13:55","guid":{"rendered":"http:\/\/gdsreseau3m.com\/?page_id=539"},"modified":"2018-07-23T13:21:32","modified_gmt":"2018-07-23T11:21:32","slug":"porcins-la-section-porcine","status":"publish","type":"page","link":"https:\/\/gdsreseau3m.com\/?page_id=539","title":{"rendered":"Porcins &#8211; La section porcine"},"content":{"rendered":"<div class=\"mpl-content-wrap\"><h1><span style=\"color: #56b74f;\"><img loading=\"lazy\" class=\"alignnone wp-image-751\" src=\"http:\/\/gdsreseau3m.com\/wp-content\/uploads\/2018\/06\/Porcins.png\" alt=\"\" width=\"61\" height=\"32\" \/><span style=\"color: #9b3590;\"> La section porcine du GDS<br \/>\n<\/span><\/span><\/h1>\n<blockquote><p><span style=\"color: #cc99ff;\"><b><i>\u00ab\u00a0\u00catre vigilant en temps de paix pour \u00eatre pr\u00eats en cas de crise sanitaire\u00a0\u00bb<\/i><\/b><\/span><u><\/u><\/p><\/blockquote>\n<h4>Le GDS, pour les \u00e9leveurs adh\u00e9rents \u00e0 la section porcine c&rsquo;est :<\/h4>\n<ul>\n<li><b>Une veille sanitaire <\/b>sur l&rsquo;ensemble du territoire et des alertes en cas d&rsquo;\u00e9volutions sanitaires majeures,<\/li>\n<li><b>Des services d&rsquo;hygi\u00e8ne :<br \/>\n<\/b><\/p>\n<ul>\n<li>Analyse de la qualit\u00e9 de l&rsquo;eau d&rsquo;abreuvement<\/li>\n<li>Collecte des d\u00e9chets v\u00e9t\u00e9rinaires DASRI<\/li>\n<\/ul>\n<\/li>\n<li>Des<strong> plans technico-financiers<\/strong> de reconnaissance sanitaire (SDRP),<\/li>\n<li>De l&rsquo;<strong>information<\/strong> sanitaire,<\/li>\n<li>Des <b>formations <\/b>\u00e0 destination des \u00e9leveurs porcins en partenariat avec l&rsquo;interprofession porcine et les coop\u00e9ratives<\/li>\n<\/ul>\n<div><\/div>\n<div><img loading=\"lazy\" class=\"alignnone size-full wp-image-549\" src=\"http:\/\/gdsreseau3m.com\/wp-content\/uploads\/2018\/06\/image-6.png\" alt=\"\" width=\"448\" height=\"336\" srcset=\"https:\/\/gdsreseau3m.com\/wp-content\/uploads\/2018\/06\/image-6.png 448w, https:\/\/gdsreseau3m.com\/wp-content\/uploads\/2018\/06\/image-6-300x225.png 300w, https:\/\/gdsreseau3m.com\/wp-content\/uploads\/2018\/06\/image-6-400x300.png 400w\" sizes=\"(max-width: 448px) 100vw, 448px\" \/><\/div>\n<\/div>","protected":false},"excerpt":{"rendered":"<p>La section porcine du GDS \u00ab\u00a0\u00catre vigilant en temps de paix pour \u00eatre pr\u00eats en cas de crise sanitaire\u00a0\u00bb Le GDS, pour les \u00e9leveurs adh\u00e9rents \u00e0 la section porcine c&rsquo;est : Une veille sanitaire sur l&rsquo;ensemble du territoire et des alertes en cas d&rsquo;\u00e9volutions sanitaires majeures, Des services d&rsquo;hygi\u00e8ne : Analyse de la qualit\u00e9 de [&hellip;]<\/p>\n","protected":false},"author":1,"featured_media":0,"parent":0,"menu_order":0,"comment_status":"closed","ping_status":"closed","template":"","meta":[],"_links":{"self":[{"href":"https:\/\/gdsreseau3m.com\/index.php?rest_route=\/wp\/v2\/pages\/539"}],"collection":[{"href":"https:\/\/gdsreseau3m.com\/index.php?rest_route=\/wp\/v2\/pages"}],"about":[{"href":"https:\/\/gdsreseau3m.com\/index.php?rest_route=\/wp\/v2\/types\/page"}],"author":[{"embeddable":true,"href":"https:\/\/gdsreseau3m.com\/index.php?rest_route=\/wp\/v2\/users\/1"}],"replies":[{"embeddable":true,"href":"https:\/\/gdsreseau3m.com\/index.php?rest_route=%2Fwp%2Fv2%2Fcomments&post=539"}],"version-history":[{"count":10,"href":"https:\/\/gdsreseau3m.com\/index.php?rest_route=\/wp\/v2\/pages\/539\/revisions"}],"predecessor-version":[{"id":2908,"href":"https:\/\/gdsreseau3m.com\/index.php?rest_route=\/wp\/v2\/pages\/539\/revisions\/2908"}],"wp:attachment":[{"href":"https:\/\/gdsreseau3m.com\/index.php?rest_route=%2Fwp%2Fv2%2Fmedia&parent=539"}],"curies":[{"name":"wp","href":"https:\/\/api.w.org\/{rel}","templated":true}]}}