{"id":512,"date":"2018-06-18T11:32:32","date_gmt":"2018-06-18T09:32:32","guid":{"rendered":"http:\/\/gdsreseau3m.com\/?page_id=512"},"modified":"2022-01-05T10:27:04","modified_gmt":"2022-01-05T09:27:04","slug":"ovins-materiel","status":"publish","type":"page","link":"https:\/\/gdsreseau3m.com\/?page_id=512","title":{"rendered":"Ovins &#8211; Mat\u00e9riel &#8211; D\u00e9chets d&rsquo;\u00e9levage"},"content":{"rendered":"<div class=\"mpl-content-wrap\"><h6><a href=\"http:\/\/gdsreseau3m.com\/?page_id=304\"><img loading=\"lazy\" class=\"alignnone wp-image-333\" src=\"http:\/\/gdsreseau3m.com\/wp-content\/uploads\/2018\/06\/treffleMenu.png\" alt=\"\" width=\"23\" height=\"22\" \/><\/a><a href=\"http:\/\/gdsreseau3m.com\/?page_id=512\">D\u00e9chets d&rsquo;\u00e9levage<\/a><a href=\"http:\/\/gdsreseau3m.com\/?page_id=304\"><img loading=\"lazy\" class=\"alignnone wp-image-333\" src=\"http:\/\/gdsreseau3m.com\/wp-content\/uploads\/2018\/06\/treffleMenu.png\" alt=\"\" width=\"23\" height=\"22\" \/><\/a><a href=\"http:\/\/gdsreseau3m.com\/?page_id=925\">Gamme sanitaire<\/a><a href=\"http:\/\/gdsreseau3m.com\/?page_id=304\"><img loading=\"lazy\" class=\"alignnone wp-image-333\" src=\"http:\/\/gdsreseau3m.com\/wp-content\/uploads\/2018\/06\/treffleMenu.png\" alt=\"\" width=\"23\" height=\"22\" \/><\/a><a href=\"http:\/\/gdsreseau3m.com\/?page_id=927\">Outil informatique<\/a><\/h6>\n<h1><span style=\"color: #2e85e8;\"><img loading=\"lazy\" class=\"alignnone wp-image-750\" src=\"http:\/\/gdsreseau3m.com\/wp-content\/uploads\/2018\/06\/Ovins.png\" alt=\"\" width=\"51\" height=\"42\" \/> Gestion des d\u00e9chets d\u2019\u00e9levage<\/span><\/h1>\n<h3><span style=\"color: #2e85e8;\">Pourquoi recycler ses d\u00e9chets de soins<\/span><\/h3>\n<p>Comme pour toute entreprise, l&rsquo;agriculteur est responsable des d\u00e9chets produits sur son exploitation. Les d\u00e9chets de soins, comme les flacons de m\u00e9dicaments vides ou les seringues et aiguilles usag\u00e9es, sont consid\u00e9r\u00e9s comme d\u00e9chets \u00e0 risques infectieux (<strong>DASRI<\/strong>) et doivent \u00eatre \u00e9limin\u00e9s dans une fili\u00e8re bien sp\u00e9cifique.<br \/>\n<a href=\"http:\/\/www.legifrance.gouv.fr\/affichCodeArticle.do;jsessionid=FF409BAF57DF30F587F2B8B749939505.tpdjo06v_3?cidTexte=LEGITEXT000006072665&amp;idArticle=LEGIARTI000006798596&amp;dateTexte=20140403&amp;categorieLien=id#LEGIARTI000006798596\">Voir le d\u00e9cret.<\/a><\/p>\n<p>Depuis l&rsquo;automne 2005, les GDS 54 55 et 57, en collaboration avec les v\u00e9t\u00e9rinaires, les laboratoires et les Communaut\u00e9s de Communes, proposent \u00e0 tous les \u00e9leveurs leur action de collecte et d&rsquo;\u00e9limination des d\u00e9chets de soins v\u00e9t\u00e9rinaires dans une fili\u00e8re organis\u00e9e.<\/p>\n<h3><span style=\"color: #2e85e8;\">Les enjeux du recyclage<\/span><\/h3>\n<p>Les enjeux d&rsquo;une telle d\u00e9marche sont multiples : d&rsquo;ordre <strong>sanitaire<\/strong>, <strong>r\u00e9glementaire<\/strong> et <strong>\u00e9cologique<\/strong>. Les diff\u00e9rents objectifs sont :<\/p>\n<ul>\n<li>La protection de la sant\u00e9 publique par la maitrise des risques de transmission des maladies \u00e0 l&rsquo;Homme,<\/li>\n<li>Le respect de l&rsquo;environnement,<\/li>\n<li>La valorisation de l&rsquo;image du producteur et la conformit\u00e9 vis-\u00e0-vis des d\u00e9marches qualit\u00e9 en \u00e9levage,<\/li>\n<li>le respect des exigences r\u00e9glementaires (l\u00e9gislation sur les d\u00e9chets d&rsquo;activit\u00e9 de soins, r\u00e8glements sur les installations class\u00e9es, etc.).<\/li>\n<\/ul>\n<h3><span style=\"color: #2e85e8;\">Le principe du service de collecte propos\u00e9 par les GDS<\/span><\/h3>\n<p>La collecte fonctionne gr\u00e2ce aux fameuses \u00ab\u00a0poubelles jaunes\u00a0\u00bb.<\/p>\n<div><img loading=\"lazy\" class=\"alignnone wp-image-945\" src=\"http:\/\/gdsreseau3m.com\/wp-content\/uploads\/2018\/06\/principe.jpg\" alt=\"\" width=\"653\" height=\"605\" srcset=\"https:\/\/gdsreseau3m.com\/wp-content\/uploads\/2018\/06\/principe.jpg 704w, https:\/\/gdsreseau3m.com\/wp-content\/uploads\/2018\/06\/principe-300x278.jpg 300w\" sizes=\"(max-width: 653px) 100vw, 653px\" \/><\/div>\n<h3><span style=\"color: #2e85e8;\">Les r\u00e8gles du recyclage des d\u00e9chets de soins v\u00e9t\u00e9rinaires<\/span><\/h3>\n<h4><span style=\"color: #800080;\">\u2192 Ce qui va dans les \u00ab\u00a0poubelles jaunes\u00a0\u00bb du GDS <\/span><strong><br \/>\n<\/strong><\/h4>\n<ul>\n<li><strong>Les piquants, coupants et tranchants<\/strong> (aiguilles, lames, cath\u00e9ters, bistouris, scalpels, petites ampoules coupantes, etc.)\u00a0\u2192 <strong>petit container jaune<\/strong><\/li>\n<\/ul>\n<div>\u00a0\u00a0\u00a0\u00a0\u00a0\u00a0\u00a0\u00a0\u00a0 <img loading=\"lazy\" class=\"alignnone size-full wp-image-941\" src=\"http:\/\/gdsreseau3m.com\/wp-content\/uploads\/2018\/06\/Coupants_Dasri.jpg\" alt=\"\" width=\"300\" height=\"105\" \/><\/div>\n<ul>\n<li>Tous d\u00e9chets de soins \u00e0 risques tels que : <strong>sondes, tubulures, seringues<\/strong> (sans aiguille), <strong>compresses, pansements, etc<\/strong>.\u00a0\u2192 <strong>grand container jaune<\/strong><\/li>\n<\/ul>\n<div>\u00a0\u00a0\u00a0\u00a0\u00a0\u00a0\u00a0\u00a0\u00a0 <img loading=\"lazy\" class=\"alignnone size-full wp-image-943\" src=\"http:\/\/gdsreseau3m.com\/wp-content\/uploads\/2018\/06\/seringues_dasri.jpg\" alt=\"\" width=\"300\" height=\"99\" \/><\/div>\n<ul>\n<li>Et par principe de pr\u00e9caution les <strong>flacons vides et p\u00e9rim\u00e9s<\/strong> (vaccins, antibiotiques et m\u00e9dicaments p\u00e9rim\u00e9s) \u2192 <strong>grand container jaune<\/strong><\/li>\n<\/ul>\n<div>\u00a0\u00a0\u00a0\u00a0\u00a0\u00a0\u00a0\u00a0\u00a0 <img loading=\"lazy\" class=\"alignnone size-full wp-image-942\" src=\"http:\/\/gdsreseau3m.com\/wp-content\/uploads\/2018\/06\/flacons_dasri.jpg\" alt=\"\" width=\"300\" height=\"136\" \/><\/div>\n<div>\n<h4>\u2192 Ce qui ne va pas dans les poubelles jaunes du GDS<\/h4>\n<\/div>\n<ul>\n<li>Les contenants d&rsquo;antiparasitaires, r\u00e9hydratants, solut\u00e9s de perfusion, compl\u00e9ments nutritionnels, les gants de fouilles, blouses, combinaisons jetable, emballages, etc.\u00a0\u2192 d\u00e9chets m\u00e9nagers<\/li>\n<li>Les pi\u00e8ces anatomiques, a\u00e9rosols, contenants de solvants, instruments avec du mercure.<\/li>\n<\/ul>\n<h3><span style=\"color: #2e85e8;\">Toujours plus d&rsquo;\u00e9leveurs engag\u00e9s<\/span><\/h3>\n<blockquote><p><span style=\"color: #ff6600;\"><strong>Chaque ann\u00e9e, plus de 36 tonnes de d\u00e9chets sont d\u00e9truits de fa\u00e7on s\u00e9curis\u00e9e ! <\/strong><\/span><\/p>\n<p><span style=\"color: #ff6600;\"><strong>Au 30 juin 2021 : 2 808 cheptels engag\u00e9s, et vous ?<\/strong><\/span><\/p><\/blockquote>\n<ul>\n<li><a href=\"http:\/\/gdsreseau3m.com\/wp-content\/uploads\/2019\/04\/DASRI-54_protocole_eleveur_gds.pdf\"><strong>Je m\u2019engage avec le GDS 54<\/strong><\/a><\/li>\n<li><a href=\"http:\/\/gdsreseau3m.com\/wp-content\/uploads\/2019\/07\/55_2019_Engagement-\u00e9leveur-GDS.pdf\"><strong>Je m\u2019engage avec le GDS 55<\/strong><\/a><\/li>\n<li><a href=\"http:\/\/gdsreseau3m.com\/wp-content\/uploads\/2018\/06\/Engagement-DASRI-57.pdf\" target=\"_blank\" rel=\"noopener noreferrer\"><strong>Je m\u2019engage avec le GDS 57<\/strong><\/a><\/li>\n<\/ul>\n<div>\n<p>(tarifs sur les contrats d&rsquo;engagement ci-dessus)<\/p>\n<blockquote>\n<h4><b><i>Ensemble, trions responsablement les d\u00e9chets de soins d&rsquo;\u00e9levage !<\/i><\/b><\/h4>\n<\/blockquote>\n<\/div>\n<p>&nbsp;<\/p>\n<\/div>","protected":false},"excerpt":{"rendered":"<p>D\u00e9chets d&rsquo;\u00e9levageGamme sanitaireOutil informatique Gestion des d\u00e9chets d\u2019\u00e9levage Pourquoi recycler ses d\u00e9chets de soins Comme pour toute entreprise, l&rsquo;agriculteur est responsable des d\u00e9chets produits sur son exploitation. Les d\u00e9chets de soins, comme les flacons de m\u00e9dicaments vides ou les seringues et aiguilles usag\u00e9es, sont consid\u00e9r\u00e9s comme d\u00e9chets \u00e0 risques infectieux (DASRI) et doivent \u00eatre \u00e9limin\u00e9s [&hellip;]<\/p>\n","protected":false},"author":1,"featured_media":0,"parent":0,"menu_order":0,"comment_status":"closed","ping_status":"closed","template":"","meta":[],"_links":{"self":[{"href":"https:\/\/gdsreseau3m.com\/index.php?rest_route=\/wp\/v2\/pages\/512"}],"collection":[{"href":"https:\/\/gdsreseau3m.com\/index.php?rest_route=\/wp\/v2\/pages"}],"about":[{"href":"https:\/\/gdsreseau3m.com\/index.php?rest_route=\/wp\/v2\/types\/page"}],"author":[{"embeddable":true,"href":"https:\/\/gdsreseau3m.com\/index.php?rest_route=\/wp\/v2\/users\/1"}],"replies":[{"embeddable":true,"href":"https:\/\/gdsreseau3m.com\/index.php?rest_route=%2Fwp%2Fv2%2Fcomments&post=512"}],"version-history":[{"count":24,"href":"https:\/\/gdsreseau3m.com\/index.php?rest_route=\/wp\/v2\/pages\/512\/revisions"}],"predecessor-version":[{"id":6179,"href":"https:\/\/gdsreseau3m.com\/index.php?rest_route=\/wp\/v2\/pages\/512\/revisions\/6179"}],"wp:attachment":[{"href":"https:\/\/gdsreseau3m.com\/index.php?rest_route=%2Fwp%2Fv2%2Fmedia&parent=512"}],"curies":[{"name":"wp","href":"https:\/\/api.w.org\/{rel}","templated":true}]}}