{"id":460,"date":"2018-06-18T11:16:53","date_gmt":"2018-06-18T09:16:53","guid":{"rendered":"http:\/\/gdsreseau3m.com\/?page_id=460"},"modified":"2025-04-29T08:51:35","modified_gmt":"2025-04-29T06:51:35","slug":"bovins-ecoantibio","status":"publish","type":"page","link":"https:\/\/gdsreseau3m.com\/?page_id=460","title":{"rendered":"Bovins &#8211; Ecoantibio &#8211; Qu&rsquo;est ce que l&rsquo;antibior\u00e9sistance"},"content":{"rendered":"<div class=\"mpl-content-wrap\"><h6><img loading=\"lazy\" class=\"alignnone wp-image-333\" src=\"http:\/\/gdsreseau3m.com\/wp-content\/uploads\/2018\/06\/treffleMenu.png\" alt=\"\" width=\"23\" height=\"22\" \/><a href=\"http:\/\/gdsreseau3m.com\/?page_id=460\">Qu&rsquo;est ce que l&rsquo;antibior\u00e9sistance<\/a>\u00a0<img loading=\"lazy\" class=\"alignnone wp-image-333\" src=\"http:\/\/gdsreseau3m.com\/wp-content\/uploads\/2018\/06\/treffleMenu.png\" alt=\"\" width=\"23\" height=\"22\" \/><a href=\"http:\/\/gdsreseau3m.com\/?page_id=1564\">R\u00e9glementation<\/a>\u00a0<img loading=\"lazy\" class=\"alignnone wp-image-333\" src=\"http:\/\/gdsreseau3m.com\/wp-content\/uploads\/2018\/06\/treffleMenu.png\" alt=\"\" width=\"23\" height=\"22\" \/><a href=\"http:\/\/gdsreseau3m.com\/?page_id=1566\">Situation locale<\/a>\u00a0<img loading=\"lazy\" class=\"alignnone wp-image-333\" src=\"http:\/\/gdsreseau3m.com\/wp-content\/uploads\/2018\/06\/treffleMenu.png\" alt=\"\" width=\"23\" height=\"22\" \/><a href=\"http:\/\/gdsreseau3m.com\/?page_id=1568\">Et concr\u00e8tement ?<\/a><\/h6>\n<h6><\/h6>\n<h1>Qu&rsquo;est ce que l&rsquo;antibior\u00e9sistance ?<\/h1>\n<h4><span style=\"color: #ff6600;\">L&rsquo;antibior\u00e9sistance, une d\u00e9fense naturelle des bact\u00e9ries qui met en p\u00e9ril l&rsquo;usage des antibiotiques<\/span><\/h4>\n<div>\n<div><b><span style=\"color: #131413;\"><img loading=\"lazy\" class=\"size-full wp-image-1585 alignleft\" src=\"http:\/\/gdsreseau3m.com\/wp-content\/uploads\/2018\/06\/Antibio2_generique2.png\" alt=\"\" width=\"212\" height=\"300\" \/>La lutte contre les antibior\u00e9sistances est un enjeux majeur de sant\u00e9 animale comme de sant\u00e9 humaine. En effet, l<\/span><\/b><b><span style=\"color: #131413;\">&lsquo;apparition de plus en plus fr\u00e9quente de r\u00e9sistances \u00e0 un antibiotique a pour cons\u00e9quence d&rsquo;affaiblir l&rsquo;efficacit\u00e9 de l&rsquo;arsenal th\u00e9rapeutique des traitements humains et animaux.\u00a0 Ce sont les m\u00eame mol\u00e9cules pour soigner hommes, animaux domestiques, animaux de rente, &#8230; donc les m\u00eames r\u00e9sistances. <\/span><\/b><\/div>\n<div>Face \u00e0 ce constant alarmant, les diff\u00e9rentes institutions de sant\u00e9 europ\u00e9ennes et mondiales se mobilisent aupr\u00e8s de tous les acteurs de la sant\u00e9 humaine et animale, et mettent en place des plans d&rsquo;action visant \u00e0 r\u00e9duire l&rsquo;utilisation des antibiotiques et \u00e0 diffuser les bonnes pratiques de prescription et d&rsquo;administration.<\/div>\n<div><span style=\"color: #ff6600;\"><b>\u00ab\u00a0Traitons moins &#8211; Traitons mieux\u00a0\u00bb<\/b><\/span><\/div>\n<div>\n<h3><span style=\"color: #333333;\">L&rsquo;antibior\u00e9sistance, qu&rsquo;est-ce que c&rsquo;est ?<\/span><\/h3>\n<\/div>\n<\/div>\n<p>Un ph\u00e9nom\u00e8ne de r\u00e9sistance aux antibiotiques* de certaines bact\u00e9ries. L&rsquo;antibiotique est moins, voir plus du tout, efficace pour soigner un \u00eatre vivant atteint d&rsquo;une pathologie infectieuse d&rsquo;origine bact\u00e9rienne.<br \/>\n<i>*Un antibiotique est une substance naturelle ou synth\u00e9tique sp\u00e9cifiquement utilis\u00e9e contre le d\u00e9veloppement de bact\u00e9ries. Il a la capacit\u00e9 soit de stopper la multiplication bact\u00e9rienne (bact\u00e9riostatique) soit de d\u00e9truire les bact\u00e9ries (bact\u00e9ricide). <\/i><\/p>\n<h3><span style=\"color: #333333;\">Comment une bact\u00e9rie devient-elle r\u00e9sistante ?<\/span><\/h3>\n<p>Toute utilisation d&rsquo;antibiotique engendre une pression environnementale favorable \u00e0 la s\u00e9lection et au d\u00e9veloppement de bact\u00e9ries moins sensibles ou r\u00e9sistantes. Ces derni\u00e8res vont donc persister et se multiplier pour devenir pr\u00e9pond\u00e9rantes par rapport aux bact\u00e9ries non r\u00e9sistantes. C&rsquo;est la s\u00e9lection naturelle.<\/p>\n<p><u>Une bact\u00e9rie acquiert une r\u00e9sistance de 2 fa\u00e7ons :<\/u><\/p>\n<div>\n<ul>\n<li><span style=\"color: #008000;\"><b>Naturelle<\/b> <\/span>: les bact\u00e9ries d&rsquo;une esp\u00e8ce poss\u00e8dent au sein de leur patrimoine g\u00e9n\u00e9tique des s\u00e9quences d&rsquo;ADN conf\u00e9rant un caract\u00e8re de r\u00e9sistance aux antibiotiques. La r\u00e9sistance est alors stable au sein de l&rsquo;esp\u00e8ce et se transmet \u00e0 la descendance de fa\u00e7on h\u00e9r\u00e9ditaire<\/li>\n<li><span style=\"color: #008000;\"><b>Acquise <\/b><\/span>: concerne plusieurs bact\u00e9ries d&rsquo;une esp\u00e8ce. L&rsquo;acquisition du caract\u00e8re de r\u00e9sistance est d\u00fb soit par une mutation chromosomique de la bact\u00e9rie soit par une mutation extra-chromosomique via les plasmides <i>(s\u00e9quence d&rsquo;ADN ind\u00e9pendant et mobile transf\u00e9rable entre bact\u00e9ries appartenant ou non \u00e0 la m\u00eame esp\u00e8ce).<\/i><\/li>\n<\/ul>\n<\/div>\n<p>La mutation extra-chromosomique se caract\u00e9rise par des transferts horizontaux (<span style=\"color: #56b74f;\"><a style=\"color: #56b74f;\" href=\"http:\/\/gdsreseau3m.com\/wp-content\/uploads\/2018\/06\/1499947484_Annexe_acticle_1_-_schemas.pdf\" target=\"_blank\" rel=\"noopener\">cliquez ici pour voir les sch\u00e9mas<\/a><\/span>).<\/p>\n<p>Les transferts horizontaux sont \u00e0 l&rsquo;origine de la diss\u00e9mination importante de la r\u00e9sistance au sein des populations bact\u00e9riennes : les \u00e9changes de ces g\u00e8nes de r\u00e9sistance port\u00e9s par les plasmides se r\u00e9alisent entre les bact\u00e9ries pathog\u00e8nes mais \u00e9galement avec et entre les bact\u00e9ries commensales et de l&rsquo;environnement.<b> Il n&rsquo;y a pas de fronti\u00e8re entre humains, animaux et environnement !<\/b><b>\u00a0<\/b><\/p>\n<h3><span style=\"color: #333333;\">Comment de l&rsquo;antibior\u00e9sistance apparait-elle dans nos \u00e9levages ?<\/span><\/h3>\n<div>\n<p><b>L&rsquo;utilisation massive et r\u00e9p\u00e9t\u00e9e des antibiotiques a conduit \u00e0 l&rsquo;apparition d&rsquo;antibior\u00e9sistance chez les bact\u00e9rie<\/b><strong>s<\/strong>. Toute utilisation d&rsquo;antibiotiques engendre une pression sur les bact\u00e9ries pour la s\u00e9lection des moins sensibles. Ponctuels au d\u00e9part, les cas de r\u00e9sistances des bact\u00e9ries face \u00e0 certains traitements sont devenus pr\u00e9occupants surtout que, depuis 1987, aucune nouvelle mol\u00e9cule n&rsquo;a \u00e9t\u00e9 cr\u00e9\u00e9e et qu&rsquo;en parall\u00e8le la surconsommation des antibiotiques, notamment dans les \u00e9levages d&rsquo;animaux de rente et apr\u00e8s des animaux de compagnie, favorise et acc\u00e9l\u00e8rent les processus d&rsquo;apparition d&rsquo;antibior\u00e9sistance dans les \u00e9levages.<\/p>\n<\/div>\n<h3><span style=\"color: #333333;\">Quels sont les enjeux li\u00e9s \u00e0 l&rsquo;antibior\u00e9sistance ?<\/span><\/h3>\n<div>\n<div>La surconsommation d&rsquo;antibiotiques est responsable de l&rsquo;augmentation de l&rsquo;\u00e9mergence de r\u00e9sistances bact\u00e9riennes aux antibiotiques<b> faisant craindre des impasses th\u00e9rapeutiques de plus en plus fr\u00e9quentes que ce soit en m\u00e9decine humaine ou animale.<\/b> En effet, n&rsquo;existant pas de fronti\u00e8re entre humains, animaux et environnement pour les transferts de r\u00e9sistances entre bact\u00e9ries, notre propre sant\u00e9 mais aussi celle des animaux d&rsquo;\u00e9levage est menac\u00e9e et des maladies infectieuses pourront \u00e0 nouveaux tuer par manque de traitements efficaces.<\/div>\n<div>\n<h3>Quelques chiffres de l&rsquo;OMS*et du minist\u00e8re de la sant\u00e9 et de l&rsquo;agriculture<\/h3>\n<blockquote><p>\u00ab En France, 158 000 patients hospitalis\u00e9s pr\u00e9sentent des cas d&rsquo;antibior\u00e9sistance dont 12 500 patients qui meurent suite \u00e0 une infection bact\u00e9rienne. \u00bb<br \/>\n\u00ab Dans l&rsquo;ensemble de l&rsquo;Union Europ\u00e9enne, c&rsquo;est 25 000 d\u00e9c\u00e8s par an, et dans le monde, c&rsquo;est 700 000 d\u00e9c\u00e8s\u2026 \u00bb<br \/>\n\u00ab Si aucune mesure n&rsquo;est mise en place : 10 millions de d\u00e9c\u00e8s sont pr\u00e9vus en 2050. \u00bb<i><br \/>\n<\/i><i><br \/>\n<\/i><em>*OMS = Organisation Mondiale de la Sant\u00e9<\/em><\/p><\/blockquote>\n<\/div>\n<h3>Voir le diaporama complet sur l\u2019antibior\u00e9sistance pour en savoir plus (clic sur image)<\/h3>\n<p><a href=\"http:\/\/gdsreseau3m.com\/wp-content\/uploads\/2018\/07\/Diaporama-sensibilisation-ANTIBIORESISTANCE_27082014.pdf\" target=\"_blank\" rel=\"noopener\"><img loading=\"lazy\" class=\"alignnone wp-image-3168\" src=\"http:\/\/gdsreseau3m.com\/wp-content\/uploads\/2018\/07\/gds3m_illustration-diapo-antibioresistance.gif\" alt=\"\" width=\"455\" height=\"342\" \/><\/a><\/p>\n<p>&nbsp;<\/p>\n<h2 style=\"text-align: center;\"><span style=\"color: #cf4040;\">La lutte contre l&rsquo;antibior\u00e9sistance est un enjeu mondial de sant\u00e9 animale et humaine !<\/span><\/h2>\n<p>&nbsp;<\/p>\n<p style=\"text-align: center;\"><i><img loading=\"lazy\" class=\"size-full wp-image-1590 aligncenter\" src=\"http:\/\/gdsreseau3m.com\/wp-content\/uploads\/2018\/06\/Affiche-ministere-sante-francais.jpg\" alt=\"\" width=\"667\" height=\"300\" srcset=\"https:\/\/gdsreseau3m.com\/wp-content\/uploads\/2018\/06\/Affiche-ministere-sante-francais.jpg 667w, https:\/\/gdsreseau3m.com\/wp-content\/uploads\/2018\/06\/Affiche-ministere-sante-francais-300x135.jpg 300w\" sizes=\"(max-width: 667px) 100vw, 667px\" \/><\/i><i>Affiches de sensibilisation du Minist\u00e8re de la Sant\u00e9 fran\u00e7ais<\/i><\/p>\n<\/div>\n<\/div>","protected":false},"excerpt":{"rendered":"<p>Qu&rsquo;est ce que l&rsquo;antibior\u00e9sistance\u00a0R\u00e9glementation\u00a0Situation locale\u00a0Et concr\u00e8tement ? Qu&rsquo;est ce que l&rsquo;antibior\u00e9sistance ? L&rsquo;antibior\u00e9sistance, une d\u00e9fense naturelle des bact\u00e9ries qui met en p\u00e9ril l&rsquo;usage des antibiotiques La lutte contre les antibior\u00e9sistances est un enjeux majeur de sant\u00e9 animale comme de sant\u00e9 humaine. En effet, l&lsquo;apparition de plus en plus fr\u00e9quente de r\u00e9sistances \u00e0 un antibiotique a [&hellip;]<\/p>\n","protected":false},"author":1,"featured_media":0,"parent":0,"menu_order":0,"comment_status":"closed","ping_status":"closed","template":"","meta":[],"_links":{"self":[{"href":"https:\/\/gdsreseau3m.com\/index.php?rest_route=\/wp\/v2\/pages\/460"}],"collection":[{"href":"https:\/\/gdsreseau3m.com\/index.php?rest_route=\/wp\/v2\/pages"}],"about":[{"href":"https:\/\/gdsreseau3m.com\/index.php?rest_route=\/wp\/v2\/types\/page"}],"author":[{"embeddable":true,"href":"https:\/\/gdsreseau3m.com\/index.php?rest_route=\/wp\/v2\/users\/1"}],"replies":[{"embeddable":true,"href":"https:\/\/gdsreseau3m.com\/index.php?rest_route=%2Fwp%2Fv2%2Fcomments&post=460"}],"version-history":[{"count":23,"href":"https:\/\/gdsreseau3m.com\/index.php?rest_route=\/wp\/v2\/pages\/460\/revisions"}],"predecessor-version":[{"id":7227,"href":"https:\/\/gdsreseau3m.com\/index.php?rest_route=\/wp\/v2\/pages\/460\/revisions\/7227"}],"wp:attachment":[{"href":"https:\/\/gdsreseau3m.com\/index.php?rest_route=%2Fwp%2Fv2%2Fmedia&parent=460"}],"curies":[{"name":"wp","href":"https:\/\/api.w.org\/{rel}","templated":true}]}}