{"id":454,"date":"2018-06-18T11:16:21","date_gmt":"2018-06-18T09:16:21","guid":{"rendered":"http:\/\/gdsreseau3m.com\/?page_id=454"},"modified":"2024-02-26T17:20:23","modified_gmt":"2024-02-26T16:20:23","slug":"bovins-information-et-reglementation","status":"publish","type":"page","link":"https:\/\/gdsreseau3m.com\/?page_id=454","title":{"rendered":"Bovins &#8211; Information et r\u00e9glementation &#8211; Achat-vente"},"content":{"rendered":"<div class=\"mpl-content-wrap\"><h6><a href=\"http:\/\/gdsreseau3m.com\/?page_id=304\"><img loading=\"lazy\" class=\"alignnone wp-image-333\" src=\"http:\/\/gdsreseau3m.com\/wp-content\/uploads\/2018\/06\/treffleMenu.png\" alt=\"\" width=\"23\" height=\"22\" \/><\/a><a href=\"http:\/\/gdsreseau3m.com\/?page_id=454\">Achat\/vente<\/a><img loading=\"lazy\" class=\"alignnone wp-image-333\" src=\"http:\/\/gdsreseau3m.com\/wp-content\/uploads\/2018\/06\/treffleMenu.png\" alt=\"\" width=\"23\" height=\"22\" \/><a href=\"http:\/\/gdsreseau3m.com\/?page_id=1468\">La prophylaxie<\/a><img loading=\"lazy\" class=\"alignnone wp-image-333\" src=\"http:\/\/gdsreseau3m.com\/wp-content\/uploads\/2018\/06\/treffleMenu.png\" alt=\"\" width=\"23\" height=\"22\" \/><a href=\"http:\/\/gdsreseau3m.com\/?page_id=1473\">Registre d&rsquo;\u00e9levage et carnet sanitaire<\/a><img loading=\"lazy\" class=\"alignnone wp-image-333\" src=\"http:\/\/gdsreseau3m.com\/wp-content\/uploads\/2018\/06\/treffleMenu.png\" alt=\"\" width=\"23\" height=\"22\" \/><a href=\"http:\/\/gdsreseau3m.com\/?page_id=1475\">Bios\u00e9curit\u00e9<\/a><img loading=\"lazy\" class=\"alignnone wp-image-333\" src=\"http:\/\/gdsreseau3m.com\/wp-content\/uploads\/2018\/06\/treffleMenu.png\" alt=\"\" width=\"23\" height=\"22\" \/><a href=\"http:\/\/gdsreseau3m.com\/?page_id=1477\">Transmission des ICA<\/a><\/h6>\n<h1><img loading=\"lazy\" class=\"alignnone wp-image-749 \" src=\"http:\/\/gdsreseau3m.com\/wp-content\/uploads\/2018\/06\/Bovins1.png\" alt=\"\" width=\"51\" height=\"38\" \/> <span style=\"color: #56b74f;\">Achat-vente<\/span><\/h1>\n<h3><span style=\"color: #56b74f;\">S\u00e9curiser ses achats &#8211; Garantir ses ventes<\/span><\/h3>\n<p>Lors de l&rsquo;introduction de bovins, diff\u00e9rentes \u00e9tapes doivent r\u00e9alis\u00e9es dans leur int\u00e9gralit\u00e9 afin de ne pas hypoth\u00e9quer l&rsquo;avenir de son \u00e9levage par une omission qui peut sembler mineure mais s&rsquo;av\u00e9rer catastrophique.<b><br \/>\n<\/b><\/p>\n<div>\n<blockquote>\n<div><span style=\"color: #ff6600;\"><b>Ne vendez pas un animal que vous n&rsquo;ach\u00e8teriez pas ! <\/b><\/span><span style=\"color: #ff9d00;\"><br \/>\n<\/span><\/div>\n<\/blockquote>\n<h3><span style=\"color: #56b74f;\">Quels risques sanitaires ?\u00a0<\/span><\/h3>\n<div>L&rsquo;achat de bovins est un facteur de risque important d&rsquo;introduction de maladies dans l&rsquo;\u00e9levage :<\/div>\n<div>\n<ul>\n<li><b>Bact\u00e9ries <\/b>: paratuberculose, pathologies respiratoires, Mortellaro, etc.<\/li>\n<li><b>Virus <\/b>: IBR, BVD, RS, IP3,<\/li>\n<li><b>Parasites &#8230;<br \/>\n<\/b><\/li>\n<\/ul>\n<p>&nbsp;<\/p>\n<\/div>\n<h3><span style=\"color: #56b74f;\">Quelles mesures de s\u00e9curit\u00e9 appliquer ?<\/span><\/h3>\n<p><span style=\"color: #800080;\"><b>1 &#8211; Statut du cheptel vendeur = exigez des garanties ! <\/b><\/span>Cheptel Indemne d&rsquo;IBR (figurant sur la carte verte), garantie paratuberculose, bovin NON-IPI, \u2026<\/p>\n<ul>\n<li>Consulter la liste des <span style=\"color: #333333;\"><b><a style=\"color: #333333;\" href=\"https:\/\/www.sante-animale.com\/\" target=\"_blank\" rel=\"noopener noreferrer\">\u00e9levages fran\u00e7ais Indemnes d&rsquo;IBR<\/a><\/b><\/span><\/li>\n<li>Consulter la liste des \u00e9levages de la zone Alsace-Lorraine en <strong>garantie paratuberculose<\/strong> sur <span style=\"color: #308562;\"><b>Estelevage <\/b><\/span>\/ <span style=\"color: #308562;\"><b>Estelevage Essentiel <\/b><\/span><span style=\"color: #308562;\"><span style=\"color: #0e0f0e;\">\/<\/span><\/span><span style=\"color: #308562;\"><b>Sanitaire <\/b><\/span>\/ <span style=\"color: #30854e;\"><b><span style=\"color: #308553;\"><span style=\"color: #308558;\"><span style=\"color: #30855a;\"><span style=\"color: #308562;\">Garantie paratuberculose <\/span><\/span><\/span><\/span><\/b><\/span><\/li>\n<li><span style=\"color: #30854e;\"><span style=\"color: #0e0f0e;\">Demander la preuve de l&rsquo;attestation <strong>NON-IPI<\/strong> du bovin sur <\/span><b><span style=\"color: #308553;\"><span style=\"color: #308558;\"><span style=\"color: #30855a;\"><span style=\"color: #308562;\">Estelevage <\/span><\/span><\/span><\/span><\/b><span style=\"color: #111211;\">(du vendeur)<\/span><b><span style=\"color: #308553;\"><span style=\"color: #308558;\"><span style=\"color: #30855a;\"><span style=\"color: #308562;\"> \/ Estelevage <\/span><\/span><\/span><\/span><\/b><\/span><span style=\"color: #30854e;\"><b><span style=\"color: #308553;\"><span style=\"color: #308558;\"><span style=\"color: #30855a;\"><span style=\"color: #308562;\">Essentiel <span style=\"color: #0e0f0e;\">\/<\/span> Sanitaire \/ Suivi des protocoles <\/span><\/span><\/span><\/span><\/b><\/span><span style=\"color: #30854e;\"><b><span style=\"color: #308553;\"><span style=\"color: #308558;\"><span style=\"color: #30855a;\"><span style=\"color: #308562;\">sanitaires \/ animaux marqu\u00e9s<br \/>\n<\/span><\/span><\/span><\/span><\/b><\/span><\/li>\n<\/ul>\n<p><span style=\"color: #800080;\"><b>2 &#8211; Conditions de transport <\/b>: <\/span>privil\u00e9giez le <strong>transport direct<\/strong> de chez le vendeur \u00e0 chez l&rsquo;acheteur <i>(= pas de m\u00e9lange avec d&rsquo;autres animaux au statut inconnu, pas de passage par un centre de rassemblement) <\/i><\/p>\n<p style=\"padding-left: 40px;\"><span style=\"color: #56b74f;\">\u2192 Voir l&rsquo;article : <strong><a style=\"color: #56b74f;\" href=\"http:\/\/gdsreseau3m.com\/wp-content\/uploads\/2018\/06\/Artilcle_de_Presse_Contamination_IBR_par_un_delai_de_transit_long.pdf\" target=\"_blank\" rel=\"noopener noreferrer\">\u00ab\u00a0S\u00e9curiser le transit des bovins\u00a0\u00bb<\/a><\/strong><\/span><\/p>\n<p><span style=\"color: #800080;\"><strong>3 &#8211; V\u00e9rifiez la bonne identification du bovin et l&rsquo;ad\u00e9quation avec ses documents<\/strong><\/span> : pr\u00e9sence des deux boucles d&rsquo;identification identiques, pr\u00e9sence du passeport (carte rose) et de l&rsquo;ASDA (carte verte), ad\u00e9quation des num\u00e9ros d&rsquo;identification entre ces documents et les boucles, race sexe \u00e2ge conformes, &#8230; Pour l&rsquo;ASDA, v\u00e9rifiez la date de d\u00e9part de l&rsquo;\u00e9levage de provenance et la pr\u00e9sence de la signature du pr\u00e9c\u00e9dent d\u00e9tenteur. L&rsquo;ASDA sign\u00e9e est valable 30 jours \u00e0 compter du d\u00e9part du bovin. Le bovin n&rsquo;entre dans votre exploitation que si ces \u00e9l\u00e9ments sont conformes.<br \/>\n<span style=\"color: #800080;\"><b><br \/>\n4 &#8211; Isolement du bovin introduit <\/b>:<\/span> le bovin introduit est isol\u00e9 jusqu&rsquo;\u00e0 obtention des r\u00e9sultats favorables des analyses d&rsquo;introduction. L&rsquo;isolement signifie que ce bovin ne pourra \u00eatre en contact avec les autres bovins de l&rsquo;exploitation. Cet \u00e9l\u00e9ment se r\u00e9v\u00e8le essentiel pour limiter la contamination du cheptel par de nouvelles pathologies.<\/p>\n<p style=\"padding-left: 40px;\"><span style=\"color: #56b74f;\">\u2192 Voir l&rsquo;article : <strong><a style=\"color: #56b74f;\" href=\"http:\/\/gdsreseau3m.com\/wp-content\/uploads\/2018\/06\/Article_de_presse_Quarantaine_a_l__achat.pdf\" target=\"_blank\" rel=\"noopener noreferrer\">\u00ab\u00a0Quarantaine \u00e0 l&rsquo;introduction = cl\u00e9 de voute de la s\u00e9curit\u00e9 sanitaire\u00a0\u00bb\u00a0 <\/a><\/strong><\/span><\/p>\n<p><span style=\"color: #800080;\"><b>5 <\/b>&#8211; <b>D\u00e9pistages \u00e0 r\u00e9aliser \u00e0 l&rsquo;introduction :<\/b><\/span><\/p>\n<\/div>\n<table width=\"772\">\n<tbody>\n<tr>\n<td width=\"118\"><strong>PATHOLOGIE<\/strong><\/td>\n<td width=\"149\"><strong>INTERVENTION<\/strong><\/td>\n<td width=\"139\"><strong>ANALYSE<\/strong><\/td>\n<td width=\"141\"><strong>AGE DU BOVIN<\/strong><\/td>\n<td width=\"213\"><strong>COMMENTAIRES<\/strong><\/td>\n<\/tr>\n<tr>\n<td width=\"118\"><strong>\u00a0<span style=\"color: #008000;\">Brucellose<\/span> <\/strong><\/td>\n<td width=\"149\">Prise de sang<\/td>\n<td width=\"139\">S\u00e9rologie<\/td>\n<td width=\"141\">Si bovin + 24 mois<\/td>\n<td width=\"213\"><span style=\"color: #ff0000;\"><strong>D\u00e9pistage obligatoire <\/strong>si d\u00e9lai de transit &gt; 6 jours<\/span><\/td>\n<\/tr>\n<tr>\n<td width=\"118\"><span style=\"color: #008000;\"><strong>\u00a0IBR<\/strong><\/span><\/td>\n<td width=\"149\">Prise de sang<\/td>\n<td width=\"139\">S\u00e9rologie<\/td>\n<td width=\"141\">Tout bovin quel que soit son \u00e2ge<\/td>\n<td width=\"213\"><span style=\"color: #ff0000;\"><strong>D\u00e9pistage obligatoire<\/strong><\/span><\/p>\n<p><span style=\"color: #ff6600;\"><strong>\u00c0 r\u00e9aliser entre 15 et 30 jours apr\u00e8s introduction<\/strong><\/span><\/p>\n<p><em>D\u00e9rogation possible sous conditions (voir ci-dessous) <\/em><\/p>\n<p>Une prise de sang suppl\u00e9mentaire est demand\u00e9e avant le d\u00e9part du bovin s\u2019il est issu d\u2019un \u00e9levage non certifi\u00e9 en IBR.<\/td>\n<\/tr>\n<tr>\n<td width=\"118\"><span style=\"color: #008000;\"><strong>\u00a0BVD<\/strong><\/span><\/td>\n<td width=\"149\">Prise de sang<\/td>\n<td width=\"139\">Virologie<\/td>\n<td width=\"141\">Tout bovin quel que soit son \u00e2ge<\/td>\n<td width=\"213\"><span style=\"color: #ff0000;\"><strong>D\u00e9pistage obligatoire<\/strong><\/span> si pas de statut \u00ab\u00a0NON-IPI\u00a0\u00bb connu<\/p>\n<p>Une prise de sang suppl\u00e9mentaire est demand\u00e9e avant le d\u00e9part du bovin s\u2019il est issu d\u2019un \u00e9levage en plan de lutte BVD<\/td>\n<\/tr>\n<tr>\n<td width=\"118\"><strong>\u00a0<span style=\"color: #008000;\">Paratuberculose<\/span><\/strong><\/td>\n<td width=\"149\">Prise de sang + Prise de bouse<\/td>\n<td width=\"139\">S\u00e9rologie + PCR<\/td>\n<td width=\"141\">Si bovin + 18 mois destin\u00e9s \u00e0 la reproduction &#x2640; ou &#x2642;<\/td>\n<td width=\"213\"><strong>D\u00e9pistage volontaire<\/strong><\/p>\n<p><span style=\"color: #ff0000;\">Recommand\u00e9 pour les bovins destin\u00e9s \u00e0 la reproduction.<\/span><\/td>\n<\/tr>\n<tr>\n<td width=\"118\"><span style=\"color: #008000;\"><strong>N\u00e9osporose et Fi\u00e8vre Q<\/strong><\/span><\/td>\n<td width=\"149\">Prise de sang<\/td>\n<td width=\"139\">S\u00e9rologie<\/td>\n<td width=\"141\">Femelles reproductrices ou futures reproductrices quel que soit l\u2019\u00e2ge<\/td>\n<td width=\"213\"><strong>D\u00e9pistage volontaire<\/strong><\/p>\n<p><span style=\"color: #ff0000;\">Recommand\u00e9 pour les bovins destin\u00e9s \u00e0 la reproduction.<\/span><\/td>\n<\/tr>\n<tr>\n<td width=\"118\"><span style=\"color: #008000;\">\u00a0<strong>Besnoitiose<\/strong><\/span><\/td>\n<td width=\"149\">Prise de sang<\/td>\n<td width=\"139\">S\u00e9rologie<\/td>\n<td width=\"141\">Tout bovin &#x2640; ou &#x2642; quel que soit son \u00e2ge<\/td>\n<td width=\"213\"><strong>D\u00e9pistage volontaire<\/strong><\/p>\n<p><span style=\"color: #ff0000;\">Recommand\u00e9 pour les bovins destin\u00e9s \u00e0 la reproduction.<\/span><\/p>\n<p>Certains departements de la zone 3M appliquent le d\u00e9pistage en syst\u00e9matique pour l&rsquo;introduction de bovins jug\u00e9e \u00e0 risque.<\/td>\n<\/tr>\n<\/tbody>\n<\/table>\n<div><\/div>\n<div>\n<p><span style=\"color: #800080;\"><b>6 &#8211;<\/b> <b>Gestion des r\u00e9sultats non n\u00e9gatifs <\/b>:<\/span> prenez rapidement contact votre v\u00e9t\u00e9rinaire ou votre GDS afin de d\u00e9terminer les actions \u00e0 mettre en place (analyses compl\u00e9mentaires, retour de l&rsquo;animal, ..). L&rsquo;animal doit rester isol\u00e9.<\/p>\n<blockquote><p><span style=\"color: #ff6600;\"><strong>\u2192 <a style=\"color: #ff6600;\" href=\"http:\/\/gdsreseau3m.com\/wp-content\/uploads\/2021\/12\/BILLET-DE-GARANTIE-CONVENTIONNELLE-v2019_sitegds3m.pdf\" target=\"_blank\" rel=\"noopener noreferrer\"><img loading=\"lazy\" class=\"wp-image-1277 size-full alignright\" src=\"http:\/\/gdsreseau3m.com\/wp-content\/uploads\/2018\/06\/F3M_Billet_de_garantie_conventionnelle-icon.png\" alt=\"\" width=\"151\" height=\"109\" srcset=\"https:\/\/gdsreseau3m.com\/wp-content\/uploads\/2018\/06\/F3M_Billet_de_garantie_conventionnelle-icon.png 151w, https:\/\/gdsreseau3m.com\/wp-content\/uploads\/2018\/06\/F3M_Billet_de_garantie_conventionnelle-icon-150x109.png 150w\" sizes=\"(max-width: 151px) 100vw, 151px\" \/><\/a>Remplissez un <a style=\"color: #ff6600;\" href=\"http:\/\/gdsreseau3m.com\/wp-content\/uploads\/2021\/12\/BILLET-DE-GARANTIE-CONVENTIONNELLE-v2019_sitegds3m.pdf\" target=\"_blank\" rel=\"noopener noreferrer\">billet de garantie conventionnelle<\/a><\/strong> <\/span>avant la vente afin de pouvoir retourner un animal d\u00e9pist\u00e9 non n\u00e9gatif vis-\u00e0-vis de maladie non r\u00e9glement\u00e9es<\/p><\/blockquote>\n<p>&nbsp;<\/p>\n<\/div>\n<div>\n<h3><span style=\"color: #56b74f;\">D\u00e9rogation aux contr\u00f4les d&rsquo;introductions : les conditions d&rsquo;accord<\/span><\/h3>\n<\/div>\n<div>La d\u00e9rogation aux contr\u00f4les d&rsquo;introduction IBR est possible lors d&rsquo;achat de bovins entre \u00e9leveurs, du m\u00eame d\u00e9partement ou non. C\u2019est votre GDS qui accorde cette d\u00e9rogation, il doit donc \u00eatre contact\u00e9 par les \u00e9leveurs avant toute op\u00e9ration.<\/div>\n<h4>Les conditions :<\/h4>\n<div>\n<blockquote>\n<ul>\n<li>IBR : le cheptel vendeur doit \u00eatre certifi\u00e9 <b>\u00ab\u00a0Indemne IBR\u00a0\u00bb,<\/b><\/li>\n<li>Transport : le transport doit \u00ea<strong>tre direct et effectu\u00e9 par l&rsquo;acheteur ou le vendeur <\/strong>(camionnette, b\u00e9taill\u00e8re, &#8230;),<\/li>\n<li>BVD : les animaux doivent \u00eatre obligatoirement connus <b>\u00ab\u00a0NON-IPI\u00a0\u00bb en BVD <\/b>avant l&rsquo;op\u00e9ration,<\/li>\n<li>Attestation : un document de demande de d\u00e9rogation est \u00e0 renvoyer au GDS <b>dans les 15 jours qui suivent le mouvement<\/b>, rempli et sign\u00e9 par les deux parties et accompagn\u00e9 des cartes vertes elles aussi sign\u00e9es par les deux parties (recto et verso).<\/li>\n<li>V\u00e9rification et accord : Le GDS v\u00e9rifie que l\u2019ensemble des conditions sont respect\u00e9es et si oui, accorde la d\u00e9rogation = l\u2019\u00e9leveur acheteur n\u2019a donc pas \u00e0 faire faire les prises de sang IBR et BVD \u00e0 l\u2019introduction.<\/li>\n<\/ul>\n<p><strong>Votre GDS doit \u00eatre pr\u00e9venu avant l&rsquo;op\u00e9ration<\/strong> afin de v\u00e9rifier les statuts des animaux et d\u00e9livrer le document \u00e0 compl\u00e9ter. Pour tout renseignement compl\u00e9mentaires, <a href=\"http:\/\/gdsreseau3m.com\/?page_id=211\" target=\"_self\" rel=\"noopener noreferrer\">contactez votre GDS<\/a><\/p><\/blockquote>\n<p><strong>\u2192 Sp\u00e9cifique Meuse<\/strong> : t\u00e9l\u00e9charger ici le bulletin de <a href=\"http:\/\/gdsreseau3m.com\/wp-content\/uploads\/2021\/10\/D%C3%A9rogation-%C3%A0-lintroduction_GDS55.pdf\" target=\"_blank\" rel=\"noopener noreferrer\">demande de d\u00e9rogation aux contr\u00f4le d&rsquo;introduction du GDS 55<\/a><\/p>\n<p>La quarantaine reste bien s\u00fbr n\u00e9cessaire car cette d\u00e9rogation ne permet pas de g\u00e9rer le risque de vir\u00e9mie transitoire en BVD (bovin infect\u00e9 transitoirement). Si la quarantaine ne peut \u00eatre assur\u00e9e correctement, il est conseill\u00e9 de r\u00e9aliser une prise de sang BVD \u00e0 l&rsquo;introduction (notamment pour les taureaux en copropri\u00e9t\u00e9 par exemple). De plus, les autres contr\u00f4les compl\u00e9mentaires comme la paratuberculose, la n\u00e9osporose, la fi\u00e8vre Q, besnoitiose, &#8230; peuvent \u00eatre r\u00e9alis\u00e9s, sans contraintes de d\u00e9lai si vous faites la d\u00e9rogation IBR. Parlez-en \u00e0 votre v\u00e9t\u00e9rinaire.<\/p>\n<\/div>\n<p>&nbsp;<\/p>\n<h3><span style=\"color: #56b74f;\">\u00c9changes en Grande R\u00e9gion (Lorraine, Luxembourg, Wallonie, Sarre, Rh\u00e9nanie-Palatina)<\/span><\/h3>\n<p>Pour les \u00e9changes en Grande R\u00e9gion, consulter le site sp\u00e9cialis\u00e9 <span style=\"color: #56b74f;\"><a style=\"color: #56b74f;\" href=\"http:\/\/ma-vache-en-granderegion.eu\/\" target=\"_self\" rel=\"noopener noreferrer\">Ma vache en Grande R\u00e9gion.eu<\/a><\/span><\/p>\n<\/div>","protected":false},"excerpt":{"rendered":"<p>Achat\/venteLa prophylaxieRegistre d&rsquo;\u00e9levage et carnet sanitaireBios\u00e9curit\u00e9Transmission des ICA Achat-vente S\u00e9curiser ses achats &#8211; Garantir ses ventes Lors de l&rsquo;introduction de bovins, diff\u00e9rentes \u00e9tapes doivent r\u00e9alis\u00e9es dans leur int\u00e9gralit\u00e9 afin de ne pas hypoth\u00e9quer l&rsquo;avenir de son \u00e9levage par une omission qui peut sembler mineure mais s&rsquo;av\u00e9rer catastrophique. Ne vendez pas un animal que vous n&rsquo;ach\u00e8teriez [&hellip;]<\/p>\n","protected":false},"author":1,"featured_media":0,"parent":0,"menu_order":0,"comment_status":"closed","ping_status":"closed","template":"","meta":[],"_links":{"self":[{"href":"https:\/\/gdsreseau3m.com\/index.php?rest_route=\/wp\/v2\/pages\/454"}],"collection":[{"href":"https:\/\/gdsreseau3m.com\/index.php?rest_route=\/wp\/v2\/pages"}],"about":[{"href":"https:\/\/gdsreseau3m.com\/index.php?rest_route=\/wp\/v2\/types\/page"}],"author":[{"embeddable":true,"href":"https:\/\/gdsreseau3m.com\/index.php?rest_route=\/wp\/v2\/users\/1"}],"replies":[{"embeddable":true,"href":"https:\/\/gdsreseau3m.com\/index.php?rest_route=%2Fwp%2Fv2%2Fcomments&post=454"}],"version-history":[{"count":64,"href":"https:\/\/gdsreseau3m.com\/index.php?rest_route=\/wp\/v2\/pages\/454\/revisions"}],"predecessor-version":[{"id":6840,"href":"https:\/\/gdsreseau3m.com\/index.php?rest_route=\/wp\/v2\/pages\/454\/revisions\/6840"}],"wp:attachment":[{"href":"https:\/\/gdsreseau3m.com\/index.php?rest_route=%2Fwp%2Fv2%2Fmedia&parent=454"}],"curies":[{"name":"wp","href":"https:\/\/api.w.org\/{rel}","templated":true}]}}