{"id":450,"date":"2018-06-18T11:15:58","date_gmt":"2018-06-18T09:15:58","guid":{"rendered":"http:\/\/gdsreseau3m.com\/?page_id=450"},"modified":"2026-04-07T15:34:59","modified_gmt":"2026-04-07T13:34:59","slug":"bovins-qualite-de-leau","status":"publish","type":"page","link":"https:\/\/gdsreseau3m.com\/?page_id=450","title":{"rendered":"Bovins &#8211; Qualit\u00e9 de l&rsquo;eau &#8211; Suivi qualit\u00e9 des eau GDS"},"content":{"rendered":"<div class=\"mpl-content-wrap\"><h6><img loading=\"lazy\" class=\"alignnone wp-image-333\" src=\"http:\/\/gdsreseau3m.com\/wp-content\/uploads\/2018\/06\/treffleMenu.png\" alt=\"\" width=\"23\" height=\"22\" \/><a href=\"http:\/\/gdsreseau3m.com\/?page_id=450\">Suivi qualit\u00e9 eau du GDS<\/a><img loading=\"lazy\" class=\"alignnone wp-image-333\" src=\"http:\/\/gdsreseau3m.com\/wp-content\/uploads\/2018\/06\/treffleMenu.png\" alt=\"\" width=\"23\" height=\"22\" \/><a href=\"http:\/\/gdsreseau3m.com\/?page_id=1373\">Abreuvement<\/a><\/h6>\n<h1><span style=\"color: #56b74f;\"><img loading=\"lazy\" class=\"alignnone wp-image-749 \" src=\"http:\/\/gdsreseau3m.com\/wp-content\/uploads\/2018\/06\/Bovins1.png\" alt=\"\" width=\"51\" height=\"38\" \/><\/span><span style=\"color: #56b74f;\"> Qualit\u00e9 de l&rsquo;eau<\/span><\/h1>\n<blockquote><p><span style=\"color: #ff6600;\"><strong>\u201cDe l&rsquo;eau de qualit\u00e9 en quantit\u00e9 suffisante\u201d<\/strong><\/span><\/p><\/blockquote>\n<p>Le GDS propose \u00e0 tout \u00e9leveur adh\u00e9rent une action pour maitriser de la qualit\u00e9 de l&rsquo;eau issue de captage priv\u00e9 <i>(forage, puits, source, etc.). <\/i>Cette d\u00e9marche est identique en Meuse, Meurthe-et-Moselle et Moselle.<\/p>\n<h3><span style=\"color: #56b74f;\">Pourquoi suivre la qualit\u00e9 de l&rsquo;eau\u00a0<\/span><\/h3>\n<ul>\n<li>\u00c9viter les risques sanitaires li\u00e9s \u00e0 la consommation d&rsquo;eau contamin\u00e9e<\/li>\n<li>Garantir les performances d&rsquo;\u00e9levage<\/li>\n<li>R\u00e9pondre \u00e0 la l\u00e9gislation et aux cahiers des charges de labels<\/li>\n<li>Assurer la long\u00e9vit\u00e9 des \u00e9quipements mat\u00e9riels<\/li>\n<\/ul>\n<h3><span style=\"color: #56b74f;\">Le service propos\u00e9<\/span><\/h3>\n<div>\n<ul>\n<li>Visite de l&rsquo;installation de captage (\u00e9valuation des risques)<\/li>\n<li>Audit d&rsquo;abreuvement en \u00e9levage<\/li>\n<li>Pr\u00e9l\u00e8vement en conditions d&rsquo;hygi\u00e8ne\u00a0appropri\u00e9es<\/li>\n<li>Acheminement des \u00e9chantillons au laboratoire<\/li>\n<li>Interpr\u00e9tation des r\u00e9sultats dans le contexte de l&rsquo;\u00e9levage<\/li>\n<li>Conseils personnalis\u00e9s pour l&rsquo;am\u00e9lioration ou le maintien de la qualit\u00e9 de l&rsquo;eau<\/li>\n<li>Suivi annuel de l&rsquo;\u00e9volution de la qualit\u00e9 de l&rsquo;eau<\/li>\n<\/ul>\n<p><img loading=\"lazy\" class=\"alignnone wp-image-2868\" src=\"http:\/\/gdsreseau3m.com\/wp-content\/uploads\/2018\/07\/gds3m_Qualit\u00e9-de-leau.png\" alt=\"\" width=\"653\" height=\"147\" srcset=\"https:\/\/gdsreseau3m.com\/wp-content\/uploads\/2018\/07\/gds3m_Qualit\u00e9-de-leau.png 1404w, https:\/\/gdsreseau3m.com\/wp-content\/uploads\/2018\/07\/gds3m_Qualit\u00e9-de-leau-300x68.png 300w, https:\/\/gdsreseau3m.com\/wp-content\/uploads\/2018\/07\/gds3m_Qualit\u00e9-de-leau-768x173.png 768w, https:\/\/gdsreseau3m.com\/wp-content\/uploads\/2018\/07\/gds3m_Qualit\u00e9-de-leau-1024x231.png 1024w\" sizes=\"(max-width: 653px) 100vw, 653px\" \/><\/p>\n<h3><span style=\"color: #56b74f;\">Nos comp\u00e9tences \u00e0 votre service<\/span><\/h3>\n<\/div>\n<ul>\n<li>La protection de la ressource<\/li>\n<li>Le pr\u00e9l\u00e8vement et son interpr\u00e9tation<\/li>\n<li>L&rsquo;abreuvement des bovins en p\u00e2ture et b\u00e2timent<\/li>\n<li>Les syst\u00e8mes de traitements<\/li>\n<li>La cr\u00e9ation de captage priv\u00e9<\/li>\n<li>La l\u00e9gislation<\/li>\n<li>Etc.<b><\/b><\/li>\n<\/ul>\n<h3><span style=\"color: #56b74f;\">Conditions et tarifs<\/span><\/h3>\n<p><strong>\u2192 T\u00e9l\u00e9chargez le protocole des GDS ci-dessous pour connaitre les diff\u00e9rentes analyses bact\u00e9riologiques et physicochimiques r\u00e9alis\u00e9es. Contactez\u00a0 le GDS pour connaitre les tarifs \u00e0 jour.<br \/>\n<\/strong><\/p>\n<p><a href=\"http:\/\/gdsreseau3m.com\/wp-content\/uploads\/2026\/04\/PROTOCOLE-QE-2016-17-pack-2-analyses-.pdf\" target=\"_blank\" rel=\"noopener noreferrer\"><img loading=\"lazy\" class=\"alignnone wp-image-2729\" src=\"http:\/\/gdsreseau3m.com\/wp-content\/uploads\/2018\/07\/Illustration_protocole-qualit\u00e9-eau-GDS.png\" alt=\"\" width=\"168\" height=\"217\" srcset=\"https:\/\/gdsreseau3m.com\/wp-content\/uploads\/2018\/07\/Illustration_protocole-qualit\u00e9-eau-GDS.png 306w, https:\/\/gdsreseau3m.com\/wp-content\/uploads\/2018\/07\/Illustration_protocole-qualit\u00e9-eau-GDS-232x300.png 232w\" sizes=\"(max-width: 168px) 100vw, 168px\" \/><\/a><\/p>\n<h3><span style=\"color: #56b74f;\">Vos contacts<\/span><\/h3>\n<p><strong> <a href=\"mailto:c.dargent@gds54.com\">Claire DARGENT<\/a> (54) &#8211; 03 83 93 44 76<\/strong><br \/>\n<strong><a href=\"mailto:e.dubaux@gds55.com\">Emma DUBAUX<\/a> (55) &#8211; 03 29 83 30 32<\/strong><br \/>\n<strong><a href=\"mailto:schweitzer@gddsb-moselle.asso.fr\">C\u00e9line SCHWEITZER<\/a> (57) &#8211; 03 87 66 12 63<br \/>\n<\/strong><\/p>\n<h3><span style=\"color: #56b74f;\">Bilan de l&rsquo;action<\/span><\/h3>\n<p><img loading=\"lazy\" class=\"alignnone wp-image-6363\" src=\"http:\/\/gdsreseau3m.com\/wp-content\/uploads\/2022\/07\/Carte_Engages-EAU-3M-30.06.2021-Copie.png\" alt=\"\" width=\"696\" height=\"431\" srcset=\"https:\/\/gdsreseau3m.com\/wp-content\/uploads\/2022\/07\/Carte_Engages-EAU-3M-30.06.2021-Copie.png 912w, https:\/\/gdsreseau3m.com\/wp-content\/uploads\/2022\/07\/Carte_Engages-EAU-3M-30.06.2021-Copie-300x186.png 300w, https:\/\/gdsreseau3m.com\/wp-content\/uploads\/2022\/07\/Carte_Engages-EAU-3M-30.06.2021-Copie-768x475.png 768w\" sizes=\"(max-width: 696px) 100vw, 696px\" \/><\/p>\n<div>\n<h4><span style=\"color: #800080;\">\u2192 388 \u00e9leveurs engag\u00e9s <span style=\"font-family: inherit; font-size: inherit;\">au 30 juin 2021<\/span><\/span><\/h4>\n<h3><span style=\"color: #56b74f;\">Un peu de lecture sur l&rsquo;action<\/span><\/h3>\n<\/div>\n<p>\u2022 Bilan action eau 2012-2013 : \u00ab\u00a0Puits et forage \u00e0 surveiller\u00a0\u00bb<br \/>\n<a href=\"http:\/\/gdsreseau3m.com\/wp-content\/uploads\/2018\/06\/Bilan_Q_Eau_campagne_2012-2013.pdf\" target=\"_blank\" rel=\"noopener noreferrer\"><img loading=\"lazy\" class=\"alignnone wp-image-1386 size-full\" src=\"http:\/\/gdsreseau3m.com\/wp-content\/uploads\/2018\/06\/Bilan_Q_Eau_campagne-2012-2013-ico.png\" alt=\"\" width=\"110\" height=\"156\" \/><\/a><\/p>\n<p>\u2022 Bilan action eau campagne 2011-2012<br \/>\n<a href=\"http:\/\/gdsreseau3m.com\/wp-content\/uploads\/2018\/06\/Bilan_Q_Eau_Campagne_2011-2012.pdf\" target=\"_blank\" rel=\"noopener noreferrer\"><img loading=\"lazy\" class=\"alignnone wp-image-1388 size-full\" src=\"http:\/\/gdsreseau3m.com\/wp-content\/uploads\/2018\/06\/Bilan_Q_Eau_Campagne_2011-2012-icon.png\" alt=\"\" width=\"109\" height=\"155\" \/><\/a><\/p>\n<p>\u2022 Bilan action eau 2010-2011 : &lsquo;Un bon d\u00e9marrage\u00a0\u00bb<br \/>\n<a href=\"http:\/\/gdsreseau3m.com\/wp-content\/uploads\/2018\/06\/Bilan_Q_Eau_campagne_2010-2011___bon_demarrage.pdf\" target=\"_blank\" rel=\"noopener noreferrer\"><img loading=\"lazy\" class=\"alignnone wp-image-1392 size-full\" src=\"http:\/\/gdsreseau3m.com\/wp-content\/uploads\/2018\/06\/Bilan_Q_Eau_campagne_2010-2011___bon_demarrage-icon.png\" alt=\"\" width=\"110\" height=\"154\" \/><\/a><\/p>\n<p>Articles publi\u00e9s dans\u00a0<em>La Vie Agricole de la Meuse, Le Paysan Lorrain <\/em>et <em>La Moselle Agricole<\/em><\/p>\n<h3><span style=\"color: #56b74f;\">Fiches techniques \u00e0 disposition<\/span><\/h3>\n<p>Fiche n\u00b01 <strong>: <a href=\"http:\/\/gdsreseau3m.com\/wp-content\/uploads\/2021\/04\/fiche1-PUITS-v6.pdf\" target=\"_blank\" rel=\"noopener noreferrer\">Entretien et d\u00e9sinfection de son puits<\/a><\/strong><\/p>\n<p>Fiche n\u00b02 : <strong><a href=\"http:\/\/gdsreseau3m.com\/wp-content\/uploads\/2021\/04\/GDS-fiche2-desinf-FORAGE-201203.pdf\" target=\"_blank\" rel=\"noopener noreferrer\">Entretien et d\u00e9sinfection du forage<\/a> <\/strong><\/p>\n<p>Fiche n\u00b03 : <a href=\"http:\/\/gdsreseau3m.com\/wp-content\/uploads\/2018\/06\/GDS-fiche-tech-abreuv-54-55-57.pdf\" target=\"_blank\" rel=\"noopener noreferrer\"><strong>L&rsquo;abreuvement au p\u00e2turage<\/strong><\/a><\/p>\n<p>Fiche n\u00b05 : <a href=\"http:\/\/gdsreseau3m.com\/wp-content\/uploads\/2021\/04\/GDS-fiche5-Concep-FORAGE.pdf\" target=\"_blank\" rel=\"noopener noreferrer\"><strong>Conception d&rsquo;un forage<\/strong><\/a><\/p>\n<p>Fiche n\u00b06 : <a href=\"http:\/\/gdsreseau3m.com\/wp-content\/uploads\/2021\/04\/GDS-fiche6-Conception-PUITS.pdf\" target=\"_blank\" rel=\"noopener noreferrer\"><strong>Conception d&rsquo;un puits<\/strong><\/a><\/p>\n<p>Fiche n\u00b07 : <a href=\"http:\/\/gdsreseau3m.com\/wp-content\/uploads\/2021\/04\/084-V2-FT-Protection-des-reseaux-deau-potable.pdf\" target=\"_blank\" rel=\"noopener noreferrer\"><strong>Protection des r\u00e9seaux d&rsquo;eau potable<\/strong><\/a><\/p>\n<blockquote><p>+ Consultez notre <a href=\"http:\/\/gdsreseau3m.com\/?page_id=1373\">page d\u00e9di\u00e9e \u00e0 l&rsquo;abreuvement<\/a><\/p><\/blockquote>\n<\/div>","protected":false},"excerpt":{"rendered":"<p>Suivi qualit\u00e9 eau du GDSAbreuvement Qualit\u00e9 de l&rsquo;eau \u201cDe l&rsquo;eau de qualit\u00e9 en quantit\u00e9 suffisante\u201d Le GDS propose \u00e0 tout \u00e9leveur adh\u00e9rent une action pour maitriser de la qualit\u00e9 de l&rsquo;eau issue de captage priv\u00e9 (forage, puits, source, etc.). Cette d\u00e9marche est identique en Meuse, Meurthe-et-Moselle et Moselle. Pourquoi suivre la qualit\u00e9 de l&rsquo;eau\u00a0 \u00c9viter [&hellip;]<\/p>\n","protected":false},"author":1,"featured_media":0,"parent":0,"menu_order":0,"comment_status":"closed","ping_status":"closed","template":"","meta":[],"_links":{"self":[{"href":"https:\/\/gdsreseau3m.com\/index.php?rest_route=\/wp\/v2\/pages\/450"}],"collection":[{"href":"https:\/\/gdsreseau3m.com\/index.php?rest_route=\/wp\/v2\/pages"}],"about":[{"href":"https:\/\/gdsreseau3m.com\/index.php?rest_route=\/wp\/v2\/types\/page"}],"author":[{"embeddable":true,"href":"https:\/\/gdsreseau3m.com\/index.php?rest_route=\/wp\/v2\/users\/1"}],"replies":[{"embeddable":true,"href":"https:\/\/gdsreseau3m.com\/index.php?rest_route=%2Fwp%2Fv2%2Fcomments&post=450"}],"version-history":[{"count":38,"href":"https:\/\/gdsreseau3m.com\/index.php?rest_route=\/wp\/v2\/pages\/450\/revisions"}],"predecessor-version":[{"id":7553,"href":"https:\/\/gdsreseau3m.com\/index.php?rest_route=\/wp\/v2\/pages\/450\/revisions\/7553"}],"wp:attachment":[{"href":"https:\/\/gdsreseau3m.com\/index.php?rest_route=%2Fwp%2Fv2%2Fmedia&parent=450"}],"curies":[{"name":"wp","href":"https:\/\/api.w.org\/{rel}","templated":true}]}}