{"id":4490,"date":"2019-10-02T14:29:59","date_gmt":"2019-10-02T12:29:59","guid":{"rendered":"http:\/\/gdsreseau3m.com\/?page_id=4490"},"modified":"2025-09-12T12:16:57","modified_gmt":"2025-09-12T10:16:57","slug":"conditions-generales-de-vente-prestation-de-formations","status":"publish","type":"page","link":"https:\/\/gdsreseau3m.com\/?page_id=4490","title":{"rendered":"Conditions g\u00e9n\u00e9rales d\u2019inscription et de participation &#8211; Service formation"},"content":{"rendered":"<div class=\"mpl-content-wrap\"><h3>Conditions g\u00e9n\u00e9rales d\u2019inscription et de participation<\/h3>\n<h6>Date de mise \u00e0 jour : 27.06.2025 \/ Version 7 \/ R\u00e9dacteur : Claire Dargent-Penn\u00e9 GDS54<\/h6>\n<hr \/>\n<p><strong>Conditions g\u00e9n\u00e9rales d\u2019inscription et de participation <\/strong><\/p>\n<ol>\n<li><strong>Objet <\/strong><\/li>\n<\/ol>\n<p>Les pr\u00e9sentes conditions g\u00e9n\u00e9rales d\u2019inscription et de participation s\u2019appliquent \u00e0 toutes les formations organis\u00e9es par le GDS 54. Les\u00a0 pr\u00e9sentes conditions\u00a0 sont\u00a0 compl\u00e9t\u00e9es\u00a0 par\u00a0 le R\u00e8glement Int\u00e9rieur. L\u2019inscription \u00e0 nos formations implique l\u2019adh\u00e9sion enti\u00e8re et sans r\u00e9serve aux pr\u00e9sentes conditions.<\/p>\n<ol start=\"2\">\n<li><strong>Informations avant la formation<\/strong><\/li>\n<\/ol>\n<p>Les informations compl\u00e8tes sur chaque formation sont pr\u00e9cis\u00e9es dans l\u2019invitation d\u00e9taill\u00e9e propre \u00e0 chaque formation (disponible sur demande aupr\u00e8s du GDS54). Celle-ci comprend : la\/les dates, lieux, horaires, intervenants, responsable de stage, programme, objectifs, dur\u00e9e, pr\u00e9requis \u00e9ventuels, modalit\u00e9s et d\u00e9lai d\u2019acc\u00e8s, m\u00e9thodes mobilis\u00e9es, tarifs, modalit\u00e9s d\u2019\u00e9valuation et accessibilit\u00e9 aux personnes handicap\u00e9es. Les dates, lieux et horaires sont susceptibles d\u2019\u00eatre modifi\u00e9s (notamment en cas de report).<\/p>\n<ol start=\"3\">\n<li><strong>Public <\/strong><\/li>\n<\/ol>\n<p>Les formations s\u2019adressent en priorit\u00e9 aux chefs d\u2019exploitations agricoles (= aux contributeurs et ayant-droit VIVEA). Elles sont \u00e9galement ouvertes aux salari\u00e9s d\u2019exploitations agricoles. Dans la limite des places disponibles, les formations peuvent accueillir toute personne en rapport avec le milieu agricole souhaitant s\u2019y inscrire et qui en accepte les conditions, en particulier tarifaires.<\/p>\n<ol start=\"4\">\n<li><strong>Conditions d\u2019acc\u00e8s<\/strong><\/li>\n<\/ol>\n<p>Les personnes souhaitant participer doivent s\u2019inscrire aupr\u00e8s du GDS au plus tard la veille avant le d\u00e9but de la formation (dans la limite des places disponibles) et respecter les \u00e9ventuels pr\u00e9requis demand\u00e9s.<\/p>\n<ol start=\"5\">\n<li><strong>Accessibilit\u00e9 aux personnes handicap\u00e9es ou \u00e0 mobilit\u00e9 r\u00e9duites<\/strong><\/li>\n<\/ol>\n<p>Toute personne \u00e0 mobilit\u00e9 r\u00e9duite (PMR) ou en situation de handicap (PSH) souhaitant participer \u00e0 nos formations peuvent nous contacter afin d\u2019apporter des adaptations des locaux et des moyens p\u00e9dagogiques.<\/p>\n<ol start=\"6\">\n<li><strong>Inscription et convocation <\/strong><\/li>\n<\/ol>\n<p>L\u2019inscription se fait en renvoyant le bulletin d\u2019inscription compl\u00e9t\u00e9 au GDS par mail ou courrier, ou par contact t\u00e9l\u00e9phonique, email, sms, entretien aupr\u00e8s du GDS. Il est \u00e9galement possible de l\u2019inscrire en ligne gr\u00e2ce au lien Google Forms. L\u2019inscription est valid\u00e9e lorsque la personne est destinataire d\u2019une convocation, envoy\u00e9e par email ou par d\u00e9faut en courrier, quelques jours avant le d\u00e9but de la formation.<\/p>\n<ol start=\"7\">\n<li><strong>Conditions tarifaires et modalit\u00e9s de r\u00e8glement<\/strong><\/li>\n<\/ol>\n<p>Notre organisme \u00e9tant engag\u00e9 dans la d\u00e9marche de qualit\u00e9 de service, nos formations peuvent b\u00e9n\u00e9ficier d\u2019une prise en charge par les fonds de formation VIVEA pour ses cotisants \u00e9ligibles ou par tout autre OPCO (op\u00e9rateur de comp\u00e9tences) pour les autres publics.<\/p>\n<p>La participation tarifaire est variable en fonction du statut du Stagiaire.<\/p>\n<ul>\n<li><strong>Pour les contributeurs et ayant-droit VIVEA = chefs d\u2019entreprise, conjoints collaborateurs, aides familiaux, dont cotisants de solidarit\u00e9, jeunes en phase d\u2019installation <\/strong>(sous pr\u00e9sentation de pi\u00e8ces justificatives) : les conditions ci-dessous s\u2019appliquent sous r\u00e9serve que ceux-ci soient : \u00e0 jour de leur cotisation MSA ; ayant transmis son consentement \u00e9lectronique dans les d\u00e9lais impartis ; Ne d\u00e9passant pas le plafond de prise en charge de 3000 \u20ac\/ann\u00e9e civile (consultable www.vivea.fr \u2013 l\u2019exc\u00e9dent sera \u00e0 la charge du stagiaire au titre d\u2019une contribution stagiaire additionnelle) :\n<ul>\n<li>VIVEA prend en charge les frais p\u00e9dagogiques de formation (versement \u00e0 l\u2019Organisme de formation).<\/li>\n<li>Les frais de restauration et annexes sont \u00e0 la charge du Stagiaire : 36\u20ac HT par journ\u00e9e de formation suivie.<\/li>\n<li>En fonction des accords de prise en charge par VIVEA, une contribution stagiaire peut \u00eatre demand\u00e9e. Si elle est non nulle, le montant de cette contribution stagiaire est pr\u00e9cis\u00e9 dans l\u2019invitation d\u00e9taill\u00e9e ainsi que dans la convention de formation.<\/li>\n<\/ul>\n<\/li>\n<li><strong>Salari\u00e9s<\/strong><strong> de la production agricole,<\/strong> <strong>apprentis ou adh\u00e9rents GDS non \u00e9ligibles VIVEA\u00a0: <\/strong>\n<ul>\n<li>Le co\u00fbt de la formation est de 130\u20ac HT par journ\u00e9e, frais de restauration et annexes compris.<\/li>\n<li>Les employeurs des salari\u00e9s agricoles peuvent b\u00e9n\u00e9ficier de prise en charge. Renseignez-vous aupr\u00e8s d\u2019OCAPIAT (action \u00ab Boost\u2019Comp\u00e9tences \u00bb).<\/li>\n<\/ul>\n<\/li>\n<li><strong>Pour les autres statuts\u00a0: <\/strong>\n<ul>\n<li>Le tarif de la formation est \u00e9gal \u00e0 la prise en charge des frais p\u00e9dagogiques de formation accord\u00e9s par VIVEA net de taxes (montant variable en fonction de l\u2019accord de financement, il est connu 1,5 mois avant le d\u00e9but de la formation). Pour connaitre le montant, contactez le GDS 54.<\/li>\n<\/ul>\n<\/li>\n<\/ul>\n<p>Le r\u00e8glement s\u2019effectue \u00e0 l\u2019issue de la formation.<\/p>\n<ol start=\"8\">\n<li><strong>Justificatif<\/strong><strong> de formation <\/strong><\/li>\n<\/ol>\n<p>Un certificat de r\u00e9alisation est envoy\u00e9 \u00e0 chaque stagiaire \u00e0 l\u2019issue de la formation. Ces documents justificatifs sont \u00e0 conserver.<\/p>\n<ol start=\"9\">\n<li><strong>Annulation ou abandon<\/strong><\/li>\n<\/ol>\n<ul>\n<li><strong>Modification\/Annulation \u00e0 l\u2019initiative du GDS 54<\/strong><\/li>\n<\/ul>\n<p>Le GDS 54 peut \u00eatre amen\u00e9 \u00e0 modifier les dates, lieux et noms des intervenants de la formation. Dans tous les cas les informations sont mises \u00e0 jour dans le courrier de convocation.<\/p>\n<p>Le GDS54 se r\u00e9serve la possibilit\u00e9 d\u2019annuler ou de reporter une formation, notamment en cas d\u2019effectif insuffisant, si le financement VIVEA n\u2019est pas accord\u00e9 ou si les conditions mat\u00e9rielles ne permettant pas la bonne mise en \u0153uvre de l\u2019action. Le GDS54 s\u2019engage alors \u00e0 avertir les inscrits dans les meilleurs d\u00e9lais et dans tous les cas \u00e0 ne facturer aucun frais aux inscrits. Dans le cas d\u2019un report, les inscrits sont inform\u00e9s de la nouvelle date de session de formation.<\/p>\n<ul>\n<li><strong>Annulation <\/strong><strong>\u00e0 l\u2019initiative du Stagiaire<\/strong><\/li>\n<\/ul>\n<p>Tout d\u00e9sistement doit \u00eatre annonc\u00e9 au GDS54 (appel, courrier, mail, fax\u2026). En cas de d\u00e9sistement non annonc\u00e9, le GDS 54 se r\u00e9serve le droit de facturer un forfait de 36\u20ac HT au titre de frais de gestion, sauf en cas de force majeure.<\/p>\n<ul>\n<li><strong>Abandon<\/strong> <strong>en cours de stage \u00e0 l\u2019initiative du Stagiaire<\/strong>\n<ul>\n<li>En cas d\u2019abandon en cours de stage, la formation est factur\u00e9e au prorata temporis de la participation. Seules les absences motiv\u00e9es par un cas de force majeure donneront droit \u00e0 la non-facturation et \u00e0 la r\u00e9siliation de la convention de formation.<\/li>\n<\/ul>\n<\/li>\n<\/ul>\n<ol start=\"10\">\n<li><strong>En cas de litige\u00a0<\/strong><\/li>\n<\/ol>\n<p>En cas de litiges, une solution amiable sera recherch\u00e9e\u00a0; \u00e0 d\u00e9faut il sera soumis au tribunal de Nancy.<\/p>\n<ol start=\"11\">\n<li><strong>Protection<\/strong><strong> des donn\u00e9es \u00e0 caract\u00e8re personnel<\/strong><\/li>\n<\/ol>\n<p>Les informations \u00e0 caract\u00e8re personnel que nous collectons sont utilis\u00e9es uniquement par le GDS 54. Conform\u00e9ment au R\u00e8glement G\u00e9n\u00e9ral europ\u00e9en relatif \u00e0 la Protection des Donn\u00e9es (RGDP) entr\u00e9 en vigueur le 25 mai 2018, vous disposez d\u2019un droit d\u2019acc\u00e8s, de modification et de suppression des informations vous concernant \u00e0 exercer \u00e0 tout moment aupr\u00e8s du GDS 54.<\/p>\n<ol start=\"12\">\n<li><strong>Respect des r\u00e8gles sanitaires par les stagiaires et tout autre intervenant de la formation\u00a0<\/strong><\/li>\n<\/ol>\n<p>Chaque stagiaire\/apprenant doit respecter les r\u00e8gles sanitaires et l\u2019organisation mises en place au sein de l\u2019Organisme de Formation. \u00a0Les r\u00e8gles sanitaires sont pr\u00e9cis\u00e9es dans l\u2019invitation \u00e0 la formation ou la convocation. Lorsque la formation se d\u00e9roule dans un autre lieu, le stagiaire\/apprenant doit respecter \u00e9galement les r\u00e8gles sanitaires et l\u2019organisation mises en place par l\u2019Organisme g\u00e9rant le lieu de la formation.<\/p>\n<p><em><strong>Diffusion\u00a0des pr\u00e9sentes conditions :<\/strong> <a href=\"http:\/\/gdsreseau3m.com\/?page_id=4490\">http:\/\/gdsreseau3m.com\/?page_id=4490<\/a> et bulletin d\u2019inscription<\/em><\/p>\n<\/div>","protected":false},"excerpt":{"rendered":"<p>Conditions g\u00e9n\u00e9rales d\u2019inscription et de participation Date de mise \u00e0 jour : 27.06.2025 \/ Version 7 \/ R\u00e9dacteur : Claire Dargent-Penn\u00e9 GDS54 Conditions g\u00e9n\u00e9rales d\u2019inscription et de participation Objet Les pr\u00e9sentes conditions g\u00e9n\u00e9rales d\u2019inscription et de participation s\u2019appliquent \u00e0 toutes les formations organis\u00e9es par le GDS 54. Les\u00a0 pr\u00e9sentes conditions\u00a0 sont\u00a0 compl\u00e9t\u00e9es\u00a0 par\u00a0 le R\u00e8glement [&hellip;]<\/p>\n","protected":false},"author":1,"featured_media":0,"parent":0,"menu_order":0,"comment_status":"closed","ping_status":"closed","template":"","meta":[],"_links":{"self":[{"href":"https:\/\/gdsreseau3m.com\/index.php?rest_route=\/wp\/v2\/pages\/4490"}],"collection":[{"href":"https:\/\/gdsreseau3m.com\/index.php?rest_route=\/wp\/v2\/pages"}],"about":[{"href":"https:\/\/gdsreseau3m.com\/index.php?rest_route=\/wp\/v2\/types\/page"}],"author":[{"embeddable":true,"href":"https:\/\/gdsreseau3m.com\/index.php?rest_route=\/wp\/v2\/users\/1"}],"replies":[{"embeddable":true,"href":"https:\/\/gdsreseau3m.com\/index.php?rest_route=%2Fwp%2Fv2%2Fcomments&post=4490"}],"version-history":[{"count":13,"href":"https:\/\/gdsreseau3m.com\/index.php?rest_route=\/wp\/v2\/pages\/4490\/revisions"}],"predecessor-version":[{"id":7356,"href":"https:\/\/gdsreseau3m.com\/index.php?rest_route=\/wp\/v2\/pages\/4490\/revisions\/7356"}],"wp:attachment":[{"href":"https:\/\/gdsreseau3m.com\/index.php?rest_route=%2Fwp%2Fv2%2Fmedia&parent=4490"}],"curies":[{"name":"wp","href":"https:\/\/api.w.org\/{rel}","templated":true}]}}