{"id":4428,"date":"2019-08-08T09:45:21","date_gmt":"2019-08-08T07:45:21","guid":{"rendered":"http:\/\/gdsreseau3m.com\/?page_id=4428"},"modified":"2023-02-08T15:06:05","modified_gmt":"2023-02-08T14:06:05","slug":"abeilles-comptage-varroa","status":"publish","type":"page","link":"https:\/\/gdsreseau3m.com\/?page_id=4428","title":{"rendered":"Abeilles &#8211; Comptage varroa"},"content":{"rendered":"<div class=\"mpl-content-wrap\"><h1><img loading=\"lazy\" class=\"alignnone wp-image-1975\" src=\"http:\/\/gdsreseau3m.com\/wp-content\/uploads\/2018\/07\/picto-abeille.png\" alt=\"\" width=\"43\" height=\"36\" \/> <span style=\"color: #ff9900;\">Comptage varroa<\/span><\/h1>\n<p>\u00c9valuer la pression varroa par des comptages est indispensable. Varroa sait bien se cacher notamment dans le couvain. L\u2019aspect visuel est insuffisant pour se faire une r\u00e9elle id\u00e9e de la pression d\u2019infestation. Cette \u00e9valuation peut permettre la mise en place de mesures adapt\u00e9es (m\u00e9dicamenteuses ou zootechniques) lorsque le seuil de pression d\u2019infestation est d\u00e9pass\u00e9.<\/p>\n<h3><span style=\"color: #56b74f;\">Les techniques de comptage <\/span><\/h3>\n<p>Plusieurs m\u00e9thodes de comptage existent, voici leur descriptif ci-dessous :<\/p>\n<ul>\n<li><strong>Les techniques de comptages par chute naturelle sur lange graiss\u00e9e :<\/strong> <a class=\"\" href=\"https:\/\/www.sante-animale.com\/images\/varroa\/plaquette_Fiche-5-Comptage-chutes-naturelles.pdf\" target=\"_blank\" rel=\"alternate noopener noreferrer\">T\u00e9l\u00e9charger la fiche technique (.pdf) <\/a><\/li>\n<li><strong>Les techniques de comptages par sucre glace<\/strong> (recherche des varroas phor\u00e9tiques) : <a href=\"https:\/\/www.sante-animale.com\/images\/varroa\/plaquette_Fiche-6-Comptage-au-sucre-glace.pdf\" target=\"_blank\" rel=\"alternate noopener noreferrer\">T\u00e9l\u00e9charger la fiche technique (.pdf) <\/a><\/li>\n<\/ul>\n<h4><em>\u00a0Illustration 1 : comptage par chutes naturelles sur lange graiss\u00e9e<\/em><\/h4>\n<p><img loading=\"lazy\" class=\"alignnone wp-image-4422\" src=\"http:\/\/gdsreseau3m.com\/wp-content\/uploads\/2019\/08\/gds3m_20190808_Varroas-sur-lange.png\" alt=\"\" width=\"441\" height=\"251\" \/><\/p>\n<h4><em>Illustration 2 : varroas phor\u00e9tiques <\/em><strong><br \/>\n<\/strong><\/h4>\n<p><strong><img loading=\"lazy\" class=\"alignnone wp-image-4420\" src=\"http:\/\/gdsreseau3m.com\/wp-content\/uploads\/2019\/08\/gds3m_20190808_Varroas-phor\u00e9tiques.png\" sizes=\"(max-width: 447px) 100vw, 447px\" srcset=\"http:\/\/gdsreseau3m.com\/wp-content\/uploads\/2019\/08\/gds3m_20190808_Varroas-phor\u00e9tiques.png 351w, http:\/\/gdsreseau3m.com\/wp-content\/uploads\/2019\/08\/gds3m_20190808_Varroas-phor\u00e9tiques-300x187.png 300w\" alt=\"\" width=\"447\" height=\"279\" \/><\/strong><\/p>\n<h3><span style=\"color: #56b74f;\">Les seuils de pression d\u2019infestation \u00e0 ne pas d\u00e9passer <\/span><\/h3>\n<table width=\"551\">\n<tbody>\n<tr>\n<td width=\"132\"><strong>\u00a0<\/strong><\/td>\n<td style=\"text-align: center;\" width=\"85\"><strong>Printemps<\/strong><\/td>\n<td style=\"text-align: center;\" width=\"95\"><strong>Avant traitement<\/strong><\/td>\n<td style=\"text-align: center;\" width=\"85\"><strong>Apr\u00e8s traitement<\/strong><\/td>\n<\/tr>\n<tr>\n<td width=\"132\"><strong>Comptages sur langes\/plateau (Nombre moyen de varroa \/ jour)<\/strong><\/td>\n<td style=\"text-align: center;\" width=\"85\">5<\/td>\n<td style=\"text-align: center;\" width=\"95\">10<\/td>\n<td style=\"text-align: center;\" width=\"85\">1<\/td>\n<\/tr>\n<tr>\n<td width=\"132\"><strong>Comptages de varroas phor\u00e9tiques pour 100 abeilles<\/strong><\/td>\n<td style=\"text-align: center;\" width=\"85\">&gt; 1<\/td>\n<td style=\"text-align: center;\" width=\"95\">&gt; 3<\/td>\n<td style=\"text-align: center;\" width=\"85\">&gt; 2<\/td>\n<\/tr>\n<\/tbody>\n<\/table>\n<h3><span style=\"color: #56b74f;\">Comptage participatif Varroa<\/span><\/h3>\n<p>Apiculteurs de toute la France, rendez-vous sur le site de GDS France pour notifier vos comptages !<\/p>\n<blockquote><p><strong><a href=\"https:\/\/www.sante-animale.com\/\" target=\"_blank\" rel=\"noopener noreferrer\"><span style=\"color: #ff9900;\">https:\/\/www.sante-animale.com\/\u00a0<\/span><\/a> <\/strong><\/p><\/blockquote>\n<h3><span style=\"color: #56b74f;\">Fiches techniques sur le varroas pour en savoir plus<\/span><\/h3>\n<p>Pour mieux comprendre le cycle du varroa et ainsi traiter au bon moment.<\/p>\n<ul>\n<li><strong>La biologie du varroa<\/strong> : <a href=\"https:\/\/www.sante-animale.com\/images\/varroa\/plaquette_Fiche-1-Biologie-de-Vdestructor_V3.pdf\" target=\"_blank\" rel=\"alternate noopener noreferrer\">t\u00e9l\u00e9charger la fiche technique (.pdf) <\/a><\/li>\n<li><strong>L&rsquo;\u00e9volution de la population de varroas au sein de la colonie<\/strong> : <a href=\"https:\/\/www.sante-animale.com\/images\/varroa\/plaquette_Fiche-2-Dynamique-de-population.pdf\" target=\"_blank\" rel=\"alternate noopener noreferrer\">t\u00e9l\u00e9charger la fiche technique (.pdf) <\/a><\/li>\n<\/ul>\n<h3><span style=\"color: #56b74f;\">R\u00e9sultats des comptages recueillis sur le site (juillet 2019)<\/span><\/h3>\n<h4>Colonies pr\u00e9sentant une infestation au-dessus du seuil d\u2019alerte<\/h4>\n<p>En juillet 2019, vous \u00eates plus de 300\u00a0 apiculteurs \u00e0 avoir enregistr\u00e9 plus de 1500 comptages sur la plateforme sanitaire des GDS (<a href=\"https:\/\/www.sante-animale.com\">https:\/\/www.sante-animale.com<\/a> )<\/p>\n<p>Quel que soit la m\u00e9thode de comptage choisie par l\u2019apiculteur, 15 % des colonies pr\u00e9sentaient une infestation au-dessus du seuil d\u2019alerte n\u00e9cessitant l\u2019intervention de l\u2019apiculteur\u00a0:<\/p>\n<ul>\n<li>10 % des colonies au printemps, comptage r\u00e9alis\u00e9 afin de s\u2019assurer d\u2019un d\u00e9marrage de saison avec une pression d\u2019infestation ma\u00eetris\u00e9e des colonies.<\/li>\n<li>24 % des colonies avant traitement avaient une infestation n\u00e9cessitant un traitement en urgence.<\/li>\n<li>34 % des colonies avaient une infestation r\u00e9siduelle post traitement toujours importante n\u00e9cessitant un traitement de rattrapage notamment en p\u00e9riode hivernale.<\/li>\n<\/ul>\n<p>Ces comptages mettent en avant l\u2019importance de l\u2019intervention de l\u2019apiculteur pour un bon hivernage de ses colonies. Le travail de l\u2019apiculteur permettra un maintien sous contr\u00f4le de la pression d\u2019infestation varroa.<\/p>\n<h4>En savoir plus sur ces donn\u00e9es\u00a0:<\/h4>\n<p>Plusieurs techniques de comptages ont \u00e9t\u00e9 utilis\u00e9s\u00a0:<\/p>\n<ul>\n<li>81% des comptages sont r\u00e9alis\u00e9s sur chutes naturelles sur langes, technique utilisable tout l\u2019ann\u00e9e sans perturber la colonie,<\/li>\n<li>18% sont des comptages de varroas phor\u00e9tiques, technique pour une \u00e9valuation imm\u00e9diate sur le rucher<\/li>\n<li>Et 1% par des comptages sur couvain par d\u00e9soperculation du couvain m\u00e2le.<\/li>\n<\/ul>\n<p>La majorit\u00e9 des comptages ont \u00e9t\u00e9 r\u00e9alis\u00e9s\u00a0:<\/p>\n<ul>\n<li>Au printemps afin de s\u2019assurer de la pression varroa au d\u00e9marrage de la saison,<\/li>\n<li>\u00c0 l\u2019issu du traitement (30%) afin de pr\u00e9parer l\u2019hivernage des colonies afin de s\u2019assurer d\u2019une pression r\u00e9siduelle satisfaisante avant hivernage.<\/li>\n<\/ul>\n<p>Pour rappel : l\u2019approche participative ne produit pas de donn\u00e9es \u00e0 valeurs scientifiques. Elle apporte des constats dont la validit\u00e9 repose sur la qualit\u00e9 des donn\u00e9es apport\u00e9es.<\/p>\n<h1 style=\"text-align: center;\"><span style=\"color: #ff9900;\"><a href=\"https:\/\/www.sante-animale.com\/index.php?option=com_pilot4itcomptage&amp;view=comptage&amp;Itemid=504\" target=\"_blank\" rel=\"noopener noreferrer\"><img loading=\"lazy\" class=\"wp-image-4429 alignnone\" src=\"http:\/\/gdsreseau3m.com\/wp-content\/uploads\/2019\/08\/gds3m_20190808_illu-comptage-varroa-participatif-gds-france.gif\" alt=\"\" width=\"263\" height=\"263\" \/><\/a> Varroa : comptez ! Et <a style=\"color: #ff9900;\" href=\"https:\/\/www.sante-animale.com\/index.php?option=com_pilot4itcomptage&amp;view=comptage&amp;Itemid=504\" target=\"_blank\" rel=\"noopener noreferrer\">notifiez<\/a> !<br \/>\n<\/span><\/h1>\n<p>&nbsp;<\/p>\n<\/div>","protected":false},"excerpt":{"rendered":"<p>Comptage varroa \u00c9valuer la pression varroa par des comptages est indispensable. Varroa sait bien se cacher notamment dans le couvain. L\u2019aspect visuel est insuffisant pour se faire une r\u00e9elle id\u00e9e de la pression d\u2019infestation. Cette \u00e9valuation peut permettre la mise en place de mesures adapt\u00e9es (m\u00e9dicamenteuses ou zootechniques) lorsque le seuil de pression d\u2019infestation est [&hellip;]<\/p>\n","protected":false},"author":1,"featured_media":0,"parent":0,"menu_order":0,"comment_status":"closed","ping_status":"closed","template":"","meta":[],"_links":{"self":[{"href":"https:\/\/gdsreseau3m.com\/index.php?rest_route=\/wp\/v2\/pages\/4428"}],"collection":[{"href":"https:\/\/gdsreseau3m.com\/index.php?rest_route=\/wp\/v2\/pages"}],"about":[{"href":"https:\/\/gdsreseau3m.com\/index.php?rest_route=\/wp\/v2\/types\/page"}],"author":[{"embeddable":true,"href":"https:\/\/gdsreseau3m.com\/index.php?rest_route=\/wp\/v2\/users\/1"}],"replies":[{"embeddable":true,"href":"https:\/\/gdsreseau3m.com\/index.php?rest_route=%2Fwp%2Fv2%2Fcomments&post=4428"}],"version-history":[{"count":14,"href":"https:\/\/gdsreseau3m.com\/index.php?rest_route=\/wp\/v2\/pages\/4428\/revisions"}],"predecessor-version":[{"id":6473,"href":"https:\/\/gdsreseau3m.com\/index.php?rest_route=\/wp\/v2\/pages\/4428\/revisions\/6473"}],"wp:attachment":[{"href":"https:\/\/gdsreseau3m.com\/index.php?rest_route=%2Fwp%2Fv2%2Fmedia&parent=4428"}],"curies":[{"name":"wp","href":"https:\/\/api.w.org\/{rel}","templated":true}]}}