{"id":4406,"date":"2019-08-06T12:04:16","date_gmt":"2019-08-06T10:04:16","guid":{"rendered":"http:\/\/gdsreseau3m.com\/?page_id=4406"},"modified":"2021-08-17T13:07:02","modified_gmt":"2021-08-17T11:07:02","slug":"abeilles-suspicion-frelon-asiatique","status":"publish","type":"page","link":"https:\/\/gdsreseau3m.com\/?page_id=4406","title":{"rendered":"Abeilles &#8211; Suspicion frelon asiatique"},"content":{"rendered":"<div class=\"mpl-content-wrap\"><div>\n<h1><img loading=\"lazy\" class=\"alignnone wp-image-1975\" src=\"http:\/\/gdsreseau3m.com\/wp-content\/uploads\/2018\/07\/picto-abeille.png\" alt=\"\" width=\"43\" height=\"36\" \/> <span style=\"color: #ff9900;\">Vous suspectez la pr\u00e9sence du frelon asiatique ?\u00a0<\/span><\/h1>\n<h3>Contactez au plus vite le r\u00e9f\u00e9rent de votre d\u00e9partement :<\/h3>\n<p><a href=\"http:\/\/gdsreseau3m.com\/wp-content\/uploads\/2019\/06\/Coordonn\u00e9es-FA_Fredon-Lorraine_2019.jpeg\"><img loading=\"lazy\" class=\"alignnone wp-image-4165\" src=\"http:\/\/gdsreseau3m.com\/wp-content\/uploads\/2019\/06\/Coordonn\u00e9es-FA_Fredon-Lorraine_2019.jpeg\" sizes=\"(max-width: 729px) 100vw, 729px\" srcset=\"http:\/\/gdsreseau3m.com\/wp-content\/uploads\/2019\/06\/Coordonn\u00e9es-FA_Fredon-Lorraine_2019.jpeg 907w, http:\/\/gdsreseau3m.com\/wp-content\/uploads\/2019\/06\/Coordonn\u00e9es-FA_Fredon-Lorraine_2019-300x74.jpeg 300w, http:\/\/gdsreseau3m.com\/wp-content\/uploads\/2019\/06\/Coordonn\u00e9es-FA_Fredon-Lorraine_2019-768x191.jpeg 768w\" alt=\"\" width=\"729\" height=\"181\" \/><\/a><\/p>\n<div><strong>R\u00e9coltez le maximum d\u2019informations :<\/strong><\/div>\n<ol>\n<li>Photo de bonne qualit\u00e9 du nid ou d\u2019un individu<\/li>\n<li>R\u00e9colter un individu (sans se mettre en danger)<\/li>\n<li>Description pr\u00e9cise de l\u2019environnement imm\u00e9diat du nid<\/li>\n<li>Lieu exact (ville, adresse, etc.)<\/li>\n<\/ol>\n<div>V\u00e9rifiez l\u2019exactitude des coordonn\u00e9es sur le site de le FREDON Grand-Est <a href=\"https:\/\/fredon.fr\/grand-est\/\">ici<\/a><\/div>\n<\/div>\n<div>\n<h3 class=\"titreAccueil\"><span style=\"font-family: Calibri, sans-serif;\">Pour en savoir plus concernant cette esp\u00e8ce, consultez les supports de la FREDON Lorraine :\u00a0\u00a0<\/span><\/h3>\n<ul>\n<li><strong><a href=\"http:\/\/gdsreseau3m.com\/wp-content\/uploads\/2021\/08\/plaquette-2019-1.pdf\">Plaquette frelon asiatique<\/a><\/strong><\/li>\n<li><a class=\"boutonVert\" href=\"https:\/\/www.fredon-lorraine.com\/UserFiles\/File\/frelon-asiatique\/fiche-technique-frelon-asiatique-reconnaissance-08-2017.pdf\" target=\"_blank\" rel=\"noopener noreferrer\"><strong>Fiche technique reconnaissance du frelon asiatique<\/strong><\/a><\/li>\n<\/ul>\n<\/div>\n<div><img loading=\"lazy\" class=\"alignnone size-full wp-image-4426\" src=\"http:\/\/gdsreseau3m.com\/wp-content\/uploads\/2019\/08\/20190808_gds3m_Frelon-asiatique.png\" alt=\"\" width=\"749\" height=\"511\" srcset=\"https:\/\/gdsreseau3m.com\/wp-content\/uploads\/2019\/08\/20190808_gds3m_Frelon-asiatique.png 749w, https:\/\/gdsreseau3m.com\/wp-content\/uploads\/2019\/08\/20190808_gds3m_Frelon-asiatique-300x205.png 300w\" sizes=\"(max-width: 749px) 100vw, 749px\" \/><\/div>\n<\/div>","protected":false},"excerpt":{"rendered":"<p>Vous suspectez la pr\u00e9sence du frelon asiatique ?\u00a0 Contactez au plus vite le r\u00e9f\u00e9rent de votre d\u00e9partement : R\u00e9coltez le maximum d\u2019informations : Photo de bonne qualit\u00e9 du nid ou d\u2019un individu R\u00e9colter un individu (sans se mettre en danger) Description pr\u00e9cise de l\u2019environnement imm\u00e9diat du nid Lieu exact (ville, adresse, etc.) V\u00e9rifiez l\u2019exactitude des [&hellip;]<\/p>\n","protected":false},"author":1,"featured_media":0,"parent":0,"menu_order":0,"comment_status":"closed","ping_status":"closed","template":"","meta":[],"_links":{"self":[{"href":"https:\/\/gdsreseau3m.com\/index.php?rest_route=\/wp\/v2\/pages\/4406"}],"collection":[{"href":"https:\/\/gdsreseau3m.com\/index.php?rest_route=\/wp\/v2\/pages"}],"about":[{"href":"https:\/\/gdsreseau3m.com\/index.php?rest_route=\/wp\/v2\/types\/page"}],"author":[{"embeddable":true,"href":"https:\/\/gdsreseau3m.com\/index.php?rest_route=\/wp\/v2\/users\/1"}],"replies":[{"embeddable":true,"href":"https:\/\/gdsreseau3m.com\/index.php?rest_route=%2Fwp%2Fv2%2Fcomments&post=4406"}],"version-history":[{"count":13,"href":"https:\/\/gdsreseau3m.com\/index.php?rest_route=\/wp\/v2\/pages\/4406\/revisions"}],"predecessor-version":[{"id":5830,"href":"https:\/\/gdsreseau3m.com\/index.php?rest_route=\/wp\/v2\/pages\/4406\/revisions\/5830"}],"wp:attachment":[{"href":"https:\/\/gdsreseau3m.com\/index.php?rest_route=%2Fwp%2Fv2%2Fmedia&parent=4406"}],"curies":[{"name":"wp","href":"https:\/\/api.w.org\/{rel}","templated":true}]}}