{"id":4373,"date":"2019-08-06T11:30:45","date_gmt":"2019-08-06T09:30:45","guid":{"rendered":"http:\/\/gdsreseau3m.com\/?page_id=4373"},"modified":"2021-08-17T13:39:46","modified_gmt":"2021-08-17T11:39:46","slug":"abeilles-obligations-reglementaires","status":"publish","type":"page","link":"https:\/\/gdsreseau3m.com\/?page_id=4373","title":{"rendered":"Abeilles \u2013 Registre d&rsquo;\u00e9levage"},"content":{"rendered":"<div class=\"mpl-content-wrap\"><h1><img loading=\"lazy\" class=\"alignnone wp-image-1975\" src=\"http:\/\/gdsreseau3m.com\/wp-content\/uploads\/2018\/07\/picto-abeille.png\" alt=\"\" width=\"43\" height=\"36\" \/> <span style=\"color: #ff9900;\">Registre d&rsquo;\u00e9levage <\/span><\/h1>\n<h3><span style=\"color: #56b74f;\">La tenue d\u2019un registre d\u2019\u00e9levage<\/span><\/h3>\n<blockquote><p><strong>\u00ab\u00a0Avoir des abeilles c&rsquo;est assumer les responsabilit\u00e9s d&rsquo;un \u00e9leveur\u00a0\u00bb<\/strong><\/p><\/blockquote>\n<p><span dir=\"ltr\" role=\"presentation\">Tout apiculteur doit tenir un registre d&rsquo;\u00e9levage, d\u00e8s lors qu&rsquo;il poss\u00e8de une ruche. Ce registre est <strong>\u00e0 conserver 5 ans<\/strong>, <\/span><span dir=\"ltr\" role=\"presentation\">avec le r\u00e9c\u00e9piss\u00e9 de d\u00e9claration annuelle de rucher(s)<\/span> <em>(<span dir=\"ltr\" role=\"presentation\">Arr\u00eat\u00e9 du 5\/06\/2000<\/span> <span dir=\"ltr\" role=\"presentation\">; <\/span><span dir=\"ltr\" role=\"presentation\">article 253<\/span><span dir=\"ltr\" role=\"presentation\">&#8211;<\/span><span dir=\"ltr\" role=\"presentation\">II du code rural<\/span> ).<\/em><\/p>\n<p><span dir=\"ltr\" role=\"presentation\">Le d\u00e9tenteur <\/span><span dir=\"ltr\" role=\"presentation\">tient le registre <\/span><span dir=\"ltr\" role=\"presentation\">d&rsquo;\u00e9levage de fa\u00e7on ordonn\u00e9e et il veille \u00e0 en assurer une lecture et une compr\u00e9hension ais\u00e9es.<\/span><\/p>\n<p><strong>Il faut donc conserver les documents et informations suivants :<\/strong><\/p>\n<ul>\n<li><span dir=\"ltr\" role=\"presentation\">L\u2019apiculteur : i<\/span><span dir=\"ltr\" role=\"presentation\">dentification de l&rsquo;exploitation : nom, pr\u00e9nom ou raison sociale, n\u00b0 d\u2019apiculteur, adresse du <\/span><span dir=\"ltr\" role=\"presentation\">si\u00e8ge soc<\/span><span dir=\"ltr\" role=\"presentation\">ial de l\u2019exploitation, n\u00b0 de t\u00e9l\u00e9phone.<\/span><\/li>\n<li><span dir=\"ltr\" role=\"presentation\">Ses ruchers : l<\/span><span dir=\"ltr\" role=\"presentation\">ocalisation, nombre de ruches, <\/span><span dir=\"ltr\" role=\"presentation\">r\u00e9c\u00e9piss\u00e9 de d\u00e9claration de rucher<\/span><\/li>\n<li><span dir=\"ltr\" role=\"presentation\">Les <\/span><span dir=\"ltr\" role=\"presentation\">mouvements <\/span><span dir=\"ltr\" role=\"presentation\">des colonies : l<\/span><span dir=\"ltr\" role=\"presentation\">ieux concern\u00e9s, dates et nombre de colonies d\u00e9plac\u00e9es. <\/span><\/li>\n<li>Les <span dir=\"ltr\" role=\"presentation\">interventions <\/span><span dir=\"ltr\" role=\"presentation\">sanitaires<\/span> <span dir=\"ltr\" role=\"presentation\">et les <\/span><span dir=\"ltr\" role=\"presentation\">traitements <\/span><span dir=\"ltr\" role=\"presentation\">m\u00e9d<\/span><span dir=\"ltr\" role=\"presentation\">icamenteux : <\/span>i<span dir=\"ltr\" role=\"presentation\">ndiquer la date et <\/span><span dir=\"ltr\" role=\"presentation\">les ruchers concern\u00e9s, <\/span><span dir=\"ltr\" role=\"presentation\">ainsi que la quantit\u00e9 et la nature des\u00a0 <\/span><span dir=\"ltr\" role=\"presentation\">m\u00e9dicaments (nom commercial) ou de la\/les substance(s) active(s) administr\u00e9e(s) par <\/span><br role=\"presentation\" \/><span dir=\"ltr\" role=\"presentation\">ruche. <\/span><span dir=\"ltr\" role=\"presentation\">L\u2019ordonnance correspondante<\/span> <span dir=\"ltr\" role=\"presentation\">doit \u00eatre pr\u00e9sente <\/span><span dir=\"ltr\" role=\"presentation\">(ces mentions peuvent \u00ea<\/span><span dir=\"ltr\" role=\"presentation\">tre remplac\u00e9es par une r\u00e9f\u00e9rence \u00e0 l&rsquo;ordonnance relative au <\/span><span dir=\"ltr\" role=\"presentation\">traitement administr\u00e9 si l&rsquo;ordonnance comporte les indications de la date de d\u00e9but ou de <\/span><br role=\"presentation\" \/><span dir=\"ltr\" role=\"presentation\">la p\u00e9riode de traitement).<\/span><\/li>\n<li><span dir=\"ltr\" role=\"presentation\">Les \u00e9ventuels r\u00e9sultats d\u2019analyses<\/span> <span dir=\"ltr\" role=\"presentation\">effectu\u00e9es, ou des \u00e9ventuels bilans sanita<\/span><span dir=\"ltr\" role=\"presentation\">ires<\/span><\/li>\n<li><span dir=\"ltr\" role=\"presentation\">L\u2019enregistrement des op\u00e9rations de nourrissement<\/span> <span dir=\"ltr\" role=\"presentation\">(facultatif)<\/span><\/li>\n<\/ul>\n<p><span dir=\"ltr\" role=\"presentation\">Des mod\u00e8les de registre d\u2019\u00e9levage<\/span> <span dir=\"ltr\" role=\"presentation\">existent sur Internet ou dans les magazines apicoles<\/span>. Vous pouvez \u00e9galement utiliser un classeur ou cahier simple.<\/p>\n<h3><span style=\"color: #56b74f;\">Utilisation de m\u00e9dicaments disposant d\u2019une AMM<br \/>\n<\/span><\/h3>\n<p>(AMM = Autorisation de Mise sur le March\u00e9)<\/p>\n<p><strong>Pour \u00eatre utilis\u00e9s dans les ruches, les m\u00e9dicaments doivent disposer d\u2019une autorisation dite AMM<\/strong> (ou pour un nouveau produit, temporaire ATU).<\/p>\n<p>Tout apiculteur qui livre du miel, pollen, gel\u00e9e royale, propolis&#8230; \u00e0 la consommation humaine, doit veiller \u00e0 obtenir des produits sains exempts de r\u00e9sidus.<\/p>\n<p><strong>C&rsquo;est pour se garantir aupr\u00e8s des consommateurs que l\u2019apiculteur doit d\u2019utiliser des produits homologu\u00e9s, respecter les posologies et acheter ses m\u00e9dicaments aupr\u00e8s d\u2019un fournisseur autoris\u00e9<\/strong> (v\u00e9t\u00e9rinaire, pharmacie, groupement disposant d\u2019un PSE ou programme sanitaire d\u2019\u00e9levage agr\u00e9\u00e9).<\/p>\n<p>D\u2019autre part, en ce qui concerne varroa, l\u2019emploi de produits non autoris\u00e9s pour r\u00e9aliser les traitements, ou le non-respect des posologies, favorise l\u2019apparition de r\u00e9sistance aux mati\u00e8res actives qui rendent les m\u00e9dicaments inefficaces.<\/p>\n<p>Dans tous les d\u00e9partements, des renseignements peuvent \u00eatre apport\u00e9s par les v\u00e9t\u00e9rinaires conseils ou les techniciens sanitaires apicoles. Tournez vous \u00e9galement vers les Ruchers \u00c9cole ou association apicoles locales.<\/p>\n<p><span style=\"color: #ff9900;\"><strong>Informez-vous et formez-vous.<\/strong> <\/span><\/p>\n<h6>\u2192 <a href=\"http:\/\/gdsreseau3m.com\/wp-content\/uploads\/2021\/08\/registre_d_elevage_apicole-modele-1-1.pdf\">Mod\u00e8le de registre d&rsquo;\u00e9levage apicole \u00e0 t\u00e9l\u00e9charger<\/a><\/h6>\n<p><a href=\"http:\/\/gdsreseau3m.com\/wp-content\/uploads\/2021\/08\/registre_d_elevage_apicole-modele-1-1.pdf\"><img loading=\"lazy\" class=\"alignnone wp-image-5815\" src=\"http:\/\/gdsreseau3m.com\/wp-content\/uploads\/2021\/08\/Illu-registre-elevage-apicole-modele-1-\u00e0-telecharger.png\" alt=\"Modele registre \u00e9levage apicole\" width=\"477\" height=\"309\" srcset=\"https:\/\/gdsreseau3m.com\/wp-content\/uploads\/2021\/08\/Illu-registre-elevage-apicole-modele-1-\u00e0-telecharger.png 1244w, https:\/\/gdsreseau3m.com\/wp-content\/uploads\/2021\/08\/Illu-registre-elevage-apicole-modele-1-\u00e0-telecharger-300x194.png 300w, https:\/\/gdsreseau3m.com\/wp-content\/uploads\/2021\/08\/Illu-registre-elevage-apicole-modele-1-\u00e0-telecharger-768x498.png 768w, https:\/\/gdsreseau3m.com\/wp-content\/uploads\/2021\/08\/Illu-registre-elevage-apicole-modele-1-\u00e0-telecharger-1024x663.png 1024w\" sizes=\"(max-width: 477px) 100vw, 477px\" \/><\/a><\/p>\n<\/div>","protected":false},"excerpt":{"rendered":"<p>Registre d&rsquo;\u00e9levage La tenue d\u2019un registre d\u2019\u00e9levage \u00ab\u00a0Avoir des abeilles c&rsquo;est assumer les responsabilit\u00e9s d&rsquo;un \u00e9leveur\u00a0\u00bb Tout apiculteur doit tenir un registre d&rsquo;\u00e9levage, d\u00e8s lors qu&rsquo;il poss\u00e8de une ruche. Ce registre est \u00e0 conserver 5 ans, avec le r\u00e9c\u00e9piss\u00e9 de d\u00e9claration annuelle de rucher(s) (Arr\u00eat\u00e9 du 5\/06\/2000 ; article 253&#8211;II du code rural ). Le [&hellip;]<\/p>\n","protected":false},"author":1,"featured_media":0,"parent":0,"menu_order":0,"comment_status":"closed","ping_status":"closed","template":"","meta":[],"_links":{"self":[{"href":"https:\/\/gdsreseau3m.com\/index.php?rest_route=\/wp\/v2\/pages\/4373"}],"collection":[{"href":"https:\/\/gdsreseau3m.com\/index.php?rest_route=\/wp\/v2\/pages"}],"about":[{"href":"https:\/\/gdsreseau3m.com\/index.php?rest_route=\/wp\/v2\/types\/page"}],"author":[{"embeddable":true,"href":"https:\/\/gdsreseau3m.com\/index.php?rest_route=\/wp\/v2\/users\/1"}],"replies":[{"embeddable":true,"href":"https:\/\/gdsreseau3m.com\/index.php?rest_route=%2Fwp%2Fv2%2Fcomments&post=4373"}],"version-history":[{"count":11,"href":"https:\/\/gdsreseau3m.com\/index.php?rest_route=\/wp\/v2\/pages\/4373\/revisions"}],"predecessor-version":[{"id":5845,"href":"https:\/\/gdsreseau3m.com\/index.php?rest_route=\/wp\/v2\/pages\/4373\/revisions\/5845"}],"wp:attachment":[{"href":"https:\/\/gdsreseau3m.com\/index.php?rest_route=%2Fwp%2Fv2%2Fmedia&parent=4373"}],"curies":[{"name":"wp","href":"https:\/\/api.w.org\/{rel}","templated":true}]}}