{"id":419,"date":"2018-06-18T11:11:02","date_gmt":"2018-06-18T09:11:02","guid":{"rendered":"http:\/\/gdsreseau3m.com\/?page_id=419"},"modified":"2026-04-02T09:48:26","modified_gmt":"2026-04-02T07:48:26","slug":"bovins-bvd","status":"publish","type":"page","link":"https:\/\/gdsreseau3m.com\/?page_id=419","title":{"rendered":"Bovins &#8211; BVD &#8211; La maladie"},"content":{"rendered":"<div class=\"mpl-content-wrap\"><h6><img loading=\"lazy\" class=\"alignnone wp-image-333\" src=\"http:\/\/gdsreseau3m.com\/wp-content\/uploads\/2018\/06\/treffleMenu.png\" alt=\"\" width=\"23\" height=\"22\" \/><a href=\"http:\/\/gdsreseau3m.com\/?page_id=419\">La maladie<\/a><img loading=\"lazy\" class=\"alignnone wp-image-333\" src=\"http:\/\/gdsreseau3m.com\/wp-content\/uploads\/2018\/06\/treffleMenu.png\" alt=\"\" width=\"23\" height=\"22\" \/><a href=\"http:\/\/gdsreseau3m.com\/?page_id=1157\">Garantie NON IPI<\/a><a href=\"http:\/\/gdsreseau3m.com\/?page_id=304\"><img loading=\"lazy\" class=\"alignnone wp-image-333\" src=\"http:\/\/gdsreseau3m.com\/wp-content\/uploads\/2018\/06\/treffleMenu.png\" alt=\"\" width=\"23\" height=\"22\" \/><\/a><a href=\"http:\/\/gdsreseau3m.com\/?page_id=1162\">Contr\u00f4le des risques<\/a><a href=\"http:\/\/gdsreseau3m.com\/?page_id=304\"><img loading=\"lazy\" class=\"alignnone wp-image-333\" src=\"http:\/\/gdsreseau3m.com\/wp-content\/uploads\/2018\/06\/treffleMenu.png\" alt=\"\" width=\"23\" height=\"22\" \/><\/a><a href=\"http:\/\/gdsreseau3m.com\/?page_id=1160\">Assainissement individuel<\/a><img loading=\"lazy\" class=\"alignnone wp-image-333\" src=\"http:\/\/gdsreseau3m.com\/wp-content\/uploads\/2018\/06\/treffleMenu.png\" alt=\"\" width=\"23\" height=\"22\" \/><a href=\"http:\/\/gdsreseau3m.com\/?page_id=1165\">Assainissement collectif Nord Est<\/a><\/h6>\n<h1><span style=\"color: #56b74f;\"><img loading=\"lazy\" class=\"alignnone wp-image-749 \" src=\"http:\/\/gdsreseau3m.com\/wp-content\/uploads\/2018\/06\/Bovins1.png\" alt=\"\" width=\"47\" height=\"35\" \/><\/span><span style=\"color: #56b74f;\"> BVD : la maladie<\/span><\/h1>\n<p>La Diarrh\u00e9e Virale Bovine (BVD) est <b>une pathologie tr\u00e8s r\u00e9pandue, \u00e0 l&rsquo;origine de pertes \u00e9conomiques importantes dans les \u00e9levages bovins<\/b>. Les pertes \u00e9conomiques sont scientifiquement \u00e9valu\u00e9es en \u00e9levages infect\u00e9s dans <strong>une fourchette de 46 \u20ac \u00e0 83 \u20ac par bovin et par an. <\/strong><i><\/i><\/p>\n<h3><span style=\"color: #56b74f;\">L&rsquo;agent infectieux<br \/>\n<\/span><\/h3>\n<p>L&rsquo;agent responsable est un <strong>virus sp\u00e9cifique aux bovins,<\/strong> de la famille des Pestivirus <i>(de la m\u00eame famille que celui de la Border Disease des ovins), <\/i>non transmissible \u00e0 l&rsquo;Homme. Ce n&rsquo;est pas une maladie r\u00e9glement\u00e9e par l&rsquo;\u00c9tat :<strong> la lutte et les recherches se basent sur le volontariat des \u00e9leveurs, accompagn\u00e9s par leur GDS et la profession v\u00e9t\u00e9rinaire<\/strong>.<\/p>\n<div>Le virus de la BVD agit comme un immunod\u00e9presseur sur les animaux et provoque une alt\u00e9ration du syst\u00e8me immunitaire qui peut-\u00eatre :<\/div>\n<ul>\n<li><strong>Transitoire<\/strong> : durant quelques semaines lors d&rsquo;un\u00a0 premier contact,<\/li>\n<li><strong>Permanente<\/strong> : le veau contamin\u00e9 dans le ventre de sa m\u00e8re reste infect\u00e9 et excr\u00e9teur \u00e0 vie (IPI).<\/li>\n<\/ul>\n<h3><span style=\"color: #74bd2c;\"><span style=\"color: #56b74f;\">Une large palette de sympt\u00f4mes cliniques<\/span><br \/>\n<\/span><\/h3>\n<p>Un passage du virus peut s&rsquo;exprimer de fa\u00e7on tr\u00e8s variable d&rsquo;un cheptel \u00e0 l&rsquo;autre, cela d\u00e9pend de la cat\u00e9gorie d&rsquo;animaux concern\u00e9s, du statut immunitaire en place &#8230; Cela rend son identification difficile puisque aucun signe n&rsquo;est vraiment caract\u00e9ristique = c&rsquo;est plus souvent <b>un faisceau de pr\u00e9somptions qui permet de soup\u00e7onner la BVD.<\/b><\/p>\n<p>Cependant, une aggravation des probl\u00e8mes sur les veaux est fr\u00e9quemment notable. <b>Les veaux sont les \u00ab\u00a0sentinelles\u00a0\u00bb : ils expriment davantage de signaux que les adultes lors d&rsquo;un passage du virus. <\/b><\/p>\n<h4><span style=\"color: #800080;\">&#x25b6; Les signaux qui doivent vous alerter :<\/span><\/h4>\n<ul>\n<li>Augmentation de la mortalit\u00e9 des veaux<\/li>\n<li>Maladie importante des veaux, avec \u00e9chec de traitement<\/li>\n<li>Probl\u00e8mes de reproduction sur les adultes, avortement<i> (voir le sch\u00e9ma ci-dessous)<\/i><\/li>\n<li>Diarrh\u00e9es r\u00e9currentes sur les veaux<\/li>\n<li>Probl\u00e8mes respiratoires malgr\u00e9 une vaccination et des soins<\/li>\n<li>Retard de croissance et veaux ch\u00e9tifs<\/li>\n<li>Maladies des muqueuses, mortelle et incurable<i> (phase clinique de la B.V.D., qui n&rsquo;atteint que les animaux I.P.I.)<\/i><\/li>\n<li><i>&#8230;<\/i><\/li>\n<\/ul>\n<p><span style=\"color: #333333;\"><b>Le recours aux analyses via le laboratoire v\u00e9t\u00e9rinaire est incontournable pour confirmer l&rsquo;hypoth\u00e8se de l&rsquo;infection.<\/b><\/span><\/p>\n<div>\n<h3><span style=\"color: #56b74f;\">Les voies de transmission du virus<\/span><\/h3>\n<h4><span style=\"color: #800080;\">&#x25b6; Transmission horizontale \u00ab\u00a0de contact\u00a0\u00bb <\/span><\/h4>\n<div>\n<p>La contamination d&rsquo;un animal sensible (non immunis\u00e9) se fait TOUJOURS PAR CONTACT DIRECT avec le virus, le plus souvent avec un animal excr\u00e9teur :<\/p>\n<ul>\n<li>Introduction dans l&rsquo;\u00e9levage d&rsquo;un animal infect\u00e9\u00a0 = <b><span style=\"color: #ff6600;\">ACHAT <\/span>&#8211; pr\u00eat &#8211; pension\u00a0<\/b><\/li>\n<li>Contacts \u00ab\u00a0mufle-\u00e0-mufle \u00a0\u00bb avec un animal infect\u00e9 <i>(par dessus la cl\u00f4ture, &#8230; ) <\/i><b><br \/>\n<\/b><\/li>\n<li>Lors de <b>concours ou de<\/b><b>rassemblement <\/b>d&rsquo;animaux<\/li>\n<li>Avec du <b>mat\u00e9riel souill\u00e9 <\/b><i>(b\u00e9taill\u00e8re, mouchette, tondeuse, v\u00eatement, etc.<\/i>)<\/li>\n<li>Attention aux achet\u00e9es vaches gestantes <i>(statut du veau inconnu)<\/i><\/li>\n<\/ul>\n<p><span style=\"color: #ff6600;\"><b>L&rsquo;achat d&rsquo;animaux infect\u00e9s est la premi\u00e8re source de contamination des cheptels !<\/b><\/span><\/p>\n<\/div>\n<div>\n<h4><span style=\"color: #800080;\">&#x25b6; Transmission verticale \u00a0\u00bb in ut\u00e9ro\u00a0\u00bb<\/span><\/h4>\n<p><b>C&rsquo;est \u00e0 dire de la m\u00e8re \u00e0 son veau <\/b>pendant la gestation in ut\u00e9ro. La cr\u00e9ation de l&rsquo;IPI se fait lorsqu&rsquo;une femelle non prot\u00e9g\u00e9e est contamin\u00e9e par le virus <b>entre le 40\u00e8me et 125\u00e8me jour de gestation. <\/b>Plusieurs vaccins existent pour \u00e9viter la cr\u00e9ation d&rsquo;IPI et les autres cons\u00e9quences de l&rsquo;infection foetale <em><a href=\"http:\/\/gdsreseau3m.com\/?page_id=1162\">(en savoir plus sur la vaccination ici).<\/a><\/em><\/p>\n<p><img loading=\"lazy\" class=\"alignnone wp-image-1111\" src=\"http:\/\/gdsreseau3m.com\/wp-content\/uploads\/2018\/06\/1501573988_gds3m_schema_BVD_gestation_.png\" alt=\"\" width=\"543\" height=\"301\" srcset=\"https:\/\/gdsreseau3m.com\/wp-content\/uploads\/2018\/06\/1501573988_gds3m_schema_BVD_gestation_.png 796w, https:\/\/gdsreseau3m.com\/wp-content\/uploads\/2018\/06\/1501573988_gds3m_schema_BVD_gestation_-300x167.png 300w, https:\/\/gdsreseau3m.com\/wp-content\/uploads\/2018\/06\/1501573988_gds3m_schema_BVD_gestation_-768x426.png 768w\" sizes=\"(max-width: 543px) 100vw, 543px\" \/><\/p>\n<p><i><u>Sch\u00e9ma <\/u>: Effets du passage du virus de la B.V.D. durant la gestation <\/i><\/p>\n<\/div>\n<\/div>\n<div>\n<h3><span style=\"color: #56b74f;\">Animaux excr\u00e9teurs : IPI ou vir\u00e9mique transitoire ?\u00a0<\/span><\/h3>\n<div>\n<p><b>Il existe deux cat\u00e9gories d&rsquo;animaux excr\u00e9teurs du virus : l&rsquo;IPI et le vir\u00e9mique transitoire. <\/b>Ils excr\u00e8tent du virus dans toutes leurs s\u00e9cr\u00e9tions : les bouses, la salive, le lait, le sperme, les s\u00e9cr\u00e9tions ut\u00e9rines, le liquide amniotique, etc.<\/p>\n<\/div>\n<h4><span style=\"color: #800080;\">&#x25b6; L&rsquo;IPI : infect\u00e9 permanent immunotol\u00e9rant<\/span><\/h4>\n<div>\n<p><span style=\"color: #333333;\">L&rsquo;animal IPI, <b>r\u00e9servoir majeur du virus<\/b>, a \u00e9t\u00e9 infect\u00e9 au stade foetal ou con\u00e7u par une m\u00e8re elle-m\u00eame IPI. Dans la mesure o\u00f9 il est n\u00e9 avec le virus, son syst\u00e8me immunitaire ne s&rsquo;en d\u00e9fend pas : il ne produit donc pas d&rsquo;anticorps contre le virus <i>(s\u00e9rologie n\u00e9gative)<\/i>. En revanche,<strong> il<\/strong> <b>excr\u00e8te du virus en grande quantit\u00e9 et en permanence <\/b>jusqu&rsquo;\u00e0 sa mort, ce qui fait de lui une<b> \u00ab\u00a0BOMBE A VIRUS\u00a0\u00bb.<\/b><\/span><\/p>\n<p><u>Ces IPI peuvent selon les cas : <\/u><\/p>\n<ul>\n<li>\u00catre d&rsquo;apparence normale,<\/li>\n<li>Avoir une croissance r\u00e9duite, et apparaitre alors rapidement comme des non-valeurs \u00e9conomiques,<\/li>\n<li>Exprimer un ensemble de sympt\u00f4mes <i>(= ulc\u00e8res dans la bouche, diarrh\u00e9e, \u00e9coulements nasaux et oculaires),<\/i>qualifi\u00e9e de <span style=\"color: #333333;\"><b>maladie des muqueuses. <\/b>Il n&rsquo;existe aucun traitement pour la maladie des muqueuses et elle \u00e9volue toujours vers la mort. <\/span><b><span style=\"color: #333333;\">Un animal IPI n&rsquo;a aucune valeur \u00e9conomique.<\/span><br \/>\n<\/b><\/li>\n<\/ul>\n<\/div>\n<div>\n<p>Leur identification ne se fait que par analyse au laboratoire<i>.<\/i><\/p>\n<p>Lors d&rsquo;une contamination d&rsquo;un troupeau par la B.V.D., la recherche et l&rsquo;\u00e9limination de ces animaux IPI est la premi\u00e8re et indispensable \u00e9tape vers l&rsquo;assainissement.<\/p>\n<p><img loading=\"lazy\" class=\"alignnone wp-image-2408\" src=\"http:\/\/gdsreseau3m.com\/wp-content\/uploads\/2018\/07\/excretion-ipi.png\" alt=\"\" width=\"401\" height=\"370\" srcset=\"https:\/\/gdsreseau3m.com\/wp-content\/uploads\/2018\/07\/excretion-ipi.png 646w, https:\/\/gdsreseau3m.com\/wp-content\/uploads\/2018\/07\/excretion-ipi-300x277.png 300w\" sizes=\"(max-width: 401px) 100vw, 401px\" \/><\/p>\n<h4><span style=\"color: #800080;\">&#x25b6; Le vir\u00e9mique transitoire<\/span><\/h4>\n<\/div>\n<div>\n<p>Le vir\u00e9mique transitoire est un animal sain \u00e0 la naissance, qui <b>contracte temporairement le virus<\/b> suite \u00e0 un premier contact avec le virus.<\/p>\n<p>Pendant plusieurs semaines, il est porteur et excr\u00e8te du virus le temps de fabriquer les anticorps n\u00e9cessaires \u00e0 l&rsquo;\u00e9limination du virus de son organisme <i>(anticorps que l&rsquo;on d\u00e9tecte d&rsquo;ailleurs par analyse s\u00e9rologique)<\/i>. Durant cette p\u00e9riode, son syst\u00e8me immunitaire est fragilis\u00e9 ce qui favorise l&rsquo;expression d&rsquo;autres pathologies.<\/p>\n<p><img loading=\"lazy\" class=\"alignnone wp-image-2385\" src=\"http:\/\/gdsreseau3m.com\/wp-content\/uploads\/2018\/07\/BVD_-sch\u00e9ma-vir\u00e9mie.png\" alt=\"\" width=\"469\" height=\"223\" srcset=\"https:\/\/gdsreseau3m.com\/wp-content\/uploads\/2018\/07\/BVD_-sch\u00e9ma-vir\u00e9mie.png 1298w, https:\/\/gdsreseau3m.com\/wp-content\/uploads\/2018\/07\/BVD_-sch\u00e9ma-vir\u00e9mie-300x142.png 300w, https:\/\/gdsreseau3m.com\/wp-content\/uploads\/2018\/07\/BVD_-sch\u00e9ma-vir\u00e9mie-768x364.png 768w, https:\/\/gdsreseau3m.com\/wp-content\/uploads\/2018\/07\/BVD_-sch\u00e9ma-vir\u00e9mie-1024x486.png 1024w\" sizes=\"(max-width: 469px) 100vw, 469px\" \/><\/p>\n<\/div>\n<\/div>\n<h3><span style=\"color: #56b74f;\">Diagnostic au laboratoire<\/span><\/h3>\n<p>Il existe 3 types d&rsquo;analyses :<\/p>\n<div>\n<ul>\n<li><b>La\u00a0<\/b><b>s\u00e9rologie <\/b>(<b>recherche d&rsquo;anticorps) <\/b>= la positivit\u00e9 traduit que l&rsquo;animal a d\u00e9j\u00e0 \u00e9tait en contact avec le virus et a d\u00e9clench\u00e9 une r\u00e9action immunitaire.<\/li>\n<li><b>La virologie (recherche de trace du virus) <\/b>= recherche directe des excr\u00e9teurs. A r\u00e9aliser uniquement sur les bovins de plus de 6 mois (interaction possible avec les anticorps maternels).<\/li>\n<li><b>La PCR = recherche de l&rsquo;ADN du virus <\/b>avec une technique de biologie mol\u00e9culaire. Recherche directe des excr\u00e9teurs. Cette technique est tr\u00e8s sensible et sp\u00e9cifique. C&rsquo;est la plus recommand\u00e9e.<\/li>\n<\/ul>\n<h4><span style=\"color: #800080;\">&#x25b6; Interpr\u00e9tation sch\u00e9matique des r\u00e9sultats avec analyses P.C.R. et s\u00e9rologie<\/span><\/h4>\n<table style=\"height: 177px;\" width=\"601\">\n<tbody>\n<tr>\n<td style=\"text-align: center;\" colspan=\"2\"><b>\u00a0VIRUS (PCR)<\/b><\/td>\n<\/tr>\n<tr>\n<td><\/td>\n<td><\/td>\n<td style=\"text-align: center;\"><b>\u00a0+<\/b><\/td>\n<td style=\"text-align: center;\"><b>&#8211;<br \/>\n<\/b><\/td>\n<\/tr>\n<tr>\n<td style=\"text-align: center;\"><b><br \/>\nANTICORPS (s\u00e9rologie)<br \/>\n<\/b><\/td>\n<td style=\"text-align: center;\"><b>\u00a0+<\/b><\/td>\n<td style=\"text-align: center;\">\u00a0Animal vir\u00e9mique<\/td>\n<td style=\"text-align: center;\">Animal ayant d\u00e9j\u00e0 \u00e9t\u00e9 en contact avec le virus ou vaccin\u00e9 avec certains vaccins<\/td>\n<\/tr>\n<tr>\n<td style=\"text-align: center;\"><b>\u00a0&#8211;<\/b><\/td>\n<td style=\"text-align: center;\">\u00a0Animal IPI<\/td>\n<td style=\"text-align: center;\">\u00a0Animal sain n&rsquo;ayant jamais \u00e9t\u00e9 en contact avec le virus<\/td>\n<\/tr>\n<\/tbody>\n<\/table>\n<\/div>\n<h3><span style=\"color: #56b74f;\">T\u00e9moignage \u00ab\u00a0un IPI qui en coute 20\u00a0\u00bb<\/span><\/h3>\n<p><iframe loading=\"lazy\" title=\"Le virus de la BVD\" width=\"1170\" height=\"658\" src=\"https:\/\/www.youtube.com\/embed\/Jd_kWHLmbtM?feature=oembed\" frameborder=\"0\" allow=\"accelerometer; autoplay; clipboard-write; encrypted-media; gyroscope; picture-in-picture; web-share\" referrerpolicy=\"strict-origin-when-cross-origin\" allowfullscreen><\/iframe><\/p>\n<p style=\"text-align: left;\"><em>F\u00e9vrier 2015 &#8211; Elitest et GDS<\/em><\/p>\n<p>&nbsp;<\/p>\n<h5 style=\"text-align: left;\">Pour tous renseignements compl\u00e9mentaires sur la maladie, contactez votre conseiller sanitaire (<a href=\"http:\/\/gdsreseau3m.com\/?page_id=211\" target=\"_self\" rel=\"noopener noreferrer\"><span style=\"color: #56b74f;\">nous contacter<\/span><\/a>)<\/h5>\n<\/div>","protected":false},"excerpt":{"rendered":"<p>La maladieGarantie NON IPIContr\u00f4le des risquesAssainissement individuelAssainissement collectif Nord Est BVD : la maladie La Diarrh\u00e9e Virale Bovine (BVD) est une pathologie tr\u00e8s r\u00e9pandue, \u00e0 l&rsquo;origine de pertes \u00e9conomiques importantes dans les \u00e9levages bovins. Les pertes \u00e9conomiques sont scientifiquement \u00e9valu\u00e9es en \u00e9levages infect\u00e9s dans une fourchette de 46 \u20ac \u00e0 83 \u20ac par bovin et [&hellip;]<\/p>\n","protected":false},"author":1,"featured_media":0,"parent":0,"menu_order":0,"comment_status":"closed","ping_status":"closed","template":"","meta":[],"_links":{"self":[{"href":"https:\/\/gdsreseau3m.com\/index.php?rest_route=\/wp\/v2\/pages\/419"}],"collection":[{"href":"https:\/\/gdsreseau3m.com\/index.php?rest_route=\/wp\/v2\/pages"}],"about":[{"href":"https:\/\/gdsreseau3m.com\/index.php?rest_route=\/wp\/v2\/types\/page"}],"author":[{"embeddable":true,"href":"https:\/\/gdsreseau3m.com\/index.php?rest_route=\/wp\/v2\/users\/1"}],"replies":[{"embeddable":true,"href":"https:\/\/gdsreseau3m.com\/index.php?rest_route=%2Fwp%2Fv2%2Fcomments&post=419"}],"version-history":[{"count":52,"href":"https:\/\/gdsreseau3m.com\/index.php?rest_route=\/wp\/v2\/pages\/419\/revisions"}],"predecessor-version":[{"id":7547,"href":"https:\/\/gdsreseau3m.com\/index.php?rest_route=\/wp\/v2\/pages\/419\/revisions\/7547"}],"wp:attachment":[{"href":"https:\/\/gdsreseau3m.com\/index.php?rest_route=%2Fwp%2Fv2%2Fmedia&parent=419"}],"curies":[{"name":"wp","href":"https:\/\/api.w.org\/{rel}","templated":true}]}}