{"id":3974,"date":"2019-02-14T14:13:25","date_gmt":"2019-02-14T13:13:25","guid":{"rendered":"http:\/\/gdsreseau3m.com\/?page_id=3974"},"modified":"2023-02-08T15:09:09","modified_gmt":"2023-02-08T14:09:09","slug":"fmse","status":"publish","type":"page","link":"https:\/\/gdsreseau3m.com\/?page_id=3974","title":{"rendered":"FMSE"},"content":{"rendered":"<div class=\"mpl-content-wrap\"><h1>Fonds de Mutualisation Sanitaire et <a href=\"http:\/\/gdsreseau3m.com\/wp-content\/uploads\/2018\/10\/Logo-FMSE.jpeg\"><img loading=\"lazy\" class=\"wp-image-3526 alignright\" src=\"http:\/\/gdsreseau3m.com\/wp-content\/uploads\/2018\/10\/Logo-FMSE.jpeg\" alt=\"\" width=\"141\" height=\"83\" \/><\/a>Environnemental<\/h1>\n<p><a href=\"http:\/\/gdsreseau3m.com\/wp-content\/uploads\/2019\/02\/illustration-FMSE.png\"><img loading=\"lazy\" class=\"alignnone size-full wp-image-3980\" src=\"http:\/\/gdsreseau3m.com\/wp-content\/uploads\/2019\/02\/illustration-FMSE.png\" alt=\"\" width=\"1471\" height=\"216\" srcset=\"https:\/\/gdsreseau3m.com\/wp-content\/uploads\/2019\/02\/illustration-FMSE.png 1471w, https:\/\/gdsreseau3m.com\/wp-content\/uploads\/2019\/02\/illustration-FMSE-300x44.png 300w, https:\/\/gdsreseau3m.com\/wp-content\/uploads\/2019\/02\/illustration-FMSE-768x113.png 768w, https:\/\/gdsreseau3m.com\/wp-content\/uploads\/2019\/02\/illustration-FMSE-1024x150.png 1024w\" sizes=\"(max-width: 1471px) 100vw, 1471px\" \/><\/a><\/p>\n<h3>Maladies couvertes<\/h3>\n<p>Ce fond vise \u00e0 indemniser les agriculteurs lorsqu\u2019ils subissent des pertes li\u00e9es \u00e0 des incidents sanitaires ou environnementaux. Sont concern\u00e9es les maladies de 1\u00e8re et 2\u00e8me cat\u00e9gorie (arr\u00eat\u00e9 du 29\/07\/2013).<\/p>\n<p>Actuellement, les maladies couvertes sont\u00a0: <strong>la tuberculose bovine, la brucellose, la leucose, la FCO, la fi\u00e8vre charbonneuse et le botulisme.<\/strong><\/p>\n<p>Les co\u00fbts et pertes indemnis\u00e9s sont d\u00e9finis pour chaque maladie. En 2018\u00a0 :<\/p>\n<ul>\n<li>Les programmes tuberculose et FCO indemnisent les co\u00fbts d\u2019immobilisation des animaux<\/li>\n<li>Le programme fi\u00e8vre charbonneuse indemnise les co\u00fbts d\u2019immobilisation des animaux et les pertes animales<\/li>\n<li>Le programme botulisme indemnise les pertes animales<\/li>\n<\/ul>\n<p><strong>Tous les \u00e9leveurs de ruminants professionnels sont concern\u00e9s<\/strong>. Les pluriactifs ayant une activit\u00e9 d\u2019\u00e9levage \u00e0 titre professionnel sont \u00e9galement \u00e9ligibles. Les d\u00e9tenteurs d\u2019animaux qui ne sont pas exploitants agricoles ne sont pas \u00e9ligibles au FMSE.<\/p>\n<h3>Conditions d\u2019indemnisation<\/h3>\n<p>Pour avoir droit \u00e0 une indemnit\u00e9 vous devez respecter les r\u00e8gles d\u2019\u00e9ligibilit\u00e9 du FMSE:<\/p>\n<ul>\n<li>\u00catre \u00e0 jour de vos cotisations et \u00eatre adh\u00e9rent \u00e0 la section ruminants l\u2019ann\u00e9e de l\u2019incident sanitaire et l\u2019ann\u00e9e pr\u00e9c\u00e9dente (\u00e0 l\u2019exception des nouveaux install\u00e9s)<\/li>\n<li>Avoir strictement respect\u00e9 la r\u00e8glementation sanitaire<\/li>\n<\/ul>\n<p><strong>Si votre cheptel est touch\u00e9 par une maladie \u00e9ligible, c\u2019est le GDS qui instruira votre dossier aupr\u00e8s du FMSE.<\/strong><\/p>\n<p>Les indemnit\u00e9s et les crit\u00e8res d\u2019\u00e9ligibilit\u00e9 sont fix\u00e9s nationalement. Les indemnit\u00e9s sont calcul\u00e9es nationalement sur la base de bar\u00e8mes sp\u00e9cifiques \u00e0 chaque type de production.<\/p>\n<p>Les co\u00fbts d\u2019immobilisation ont \u00e9t\u00e9 \u00e9valu\u00e9s par l\u2019Institut de l\u2019\u00c9levage ; ils incluent l\u2019alimentation, l\u2019entretien, les soins v\u00e9t\u00e9rinaires. En cas de mortalit\u00e9, la valeur des animaux est estim\u00e9e \u00e0 l\u2019aide des cotations de France AgriMer ou des bar\u00e8mes de l\u2019Institut de l\u2019\u00c9levage. Les pertes de production sont calcul\u00e9es en faisant la diff\u00e9rence entre la moyenne des volumes de production des ann\u00e9es pr\u00e9c\u00e9dentes et la production de l\u2019ann\u00e9e du pr\u00e9judice (comptabilit\u00e9, factures d\u2019apport, contr\u00f4le laitier, &#8230;)<\/p>\n<p>Le co\u00fbt des mesures de lutte est constat\u00e9 sur facture.<\/p>\n<h3>Financement<\/h3>\n<p>Le FMSE est financ\u00e9 \u00e0 la fois par les agriculteurs, l\u2019\u00c9tat et l\u2019Union europ\u00e9enne. L\u2019indemnisation des agriculteurs est financ\u00e9e \u00e0 35% par leurs cotisations et \u00e0 65% sur fonds publics.<\/p>\n<p>En 2018 vos cotisations ont permis de verser plus de 4 millions d\u2019euros d\u2019indemnit\u00e9s \u00e0 pr\u00e8s de 1000 \u00e9leveurs pour les pertes dues \u00e0 la tuberculose bovine, au botulisme, et aux pertes de fourrage li\u00e9es au campagnol.<\/p>\n<blockquote><p><strong>Attention<\/strong>, la cotisation 2019 \u00e0 la section ruminants doit \u00eatre r\u00e9gl\u00e9e aupr\u00e8s du GDS <strong>avant le 31 janvier 2020<\/strong>. Toute cotisation pay\u00e9e apr\u00e8s cette date <strong>ne sera pas prise en compte <\/strong>et l\u2019\u00e9levage ne sera pas \u00e9ligible \u00e0 toute demande d\u2019indemnisation en 2019 et 2020.<\/p><\/blockquote>\n<h3>En savoir plus :<\/h3>\n<ul>\n<li><a href=\"http:\/\/www.fmse.fr\/\" target=\"_blank\" rel=\"noopener noreferrer\">http:\/\/www.fmse.fr\/<\/a><\/li>\n<li><a href=\"http:\/\/gdsreseau3m.com\/wp-content\/uploads\/2019\/02\/plaquette-ruminants-2019.pdf\" target=\"_blank\" rel=\"noopener noreferrer\">Plaquette explicative petits-ruminants<\/a><\/li>\n<\/ul>\n<p>&nbsp;<\/p>\n<hr \/>\n<h3><span style=\"color: #59b5cf;\">T\u00e9moignage : l&rsquo;adh\u00e9sion FMSE vue par un \u00e9leveur meusien<\/span><\/h3>\n<p><span style=\"color: #333333;\">L\u2019EARL MAGISSON JACQUES a \u00e9t\u00e9\u00a0 s\u00e9v\u00e8rement touch\u00e9e par le botulisme en 2018. Sans son\u00a0 adh\u00e9sion FMSE, l\u2019exploitation n\u2019aurait pas pu se relever de ce coup dur. Geoffrey MAGISSON t\u00e9moigne.<\/span><\/p>\n<h4 style=\"padding-left: 40px;\">L\u2019exploitation<\/h4>\n<ul>\n<li><span style=\"color: #008080;\">EARL Magisson Jacques \u00e0 Montzeville (55)<\/span><\/li>\n<li><span style=\"color: #008080;\">3 associ\u00e9s<\/span><\/li>\n<li><span style=\"color: #008080;\">100 vaches laiti\u00e8res &#8211; 9140 000 litres<\/span><\/li>\n<li><span style=\"color: #008080;\">120 000 poulets <\/span><\/li>\n<li><span style=\"color: #008080;\">125 ha de SAU<\/span><\/li>\n<\/ul>\n<h4><span style=\"color: #2c758a;\">93 bovins frapp\u00e9s par le botulisme<\/span><\/h4>\n<p><span style=\"color: #333333;\">\u00ab<em>\u00a0Les 1<sup>ers <\/sup>sympt\u00f4mes sont apparus le 28 janvier 2018 sur une vache. Nous l\u2019avons trouv\u00e9e dans les logettes, nous avons pens\u00e9 \u00e0 une vache en chaleur qui serait mont\u00e9e sur une autre vache. Le lendemain matin, 7 nouvelles vaches \u00e9taient couch\u00e9es dans les all\u00e9es ou coinc\u00e9es dans les logettes. Celle de la veille ne se relevait plus. Nous avons imm\u00e9diatement fait appel \u00e0 notre v\u00e9t\u00e9rinaire qui est intervenu rapidement et qui a diagnostiqu\u00e9 le botulisme. Pour cette maladie, il n\u2019y a <b>pas de traitement possible<\/b>. D\u00e8s l\u2019apparition des signes, c\u2019est fini, le bovin meurt dans les heures qui suivent. Le v\u00e9t\u00e9rinaire nous informe que d\u2019autres cas peuvent intervenir dans les heures et jours suivants. <b>Impossible d\u2019estimer le nombre de bovins qui seront malades, impossible d\u2019agir pr\u00e9ventivement : c\u2019est la douche froide ! \u00ab\u00a0<\/b><\/em><\/span><\/p>\n<p><span style=\"color: #333333;\">Au final, 83 vaches laiti\u00e8res (83% du troupeau) et 10 g\u00e9nisses sont mortes apr\u00e8s avoir consomm\u00e9 le m\u00eame aliment contamin\u00e9. Cette maladie est \u00e0 d\u00e9claration obligatoire, la DDCSPP a plac\u00e9 notre \u00e9levage sous s\u00e9questre. Avec l\u2019appui de l\u2019ANSES, des investigations et des analyses ont \u00e9t\u00e9 faites. Au bout de quelques jours, le verdict tombe. L\u2019origine de la contamination provient du poulailler. Du mat\u00e9riel est commun aux 2 productions ; malgr\u00e9 un nettoyage et une d\u00e9sinfection, l\u2019aliment du troupeau laitier a \u00e9t\u00e9 contamin\u00e9 par le mat\u00e9riel. La toxine est tr\u00e8s puissante, d\u2019infimes quantit\u00e9s suffisent \u00e0 d\u00e9cimer tout un troupeau.<\/span><\/p>\n<h4><span style=\"color: #2c758a;\">Impossible de se sortir de cette situation sans aide financi\u00e8re<\/span><\/h4>\n<p><span style=\"color: #333333;\"><em><b><img loading=\"lazy\" class=\" wp-image-4454 alignleft\" src=\"http:\/\/gdsreseau3m.com\/wp-content\/uploads\/2019\/08\/gds3m_20190808_Earl-Magisson-Jacques-_t\u00e9moignage-botulisme.png\" alt=\"\" width=\"210\" height=\"357\" srcset=\"https:\/\/gdsreseau3m.com\/wp-content\/uploads\/2019\/08\/gds3m_20190808_Earl-Magisson-Jacques-_t\u00e9moignage-botulisme.png 389w, https:\/\/gdsreseau3m.com\/wp-content\/uploads\/2019\/08\/gds3m_20190808_Earl-Magisson-Jacques-_t\u00e9moignage-botulisme-176x300.png 176w\" sizes=\"(max-width: 210px) 100vw, 210px\" \/><\/b><\/em><em>\u00ab\u00a0On se renseigne aupr\u00e8s de notre assurance, le botulisme ne fait pas partie des cas couverts par notre contrat. Le GDS m\u2019informe alors que <b>je suis adh\u00e9rent au FMSE et que les mortalit\u00e9s dues au Botulisme sont couvertes par le fonds<\/b>. Cette nouvelle nous a apport\u00e9 une bouff\u00e9e d\u2019oxyg\u00e8ne\u00a0! <b>Le FMSE va couvrir 75 % des pertes de mortalit\u00e9s\u00a0! <\/b>Dans cette p\u00e9riode extr\u00eamement traumatisante, cette information nous a permis d\u2019envisager un avenir sur notre exploitation et ne pas baisser les bras.<\/em><\/span><\/p>\n<p><span style=\"color: #333333;\"><em>Cette cotisation est volontaire. Par chance, nous y avions souscrit pour nous pr\u00e9munir en cas de coup dur et \u00e0 moindre coup. <b>Pour 18,80 \u20ac de cotisation annuelle, nous avons retouch\u00e9 75 % de la valeur r\u00e9elle des animaux.<\/b><\/em><\/span><\/p>\n<p><span style=\"color: #333333;\"><em>J\u2019ajouterais en plus que gr\u00e2ce \u00e0 la r\u00e9activit\u00e9 de tous les acteurs, le dossier a pu \u00eatre construit dans des d\u00e9lais tr\u00e8s courts. Les premi\u00e8res aides ont \u00e9t\u00e9 d\u00e9bloqu\u00e9es moins d\u2019un mois apr\u00e8s le 1er cas.<\/em><\/span><\/p>\n<p><span style=\"color: #333333;\"><em>Aujourd\u2019hui, nous avons pu racheter des g\u00e9nisses et des vaches en production pour traire actuellement 50 vaches\u00a0\u00bb.<\/em><\/span><\/p>\n<blockquote><p><span style=\"color: #2c758a;\"><b>\u00ab\u00a0A l\u2019heure de chercher \u00e0 faire des \u00e9conomies, la cotisation FMSE n\u2019en n\u2019est pas une. Un coup dur n\u2019arrive pas qu\u2019aux autres !\u00a0\u00bb<\/b><\/span><\/p><\/blockquote>\n<table>\n<tbody>\n<tr>\n<td width=\"614\"><strong>Qu\u2019est-ce que le botulisme ? <\/strong><\/p>\n<p>La bact\u00e9rie responsable r\u00e9siste dans l\u2019environnement (sols, eaux de ruissellement) sous la forme de spores. Quand les spores se trouvent dans un milieu favorable, elles germent et donnent la forme v\u00e9g\u00e9tative capable de secr\u00e9ter la toxine qui est le plus puissant des poisons connus agissant en bloquant l\u2019influx nerveux.<\/p>\n<p>Une fois la toxine (ou les spores) ing\u00e9r\u00e9e par les bovins, et apr\u00e8s une incubation moyenne de quelques heures \u00e0 2-3 jours selon la quantit\u00e9 ing\u00e9r\u00e9e, les animaux\u00a0 concern\u00e9s pr\u00e9sentent des signes de paralysie flasque.<\/p>\n<p>Dans la plupart des cas, la maladie \u00e9volue progressivement vers la mort, par asphyxie respiratoire.<\/td>\n<\/tr>\n<\/tbody>\n<\/table>\n<h4><\/h4>\n<p><a href=\"http:\/\/gdsreseau3m.com\/wp-content\/uploads\/2018\/08\/Ladh\u00e9sion-FMSE-vue-par-un-\u00e9leveur-meusien_GDS55_13-07-2018.pdf\" target=\"_blank\" rel=\"noopener noreferrer\"><strong><span style=\"color: #333333;\">T\u00e9l\u00e9chargez l\u2019article en version PDF<\/span><\/strong><\/a><\/p>\n<\/div>","protected":false},"excerpt":{"rendered":"<p>Fonds de Mutualisation Sanitaire et Environnemental Maladies couvertes Ce fond vise \u00e0 indemniser les agriculteurs lorsqu\u2019ils subissent des pertes li\u00e9es \u00e0 des incidents sanitaires ou environnementaux. Sont concern\u00e9es les maladies de 1\u00e8re et 2\u00e8me cat\u00e9gorie (arr\u00eat\u00e9 du 29\/07\/2013). Actuellement, les maladies couvertes sont\u00a0: la tuberculose bovine, la brucellose, la leucose, la FCO, la fi\u00e8vre charbonneuse [&hellip;]<\/p>\n","protected":false},"author":1,"featured_media":0,"parent":0,"menu_order":0,"comment_status":"closed","ping_status":"closed","template":"","meta":[],"_links":{"self":[{"href":"https:\/\/gdsreseau3m.com\/index.php?rest_route=\/wp\/v2\/pages\/3974"}],"collection":[{"href":"https:\/\/gdsreseau3m.com\/index.php?rest_route=\/wp\/v2\/pages"}],"about":[{"href":"https:\/\/gdsreseau3m.com\/index.php?rest_route=\/wp\/v2\/types\/page"}],"author":[{"embeddable":true,"href":"https:\/\/gdsreseau3m.com\/index.php?rest_route=\/wp\/v2\/users\/1"}],"replies":[{"embeddable":true,"href":"https:\/\/gdsreseau3m.com\/index.php?rest_route=%2Fwp%2Fv2%2Fcomments&post=3974"}],"version-history":[{"count":19,"href":"https:\/\/gdsreseau3m.com\/index.php?rest_route=\/wp\/v2\/pages\/3974\/revisions"}],"predecessor-version":[{"id":6474,"href":"https:\/\/gdsreseau3m.com\/index.php?rest_route=\/wp\/v2\/pages\/3974\/revisions\/6474"}],"wp:attachment":[{"href":"https:\/\/gdsreseau3m.com\/index.php?rest_route=%2Fwp%2Fv2%2Fmedia&parent=3974"}],"curies":[{"name":"wp","href":"https:\/\/api.w.org\/{rel}","templated":true}]}}