{"id":37,"date":"2018-06-15T10:17:48","date_gmt":"2018-06-15T08:17:48","guid":{"rendered":"http:\/\/gdsreseau3m.com\/?page_id=37"},"modified":"2026-01-12T15:28:42","modified_gmt":"2026-01-12T14:28:42","slug":"accueil","status":"publish","type":"page","link":"https:\/\/gdsreseau3m.com\/","title":{"rendered":"Accueil2"},"content":{"rendered":"<div class=\"mpl-content-wrap\"><p><img loading=\"lazy\" class=\"alignnone size-full wp-image-1990\" src=\"http:\/\/gdsreseau3m.com\/wp-content\/uploads\/2018\/07\/titre-actus.png\" alt=\"\" width=\"182\" height=\"28\" \/><\/p>\n<style type=\"text\/css\">#sp-post-carousel-pro-107 .sp-pcp-post{\n\t\t\t\tmargin-right: 10px;\n\t\t\t}#sp-post-carousel-pro-107.sp-post-carousel-pro-area{\n\t\t\t\tmargin-right: -10px;\n\t\t\t}\n\t\t\t#sp-post-carousel-pro-107 .sp-pcp-post-meta,\n\t\t\t.sp-pcp-modal-post-107 .sp-pcp-post-meta{\n\t\t\t\ttext-align: left;\n\t\t\t}\n\t\t\t#sp-post-carousel-pro-107 .sp-pcp-post-meta li,\n\t\t\t#sp-post-carousel-pro-107 .sp-pcp-post-meta li a,\n\t\t\t.sp-pcp-modal-post-107 .sp-pcp-post-meta li,\n\t\t\t.sp-pcp-modal-post-107 .sp-pcp-post-meta li a{\n\t\t\t\tcolor: #333333;\n\t\t\t\tfont-size: 13px;\n\t\t\t\tline-height: 16px;\n\t\t\t\ttext-transform: none;\n\t\t\t\tletter-spacing: normal;\n\t\t\t\t\n\t\t\t\tfont-family: Raleway;\n\t\t\t\tfont-weight: 400;\n\t\t\t\tfont-style: normal;\n\t\t\t\t\n\t\t\t}\n\t\t\t\n\t\t\t#sp-post-carousel-pro-107 .sp-pcp-post-meta li a:hover,\n\t\t\t#sp-post-carousel-pro-107 .sp-pcp-post-meta li a.pcpro-post-like.liked,\n\t\t\t.sp-pcp-modal-post-107 .sp-pcp-post-meta li a:hover,\n\t\t\t.sp-pcp-modal-post-107 .sp-pcp-post-meta li a.pcpro-post-like.liked{\n\t\t\t\tcolor: #e44646;\n\t\t\t}#sp-post-carousel-pro-107 .sp-pcp-top-cats,\n\t\t\t\t#sp-post-carousel-pro-107 .sp-pcp-category{\n\t\t\t\t\ttext-align: left;\n\t\t\t\t}.sp_pcp_theme_five #sp-post-carousel-pro-107 .sp-pcp-category a{\n\t\t\t\t\t\tcolor: #333333;\n\t\t\t\t\t\tfont-size: 12px;\n\t\t\t\t\t\tline-height: 17px;\n\t\t\t\t\t\ttext-transform: none;\n\t\t\t\t\t\tletter-spacing: normal;\n\t\t\t\t\t\tbackground-color: #ffffff;\n\t\t\t\t\t\tfont-family: Raleway;\n\t\t\t\t\t\tfont-weight: 400;\n\t\t\t\t\t\tfont-style: normal;\n\t\t\t\t\t\t\n\t\t\t\t\t}\n\t\t\t\t\t.sp_pcp_theme_five #sp-post-carousel-pro-107 .sp-pcp-all-content{\n\t\t\t\t\t\tbackground-color: #ceefff;\n\t\t\t\t\t}\n\t\t\t\t\t.sp_pcp_theme_five #sp-post-carousel-pro-107 .sp-pcp-all-content{\n\t\t\t\t\t\tborder-color: #ffffff;\n\t\t\t\t\t}#sp-post-carousel-pro-107.sp-post-carousel-pro-area .slick-arrow{\n\t\t\t\t\tcolor: #aaaaaa;\n\t\t\t\t\tbackground-color: transparent;\n\t\t\t\t\tborder: 1px solid #aaaaaa;\n\t\t\t\t\tborder-radius: 0px;\n\t\t\t\t}\n\t\t\t\t#sp-post-carousel-pro-107.sp-post-carousel-pro-area .slick-arrow:hover{\n\t\t\t\t\tcolor: #ffffff;\n\t\t\t\t\tbackground-color: #444444;\n\t\t\t\t\tborder-color: #444444;\n\t\t\t\t}.sp-post-carousel-pro-section107.sp_nav_position_top_right,\n\t\t\t\t\t.sp-post-carousel-pro-section107.sp_nav_position_top_center,\n\t\t\t\t\t.sp-post-carousel-pro-section107.sp_nav_position_top_left {\n\t\t\t\t\t    padding-top: 46px;\n\t\t\t\t\t}\n\t\t\t\t.sp-post-carousel-pro-section107.sp_nav_position_top_right .slick-next {\n\t\t\t\t    right: 10px;\n\t\t\t\t}\n\t\t\t\t\n\t\t\t\t.sp-post-carousel-pro-section107.sp_nav_position_top_right .slick-prev {\n\t\t\t\t    right: 46px;\n\t\t\t\t}\n\t\t\t\t.sp-post-carousel-pro-section107.pagination-type-dots .slick-dots li button{\n\t\t\t\t\tbackground-color: #cccccc;\n\t\t\t\t}\n\t\t\t\t.sp-post-carousel-pro-section107.pagination-type-dots .slick-dots li.slick-active button{\n\t\t\t\t\tbackground-color: #333333;\n\t\t\t\t}.sp-post-carousel-pro-section107.pagination-type-number .slick-dots li button:before{\n\t\t\t\t\tbackground-color: #444444;\n\t\t\t\t}\n\t\t\t\t.sp-post-carousel-pro-section107.pagination-type-number .slick-dots li button{\n\t\t\t\t\tcolor: #222222;\n\t\t\t\t}\n\t\t\t\t.sp-post-carousel-pro-section107.pagination-type-number .slick-dots li button:hover,\n\t\t\t\t.sp-post-carousel-pro-section107.pagination-type-number .slick-dots li.slick-active button{\n\t\t\t\t\tcolor: #ffffff;\n\t\t\t\t}#sp-post-carousel-pro-107 .sp-pcp-post a.sp-pcp-read-more{\n\t\t\t\t\tbackground-color: #9b3590;\n\t\t\t\t\tpadding: 6px 15px;\n\t\t\t\t}\n\t\t\t\t#sp-post-carousel-pro-107 .sp-pcp-post a.sp-pcp-read-more:hover{\n\t\t\t\t\tbackground-color: #9b3590;\n\t\t\t\t}#sp-post-carousel-pro-107 a.sp-pcp-read-more{\n\t\t\t\t\tcolor: #ffffff;\n                    display: inline-block;\n\t\t\t\t\tfont-size: 14px;\n\t\t\t\t\tline-height: 20px;\n\t\t\t\t\ttext-transform: none;\n\t\t\t\t\tletter-spacing: normal;\n\t\t\t\t\t\n\t\t\t\t\tfont-family: Raleway;\n\t\t\t\t\tfont-weight: 400;\n\t\t\t\t\tfont-style: normal;\n\t\t\t\t\t\n\t\t\t\t}\n\t\t\t\t#sp-post-carousel-pro-107 .sp-pcp-post .sp-pcp-readmore-area{\n\t\t\t\t\ttext-align: left;\n\t\t\t\t}\n\t\t\t\t#sp-post-carousel-pro-107 .sp-pcp-post a.sp-pcp-read-more:hover{\n\t\t\t\t\tcolor: #ffffff;\n\t\t\t\t}#sp-post-carousel-pro-107 .sp-pcp-post a.sp-pcp-read-more{\n\t\t\t\t\t\tmargin-bottom: 16px;\n\t\t\t\t\t}#sp-post-carousel-pro-107 .sp-pcp-post p.sp-pcp-content,\n\t\t\t\t.sp-pcp-modal-post-107 .sp-pcp-content{\n\t\t\t\t\tcolor: #333333;\n\t\t\t\t\tfont-size: 14px;\n\t\t\t\t\tline-height: 21px;\n\t\t\t\t\ttext-transform: none;\n\t\t\t\t\tletter-spacing: normal;\n\t\t\t\t\ttext-align: left;\n\t\t\t\t\t\n\t\t\t\t\tfont-family: Raleway;\n\t\t\t\t\tfont-weight: 400;\n\t\t\t\t\tfont-style: normal;\n\t\t\t\t\t\n\t\t\t\t}#sp-post-carousel-pro-107 .sp-pcp-post .sp-light-box{\n\t\t\t\t\tcolor: #ffffff;\n\t\t\t\t\tbackground-color: rgba(0, 0, 0, 0.45);\n\t\t\t\t}#sp-post-carousel-pro-107 .sp-pcp-post-relative:hover .sp-light-box{\n\t\t\t\t\tcolor: #ffffff;\n\t\t\t\t}#sp-post-carousel-pro-107 .sp-pcp-post-title,\n\t\t\t\t#sp-post-carousel-pro-107 .sp-pcp-post-title a,\n\t\t\t\t.sp-pcp-modal-post-107 .sp-pcp-post-title{\n\t\t\t\t\tfont-family: Raleway;\n\t\t\t\t\tfont-weight: 600;\n\t\t\t\t\tfont-style: normal;\n\t\t\t\t\t\n\t\t\t\t\tcolor: #333333;\n\t\t\t\t\tfont-size: 18px;\n\t\t\t\t\tline-height: 22px;\n\t\t\t\t\ttext-transform: none;\n\t\t\t\t\tletter-spacing: normal;\n\t\t\t\t\ttext-align: left;\n\t\t\t\t}\n\t\t\t\t#sp-post-carousel-pro-107 .sp-pcp-post .sp-pcp-post-title:hover,\n\t\t\t\t#sp-post-carousel-pro-107 .sp-pcp-post .sp-pcp-post-title a:hover{\n\t\t\t\t\tcolor: #e44646;\n\t\t\t\t}#sp-post-carousel-pro-107.sp-post-carousel-pro-area{\n\t\t\t\t    display: none;\n\t\t\t\t}\n\t\t\t\t#sp-post-carousel-pro-107.sp-post-carousel-pro-area.slick-initialized {\n\t\t\t\t    display: block;\n\t\t\t\t}\n\t\t\t\t<\/style>\n\t    <script type=\"text\/javascript\">\n\t        jQuery(document).ready(function() {\n\t\t\t\tjQuery(\"#sp-post-carousel-pro-107\").slick({\n\t\t\t\t\tpauseOnFocus: false,\n\t\t\t        infinite: true,\n\t\t\t        dots: true,\n\t\t\t        pauseOnHover: true,\n\t\t\t        slidesToShow: 3,\n\t\t\t        speed: 600,\n\t\t\t        rtl: false,\n\t\t            arrows: true,\n                    prevArrow: \"<div class='slick-prev'><i class='fa fa-angle-left'><\/i><\/div>\",\n                    nextArrow: \"<div class='slick-next'><i class='fa fa-angle-right'><\/i><\/div>\",\n\t                            slidesToScroll: 1,\n\t                            swipe: true,\n\t                            draggable: true,\n\t                            autoplay: true,\n\t                            autoplaySpeed: 3000,responsive: [\n\t\t\t\t\t\t    {\n\t\t\t\t\t\t      breakpoint: 1100,\n\t\t\t\t\t\t      settings: {\n\t\t\t\t\t\t        slidesToShow: 3\n\t\t\t\t\t\t      }\n\t\t\t\t\t\t    },\n\t\t\t\t\t\t    {\n\t\t\t\t\t\t      breakpoint: 990,\n\t\t\t\t\t\t      settings: {\n\t\t\t\t\t\t        slidesToShow: 2\n\t\t\t\t\t\t      }\n\t\t\t\t\t\t    },\n\t\t\t\t\t\t    {\n\t\t\t\t\t\t      breakpoint: 650,\n\t\t\t\t\t\t      settings: {\n\t\t\t\t\t\t        slidesToShow: 1\n\t\t\t\t\t\t      }\n\t\t\t\t\t\t    }\n\t\t\t\t\t\t  ]\n\t\t        });\n\n\t\t    });\n\t    <\/script><div class=\"sp-post-carousel-pro-section sp-post-carousel-pro-section107 sp_nav_position_top_right pagination-type-dots sp_pcp_theme_five\"><div id=\"sp-post-carousel-pro-107\" class=\"sp-post-carousel-pro-area\"><div class=\"sp-pcp-post sp-pcp-item-visible \"><div class=\"sp-pcp-post-relative\"><a href=\"https:\/\/gdsreseau3m.com\/wp-content\/uploads\/2026\/02\/Siganture-mail.png\" class=\"sp-pcp-post-image sp-pcp-light-box  \" title=\"R\u00e9unions de secteurs 2026\"><div \nclass=\"sp-light-box\"><i class=\"fa fa-search\"><\/i><\/div><img class=\"sp-pcp-post-img\" src=\"https:\/\/gdsreseau3m.com\/wp-content\/uploads\/2026\/02\/Siganture-mail.png\"><\/a><div class=\"sp-pcp-all-content\"><div class=\"sp-pcp-category\"><a href=\"https:\/\/gdsreseau3m.com\/?cat=3\" rel=\"category\">Actualit\u00e9<\/a><\/div><h2 class=\"sp-pcp-post-title\"><a href=\"https:\/\/gdsreseau3m.com\/?p=7541\">R\u00e9unions de secteurs 2026<\/a><\/h2><div class=\"sp-pcp-post-meta\">\n\t\t\t<ul><\/ul>\n\t\t\t<\/div><p class='sp-pcp-content'>R\u00e9unions de secteurs 2026, c'est parti ! Nos r\u00e9unions de secteurs 54 sont organis\u00e9es du 3 au 5 mars pr\u00e8s<\/p><div class=\"sp-pcp-readmore-area\"><a href=\"https:\/\/gdsreseau3m.com\/?p=7541\" class=\"sp-pcp-read-more\">Lire la suite\u2026<\/a><\/div><\/div><\/div><\/div><div class=\"sp-pcp-post sp-pcp-item-visible \"><div class=\"sp-pcp-post-relative\"><a href=\"https:\/\/gdsreseau3m.com\/wp-content\/uploads\/2026\/02\/P1060519-scaled.jpg\" class=\"sp-pcp-post-image sp-pcp-light-box  \" title=\"\u00c9leveurs laitiers, participez \u00e0 nos prochaines formations !\"><div \nclass=\"sp-light-box\"><i class=\"fa fa-search\"><\/i><\/div><img class=\"sp-pcp-post-img\" src=\"https:\/\/gdsreseau3m.com\/wp-content\/uploads\/2026\/02\/P1060519-scaled.jpg\"><\/a><div class=\"sp-pcp-all-content\"><div class=\"sp-pcp-category\"><a href=\"https:\/\/gdsreseau3m.com\/?cat=3\" rel=\"category\">Actualit\u00e9<\/a> <a href=\"https:\/\/gdsreseau3m.com\/?cat=9\" rel=\"category\">Alerte sanitaire<\/a><\/div><h2 class=\"sp-pcp-post-title\"><a href=\"https:\/\/gdsreseau3m.com\/?p=7527\">\u00c9leveurs laitiers, participez \u00e0 nos prochaines formations !<\/a><\/h2><div class=\"sp-pcp-post-meta\">\n\t\t\t<ul><\/ul>\n\t\t\t<\/div><p class='sp-pcp-content'>Nous proposons 2 formations aux \u00e9leveurs laitiers au mois de f\u00e9vrier, sur de nouveaux th\u00e8mes et anim\u00e9 par un v\u00e9t\u00e9rinaire<\/p><div class=\"sp-pcp-readmore-area\"><a href=\"https:\/\/gdsreseau3m.com\/?p=7527\" class=\"sp-pcp-read-more\">Lire la suite\u2026<\/a><\/div><\/div><\/div><\/div><div class=\"sp-pcp-post sp-pcp-item-visible \"><div class=\"sp-pcp-post-relative\"><a href=\"https:\/\/gdsreseau3m.com\/wp-content\/uploads\/2025\/08\/Colline-de-Sion_Claire-DARGENT-10.jpg\" class=\"sp-pcp-post-image sp-pcp-light-box  \" title=\"Point de situation DNC au 9\/12\/2025\"><div \nclass=\"sp-light-box\"><i class=\"fa fa-search\"><\/i><\/div><img class=\"sp-pcp-post-img\" src=\"https:\/\/gdsreseau3m.com\/wp-content\/uploads\/2025\/08\/Colline-de-Sion_Claire-DARGENT-10.jpg\"><\/a><div class=\"sp-pcp-all-content\"><div class=\"sp-pcp-category\"><a href=\"https:\/\/gdsreseau3m.com\/?cat=3\" rel=\"category\">Actualit\u00e9<\/a> <a href=\"https:\/\/gdsreseau3m.com\/?cat=9\" rel=\"category\">Alerte sanitaire<\/a><\/div><h2 class=\"sp-pcp-post-title\"><a href=\"https:\/\/gdsreseau3m.com\/?p=7490\">Point de situation DNC au 9\/12\/2025<\/a><\/h2><div class=\"sp-pcp-post-meta\">\n\t\t\t<ul><\/ul>\n\t\t\t<\/div><p class='sp-pcp-content'>Point de situation DNC au 9\/12\/2025 En date du 9 d\u00e9cembre 2025, 109 foyers ont \u00e9t\u00e9 d\u00e9tect\u00e9s en France, r\u00e9partis<\/p><div class=\"sp-pcp-readmore-area\"><a href=\"https:\/\/gdsreseau3m.com\/?p=7490\" class=\"sp-pcp-read-more\">Lire la suite\u2026<\/a><\/div><\/div><\/div><\/div><div class=\"sp-pcp-post sp-pcp-item-visible \"><div class=\"sp-pcp-post-relative\"><a href=\"https:\/\/gdsreseau3m.com\/wp-content\/uploads\/2025\/12\/Capture-decran-2025-12-04-163843.png\" class=\"sp-pcp-post-image sp-pcp-light-box  \" title=\"Cas de peste porcine africaine identifi\u00e9s pour la premi\u00e8re fois en Espagne\"><div \nclass=\"sp-light-box\"><i class=\"fa fa-search\"><\/i><\/div><img class=\"sp-pcp-post-img\" src=\"https:\/\/gdsreseau3m.com\/wp-content\/uploads\/2025\/12\/Capture-decran-2025-12-04-163843.png\"><\/a><div class=\"sp-pcp-all-content\"><div class=\"sp-pcp-category\"><a href=\"https:\/\/gdsreseau3m.com\/?cat=3\" rel=\"category\">Actualit\u00e9<\/a> <a href=\"https:\/\/gdsreseau3m.com\/?cat=9\" rel=\"category\">Alerte sanitaire<\/a><\/div><h2 class=\"sp-pcp-post-title\"><a href=\"https:\/\/gdsreseau3m.com\/?p=7482\">Cas de peste porcine africaine identifi\u00e9s pour la premi\u00e8re fois en Espagne<\/a><\/h2><div class=\"sp-pcp-post-meta\">\n\t\t\t<ul><\/ul>\n\t\t\t<\/div><p class='sp-pcp-content'>L\u2019Espagne a d\u00e9clar\u00e9 le 28 novembre 2 cas de Peste porcine africaine (PPA) sur deux sangliers trouv\u00e9s morts le 26<\/p><div class=\"sp-pcp-readmore-area\"><a href=\"https:\/\/gdsreseau3m.com\/?p=7482\" class=\"sp-pcp-read-more\">Lire la suite\u2026<\/a><\/div><\/div><\/div><\/div><div class=\"sp-pcp-post sp-pcp-item-visible \"><div class=\"sp-pcp-post-relative\"><a href=\"https:\/\/gdsreseau3m.com\/wp-content\/uploads\/2025\/08\/Colline-de-Sion_Claire-DARGENT-10.jpg\" class=\"sp-pcp-post-image sp-pcp-light-box  \" title=\"Point de situation DNC au 02\/12\/2025\"><div \nclass=\"sp-light-box\"><i class=\"fa fa-search\"><\/i><\/div><img class=\"sp-pcp-post-img\" src=\"https:\/\/gdsreseau3m.com\/wp-content\/uploads\/2025\/08\/Colline-de-Sion_Claire-DARGENT-10.jpg\"><\/a><div class=\"sp-pcp-all-content\"><div class=\"sp-pcp-category\"><a href=\"https:\/\/gdsreseau3m.com\/?cat=3\" rel=\"category\">Actualit\u00e9<\/a> <a href=\"https:\/\/gdsreseau3m.com\/?cat=9\" rel=\"category\">Alerte sanitaire<\/a><\/div><h2 class=\"sp-pcp-post-title\"><a href=\"https:\/\/gdsreseau3m.com\/?p=7478\">Point de situation DNC au 02\/12\/2025<\/a><\/h2><div class=\"sp-pcp-post-meta\">\n\t\t\t<ul><\/ul>\n\t\t\t<\/div><p class='sp-pcp-content'>Point de situation DNC au 02\/12\/2025 Un foyer de Dermatose nodulaire contagieuse bovine a \u00e9t\u00e9 confirm\u00e9 dans le Doubs, \u00e0<\/p><div class=\"sp-pcp-readmore-area\"><a href=\"https:\/\/gdsreseau3m.com\/?p=7478\" class=\"sp-pcp-read-more\">Lire la suite\u2026<\/a><\/div><\/div><\/div><\/div><\/div><\/div>\n<p><a href=\"http:\/\/gdsreseau3m.com\/?page_id=3186\"><img loading=\"lazy\" class=\"alignnone wp-image-771\" src=\"http:\/\/gdsreseau3m.com\/wp-content\/uploads\/2018\/06\/id-bovins.png\" alt=\"\" width=\"136\" height=\"125\" \/><\/a><a href=\"http:\/\/gdsreseau3m.com\/?page_id=503\"><img loading=\"lazy\" class=\"alignnone wp-image-773\" src=\"http:\/\/gdsreseau3m.com\/wp-content\/uploads\/2018\/06\/id-ovins-1.png\" alt=\"\" width=\"136\" height=\"125\" \/><\/a><a href=\"http:\/\/gdsreseau3m.com\/?page_id=539\"><img loading=\"lazy\" class=\"alignnone wp-image-774\" src=\"http:\/\/gdsreseau3m.com\/wp-content\/uploads\/2018\/06\/id-porcins-1.png\" alt=\"\" width=\"136\" height=\"125\" \/><\/a><a href=\"http:\/\/gdsreseau3m.com\/?page_id=570\"><img loading=\"lazy\" class=\"alignnone wp-image-1974 \" src=\"http:\/\/gdsreseau3m.com\/wp-content\/uploads\/2018\/07\/id-abeilles.png\" alt=\"\" width=\"136\" height=\"124\" \/><\/a><a href=\"http:\/\/gdsreseau3m.com\/?page_id=2031\"><img loading=\"lazy\" class=\"alignnone wp-image-2364 \" src=\"http:\/\/gdsreseau3m.com\/wp-content\/uploads\/2018\/07\/picto-agenda-med3.png\" alt=\"\" width=\"104\" height=\"127\" \/><\/a><a href=\"http:\/\/gdsreseau3m.com\/?page_id=2338\" target=\"_blank\" rel=\"noopener noreferrer\"><img loading=\"lazy\" class=\"alignnone wp-image-2450 \" src=\"http:\/\/gdsreseau3m.com\/wp-content\/uploads\/2018\/07\/picto-m\u00e9t\u00e9o-france-little2.png\" alt=\"\" width=\"71\" height=\"127\" \/><\/a><\/p>\n<p style=\"text-align: center;\"><a href=\"http:\/\/gdsreseau3m.com\/?page_id=725\"><span style=\"color: #339966;\">\u00a9 GDS 54-55-57 \u00a0&#8211; Mentions l\u00e9gales<\/span><\/a><\/p>\n<\/div>","protected":false},"excerpt":{"rendered":"<p>\u00a9 GDS 54-55-57 \u00a0&#8211; Mentions l\u00e9gales<\/p>\n","protected":false},"author":1,"featured_media":0,"parent":0,"menu_order":0,"comment_status":"closed","ping_status":"closed","template":"","meta":[],"_links":{"self":[{"href":"https:\/\/gdsreseau3m.com\/index.php?rest_route=\/wp\/v2\/pages\/37"}],"collection":[{"href":"https:\/\/gdsreseau3m.com\/index.php?rest_route=\/wp\/v2\/pages"}],"about":[{"href":"https:\/\/gdsreseau3m.com\/index.php?rest_route=\/wp\/v2\/types\/page"}],"author":[{"embeddable":true,"href":"https:\/\/gdsreseau3m.com\/index.php?rest_route=\/wp\/v2\/users\/1"}],"replies":[{"embeddable":true,"href":"https:\/\/gdsreseau3m.com\/index.php?rest_route=%2Fwp%2Fv2%2Fcomments&post=37"}],"version-history":[{"count":89,"href":"https:\/\/gdsreseau3m.com\/index.php?rest_route=\/wp\/v2\/pages\/37\/revisions"}],"predecessor-version":[{"id":7516,"href":"https:\/\/gdsreseau3m.com\/index.php?rest_route=\/wp\/v2\/pages\/37\/revisions\/7516"}],"wp:attachment":[{"href":"https:\/\/gdsreseau3m.com\/index.php?rest_route=%2Fwp%2Fv2%2Fmedia&parent=37"}],"curies":[{"name":"wp","href":"https:\/\/api.w.org\/{rel}","templated":true}]}}