{"id":3634,"date":"2018-10-31T10:52:36","date_gmt":"2018-10-31T09:52:36","guid":{"rendered":"http:\/\/gdsreseau3m.com\/?page_id=3634"},"modified":"2021-08-17T13:32:50","modified_gmt":"2021-08-17T11:32:50","slug":"caev","status":"publish","type":"page","link":"https:\/\/gdsreseau3m.com\/?page_id=3634","title":{"rendered":"Ovins &#8211; CAEV"},"content":{"rendered":"<div class=\"mpl-content-wrap\"><h1><img loading=\"lazy\" class=\"alignnone wp-image-750\" src=\"http:\/\/gdsreseau3m.com\/wp-content\/uploads\/2018\/06\/Ovins.png\" alt=\"\" width=\"45\" height=\"37\" \/> <span style=\"color: #2e85e8;\">CAEV\u00a0: Arthrite Enc\u00e9phalite Virale Caprine<\/span><\/h1>\n<p>CAEV est une maladie sp\u00e9cifique aux caprins, contagieuse et irr\u00e9versible. Il n&rsquo;existe pas de traitement ni de vaccin.<\/p>\n<p>Elle est issue de la m\u00eame famille que le virus <em>Maedi\u00a0 Visna<\/em> chez le mouton et du VIH chez l\u2019homme. Cette maladie n&rsquo;est pas transmissible \u00e0 l&rsquo;homme.<\/p>\n<h3><span style=\"color: #2e85e8;\">Quels sont les sympt\u00f4mes ?<br \/>\n<\/span><\/h3>\n<ul>\n<li><strong>Sympt\u00f4mes articulaires <\/strong>: arthrite chronique (de la boiterie \u00e0 l\u2019immobilisation totale), gonflement des articulations (maladie des gros genoux),<\/li>\n<li><strong>Sympt\u00f4mes mammaires\u00a0<\/strong>: baisse de production, raccourcissement de la\u00a0 lactation, mammites chronique (diminution de la quantit\u00e9 de lait, passe souvent inaper\u00e7ue), mammites sous forme aigu\u00eb appel\u00e9e \u00ab\u00a0pis de bois\u00a0\u00bb,<\/li>\n<li><strong>Sympt\u00f4mes respiratoire\u00a0<\/strong>: difficult\u00e9s respiratoires,<\/li>\n<li>Sympt\u00f4mes nerveux\u00a0: peu fr\u00e9quent, entre 2 et 4 mois d&rsquo;\u00e2ge, entra\u00eene une paralyse partielle ou totale.<\/li>\n<\/ul>\n<p><strong>Seul un tiers des animaux infect\u00e9s d\u00e9veloppent les sympt\u00f4mes, <\/strong>la forme latente ne s&rsquo;exprime qu&rsquo;en conditions de stress ou \u00e9tat de sant\u00e9 d\u00e9grad\u00e9.<\/p>\n<h3><span style=\"color: #2e85e8;\">Comment les ch\u00e8vres se contaminent-elles ?<\/span><\/h3>\n<ul>\n<li><span style=\"color: #ff6600;\"><strong>Par voie orale<\/strong>\u00a0<\/span>(principal mode de contamination)\u00a0: ingestion de colostrum ou de lait contamin\u00e9, \u00e0 la mise-bas par le l\u00e9chage de la m\u00e8re, &#8230;<strong><br \/>\n<\/strong><\/li>\n<li><strong>Par voie mammaire<\/strong> : remont\u00e9es dans les mamelles de gouttelettes de lait contamin\u00e9es lors d\u2019entr\u00e9es d\u2019air au moment de la traite,<\/li>\n<li><strong>Par voie sanguine ou respiratoire<\/strong> (souvent dans des \u00e9levages o\u00f9 l\u2019hygi\u00e8ne est m\u00e9diocre)\u00a0: contact avec un animal ou du sang infect\u00e9 (blessure, aiguille\u2026), mat\u00e9riel d&rsquo;injection collectif.<\/li>\n<\/ul>\n<h3><span style=\"color: #2e85e8;\">Quel impact sur l\u2019exploitation ?<\/span><\/h3>\n<h4><span style=\"color: #800080;\">\u25ba Perte \u00e9conomique\u00a0:<\/span><\/h4>\n<ul>\n<li>Diminution production de lait<\/li>\n<li>R\u00e9formes pr\u00e9matur\u00e9es<\/li>\n<li>Co\u00fbt des traitements<\/li>\n<li>Augmentation du nombre de cellules<\/li>\n<\/ul>\n<h3><span style=\"color: #2e85e8;\">Comment maitriser la maladie ?<\/span><\/h3>\n<h4><span style=\"color: #800080;\">\u25ba <a href=\"http:\/\/gdsreseau3m.com\/wp-content\/uploads\/2019\/07\/ch\u00e8vre-1_Julien-Anderbourg.jpg\"><img loading=\"lazy\" class=\" wp-image-4329 alignright\" src=\"http:\/\/gdsreseau3m.com\/wp-content\/uploads\/2019\/07\/ch\u00e8vre-1_Julien-Anderbourg.jpg\" alt=\"\" width=\"200\" height=\"301\" srcset=\"https:\/\/gdsreseau3m.com\/wp-content\/uploads\/2019\/07\/ch\u00e8vre-1_Julien-Anderbourg.jpg 2136w, https:\/\/gdsreseau3m.com\/wp-content\/uploads\/2019\/07\/ch\u00e8vre-1_Julien-Anderbourg-199x300.jpg 199w, https:\/\/gdsreseau3m.com\/wp-content\/uploads\/2019\/07\/ch\u00e8vre-1_Julien-Anderbourg-768x1156.jpg 768w, https:\/\/gdsreseau3m.com\/wp-content\/uploads\/2019\/07\/ch\u00e8vre-1_Julien-Anderbourg-680x1024.jpg 680w\" sizes=\"(max-width: 200px) 100vw, 200px\" \/><\/a>Appliquer de mesures de pr\u00e9vention chez les jeunes : <\/span><\/h4>\n<ul>\n<li>S\u00e9parer imm\u00e9diatement la m\u00e8re connue infect\u00e9e de son cabri,<\/li>\n<li>Ne pas laisser boire le cabri au pis, m\u00eame le colostrum,<\/li>\n<li>Ne pas laisser la m\u00e8re l\u00e9cher le cabri (bouchonnage et s\u00e9chage par l&rsquo;homme),<\/li>\n<li>Traire le colostrum et le thermiser* avec une hygi\u00e8ne stricte (60 min \u00e0 56\u00b0C),<\/li>\n<li>Distribuer du lait en poudre ou lait de m\u00e8re non infect\u00e9e, ou du lait thermis\u00e9*,<\/li>\n<\/ul>\n<p><em>*Le traitement thermique est de 56\u00b0C (plus ou moins 2\u00b0C) pendant 1 heure, avec agitateur et thermostat (ou un thermiseur correctement r\u00e9gl\u00e9). Il permet d&rsquo;inactiver le virus en pr\u00e9servant les capacit\u00e9s immunitaires du colostrum.<\/em><\/p>\n<ul>\n<li>D\u00e9sinfecter le cordon,<\/li>\n<li>Placer le cabri dans un endroit propre,<\/li>\n<li>\u00c9viter les traumatismes des membres chez les jeunes (attraper les animaux par les pattes, pendre les chevreaux \u00e0 la naissance par les pattes arri\u00e8res, &#8230;)<\/li>\n<li>D\u00e9sinfecter soigneusement le mat\u00e9riel de bouclage.<\/li>\n<\/ul>\n<h4><span style=\"color: #800080;\">\u25ba Appliquer de mesures de pr\u00e9vention chez les adultes :<\/span><\/h4>\n<ul>\n<li>Entretenir la machine \u00e0 traire \u2192 contr\u00f4le annuel agr\u00e9\u00e9<\/li>\n<li>Changer les manchons 1 fois par an,<\/li>\n<li>Appliquer des bonnes pratiques d&rsquo;hygi\u00e8ne \u00e0 la traite, lavage complet matin et soir,<\/li>\n<li>S\u00e9parer les animaux positifs et n\u00e9gatifs pour \u00e9viter la contamination,<\/li>\n<li>Faire passer \u00e0 la salle de traite les ch\u00e8vres connues n\u00e9gatives en s\u00e9rologie avant les positives, puis d\u00e9sinfecter les manchons entre les deux lots,<\/li>\n<li>Utiliser des seringue \u00e0 usage unique,<\/li>\n<li>Apporter les meilleures conditions de logement et de confort aux animaux, limiter les fatigues articulaires.<\/li>\n<\/ul>\n<h4><span style=\"color: #800080;\">\u25ba G\u00e9rer les introductions<\/span><\/h4>\n<ul>\n<li>Acheter uniquement des animaux provenant d&rsquo;\u00e9levages qualifi\u00e9s \u00ab\u00a0Indemne de CAEV\u00a0\u00bb<\/li>\n<\/ul>\n<h4><span style=\"color: #800080;\">\u25ba R\u00e9aliser un diagnostic et suivi s\u00e9rologique du troupeau<\/span><\/h4>\n<p>Le diagnostic de groupe permet de statuer sur le degr\u00e9 d\u2019atteinte du troupeau et ainsi d\u2019adapter les mesures de gestion de la maladie.<\/p>\n<ul>\n<li><strong>Diagnostic clinique<\/strong>\u00a0:\n<ul>\n<li>examen individuel des animaux et observation des sympt\u00f4mes (arthrites, atteinte des mamelles)<\/li>\n<li>reforme pr\u00e9f\u00e9rentielle des animaux atteints<\/li>\n<\/ul>\n<\/li>\n<li><strong>Diagnostic s\u00e9rologique <\/strong>(mise en \u00e9vidence des anticorps ou du virus \u00e0 partir d\u2019une prise de sang) :\n<ul>\n<li>Suivi s\u00e9rologique tous les 6 mois et d\u00e8s l\u2019\u00e2ge de 6 mois afin de conna\u00eetre le statut des animaux donc du cheptel. Le test s\u00e9rologique co\u00fbte environ 10\u20ac (contactez le laboratoire d&rsquo;analyses v\u00e9t\u00e9rinaires),<\/li>\n<li>S\u00e9paration et r\u00e9forme pr\u00e9f\u00e9rentielle des animaux d\u00e9tect\u00e9s positifs<\/li>\n<\/ul>\n<\/li>\n<\/ul>\n<h4><span style=\"color: #800080;\">\u25ba Lutter en cas de positifs<br \/>\n<\/span><\/h4>\n<p><strong>Un protocole national de lutte existe s\u2019appuyant sur une d\u00e9marche volontaire et durable de l\u2019\u00e9leveur. Il est coordonn\u00e9 par les GDS et les DD(CS)PP.<\/strong><\/p>\n<ul>\n<li style=\"list-style-type: none;\"><a href=\"http:\/\/gdsreseau3m.com\/wp-content\/uploads\/2018\/10\/gds3m_caev_lutte_source-chevre-lorraine.png\"><img loading=\"lazy\" class=\"wp-image-3638 aligncenter\" src=\"http:\/\/gdsreseau3m.com\/wp-content\/uploads\/2018\/10\/gds3m_caev_lutte_source-chevre-lorraine.png\" alt=\"\" width=\"591\" height=\"417\" srcset=\"https:\/\/gdsreseau3m.com\/wp-content\/uploads\/2018\/10\/gds3m_caev_lutte_source-chevre-lorraine.png 895w, https:\/\/gdsreseau3m.com\/wp-content\/uploads\/2018\/10\/gds3m_caev_lutte_source-chevre-lorraine-300x212.png 300w, https:\/\/gdsreseau3m.com\/wp-content\/uploads\/2018\/10\/gds3m_caev_lutte_source-chevre-lorraine-768x541.png 768w\" sizes=\"(max-width: 591px) 100vw, 591px\" \/><\/a><\/li>\n<\/ul>\n<p style=\"text-align: center;\"><a href=\"http:\/\/www.chevredelorraine.fr\">www.chevredeloraine.fr<\/a><\/p>\n<h3><span style=\"color: #2e85e8;\">Qualification d&rsquo;\u00e9levage \u00ab Officiellement indemne de CAEV\u00a0\u00bb<\/span><\/h3>\n<p>Actuellement, il n&rsquo;est pas possible en Lorraine d&rsquo;avoir cette certification car rien n&rsquo;est mis en place au sein des GDS pour g\u00e9rer administrativement cette qualification. C&rsquo;est en revanche en cours de r\u00e9flexion.<\/p>\n<p>Pour information, voici un exemple de conditions appliqu\u00e9es dans d&rsquo;autres d\u00e9partements pour obtenir la qualification :<\/p>\n<ul>\n<li>Absence de cas clinique depuis 3 ans<\/li>\n<li>2 contr\u00f4les s\u00e9rologiques n\u00e9gatifs sur animaux de plus de 12 mois, espac\u00e9 de 6 \u00e0 12 mois,<\/li>\n<li>Maintien par les contr\u00f4les s\u00e9rologiques annuels n\u00e9gatifs,<\/li>\n<li>Seuls les animaux provenant de ces \u00e9levages qualifi\u00e9s peuvent y \u00eatre introduit.<\/li>\n<\/ul>\n<h3><span style=\"color: #2e85e8;\">Lire aussi :<\/span><\/h3>\n<ul>\n<li><strong><a href=\"http:\/\/gdsreseau3m.com\/wp-content\/uploads\/2021\/08\/livret_CAEV_VF_Referentiel-GDS-France-mai-2021.pdf\">R\u00e9f\u00e9rentiel technique CAEV de GDS France<\/a> &#8211; juillet 2021<\/strong><\/li>\n<\/ul>\n<h6>Source\u00a0: GDS Cantal \/ Ren\u00e9e de Cr\u00e9moux (Institut de l&rsquo;Elevage) \/ GDS Centre \/ Article de Vandiest \/ Site officiel de l&rsquo;association des Amis de la Ch\u00e8vre de Lorraine \/ La r\u00e9forme et la mortalit\u00e9 des ch\u00e8vres\u00a0: r\u00e9sultats nationaux<\/h6>\n<\/div>","protected":false},"excerpt":{"rendered":"<p>CAEV\u00a0: Arthrite Enc\u00e9phalite Virale Caprine CAEV est une maladie sp\u00e9cifique aux caprins, contagieuse et irr\u00e9versible. Il n&rsquo;existe pas de traitement ni de vaccin. Elle est issue de la m\u00eame famille que le virus Maedi\u00a0 Visna chez le mouton et du VIH chez l\u2019homme. Cette maladie n&rsquo;est pas transmissible \u00e0 l&rsquo;homme. Quels sont les sympt\u00f4mes ? [&hellip;]<\/p>\n","protected":false},"author":1,"featured_media":0,"parent":0,"menu_order":0,"comment_status":"closed","ping_status":"closed","template":"","meta":[],"_links":{"self":[{"href":"https:\/\/gdsreseau3m.com\/index.php?rest_route=\/wp\/v2\/pages\/3634"}],"collection":[{"href":"https:\/\/gdsreseau3m.com\/index.php?rest_route=\/wp\/v2\/pages"}],"about":[{"href":"https:\/\/gdsreseau3m.com\/index.php?rest_route=\/wp\/v2\/types\/page"}],"author":[{"embeddable":true,"href":"https:\/\/gdsreseau3m.com\/index.php?rest_route=\/wp\/v2\/users\/1"}],"replies":[{"embeddable":true,"href":"https:\/\/gdsreseau3m.com\/index.php?rest_route=%2Fwp%2Fv2%2Fcomments&post=3634"}],"version-history":[{"count":9,"href":"https:\/\/gdsreseau3m.com\/index.php?rest_route=\/wp\/v2\/pages\/3634\/revisions"}],"predecessor-version":[{"id":5839,"href":"https:\/\/gdsreseau3m.com\/index.php?rest_route=\/wp\/v2\/pages\/3634\/revisions\/5839"}],"wp:attachment":[{"href":"https:\/\/gdsreseau3m.com\/index.php?rest_route=%2Fwp%2Fv2%2Fmedia&parent=3634"}],"curies":[{"name":"wp","href":"https:\/\/api.w.org\/{rel}","templated":true}]}}