{"id":3524,"date":"2018-10-26T10:41:41","date_gmt":"2018-10-26T08:41:41","guid":{"rendered":"http:\/\/gdsreseau3m.com\/?page_id=3524"},"modified":"2018-10-26T10:45:22","modified_gmt":"2018-10-26T08:45:22","slug":"fonds-de-mutualisation","status":"publish","type":"page","link":"https:\/\/gdsreseau3m.com\/?page_id=3524","title":{"rendered":"Porcins &#8211; Fonds de Mutualisation"},"content":{"rendered":"<div class=\"mpl-content-wrap\"><h2><span style=\"color: #800080;\">AFSEP : Section porcine du Fonds national agricole de Mutualisation du Risque Sanitaire et Environnemental<\/span><\/h2>\n<h6><a href=\"http:\/\/gdsreseau3m.com\/wp-content\/uploads\/2018\/10\/2018-Plaquette-AFSEP.pdf\"><em>D&rsquo;apr\u00e8s la plaquette d&rsquo;information sur l&rsquo;AFSEP<\/em><\/a><\/h6>\n<h3><span style=\"color: #cc99ff;\">AFSEP et FMSE<\/span><\/h3>\n<p>L\u2019AFSEP est la section sp\u00e9cialis\u00e9e porcine du FMSE. Elle a \u00e9t\u00e9 cr\u00e9\u00e9e en 2013 par la F\u00e9d\u00e9ration Nationale Porcine (FNP) et la section porcine de Coop de France B\u00e9tail et Viande, appuy\u00e9es par l\u2019Interprofession Nationale Porcine (Inaporc). L\u2019Association Nationale Sanitaire Porcine (ANSP) a \u00e9galement \u00e9t\u00e9 associ\u00e9e \u00e0 la d\u00e9marche.<br \/>\nC\u2019est un fonds de mutualisation qui a pour objet d\u2019accompagner les\u00a0 \u00e9leveurs de porcs fran\u00e7ais gr\u00e2ce \u00e0 l\u2019indemnisation de pertes directes et indirectes cons\u00e9cutives \u00e0 un accident sanitaire, lorsqu\u2019elles ne sont pas d\u00e9j\u00e0 prises en charge par les pouvoir publics ou les soci\u00e9t\u00e9 d\u2019assurance.<br \/>\nL\u2019AFSEP peut \u00e9galement intervenir sur des incidents sanitaires ou environnementaux, hors p\u00e9rim\u00e8tre du FMSE, sur d\u00e9cision de l\u2019AG de l\u2019AFSEP.<br \/>\nLe FMSE et l\u2019AFSEP sont financ\u00e9s \u00e0 la fois par les agriculteurs, l\u2019\u00c9tat et l\u2019Union europ\u00e9enne. Le financement public repr\u00e9sente 65% de l\u2019indemnisation vers\u00e9e. Les agriculteurs financent par leurs cotisations les 35% restants.<br \/>\nDepuis le 1er octobre 2013, l\u2019adh\u00e9sion \u00e0 un fonds de mutualisation agr\u00e9\u00e9 (comme le FMSE) est obligatoire.<\/p>\n<h3><span style=\"color: #cc99ff;\">Les risques couverts<\/span><\/h3>\n<p>Ils sont d\u00e9finis par les articles L 361-51 et 52 du code rural.<br \/>\nIl s\u2019agit des maladies consid\u00e9r\u00e9es comme dangers sanitaires de premi\u00e8re et deuxi\u00e8me cat\u00e9gorie ET inscrites sur la liste de l\u2019 OIE ou aux annexes I et II du r\u00e8glement 652\/2014. Par exemple: brucellose, fi\u00e8vre aphteuse, peste porcine classique, maladie d\u2019Aujeszky, \u2026<br \/>\nLes pr\u00e9judices qui peuvent \u00eatre indemnis\u00e9s sont les pertes directes ou indirectes dues aux mesures de lutte obligatoires et aux cons\u00e9quences de la maladie, hors prise en charge par l\u2019 \u00c9tat.<\/p>\n<p>Par exemple :<\/p>\n<ul>\n<li>Nettoyage et d\u00e9sinfection des locaux d\u2019\u00e9levage ou du mat\u00e9riel agricole<\/li>\n<li>Blocage des animaux frapp\u00e9s d\u2019une interdiction de circulation : surco\u00fbts en alimentation, main d\u2019oeuvre, location de b\u00e2timents suppl\u00e9mentaires, transport, diminution de valeur marchande,\u2026<\/li>\n<li>Frais d\u2019analyses, et frais v\u00e9t\u00e9rinaires suppl\u00e9mentaires<\/li>\n<li>Mortalit\u00e9 inhabituelle des animaux et baisse de performances zootechniques \u2026<\/li>\n<\/ul>\n<h3><span style=\"color: #cc99ff;\">Comment \u00eatre indemnis\u00e9 ?<\/span><\/h3>\n<p>La cotisation \u00e0 la section commune (FMSE) concerne tous les agriculteurs. En 2015 elle est de 20\u20ac par an et par exploitant. Elle est pr\u00e9lev\u00e9e par la Mutualit\u00e9 Sociale Agricole. La cotisation \u00e0 l\u2019AFSEP est une contribution volontaire pr\u00e9lev\u00e9e lors de<br \/>\nl\u2019abattage des porcs (0,01 \u20ac\/animal abattu).<br \/>\nPour \u00eatre indemnis\u00e9, il faut \u00eatre affili\u00e9 au FMSE, et \u00eatre \u00e0 jour de sa cotisation \u00e0 l\u2019AFSEP. Il faut avoir respect\u00e9 la r\u00e8glementation sanitaire et pouvoir justifier des pertes subies.<\/p>\n<p><strong>D\u00e8s qu\u2019un incident sanitaire est d\u00e9clar\u00e9, il faut imp\u00e9rativement remplir un dossier d\u2019indemnisation FMSE ou le t\u00e9l\u00e9d\u00e9clarer sur le <a href=\"http:\/\/www.fmse.fr\/\">site internet du FMSE,<\/a> dans les plus brefs d\u00e9lais.<\/strong><\/p>\n<h3><span style=\"color: #cc99ff;\">Les programmes d\u2019indemnisation<\/span><\/h3>\n<p>Un programme d\u2019indemnisation est mis en place lorsqu\u2019un incident sanitaire qui entra\u00eene des pertes est constat\u00e9.\u00a0 Il est pr\u00e9sent\u00e9 par l\u2019AFSEP au Conseil d\u2019Administration du FMSE, soumis au vote, puis propos\u00e9 \u00e0 l\u2019\u00c9tat pour \u00eatre agr\u00e9\u00e9 et b\u00e9n\u00e9ficier des cofinancements publics, apr\u00e8s avis du CNGRA (Conseil National de gestion des risques en agriculture).<br \/>\n<strong>Le programme doit \u00eatre propos\u00e9 \u00e0 l\u2019\u00c9tat dans les 12 mois qui suivent la d\u00e9claration de l\u2019incident sanitaire.<\/strong><\/p>\n<p>Lorsqu\u2019un programme est agr\u00e9\u00e9, l\u2019AFSEP peut indemniser uniquement :<\/p>\n<ul>\n<li>Les pertes subies dans les 12 mois\u00a0 pr\u00e9c\u00e9dents,<\/li>\n<li>Les pertes qui ne sont pas prises en charge par l\u2019\u00c9tat ou les soci\u00e9t\u00e9s d\u2019assurance,<\/li>\n<li>Les co\u00fbts sur la base de factures acquitt\u00e9es,<\/li>\n<li>En cas de r\u00e9alisation de travaux directement par l\u2019\u00e9leveur, la dur\u00e9e de<br \/>\nmain d\u2019\u0153uvre peut \u00eatre indemnis\u00e9e sur la base de devis, expertises ou bar\u00e8mes techniques publi\u00e9s par l\u2019IFIP.<\/li>\n<\/ul>\n<h3><span style=\"color: #cc99ff;\">Contacts<\/span><\/h3>\n<p><a href=\"http:\/\/gdsreseau3m.com\/wp-content\/uploads\/2018\/10\/AFSEP.png\"><img loading=\"lazy\" class=\"alignnone wp-image-3525\" src=\"http:\/\/gdsreseau3m.com\/wp-content\/uploads\/2018\/10\/AFSEP.png\" alt=\"\" width=\"198\" height=\"97\" srcset=\"https:\/\/gdsreseau3m.com\/wp-content\/uploads\/2018\/10\/AFSEP.png 556w, https:\/\/gdsreseau3m.com\/wp-content\/uploads\/2018\/10\/AFSEP-300x147.png 300w\" sizes=\"(max-width: 198px) 100vw, 198px\" \/><\/a><\/p>\n<p><strong>AFSEP<\/strong><br \/>\nAssociation du Fonds Sanitaire et Environnemental Porcin<br \/>\n5 rue Lespagnol &#8211; 75020 PARIS<br \/>\nT\u00e9l. 01 44 93 60 00<br \/>\nFax. 01 44 93 60 01<\/p>\n<p><a href=\"http:\/\/gdsreseau3m.com\/wp-content\/uploads\/2018\/10\/Logo-FMSE.jpeg\"><img loading=\"lazy\" class=\"alignnone size-full wp-image-3526\" src=\"http:\/\/gdsreseau3m.com\/wp-content\/uploads\/2018\/10\/Logo-FMSE.jpeg\" alt=\"\" width=\"199\" height=\"117\" \/><\/a><\/p>\n<p><strong>FMSE<\/strong><br \/>\nFonds national agricole de mutualisation du risque sanitaire et environnemental<br \/>\n<a href=\"http:\/\/www.fmse.fr\/\">www.fmse.fr<\/a><br \/>\n6 rue de la Rochefoucauld &#8211; 75009 PARIS<br \/>\nT\u00e9l. 01 82 73 11 33<br \/>\ncontact@fmse.fr<\/p>\n<p>&nbsp;<\/p>\n<\/div>","protected":false},"excerpt":{"rendered":"<p>AFSEP : Section porcine du Fonds national agricole de Mutualisation du Risque Sanitaire et Environnemental D&rsquo;apr\u00e8s la plaquette d&rsquo;information sur l&rsquo;AFSEP AFSEP et FMSE L\u2019AFSEP est la section sp\u00e9cialis\u00e9e porcine du FMSE. Elle a \u00e9t\u00e9 cr\u00e9\u00e9e en 2013 par la F\u00e9d\u00e9ration Nationale Porcine (FNP) et la section porcine de Coop de France B\u00e9tail et Viande, [&hellip;]<\/p>\n","protected":false},"author":1,"featured_media":0,"parent":0,"menu_order":0,"comment_status":"closed","ping_status":"closed","template":"","meta":[],"_links":{"self":[{"href":"https:\/\/gdsreseau3m.com\/index.php?rest_route=\/wp\/v2\/pages\/3524"}],"collection":[{"href":"https:\/\/gdsreseau3m.com\/index.php?rest_route=\/wp\/v2\/pages"}],"about":[{"href":"https:\/\/gdsreseau3m.com\/index.php?rest_route=\/wp\/v2\/types\/page"}],"author":[{"embeddable":true,"href":"https:\/\/gdsreseau3m.com\/index.php?rest_route=\/wp\/v2\/users\/1"}],"replies":[{"embeddable":true,"href":"https:\/\/gdsreseau3m.com\/index.php?rest_route=%2Fwp%2Fv2%2Fcomments&post=3524"}],"version-history":[{"count":5,"href":"https:\/\/gdsreseau3m.com\/index.php?rest_route=\/wp\/v2\/pages\/3524\/revisions"}],"predecessor-version":[{"id":3532,"href":"https:\/\/gdsreseau3m.com\/index.php?rest_route=\/wp\/v2\/pages\/3524\/revisions\/3532"}],"wp:attachment":[{"href":"https:\/\/gdsreseau3m.com\/index.php?rest_route=%2Fwp%2Fv2%2Fmedia&parent=3524"}],"curies":[{"name":"wp","href":"https:\/\/api.w.org\/{rel}","templated":true}]}}