{"id":3074,"date":"2018-07-24T15:28:07","date_gmt":"2018-07-24T13:28:07","guid":{"rendered":"http:\/\/gdsreseau3m.com\/?page_id=3074"},"modified":"2021-02-01T16:51:50","modified_gmt":"2021-02-01T15:51:50","slug":"bovins-maladies-vectorielles-schmallenberg","status":"publish","type":"page","link":"https:\/\/gdsreseau3m.com\/?page_id=3074","title":{"rendered":"Bovins &#8211; maladies vectorielles &#8211; Schmallenberg"},"content":{"rendered":"<div class=\"mpl-content-wrap\"><h6><a href=\"http:\/\/gdsreseau3m.com\/?page_id=3028\"><img loading=\"lazy\" class=\"alignnone wp-image-333\" src=\"http:\/\/gdsreseau3m.com\/wp-content\/uploads\/2018\/06\/treffleMenu.png\" alt=\"\" width=\"23\" height=\"22\" \/>FCO<\/a> <a href=\"http:\/\/gdsreseau3m.com\/?page_id=3042\"><img loading=\"lazy\" class=\"alignnone wp-image-333\" src=\"http:\/\/gdsreseau3m.com\/wp-content\/uploads\/2018\/06\/treffleMenu.png\" alt=\"\" width=\"23\" height=\"22\" \/>Besnoitiose<\/a> <a href=\"http:\/\/gdsreseau3m.com\/?page_id=3031\"><img loading=\"lazy\" class=\"alignnone wp-image-333\" src=\"http:\/\/gdsreseau3m.com\/wp-content\/uploads\/2018\/06\/treffleMenu.png\" alt=\"\" width=\"23\" height=\"22\" \/>Simulies<\/a> <a href=\"http:\/\/gdsreseau3m.com\/?page_id=3074\"><img loading=\"lazy\" class=\"alignnone wp-image-333\" src=\"http:\/\/gdsreseau3m.com\/wp-content\/uploads\/2018\/06\/treffleMenu.png\" alt=\"\" width=\"23\" height=\"22\" \/>Schmallenberg<\/a><\/h6>\n<h1><span style=\"color: #56b74f;\">Virus de Schmallenberg SBV<\/span><\/h1>\n<div>\n<p><b>Toute l\u2019actualit\u00e9 en temps r\u00e9el = <a href=\"http:\/\/plateforme-esa.fr\/index.php?option=com_content&amp;view=article&amp;id=342&amp;Itemid=217\" target=\"_blank\" rel=\"noopener noreferrer\">plateforme ESA<\/a><\/b><\/p>\n<\/div>\n<div>\n<p>Le virus Schmallenberg (SBV) est un <em>Orthobunyavirus<\/em> affectant les ruminants, identifi\u00e9 pour la premi\u00e8re fois en Allemagne fin novembre 2011. Il a ensuite largement diffus\u00e9 dans les autres pays d\u2019Europe. En France, le premier cas a \u00e9t\u00e9 d\u00e9tect\u00e9 le <strong>25 janvier 2012<\/strong> dans des \u00e9levages ovins de Moselle et Meurthe-et-Moselle.<br \/>\nLa forme majeure de la maladie\u00a0est le \u00ab\u00a0SBV cong\u00e9nital\u00a0\u00bb, produisant des effets sur les nouveau-n\u00e9s infect\u00e9s \u00e0 certains stades de la gestation. Par analogie avec des virus g\u00e9n\u00e9tiquement proches et provoquant des l\u00e9sions similaires (virus Akabane), il a \u00e9t\u00e9 estim\u00e9 que ces manifestations cliniques r\u00e9sultaient d<strong>\u2019une infection au cours du deuxi\u00e8me mois de gestation chez les petits-ruminants<\/strong> (soit trois \u00e0 quatre mois avant le part), <strong>et entre 80 et 150 jours chez les bovins<\/strong> (soit quatre \u00e0 sept mois avant le part). La transmission du SBV est essentiellement assur\u00e9e par des <strong>culico\u00efdes<\/strong>, le r\u00f4le des moustiques ou d\u2019autres arthropodes dans la transmission n\u2019a cependant pas \u00e9t\u00e9 \u00e9cart\u00e9 m\u00eame s\u2019il est probablement tr\u00e8s faible.<\/p>\n<p>Il s\u2019agit d\u2019un danger sanitaire non r\u00e8glement\u00e9.<\/p>\n<h3><span style=\"color: #56b74f;\">Derni\u00e8res actualit\u00e9s : janvier 2021<br \/>\n<\/span><\/h3>\n<\/div>\n<div>\n<p>Plusieurs \u00e9leveurs de Meurthe-et-Moselle nous ont fait part de cas de Schmallenberg sur des nouveau-n\u00e9s. On sait que le virus circule largement sur notre territoire depuis 2012, avec une circulation plus intense selon les ann\u00e9es, en fonction des vecteurs, de la proportion d\u2019animaux na\u00effs, \u2026 La tendance exprim\u00e9e par nos \u00e9leveurs se confirme plus largement en France. 2016, par exemple, \u00e9tait \u00e9galement une ann\u00e9e de forte circulation ; cela fait partie <b>d\u2019un cycle quadriennal, classiquement d\u00e9crit pour une maladie vectorielle.<\/b><\/p>\n<p>Actuellement, il n\u2019y a plus d\u2019aide financi\u00e8re qui couvrent les pertes d\u2019animaux. <b>Cependant, vous pouvez \u00eatre confront\u00e9s \u00e0 des mises-bas tr\u00e8s difficiles du fait de f\u0153tus malform\u00e9s, soyez-y attentifs.<\/b><\/p>\n<\/div>\n<h3><span style=\"color: #56b74f;\">Modalit\u00e9 de surveillance et enregistrement des foyers (mise \u00e0 jour janvier 2021)<\/span><\/h3>\n<div>\n<p><b>La surveillance de la Maladie de Schmallenberg est volontaire et repose sur l&rsquo;observation de signes cliniques sur les animaux.<br \/>\n<\/b><\/p>\n<p>Le dispositif de surveillance \u00e0 pour but suivre en direct l\u2019\u00e9volution de la maladie sur le territoire et d\u2019\u00e9mettre des alertes en cas de nouvelle vague d\u2019infection. Il est donc important que chacun fasse remonter l\u2019information \u00e0 son v\u00e9t\u00e9rinaire en cas de naissances de nouveau-n\u00e9s pr\u00e9sentant des malformations \u00e9vocatrices de Schmallenberg <em>(= voir ci-dessous).<\/em><\/p>\n<p><strong>La confirmation par analyse n\u2019est pas obligatoire et est laiss\u00e9e \u00e0 la d\u00e9cision de l\u2019\u00e9leveur et de son v\u00e9t\u00e9rinaire. <\/strong><b>Les analyses sont \u00e0 la charge de l\u2019\u00e9leveur <\/b>; la visite du v\u00e9t\u00e9rinaire peut \u00eatre r\u00e9alis\u00e9e dans le cadre de la surveillance des avortements\/Brucellose <i>(= visite gratuite).<\/i><\/p>\n<p>Une\u00a0 suspicion\u00a0 clinique\u00a0 conduit au renseignement d\u2019une fiche comm\u00e9morative par le v\u00e9t\u00e9rinaire et \u00e0 la r\u00e9alisation d\u2019une photographie de bonne qualit\u00e9 permettant de visualiser la ou les malformations du nouveau-n\u00e9 ou de l\u2019avorton. La\u00a0 saisie\u00a0 des\u00a0 donn\u00e9es\u00a0 de\u00a0 surveillance est r\u00e9alis\u00e9e par le v\u00e9t\u00e9rinaire.<\/p>\n<\/div>\n<h3><span style=\"color: #56b74f;\">Signes cliniques \u00e9vocateurs<\/span><\/h3>\n<div>\n<ul>\n<li>\u00a0 D\u00e9formation ou blocage de l\u2019articulation d\u2019un ou plusieurs membres <i>(arthrogrypose)<\/i><\/li>\n<li>\u00a0 Malformation de la colonne vert\u00e9brale <i>(scoliose, cyphose)<\/i><\/li>\n<li>\u00a0 Anomalie du port de la t\u00eate <i>(torticolis)<\/i><\/li>\n<li>\u00a0 Raccourcissement de la m\u00e2choire inf\u00e9rieure<i> (brachygnathie)<\/i><\/li>\n<li>\u00a0 \u00ab\u00a0Grosse t\u00eate\u00a0\u00bb <i>(hydroc\u00e9phalie)<\/i><\/li>\n<\/ul>\n<\/div>\n<div>\n<h3><span style=\"color: #56b74f;\">Bilan de surveillance du SBV cong\u00e9nital<br \/>\n<\/span><\/h3>\n<ul>\n<li><a href=\"http:\/\/gdsreseau3m.com\/wp-content\/uploads\/2021\/02\/Bilan-SBV-Saison-2017-2018_VF.pdf\">Bilan de surveillance SBV cong\u00e9nital pour la saison 2017\/2018<\/a><\/li>\n<li><b><a href=\"http:\/\/www.gdsreseau3m.com\/documents\/fichiers\/pages\/1509637638_Bilan_SBV_Saison_2016-2017_VF.pdf\" target=\"_blank\" rel=\"noopener noreferrer\">Bilan de surveillance SBV cong\u00e9nital pour la saison 2016\/2017<\/a><\/b><\/li>\n<li><b><a href=\"http:\/\/www.plateforme-esa.fr\/sites\/default\/files\/documents\/Surveillance%20SBV%20cong%C3%A9nital_2015-2016_Traitement%203_V2.pdf\" target=\"_blank\" rel=\"noopener noreferrer\">Bilan de la surveillance SBV cong\u00e9nital pour la saison 2015\/2016<\/a><\/b><\/li>\n<\/ul>\n<h6>Source : plateforme ESA<\/h6>\n<\/div>\n<\/div>","protected":false},"excerpt":{"rendered":"<p>FCO Besnoitiose Simulies Schmallenberg Virus de Schmallenberg SBV Toute l\u2019actualit\u00e9 en temps r\u00e9el = plateforme ESA Le virus Schmallenberg (SBV) est un Orthobunyavirus affectant les ruminants, identifi\u00e9 pour la premi\u00e8re fois en Allemagne fin novembre 2011. Il a ensuite largement diffus\u00e9 dans les autres pays d\u2019Europe. En France, le premier cas a \u00e9t\u00e9 d\u00e9tect\u00e9 le [&hellip;]<\/p>\n","protected":false},"author":1,"featured_media":0,"parent":0,"menu_order":0,"comment_status":"closed","ping_status":"closed","template":"","meta":[],"_links":{"self":[{"href":"https:\/\/gdsreseau3m.com\/index.php?rest_route=\/wp\/v2\/pages\/3074"}],"collection":[{"href":"https:\/\/gdsreseau3m.com\/index.php?rest_route=\/wp\/v2\/pages"}],"about":[{"href":"https:\/\/gdsreseau3m.com\/index.php?rest_route=\/wp\/v2\/types\/page"}],"author":[{"embeddable":true,"href":"https:\/\/gdsreseau3m.com\/index.php?rest_route=\/wp\/v2\/users\/1"}],"replies":[{"embeddable":true,"href":"https:\/\/gdsreseau3m.com\/index.php?rest_route=%2Fwp%2Fv2%2Fcomments&post=3074"}],"version-history":[{"count":4,"href":"https:\/\/gdsreseau3m.com\/index.php?rest_route=\/wp\/v2\/pages\/3074\/revisions"}],"predecessor-version":[{"id":5547,"href":"https:\/\/gdsreseau3m.com\/index.php?rest_route=\/wp\/v2\/pages\/3074\/revisions\/5547"}],"wp:attachment":[{"href":"https:\/\/gdsreseau3m.com\/index.php?rest_route=%2Fwp%2Fv2%2Fmedia&parent=3074"}],"curies":[{"name":"wp","href":"https:\/\/api.w.org\/{rel}","templated":true}]}}