{"id":3042,"date":"2018-07-24T14:13:20","date_gmt":"2018-07-24T12:13:20","guid":{"rendered":"http:\/\/gdsreseau3m.com\/?page_id=3042"},"modified":"2024-02-26T17:17:45","modified_gmt":"2024-02-26T16:17:45","slug":"bovins-maladies-vectorielles-besnoitiose-2","status":"publish","type":"page","link":"https:\/\/gdsreseau3m.com\/?page_id=3042","title":{"rendered":"Bovins &#8211; maladies vectorielles &#8211; Besnoitiose"},"content":{"rendered":"<div class=\"mpl-content-wrap\"><h1><span style=\"color: #56b74f;\"><img loading=\"lazy\" class=\"alignnone wp-image-749 \" src=\"http:\/\/gdsreseau3m.com\/wp-content\/uploads\/2018\/06\/Bovins1.png\" alt=\"\" width=\"47\" height=\"35\" \/> Besnoitiose, la maladie qui s&rsquo;ach\u00e8te<\/span><\/h1>\n<h3><span style=\"color: #56b74f;\">L&rsquo;in\u00e9luctable remont\u00e9e vers le Nord de la France<\/span><\/h3>\n<p>La Besnoitiose est une maladie parasitaire connue depuis toujours en Ari\u00e8ge et qui au fil des ann\u00e9es s\u2019est \u00e9tendue au gr\u00e9 des ventes de bovins ou des estives \u00e0 une grande partie de la France.<\/p>\n<p>Aujourd\u2019hui, le Grand-Est semble peu impact\u00e9 par cette pathologie mais quelques foyers y ont \u00e9t\u00e9 d\u00e9couverts depuis 2 ans, dont un important en Centre Meuse \u00e0 l\u2019automne 2017. <strong>Force est de constater que nous ne sommes plus \u00e0 l\u2019abri d\u2019introduire cette maladie dans nos \u00e9levages<\/strong><\/p>\n<p><span style=\"color: #ff6600;\"><strong>Ceci doit mettre en alerte les \u00e9leveurs, notamment lors d\u2019achats de bovins afin d\u2019\u00e9viter au maximum d\u2019introduire cette maladie incurable sur notre territoire.<\/strong><\/span><\/p>\n<h3><span style=\"color: #56b74f;\">Une maladie incurable non tol\u00e9rable en \u00e9levage<\/span><\/h3>\n<p>C\u2019est une maladie parasitaire due \u00e0 un protozoaire <em>Besnoitia Besnoiti<\/em>. Elle est transmise par les piq\u00fbres d\u2019insectes h\u00e9matophages (taons, stomoxes (mouches), \u2026) et par l\u2019utilisation d\u2019aiguilles \u00e0 usage multiple dans les \u00e9levages infect\u00e9s.<\/p>\n<p>Elle se propage par les mouvements d\u2019animaux infect\u00e9s qui sont porteurs et contagieux \u00e0 vie et qui, s\u2019ils pr\u00e9sentent des signes cliniques (ce qui n\u2019est pas toujours le cas), ne peuvent en \u00eatre gu\u00e9ris. Tous les bovins quels que soient leur race et leur \u00e2ge, peuvent \u00eatre infect\u00e9s, m\u00eame si les jeunes \u00e0 partir d\u2019un an et les taureaux semblent \u00eatre les plus sensibles. La Besnoitiose touche souvent quelques individus dans un troupeau, mais parfois des lots entiers de g\u00e9nisses sont contamin\u00e9s donnant \u00e0 la maladie une allure pseudo-\u00e9pid\u00e9mique.<\/p>\n<p>Sauf cas exceptionnels, la Besnoitiose est responsable d\u2019une mortalit\u00e9 assez faible. En revanche, elle entra\u00eene des pertes \u00e9conomiques tr\u00e8s importantes comme de la baisse de production, de l\u2019infertilit\u00e9 (taureau st\u00e9rile), une moins-value \u00e9conomique des animaux commercialis\u00e9s, la r\u00e9forme pr\u00e9coce des bovins atteints (voire leur euthanasie), un co\u00fbt \u00e9lev\u00e9 et la contrainte des traitements longs pour des r\u00e9sultats souvent peu probants.<\/p>\n<p>La Besnoitiose est une maladie non r\u00e9glement\u00e9e, mais dont les cons\u00e9quences sur les troupeaux atteints n\u00e9cessite un encadrement et un accompagnement de la profession car une fois install\u00e9e sur un territoire, elle y progresse tr\u00e8s rapidement.<\/p>\n<h3><span style=\"color: #56b74f;\">Signes cliniques et d\u00e9tection<\/span><\/h3>\n<p>Les signes cliniques se manifestent en trois phases :<\/p>\n<ol>\n<li><strong>Phase f\u00e9brile<\/strong> avec une forte fi\u00e8vre, isolement, perte d\u2019app\u00e9tit, essoufflement, larmoiement, jetage clair, peau chaude et douloureuse, congestion des muqueuses <em>(dur\u00e9e = 7 \u00e0 10 jours).<\/em><\/li>\n<li><strong>Phase d\u2019\u0153d\u00e8mes<\/strong> qui se forment sous la peau, hypertrophie testiculaire, d\u00e9placement difficile<em> (dur\u00e9e = 1 \u00e0 3 semaines).<\/em><\/li>\n<li><strong>Phase de d\u00e9pilation et de scl\u00e9rodermie<\/strong>, \u00e9paississement de la peau (peau d\u2019\u00e9l\u00e9phant), crevasses aux articulations (avec surinfection), d\u00e9pilation diffuse, apparition de kystes dans la scl\u00e8re oculaire (blanc des yeux), absence de d\u00e9mangeaison, amaigrissement jusqu\u2019\u00e0 la mort ou l\u2019euthanasie <em>(dur\u00e9e = plusieurs mois).<\/em><\/li>\n<\/ol>\n<p><a href=\"http:\/\/gdsreseau3m.com\/wp-content\/uploads\/2024\/02\/bes-taureau-villard-gds-42-scaled.jpg\"><img loading=\"lazy\" class=\"alignnone size-medium wp-image-6836\" src=\"http:\/\/gdsreseau3m.com\/wp-content\/uploads\/2024\/02\/bes-taureau-villard-gds-42-300x225.jpg\" alt=\"\" width=\"300\" height=\"225\" srcset=\"https:\/\/gdsreseau3m.com\/wp-content\/uploads\/2024\/02\/bes-taureau-villard-gds-42-300x225.jpg 300w, https:\/\/gdsreseau3m.com\/wp-content\/uploads\/2024\/02\/bes-taureau-villard-gds-42-1024x768.jpg 1024w, https:\/\/gdsreseau3m.com\/wp-content\/uploads\/2024\/02\/bes-taureau-villard-gds-42-768x576.jpg 768w, https:\/\/gdsreseau3m.com\/wp-content\/uploads\/2024\/02\/bes-taureau-villard-gds-42-1536x1152.jpg 1536w, https:\/\/gdsreseau3m.com\/wp-content\/uploads\/2024\/02\/bes-taureau-villard-gds-42-2048x1536.jpg 2048w, https:\/\/gdsreseau3m.com\/wp-content\/uploads\/2024\/02\/bes-taureau-villard-gds-42-400x300.jpg 400w\" sizes=\"(max-width: 300px) 100vw, 300px\" \/><\/a><em>\u00a0Illustration 1 : d\u00e9pilation et scl\u00e9rodermie<\/em><strong><br \/>\n<\/strong><\/p>\n<p><a href=\"http:\/\/gdsreseau3m.com\/wp-content\/uploads\/2024\/02\/besnoitiose-gds-des-savoie-sg-6-scaled.jpg\"><img loading=\"lazy\" class=\"size-medium wp-image-6838\" src=\"http:\/\/gdsreseau3m.com\/wp-content\/uploads\/2024\/02\/besnoitiose-gds-des-savoie-sg-6-300x225.jpg\" alt=\"\" width=\"300\" height=\"225\" srcset=\"https:\/\/gdsreseau3m.com\/wp-content\/uploads\/2024\/02\/besnoitiose-gds-des-savoie-sg-6-300x225.jpg 300w, https:\/\/gdsreseau3m.com\/wp-content\/uploads\/2024\/02\/besnoitiose-gds-des-savoie-sg-6-1024x768.jpg 1024w, https:\/\/gdsreseau3m.com\/wp-content\/uploads\/2024\/02\/besnoitiose-gds-des-savoie-sg-6-768x576.jpg 768w, https:\/\/gdsreseau3m.com\/wp-content\/uploads\/2024\/02\/besnoitiose-gds-des-savoie-sg-6-1536x1152.jpg 1536w, https:\/\/gdsreseau3m.com\/wp-content\/uploads\/2024\/02\/besnoitiose-gds-des-savoie-sg-6-2048x1536.jpg 2048w, https:\/\/gdsreseau3m.com\/wp-content\/uploads\/2024\/02\/besnoitiose-gds-des-savoie-sg-6-400x300.jpg 400w\" sizes=\"(max-width: 300px) 100vw, 300px\" \/><\/a><\/p>\n<p><em>Illustration 2 : d\u00e9pilation et scl\u00e9rodermie<\/em><\/p>\n<p><a href=\"http:\/\/gdsreseau3m.com\/wp-content\/uploads\/2024\/02\/a_guillaume-taureau-besnoitiose-4-gds63-scaled.jpg\"><img loading=\"lazy\" class=\"alignnone size-medium wp-image-6835\" src=\"http:\/\/gdsreseau3m.com\/wp-content\/uploads\/2024\/02\/a_guillaume-taureau-besnoitiose-4-gds63-225x300.jpg\" alt=\"\" width=\"225\" height=\"300\" srcset=\"https:\/\/gdsreseau3m.com\/wp-content\/uploads\/2024\/02\/a_guillaume-taureau-besnoitiose-4-gds63-225x300.jpg 225w, https:\/\/gdsreseau3m.com\/wp-content\/uploads\/2024\/02\/a_guillaume-taureau-besnoitiose-4-gds63-768x1024.jpg 768w, https:\/\/gdsreseau3m.com\/wp-content\/uploads\/2024\/02\/a_guillaume-taureau-besnoitiose-4-gds63-1152x1536.jpg 1152w, https:\/\/gdsreseau3m.com\/wp-content\/uploads\/2024\/02\/a_guillaume-taureau-besnoitiose-4-gds63-1536x2048.jpg 1536w, https:\/\/gdsreseau3m.com\/wp-content\/uploads\/2024\/02\/a_guillaume-taureau-besnoitiose-4-gds63-scaled.jpg 1920w\" sizes=\"(max-width: 225px) 100vw, 225px\" \/><\/a>\u00a0<em><span class=\"upload-filename\">Illustration 3 : kystes dans scl\u00e8re oculaire<\/span><\/em><\/p>\n<p>Il n\u2019existe aucun traitement ni vaccin. Un animal infect\u00e9 le restera toute sa vie.<\/p>\n<p><strong>La d\u00e9tection de la maladie pose un r\u00e9el probl\u00e8me :<\/strong> m\u00e9connaissance des \u00e9leveurs, premiers sympt\u00f4mes peu visibles et non sp\u00e9cifiques (les premiers sympt\u00f4mes peuvent \u00eatre confondus avec la FCO, des bronchopneumonies, le coryza gangreneux, photosensibilisation,&#8230;), et c\u2019est une maladie qui appara\u00eet principalement en \u00e9t\u00e9, donc en p\u00e9riode de moindre surveillance des animaux.<\/p>\n<p>Le recours \u00e0 la prise de sang (test s\u00e9rologique) est le seul moyen de confirmer l\u2019infection.<\/p>\n<h3><span style=\"color: #56b74f;\">Comment s\u2019en pr\u00e9munir ?<\/span><\/h3>\n<p>Aujourd\u2019hui les facteurs de risques sont bien connus et sont par ordre de priorit\u00e9\u00a0:<\/p>\n<ol>\n<li>L\u2019introduction de bovins porteurs du parasite dans un \u00e9levage,<\/li>\n<li>Le m\u00e9lange d\u2019animaux de troupeaux diff\u00e9rents (estive, divagation&#8230;)<\/li>\n<li>Le voisinage de troupeaux infect\u00e9s (uniquement si les troupeaux sont proches).<\/li>\n<\/ol>\n<blockquote><p><span style=\"color: #ff6600;\"><strong>La premi\u00e8re barri\u00e8re que l\u2019on peut donc \u00e9riger contre ce parasite est le contr\u00f4le des bovins avant leur introduction dans nos \u00e9levages.\u00a0<\/strong><\/span><\/p>\n<p><span style=\"color: #ff6600;\"><strong>Soyons pro-actif\u00a0: ne laissons pas entrer ce parasite sur notre territoire\u00a0!<\/strong><\/span><\/p><\/blockquote>\n<p>L\u00e0 encore, selon l\u2019origine, la race et la destination des bovins achet\u00e9s, le risque n\u2019est pas le m\u00eame. L\u2019achat de broutards pour l\u2019engraissement en b\u00e2timent isol\u00e9 et totalement clos pr\u00e9sente moins de risque que l\u2019achat d\u2019un taureau reproducteur par exemple. Si statistiquement, les bovins issus du Grand Est ont moins de risques d\u2019\u00eatre atteints de Besnoitiose, rien ne permet \u00e0 l\u2019heure actuelle de conna\u00eetre l\u2019\u00e9tendue de la maladie dans notre r\u00e9gion.<\/p>\n<p><strong>C\u2019est \u00e0 cela que les GDS du Grand-Est travaillent actuellement, pour \u00e9laborer un protocole commun de gestion et de pr\u00e9vention de la Besnoitiose,<\/strong> avec les plus grands sp\u00e9cialistes de cette maladie en France\u00a0: le Dr JP Alzieu (LVD Ari\u00e8ge) et le Pr Ph. Jacquiet (Ecole Nationale V\u00e9t\u00e9rinaire de Toulouse).<\/p>\n<h4><span style=\"color: #ff6600;\">Dans tous les cas, d\u00e8s aujourd\u2019hui, il est pr\u00e9conis\u00e9 de faire r\u00e9aliser des prises de sang sur TOUS les bovins reproducteurs achet\u00e9s <\/span>(g\u00e9nisses, vaches ou taureaux), quelle que soit leur origine, y compris s\u2019ils proviennent de r\u00e9gions \u00ab moins \u00e0 risques \u00bb mais en \u00e9tant <span style=\"color: #ff6600;\">particuli\u00e8rement vigilant sur les bovins issus du sud de la France <\/span>(sous la ligne Lyon Nantes \u2192 voir la carte ci-dessous).<\/h4>\n<p><img loading=\"lazy\" class=\"alignnone size-full wp-image-4621\" src=\"http:\/\/gdsreseau3m.com\/wp-content\/uploads\/2019\/10\/Carte-Besnoitiose_-dept-\u00e0-risque-l\u00e9gende.png\" alt=\"\" width=\"653\" height=\"328\" srcset=\"https:\/\/gdsreseau3m.com\/wp-content\/uploads\/2019\/10\/Carte-Besnoitiose_-dept-\u00e0-risque-l\u00e9gende.png 653w, https:\/\/gdsreseau3m.com\/wp-content\/uploads\/2019\/10\/Carte-Besnoitiose_-dept-\u00e0-risque-l\u00e9gende-300x151.png 300w\" sizes=\"(max-width: 653px) 100vw, 653px\" \/><\/p>\n<p>Pour plus de facilit\u00e9, les analyses peuvent \u00eatre r\u00e9alis\u00e9es avant la vente.<\/p>\n<p><strong>Remplissez pendant la vente un <a href=\"http:\/\/gdsreseau3m.com\/wp-content\/uploads\/2021\/12\/BILLET-DE-GARANTIE-CONVENTIONNELLE-v2019_sitegds3m.pdf\">Billet de Garantie Conventionnelle<\/a><\/strong> pour pouvoir retourner un animal d\u00e9pist\u00e9 non n\u00e9gatif.<br \/>\n<a href=\"http:\/\/gdsreseau3m.com\/wp-content\/uploads\/2021\/12\/BILLET-DE-GARANTIE-CONVENTIONNELLE-v2019_sitegds3m.pdf\" target=\"_blank\" rel=\"noopener noreferrer\"><img loading=\"lazy\" class=\"alignnone size-full wp-image-1494\" src=\"http:\/\/gdsreseau3m.com\/wp-content\/uploads\/2018\/06\/F3M_Billet_de_garantie_conventionnelle-icon-1.png\" alt=\"\" width=\"153\" height=\"110\" \/><\/a><\/p>\n<p>Les GDS se tiennent \u00e0 votre disposition pour toute question relative \u00e0 la Besnoitiose et aux risques potentiels li\u00e9s aux achats de bovins (races, origine g\u00e9ographique, destination des bovins&#8230;).<\/p>\n<h3><span style=\"color: #56b74f;\">Pour en savoir plus :<\/span><\/h3>\n<ul>\n<li><strong><a href=\"http:\/\/gdsreseau3m.com\/wp-content\/uploads\/2018\/07\/plaquette_besnoitiose-Vfinale.pdf\" target=\"_blank\" rel=\"noopener noreferrer\">Fiche technique compl\u00e8te sur la maladie<\/a><\/strong><\/li>\n<\/ul>\n<p style=\"padding-left: 30px;\"><a href=\"http:\/\/gdsreseau3m.com\/wp-content\/uploads\/2018\/07\/plaquette_besnoitiose-Vfinale.pdf\" target=\"_blank\" rel=\"noopener noreferrer\"><img loading=\"lazy\" class=\"alignnone wp-image-3047\" src=\"http:\/\/gdsreseau3m.com\/wp-content\/uploads\/2018\/07\/illu-besnoitiose-plaquette-\u00e0-tel.gif\" alt=\"\" width=\"251\" height=\"358\" \/><\/a><\/p>\n<ul>\n<li><a href=\"http:\/\/gdsreseau3m.com\/wp-content\/uploads\/2018\/07\/47_Echo-Meuse_mars-2018.pdf\" target=\"_blank\" rel=\"noopener noreferrer\"><strong>Gestion du foyer Meusien<\/strong><\/a> (Echo du GDS Meuse &#8211; mars 2018 &#8211; voir page 2)<\/li>\n<\/ul>\n<\/div>","protected":false},"excerpt":{"rendered":"<p>Besnoitiose, la maladie qui s&rsquo;ach\u00e8te L&rsquo;in\u00e9luctable remont\u00e9e vers le Nord de la France La Besnoitiose est une maladie parasitaire connue depuis toujours en Ari\u00e8ge et qui au fil des ann\u00e9es s\u2019est \u00e9tendue au gr\u00e9 des ventes de bovins ou des estives \u00e0 une grande partie de la France. Aujourd\u2019hui, le Grand-Est semble peu impact\u00e9 par [&hellip;]<\/p>\n","protected":false},"author":1,"featured_media":0,"parent":0,"menu_order":0,"comment_status":"closed","ping_status":"closed","template":"","meta":[],"_links":{"self":[{"href":"https:\/\/gdsreseau3m.com\/index.php?rest_route=\/wp\/v2\/pages\/3042"}],"collection":[{"href":"https:\/\/gdsreseau3m.com\/index.php?rest_route=\/wp\/v2\/pages"}],"about":[{"href":"https:\/\/gdsreseau3m.com\/index.php?rest_route=\/wp\/v2\/types\/page"}],"author":[{"embeddable":true,"href":"https:\/\/gdsreseau3m.com\/index.php?rest_route=\/wp\/v2\/users\/1"}],"replies":[{"embeddable":true,"href":"https:\/\/gdsreseau3m.com\/index.php?rest_route=%2Fwp%2Fv2%2Fcomments&post=3042"}],"version-history":[{"count":19,"href":"https:\/\/gdsreseau3m.com\/index.php?rest_route=\/wp\/v2\/pages\/3042\/revisions"}],"predecessor-version":[{"id":6839,"href":"https:\/\/gdsreseau3m.com\/index.php?rest_route=\/wp\/v2\/pages\/3042\/revisions\/6839"}],"wp:attachment":[{"href":"https:\/\/gdsreseau3m.com\/index.php?rest_route=%2Fwp%2Fv2%2Fmedia&parent=3042"}],"curies":[{"name":"wp","href":"https:\/\/api.w.org\/{rel}","templated":true}]}}