{"id":3004,"date":"2018-07-24T10:39:27","date_gmt":"2018-07-24T08:39:27","guid":{"rendered":"http:\/\/gdsreseau3m.com\/?page_id=3004"},"modified":"2018-07-24T11:02:02","modified_gmt":"2018-07-24T09:02:02","slug":"ovins-information-et-reglementation-declaration-de-detention","status":"publish","type":"page","link":"https:\/\/gdsreseau3m.com\/?page_id=3004","title":{"rendered":"Ovins \u2013 R\u00e9glementation &#8211; D\u00e9claration de d\u00e9tention"},"content":{"rendered":"<div class=\"mpl-content-wrap\"><h6><a href=\"http:\/\/gdsreseau3m.com\/?page_id=304\"><img loading=\"lazy\" class=\"alignnone wp-image-333\" src=\"http:\/\/gdsreseau3m.com\/wp-content\/uploads\/2018\/06\/treffleMenu.png\" alt=\"\" width=\"23\" height=\"22\" \/><\/a><a href=\"http:\/\/gdsreseau3m.com\/?page_id=3004\">D\u00e9claration de d\u00e9tention<\/a> <a href=\"http:\/\/gdsreseau3m.com\/?page_id=304\"><img loading=\"lazy\" class=\"alignnone wp-image-333\" src=\"http:\/\/gdsreseau3m.com\/wp-content\/uploads\/2018\/06\/treffleMenu.png\" alt=\"\" width=\"23\" height=\"22\" \/><\/a><a href=\"http:\/\/gdsreseau3m.com\/?page_id=1042\">La prophylaxie<\/a><a href=\"http:\/\/gdsreseau3m.com\/?page_id=304\"><img loading=\"lazy\" class=\"alignnone wp-image-333\" src=\"http:\/\/gdsreseau3m.com\/wp-content\/uploads\/2018\/06\/treffleMenu.png\" alt=\"\" width=\"23\" height=\"22\" \/><\/a><a href=\"http:\/\/gdsreseau3m.com\/?page_id=1046\">Transmission des ICA\u00a0<\/a><a href=\"http:\/\/gdsreseau3m.com\/?page_id=304\"><img loading=\"lazy\" class=\"alignnone wp-image-333\" src=\"http:\/\/gdsreseau3m.com\/wp-content\/uploads\/2018\/06\/treffleMenu.png\" alt=\"\" width=\"23\" height=\"22\" \/><\/a><a href=\"http:\/\/gdsreseau3m.com\/?page_id=982\">Carnet sanitaire<\/a><\/h6>\n<h1><img loading=\"lazy\" class=\"alignnone wp-image-750\" src=\"http:\/\/gdsreseau3m.com\/wp-content\/uploads\/2018\/06\/Ovins.png\" alt=\"\" width=\"39\" height=\"32\" \/> \u00a0<span style=\"color: #2180c0;\">D\u00e9claration de d\u00e9tention<\/span><\/h1>\n<blockquote><p><span style=\"color: #ff6600;\"><strong>Tout d\u00e9tenteur de petit ruminant, mouton ou de ch\u00e8vre, \u00e0 titre permanent ou temporaire, quelque soit le nombre en sa possession, doit \u00eatre d\u00e9clar\u00e9 selon la r\u00e9glementation en cours.<\/strong><\/span><\/p><\/blockquote>\n<p>Quelle que soit la finalit\u00e9 <i>(animaux de production, de compagnie, exp\u00e9rimentation, spectacle,\u2026)<\/i>, la d\u00e9claration de d\u00e9tenteur est obligatoire. Elle concerne donc \u00e0 la fois les \u00e9leveurs professionnels comme les particuliers.<\/p>\n<blockquote>\n<h4><span style=\"color: #333333;\">Seuil minimal de d\u00e9claration de d\u00e9tention :<\/span><\/h4>\n<h4><span style=\"color: #ff6600;\">\u2192\u00a0 \u00c0 partir d&rsquo;une ch\u00e8vre ou d&rsquo;un mouton <\/span><b><br \/>\n<\/b><\/h4>\n<\/blockquote>\n<p>La d\u00e9tention\u00a0 d&rsquo;ovin(s) ou de caprin(s) s&rsquo;accompagne d&rsquo;obligations r\u00e9glementaires :<\/p>\n<ul>\n<li>D\u00e9claration de d\u00e9tention obligatoire<\/li>\n<li>Respect les r\u00e8gles d&rsquo;identification ovine\/caprine (bouclage des animaux et enregistrement des mouvements)<\/li>\n<li>R\u00e9alisation de la prophylaxie sanitaire dans le cadre de la surveillance brucellose<i> (sauf petits d\u00e9tenteurs &#8211; voir la page consacr\u00e9e \u00e0 la prophylaxie)<\/i><\/li>\n<li>Tenue d&rsquo;un registre d&rsquo;\u00e9levage<\/li>\n<li>&#8230;<\/li>\n<\/ul>\n<p>La d\u00e9claration de d\u00e9tention se fait aupr\u00e8s de votre GDS (cr\u00e9ation de l&rsquo;atelier). Si vous n&rsquo;avez pas encore de num\u00e9ro de cheptel attribu\u00e9, le GDS vous en cr\u00e9er un. Les informations sont ensuite transmises \u00e0 la DD(CS)PP de votre d\u00e9partement pour l&rsquo;organisation de la prophylaxie obligatoire.<\/p>\n<p>Pour des renseignements sur l\u2019identification des ovins et caprins = contactez la Chambre d\u2019Agriculture de votre d\u00e9partement.<\/p>\n<\/div>","protected":false},"excerpt":{"rendered":"<p>D\u00e9claration de d\u00e9tention La prophylaxieTransmission des ICA\u00a0Carnet sanitaire \u00a0D\u00e9claration de d\u00e9tention Tout d\u00e9tenteur de petit ruminant, mouton ou de ch\u00e8vre, \u00e0 titre permanent ou temporaire, quelque soit le nombre en sa possession, doit \u00eatre d\u00e9clar\u00e9 selon la r\u00e9glementation en cours. Quelle que soit la finalit\u00e9 (animaux de production, de compagnie, exp\u00e9rimentation, spectacle,\u2026), la d\u00e9claration de [&hellip;]<\/p>\n","protected":false},"author":1,"featured_media":0,"parent":0,"menu_order":0,"comment_status":"closed","ping_status":"closed","template":"","meta":[],"_links":{"self":[{"href":"https:\/\/gdsreseau3m.com\/index.php?rest_route=\/wp\/v2\/pages\/3004"}],"collection":[{"href":"https:\/\/gdsreseau3m.com\/index.php?rest_route=\/wp\/v2\/pages"}],"about":[{"href":"https:\/\/gdsreseau3m.com\/index.php?rest_route=\/wp\/v2\/types\/page"}],"author":[{"embeddable":true,"href":"https:\/\/gdsreseau3m.com\/index.php?rest_route=\/wp\/v2\/users\/1"}],"replies":[{"embeddable":true,"href":"https:\/\/gdsreseau3m.com\/index.php?rest_route=%2Fwp%2Fv2%2Fcomments&post=3004"}],"version-history":[{"count":6,"href":"https:\/\/gdsreseau3m.com\/index.php?rest_route=\/wp\/v2\/pages\/3004\/revisions"}],"predecessor-version":[{"id":3022,"href":"https:\/\/gdsreseau3m.com\/index.php?rest_route=\/wp\/v2\/pages\/3004\/revisions\/3022"}],"wp:attachment":[{"href":"https:\/\/gdsreseau3m.com\/index.php?rest_route=%2Fwp%2Fv2%2Fmedia&parent=3004"}],"curies":[{"name":"wp","href":"https:\/\/api.w.org\/{rel}","templated":true}]}}