{"id":29,"date":"2018-06-15T10:00:43","date_gmt":"2018-06-15T08:00:43","guid":{"rendered":"http:\/\/gdsreseau3m.com\/?page_id=29"},"modified":"2021-04-22T15:16:45","modified_gmt":"2021-04-22T13:16:45","slug":"anticiper","status":"publish","type":"page","link":"https:\/\/gdsreseau3m.com\/?page_id=29","title":{"rendered":"Nos engagements &#8211; Anticiper"},"content":{"rendered":"<div class=\"mpl-content-wrap\"><h1><span style=\"color: #9b3590;\"><img loading=\"lazy\" class=\"alignnone size-full wp-image-606\" src=\"http:\/\/gdsreseau3m.com\/wp-content\/uploads\/2018\/06\/id-engagements.png\" alt=\"\" width=\"175\" height=\"40\" \/>\u00a0<\/span><span style=\"color: #9b3590;\">Anticiper<\/span><\/h1>\n<h3><span style=\"color: #9b3590;\">Notre philosophie = la pr\u00e9vention<\/span><\/h3>\n<ul>\n<li><strong><span style=\"color: #333333;\">Surveiller l&rsquo;apparition de nouvelles pathologies ou recrudescences<\/span><\/strong><\/li>\n<li><strong><span style=\"color: #333333;\">Participation \u00e0 des programmes de surveillance et de recherche<\/span><\/strong><\/li>\n<li><strong><span style=\"color: #333333;\">R\u00e9server des fonds cas d&rsquo;incidents sanitaires<\/span><\/strong><\/li>\n<li><strong><span style=\"color: #333333;\">Alerter, informer, sensibiliser les \u00e9leveurs concernant les \u00e9volutions sanitaires<\/span><\/strong><\/li>\n<li><strong><span style=\"color: #333333;\">Veiller \u00e0 l&rsquo;application et au respect de la R\u00e9glementation<\/span><\/strong><\/li>\n<\/ul>\n<div>\n<div id=\"fond\">\n<p>La mondialisation et l&rsquo;ouverture des march\u00e9s et fronti\u00e8res peut faciliter la propagation de maladies animales, dont certaines pouvant \u00eatre transmissibles \u00e0 l&rsquo;Homme (appel\u00e9es zoonoses). Si la situation sanitaire de notre pays en mati\u00e8re de sant\u00e9 animale est actuellement tr\u00e8s favorable, un tel statut n&rsquo;est jamais d\u00e9finitivement acquis et requiert une attention quotidienne accrue.<\/p>\n<p>La surveillance \u00e9pid\u00e9miologique est la base de toute politique de pr\u00e9vention et de lutte contre les maladies d&rsquo;\u00e9levage.<\/p>\n<h3><span style=\"color: #9b3590;\">Les outils de surveillance<\/span><\/h3>\n<ul>\n<li><span style=\"color: #9b3590;\"><a style=\"color: #9b3590;\" href=\"http:\/\/www.plateforme-esa.fr\/\" target=\"_blank\" rel=\"noopener noreferrer\">Plateforme d&rsquo;\u00e9pid\u00e9mio-surveillance ESA<br \/>\n<\/a><\/span><\/li>\n<li><a href=\"http:\/\/www.oie.int\/fr\" target=\"_blank\" rel=\"noopener noreferrer\"><span style=\"color: #9b3590;\">Organisation mondiale de la sant\u00e9 animale OIE<\/span><\/a><\/li>\n<li>Le relai sur le terrain avec l&rsquo;ensemble de la profession v\u00e9t\u00e9rinaire et les \u00e9leveurs<\/li>\n<\/ul>\n<h3><span style=\"color: #9b3590;\">Le mutualisme = ciment de l&rsquo;action pr\u00e9ventive<\/span><\/h3>\n<p>Chaque \u00e9leveur garde un int\u00e9r\u00eat \u00e0 participer financi\u00e8rement \u00e0 indemniser ses coll\u00e8gues bloqu\u00e9s et deviennent ainsi <b>collectivement responsables :<\/b><\/p>\n<ul>\n<li>parce que l&rsquo;\u00e9tat sanitaire de son propre cheptel d\u00e9pend aussi de celui de ses voisins,<\/li>\n<li>parce que l&rsquo;appui financier des mutuelles est un moyen d&rsquo;att\u00e9nuer les pertes subies,<\/li>\n<li>parce que chacun peut \u00eatre concern\u00e9 un jour et que \u00e7a n&rsquo;arrive pas qu&rsquo;aux autres.<\/li>\n<\/ul>\n<h4><span style=\"color: #3366ff;\">&#x25b6; Les caisses de solidarit\u00e9<\/span><\/h4>\n<ul>\n<li>Le FMSE<\/li>\n<li>La Caisse Coup Dur<\/li>\n<\/ul>\n<h4><span style=\"color: #3366ff;\">&#x25b6; L&rsquo;exemple avec plusieurs crises r\u00e9centes<\/span><\/h4>\n<p><img loading=\"lazy\" class=\"alignnone wp-image-1958\" src=\"http:\/\/gdsreseau3m.com\/wp-content\/uploads\/2018\/07\/crise-00.jpg\" alt=\"\" width=\"115\" height=\"93\" \/> <img loading=\"lazy\" class=\"alignnone wp-image-1959\" src=\"http:\/\/gdsreseau3m.com\/wp-content\/uploads\/2018\/07\/crise-01.jpg\" alt=\"\" width=\"115\" height=\"90\" \/> <img loading=\"lazy\" class=\"alignnone wp-image-1960\" src=\"http:\/\/gdsreseau3m.com\/wp-content\/uploads\/2018\/07\/crise-02.jpg\" alt=\"\" width=\"115\" height=\"90\" \/> <img loading=\"lazy\" class=\"alignnone wp-image-1961\" src=\"http:\/\/gdsreseau3m.com\/wp-content\/uploads\/2018\/07\/crise-03.jpg\" alt=\"\" width=\"115\" height=\"90\" \/> <img loading=\"lazy\" class=\"alignnone wp-image-1962\" src=\"http:\/\/gdsreseau3m.com\/wp-content\/uploads\/2018\/07\/crise-04.jpg\" alt=\"\" width=\"115\" height=\"90\" \/> <img loading=\"lazy\" class=\"alignnone wp-image-1963\" src=\"http:\/\/gdsreseau3m.com\/wp-content\/uploads\/2018\/07\/crise-05.jpg\" alt=\"\" width=\"115\" height=\"90\" \/> <img loading=\"lazy\" class=\"alignnone wp-image-1964\" src=\"http:\/\/gdsreseau3m.com\/wp-content\/uploads\/2018\/07\/crise-06-150x101.jpg\" alt=\"\" width=\"135\" height=\"84\" \/><\/p>\n<p>Aujourd&rsquo;hui, le mutualisme conserve toute son importance dans un contexte o\u00f9 le risque sanitaire est plus pr\u00e9sent qu&rsquo;autrefois avec les modalisation et l&rsquo;importance des \u00e9changes transfrontaliers.<\/p>\n<\/div>\n<\/div>\n<\/div>","protected":false},"excerpt":{"rendered":"<p>\u00a0Anticiper Notre philosophie = la pr\u00e9vention Surveiller l&rsquo;apparition de nouvelles pathologies ou recrudescences Participation \u00e0 des programmes de surveillance et de recherche R\u00e9server des fonds cas d&rsquo;incidents sanitaires Alerter, informer, sensibiliser les \u00e9leveurs concernant les \u00e9volutions sanitaires Veiller \u00e0 l&rsquo;application et au respect de la R\u00e9glementation La mondialisation et l&rsquo;ouverture des march\u00e9s et fronti\u00e8res peut [&hellip;]<\/p>\n","protected":false},"author":1,"featured_media":0,"parent":0,"menu_order":0,"comment_status":"closed","ping_status":"closed","template":"","meta":[],"_links":{"self":[{"href":"https:\/\/gdsreseau3m.com\/index.php?rest_route=\/wp\/v2\/pages\/29"}],"collection":[{"href":"https:\/\/gdsreseau3m.com\/index.php?rest_route=\/wp\/v2\/pages"}],"about":[{"href":"https:\/\/gdsreseau3m.com\/index.php?rest_route=\/wp\/v2\/types\/page"}],"author":[{"embeddable":true,"href":"https:\/\/gdsreseau3m.com\/index.php?rest_route=\/wp\/v2\/users\/1"}],"replies":[{"embeddable":true,"href":"https:\/\/gdsreseau3m.com\/index.php?rest_route=%2Fwp%2Fv2%2Fcomments&post=29"}],"version-history":[{"count":30,"href":"https:\/\/gdsreseau3m.com\/index.php?rest_route=\/wp\/v2\/pages\/29\/revisions"}],"predecessor-version":[{"id":5666,"href":"https:\/\/gdsreseau3m.com\/index.php?rest_route=\/wp\/v2\/pages\/29\/revisions\/5666"}],"wp:attachment":[{"href":"https:\/\/gdsreseau3m.com\/index.php?rest_route=%2Fwp%2Fv2%2Fmedia&parent=29"}],"curies":[{"name":"wp","href":"https:\/\/api.w.org\/{rel}","templated":true}]}}