{"id":2804,"date":"2018-07-19T15:25:18","date_gmt":"2018-07-19T13:25:18","guid":{"rendered":"http:\/\/gdsreseau3m.com\/?page_id=2804"},"modified":"2021-06-23T15:07:47","modified_gmt":"2021-06-23T13:07:47","slug":"outil-bulletin-dinformation","status":"publish","type":"page","link":"https:\/\/gdsreseau3m.com\/?page_id=2804","title":{"rendered":"Outil &#8211; Bulletin d&rsquo;information"},"content":{"rendered":"<div class=\"mpl-content-wrap\"><h2>Bulletin d&rsquo;information des GDS<\/h2>\n<p>Retrouvez ci-dessous tous les bulletins d&rsquo;informations des GDS \u00e0 t\u00e9l\u00e9charger (nos Echo du GDS, Ech&rsquo;ovin, Gazette, GDS57&rsquo;Info, Newsletter &#8230;)<\/p>\n<p>&nbsp;<\/p>\n<ul>\n<li><a href=\"http:\/\/gdsreseau3m.com\/wp-content\/uploads\/2021\/06\/55_Echo-54_juin-2021_CD_envoy\u00e9-EN-15-06-2021.pdf\" target=\"_blank\" rel=\"noopener noreferrer\">Echo du GDS 54 &#8211; Juin 2021<\/a><\/li>\n<li><a href=\"http:\/\/gdsreseau3m.com\/wp-content\/uploads\/2021\/06\/54_Echo-54_CC_Janv-2021_envoy\u00e9-le-04-02-2021.pdf\">Echo du GDS 54 &#8211; f\u00e9vrier 2021<\/a><\/li>\n<li><a href=\"http:\/\/gdsreseau3m.com\/wp-content\/uploads\/2020\/12\/53_Echo-55_Dec-2020-version-3.pdf\" target=\"_blank\" rel=\"noopener noreferrer\">Echo du GDS 55 &#8211; d\u00e9cembre 2020<\/a><\/li>\n<li><a href=\"http:\/\/gdsreseau3m.com\/wp-content\/uploads\/2020\/12\/55_Rapport-Eco-AG-2020-A4-RV-version-finale_30122020.pdf\">2020 &#8211; rapport d&rsquo;activit\u00e9 \u00e9conomique et technique du GDS 55<\/a><\/li>\n<li><a href=\"http:\/\/gdsreseau3m.com\/wp-content\/uploads\/2020\/11\/53_Echo-54_Nov-2020.pdf\" target=\"_blank\" rel=\"noopener noreferrer\">Echo du GDS 54 &#8211; novembre 2020<\/a><\/li>\n<li><a href=\"http:\/\/gdsreseau3m.com\/wp-content\/uploads\/2019\/10\/51_Echo-54_octobre-2019_JA-CD.pdf\" target=\"_blank\" rel=\"noopener noreferrer\">Echo du GDS 54 &#8211; octobre 2019<\/a><\/li>\n<li><a href=\"http:\/\/gdsreseau3m.com\/wp-content\/uploads\/2019\/10\/14_InfoPorcs_-octobre-2019_54.pdf\" target=\"_blank\" rel=\"noopener noreferrer\">Info&rsquo;porcs &#8211; Octobre 2019<\/a><\/li>\n<li><a href=\"http:\/\/gdsreseau3m.com\/wp-content\/uploads\/2019\/08\/n1-grand-est-4-pages-v3.pdf\" target=\"_blank\" rel=\"noopener noreferrer\">Bulletin d\u2019information Section apicole du GDS du Grand Est<\/a> (n\u00b01 \u2013 juillet 2019)<\/li>\n<li><a href=\"http:\/\/gdsreseau3m.com\/wp-content\/uploads\/2019\/06\/13_InfoPorcs-GE_-juin-2019.pdf\">Info&rsquo;porcs Grand Est &#8211; juin 2019<\/a> \/ en partenariat avec Interporcs GE et GTV GE<\/li>\n<li><a href=\"http:\/\/gdsreseau3m.com\/wp-content\/uploads\/2019\/05\/49_Echo_janvier-2019_apel-de-cotisations-A3_envoy\u00e9-le-22-02-2019.pdf\" target=\"_blank\" rel=\"noopener noreferrer\">Echo du GDS Meurthe-et-Moselle &#8211; f\u00e9vrier 2019<\/a><\/li>\n<li><a href=\"http:\/\/gdsreseau3m.com\/wp-content\/uploads\/2019\/06\/12_InfoPorcs-GE_-janvier-2019.pdf\">Info&rsquo;porcs Grand Est &#8211; janv 2019<\/a> \/ en partenariat avec Interporcs GE et GTV GE<\/li>\n<li><a href=\"http:\/\/gdsreseau3m.com\/wp-content\/uploads\/2019\/05\/48_Echo_nov-2018_Meuse.pdf\" target=\"_blank\" rel=\"noopener noreferrer\">Echo du GDS &#8211; Meuse &#8211; novembre 2018<\/a><\/li>\n<li><a href=\"http:\/\/gdsreseau3m.com\/wp-content\/uploads\/2019\/05\/48_Echo_sept-2018_envoi-20181009.pdf\" target=\"_blank\" rel=\"noopener noreferrer\">Echo du GDS &#8211; Meurthe-et-Moselle &#8211; octobre 2018<\/a><\/li>\n<li><a href=\"http:\/\/gdsreseau3m.com\/wp-content\/uploads\/2018\/08\/Ladh%C3%A9sion-FMSE-vue-par-un-%C3%A9leveur-meusien_GDS55_13-07-2018.pdf\" target=\"_blank\" rel=\"noopener noreferrer\">L&rsquo;adh\u00e9sion FMSE vue par un \u00e9leveur meusien &#8211; ao\u00fbt 2018<\/a><\/li>\n<li><a href=\"http:\/\/gdsreseau3m.com\/wp-content\/uploads\/2018\/08\/Bovins_Eau_FCO_Besnoit_ICA_\u00e9t\u00e9-2018.pdf\" target=\"_blank\" rel=\"noopener noreferrer\">Newsletter \u00e9leveurs bovins GDS 54 &#8211; juillet 2018<\/a><\/li>\n<li><a href=\"http:\/\/gdsreseau3m.com\/wp-content\/uploads\/2018\/08\/OvinsCaprins_Eau_FCO_PPR_ICA_\u00e9t\u00e9-2018.pdf\" target=\"_blank\" rel=\"noopener noreferrer\">Newsletter \u00e9leveurs petits ruminants GDS 54 &#8211; juillet 2018<\/a><\/li>\n<li><a href=\"http:\/\/gdsreseau3m.com\/wp-content\/uploads\/2018\/08\/doc-pour-cotisations-2018_2%C3%A8me-feuillet-PPA-ICA.pdf\" target=\"_blank\" rel=\"noopener noreferrer\">GDS57&rsquo;Info &#8211; juillet 2018<\/a><\/li>\n<li><a href=\"http:\/\/gdsreseau3m.com\/wp-content\/uploads\/2019\/05\/47_Echo-Meuse_mars-2018.pdf\" target=\"_blank\" rel=\"noopener noreferrer\">Echo du GDS &#8211; Meuse &#8211; mars 2018<\/a><\/li>\n<li><a href=\"http:\/\/gdsreseau3m.com\/wp-content\/uploads\/2019\/05\/47_Echo_f\u00e9v-2018-envoy\u00e9-le-28-fervier.pdf\" target=\"_blank\" rel=\"noopener noreferrer\">Echo du GDS &#8211; Meurthe-et-Moselle &#8211; f\u00e9vrier 2018<\/a><\/li>\n<\/ul>\n<p><!--more--><\/p>\n<p>&nbsp;<\/p>\n<\/div>","protected":false},"excerpt":{"rendered":"<p>Bulletin d&rsquo;information des GDS Retrouvez ci-dessous tous les bulletins d&rsquo;informations des GDS \u00e0 t\u00e9l\u00e9charger (nos Echo du GDS, Ech&rsquo;ovin, Gazette, GDS57&rsquo;Info, Newsletter &#8230;) &nbsp; Echo du GDS 54 &#8211; Juin 2021 Echo du GDS 54 &#8211; f\u00e9vrier 2021 Echo du GDS 55 &#8211; d\u00e9cembre 2020 2020 &#8211; rapport d&rsquo;activit\u00e9 \u00e9conomique et technique du GDS 55 [&hellip;]<\/p>\n","protected":false},"author":1,"featured_media":0,"parent":0,"menu_order":0,"comment_status":"closed","ping_status":"closed","template":"","meta":[],"_links":{"self":[{"href":"https:\/\/gdsreseau3m.com\/index.php?rest_route=\/wp\/v2\/pages\/2804"}],"collection":[{"href":"https:\/\/gdsreseau3m.com\/index.php?rest_route=\/wp\/v2\/pages"}],"about":[{"href":"https:\/\/gdsreseau3m.com\/index.php?rest_route=\/wp\/v2\/types\/page"}],"author":[{"embeddable":true,"href":"https:\/\/gdsreseau3m.com\/index.php?rest_route=\/wp\/v2\/users\/1"}],"replies":[{"embeddable":true,"href":"https:\/\/gdsreseau3m.com\/index.php?rest_route=%2Fwp%2Fv2%2Fcomments&post=2804"}],"version-history":[{"count":18,"href":"https:\/\/gdsreseau3m.com\/index.php?rest_route=\/wp\/v2\/pages\/2804\/revisions"}],"predecessor-version":[{"id":5762,"href":"https:\/\/gdsreseau3m.com\/index.php?rest_route=\/wp\/v2\/pages\/2804\/revisions\/5762"}],"wp:attachment":[{"href":"https:\/\/gdsreseau3m.com\/index.php?rest_route=%2Fwp%2Fv2%2Fmedia&parent=2804"}],"curies":[{"name":"wp","href":"https:\/\/api.w.org\/{rel}","templated":true}]}}