{"id":2802,"date":"2018-07-19T15:24:37","date_gmt":"2018-07-19T13:24:37","guid":{"rendered":"http:\/\/gdsreseau3m.com\/?page_id=2802"},"modified":"2023-01-27T14:12:55","modified_gmt":"2023-01-27T13:12:55","slug":"outil-documents-utiles","status":"publish","type":"page","link":"https:\/\/gdsreseau3m.com\/?page_id=2802","title":{"rendered":"Outil &#8211; Formulaires \u00e0 t\u00e9l\u00e9charger"},"content":{"rendered":"<div class=\"mpl-content-wrap\"><h1>Formulaires \u00e0 t\u00e9l\u00e9charger<\/h1>\n<h3><span style=\"color: #333399;\">Toutes esp\u00e8ces<\/span><\/h3>\n<hr \/>\n<ul>\n<li><a href=\"http:\/\/gdsreseau3m.com\/wp-content\/uploads\/2018\/07\/carnet-sanitaire-version-informatique.pdf\" target=\"_blank\" rel=\"noopener noreferrer\">Mod\u00e8le de carnet sanitaire \u00e0 imprimer\u00a0<\/a><\/li>\n<li><a href=\"http:\/\/gdsreseau3m.com\/wp-content\/uploads\/2018\/06\/PROTOCOLE_QE_-_2016-17_-pack_2_analyses_.pdf\" target=\"_blank\" rel=\"noopener noreferrer\">Protocole d&rsquo;engagement Suivi qualit\u00e9 de l&rsquo;eau<\/a><\/li>\n<li><a href=\"http:\/\/gdsreseau3m.com\/wp-content\/uploads\/2019\/04\/DASRI-54_protocole_eleveur_gds.pdf\" target=\"_blank\" rel=\"noopener noreferrer\">Engagement DASRI &#8211; GDS 54<\/a><\/li>\n<li><a href=\"http:\/\/gdsreseau3m.com\/wp-content\/uploads\/2019\/07\/55_2019_Engagement-\u00e9leveur-GDS.pdf\" target=\"_blank\" rel=\"noopener noreferrer\">Engagement DASRI &#8211; GDS 55<\/a><\/li>\n<li><a href=\"http:\/\/gdsreseau3m.com\/wp-content\/uploads\/2018\/06\/Engagement-DASRI-57.pdf\" target=\"_blank\" rel=\"noopener noreferrer\">Engagement DASRI &#8211; GDS 57<\/a><\/li>\n<li><a href=\"http:\/\/gdsreseau3m.com\/wp-content\/uploads\/2018\/09\/54_Formulaire-de-d\u00e9clatation-de-d\u00e9tention-bovins-ovins-caprins-porcins-volailles_2018.pdf\" target=\"_blank\" rel=\"noopener noreferrer\">Formulaire de d\u00e9claration de d\u00e9tention d\u2019esp\u00e8ces bovines, caprines, ovins, porcins, volaille (54)<\/a><\/li>\n<li><a href=\"http:\/\/gdsreseau3m.com\/wp-content\/uploads\/2020\/09\/Bon-de-commande-Mat\u00e9riel-Sanitaire-GDS_20200930.pdf\" target=\"_blank\" rel=\"noopener noreferrer\">Bon de commande mat\u00e9riel (2020-GDS 54)<\/a><\/li>\n<li><a href=\"http:\/\/gdsreseau3m.com\/wp-content\/uploads\/2019\/08\/IMP111C.pdf\" target=\"_blank\" rel=\"noopener noreferrer\">Formulaire de d\u00e9signation de v\u00e9t\u00e9rinaire sanitaire<\/a><\/li>\n<\/ul>\n<h3><span style=\"color: #56b74f;\">Bovins<\/span><\/h3>\n<hr \/>\n<ul>\n<li><a href=\"http:\/\/gdsreseau3m.com\/wp-content\/uploads\/2021\/10\/D\u00e9rogation-\u00e0-lintroduction_GDS55.pdf\" target=\"_blank\" rel=\"noopener noreferrer\">Demande de d\u00e9rogation aux contr\u00f4les d&rsquo;introduction &#8211; GDS Meuse<\/a><\/li>\n<li><a href=\"https:\/\/questionnaires.gdsfrance.org\/limesurvey\/index.php\/739755?lang=fr\">Grille d\u2019auto-\u00e9valuation diagnostic BIOSECURITE BOVIN en ligne sur le site de GDS France<\/a> ou t\u00e9l\u00e9charger cette m\u00eame grille <a href=\"https:\/\/www.gdsfrance.org\/wp-content\/uploads\/grille-dauto-evaluation-biosecurite_bovins.pdf\">au format PDF ici<\/a><\/li>\n<li><a href=\"http:\/\/gdsreseau3m.com\/wp-content\/uploads\/2023\/01\/BILLET-DE-GARANTIE-CONVENTIONNELLE-v2023-54.pdf\">Billet de garantie conventionnelle <\/a>(en cas d&rsquo;achat &#8211; \u00e0 remplir et signer en 2 exemplaires)<\/li>\n<li><a href=\"http:\/\/gdsreseau3m.com\/wp-content\/uploads\/2018\/06\/RecensementPatureEleveur.pdf\" target=\"_blank\" rel=\"noopener noreferrer\">Mod\u00e8le de d\u00e9claration de son R\u00e9seau P\u00e2ture<\/a><\/li>\n<li><a href=\"http:\/\/gdsreseau3m.com\/wp-content\/uploads\/2018\/07\/20180626-ICA-bovins-d\u00e9claration-ICA-avec-ancienne-ASDA.pdf\" target=\"_blank\" rel=\"noopener noreferrer\">Formulaire bovin ICA d\u00e9claration compl\u00e9mentaire individuel <\/a><\/li>\n<li><a href=\"http:\/\/gdsreseau3m.com\/wp-content\/uploads\/2018\/07\/20180626-ICA-bovins-d\u00e9claration-collective-ICA-avec-ancienne-ASDA.pdf\" target=\"_blank\" rel=\"noopener noreferrer\">Formulaire bovin ICA d\u00e9claration compl\u00e9mentaire collectif<\/a><\/li>\n<li><a href=\"http:\/\/gdsreseau3m.com\/wp-content\/uploads\/2018\/07\/OUTIL-DE-DIAGNOSTIC-antibior\u00e9sistance.pdf\" target=\"_blank\" rel=\"noopener noreferrer\">Outil de sensibilisation et d\u2019\u00e9valuation de l\u2019antibior\u00e9sistance &#8211; \u00e9levage bovin<\/a><\/li>\n<\/ul>\n<hr \/>\n<h3><span style=\"color: #2e85e8;\">Ovins\/caprins<\/span><\/h3>\n<ul>\n<li><a href=\"https:\/\/questionnaires.gdsfrance.org\/limesurvey\/index.php\/268111?lang=fr\">Grille d\u2019auto-\u00e9valuation diagnostic BIOSECURITE OVIN en ligne sur le site de GDS France<\/a> ou t\u00e9l\u00e9charger cette m\u00eame grille <a href=\"https:\/\/www.gdsfrance.org\/wp-content\/uploads\/grille-dauto-evaluation-biosecurite_ovins.pdf\">au format PDF ici<\/a><\/li>\n<li><a href=\"https:\/\/questionnaires.gdsfrance.org\/limesurvey\/index.php\/285693?lang=fr\">Grille d\u2019auto-\u00e9valuation diagnostic BIOSECURITE CAPRIN en ligne sur le site de GDS France<\/a> ou t\u00e9l\u00e9charger cette m\u00eame grille <a href=\"https:\/\/www.gdsfrance.org\/wp-content\/uploads\/grille-dauto-evaluation-biosecurite_caprins.pdf\">au format PDF ici<\/a><\/li>\n<li><a href=\"http:\/\/gdsreseau3m.com\/wp-content\/uploads\/2018\/07\/20180626-ICA-ovins-caprins-d%C3%A9claration-collective-ICA.pdf\" target=\"_blank\" rel=\"noopener noreferrer\">Formulaire ovin\/caprin ICA d\u00e9claration compl\u00e9mentaire<\/a><\/li>\n<li><a href=\"http:\/\/gdsreseau3m.com\/wp-content\/uploads\/2018\/07\/outil-dautodiagnostic-derni\u00e8re-version_sept-2015.pdf\" target=\"_blank\" rel=\"noopener noreferrer\">Auto\u00e9valuation de la sant\u00e9 de la troupe ovine<\/a><\/li>\n<\/ul>\n<hr \/>\n<h3><span style=\"color: #9b3590;\">Porcins<\/span><\/h3>\n<ul>\n<li><a href=\"http:\/\/gdsreseau3m.com\/wp-content\/uploads\/2018\/09\/2015_03_18_DA_formulaire-vierge_version2.00Porc.pdf\" target=\"_blank\" rel=\"noopener noreferrer\">Formulaire li\u00e9 \u00e0 la d\u00e9tention de porcs<\/a><\/li>\n<\/ul>\n<hr \/>\n<h3><span style=\"color: #ff9900;\">Abeilles <\/span><\/h3>\n<ul>\n<li><a href=\"http:\/\/gdsreseau3m.com\/wp-content\/uploads\/2018\/06\/1473921972_20160901-API-Cerfa_04.pdf\" target=\"_blank\" rel=\"noopener noreferrer\">Formulaire Cerfa n\u00b0<\/a><a href=\"http:\/\/gdsreseau3m.com\/wp-content\/uploads\/2018\/06\/1473921972_20160901-API-Cerfa_04.pdf\" target=\"_blank\" rel=\"noopener noreferrer\">13995*04<\/a> pour la d\u00e9claration annuelle de ruches<\/li>\n<li><a href=\"http:\/\/gdsreseau3m.com\/wp-content\/uploads\/2021\/08\/registre_d_elevage_apicole-modele-1-1.pdf\">Mod\u00e8le de carnet sanitaire apicole<\/a><\/li>\n<\/ul>\n<\/div>","protected":false},"excerpt":{"rendered":"<p>Formulaires \u00e0 t\u00e9l\u00e9charger Toutes esp\u00e8ces Mod\u00e8le de carnet sanitaire \u00e0 imprimer\u00a0 Protocole d&rsquo;engagement Suivi qualit\u00e9 de l&rsquo;eau Engagement DASRI &#8211; GDS 54 Engagement DASRI &#8211; GDS 55 Engagement DASRI &#8211; GDS 57 Formulaire de d\u00e9claration de d\u00e9tention d\u2019esp\u00e8ces bovines, caprines, ovins, porcins, volaille (54) Bon de commande mat\u00e9riel (2020-GDS 54) Formulaire de d\u00e9signation de v\u00e9t\u00e9rinaire [&hellip;]<\/p>\n","protected":false},"author":1,"featured_media":0,"parent":0,"menu_order":0,"comment_status":"closed","ping_status":"closed","template":"","meta":[],"_links":{"self":[{"href":"https:\/\/gdsreseau3m.com\/index.php?rest_route=\/wp\/v2\/pages\/2802"}],"collection":[{"href":"https:\/\/gdsreseau3m.com\/index.php?rest_route=\/wp\/v2\/pages"}],"about":[{"href":"https:\/\/gdsreseau3m.com\/index.php?rest_route=\/wp\/v2\/types\/page"}],"author":[{"embeddable":true,"href":"https:\/\/gdsreseau3m.com\/index.php?rest_route=\/wp\/v2\/users\/1"}],"replies":[{"embeddable":true,"href":"https:\/\/gdsreseau3m.com\/index.php?rest_route=%2Fwp%2Fv2%2Fcomments&post=2802"}],"version-history":[{"count":37,"href":"https:\/\/gdsreseau3m.com\/index.php?rest_route=\/wp\/v2\/pages\/2802\/revisions"}],"predecessor-version":[{"id":6465,"href":"https:\/\/gdsreseau3m.com\/index.php?rest_route=\/wp\/v2\/pages\/2802\/revisions\/6465"}],"wp:attachment":[{"href":"https:\/\/gdsreseau3m.com\/index.php?rest_route=%2Fwp%2Fv2%2Fmedia&parent=2802"}],"curies":[{"name":"wp","href":"https:\/\/api.w.org\/{rel}","templated":true}]}}