{"id":276,"date":"2018-06-15T16:26:10","date_gmt":"2018-06-15T14:26:10","guid":{"rendered":"http:\/\/gdsreseau3m.com\/?page_id=276"},"modified":"2024-02-26T17:23:41","modified_gmt":"2024-02-26T16:23:41","slug":"innover","status":"publish","type":"page","link":"https:\/\/gdsreseau3m.com\/?page_id=276","title":{"rendered":"Nos engagements &#8211; Innover"},"content":{"rendered":"<div class=\"mpl-content-wrap\"><h1><span style=\"color: #9b3590;\"><img loading=\"lazy\" class=\"alignnone size-full wp-image-606\" src=\"http:\/\/gdsreseau3m.com\/wp-content\/uploads\/2018\/06\/id-engagements.png\" alt=\"\" width=\"175\" height=\"40\" \/>\u00a0<\/span><span style=\"color: #9b3590;\">Innover<\/span><\/h1>\n<h3><img loading=\"lazy\" class=\"alignnone wp-image-333\" src=\"http:\/\/gdsreseau3m.com\/wp-content\/uploads\/2018\/06\/treffleMenu.png\" alt=\"\" width=\"22\" height=\"23\" \/><span style=\"color: #9b3590;\">Sites \u00e9leveurs = management du poste sanitaire par les \u00e9leveurs<\/span><\/h3>\n<p><span style=\"color: #3366ff;\"><strong>&gt; EstElevage : le site officiel des \u00e9leveurs de l&rsquo;Est <\/strong><\/span><br \/>\n<a href=\"http:\/\/www.estelevage.com\" target=\"_blank\" rel=\"noopener noreferrer\"><span style=\"color: #9b3590;\">www.estelevage.com<\/span><\/a><\/p>\n<p><img loading=\"lazy\" class=\"alignnone size-full wp-image-280\" src=\"http:\/\/gdsreseau3m.com\/wp-content\/uploads\/2018\/06\/1416583687_Estelevage___boussole.bmp\" alt=\"\" width=\"157\" height=\"103\" \/><br \/>\nAvec EstElevage, les \u00e9leveurs de bovins et d&rsquo;ovins\/caprins peuvent g\u00e9rer toutes leurs donn\u00e9es de troupeau \u00e0 l&rsquo;aide d&rsquo;un ordinateur, d&rsquo;une tablette, d&rsquo;un Pocket PC ou d&rsquo;un smartphone en toute simplicit\u00e9 : donn\u00e9es d&rsquo;identification, reproduction, sanitaire, conseil \u00e9levage laitier ou contr\u00f4le de performances viande\u2026<\/p>\n<p><span style=\"text-decoration: underline;\"><strong>Rubrique sanitaire, disponible pour tous sur l&rsquo;extranet de ce site gds : <\/strong><\/span><\/p>\n<ul>\n<li>Enregistrement des traitements et soins aux animaux de fa\u00e7on s\u00fbre et simplifi\u00e9e<\/li>\n<li>Remont\u00e9e des r\u00e9sultats d&rsquo;analyses du laboratoire v\u00e9t\u00e9rinaire<\/li>\n<li>Passerelle avec Vet\u00e9levage (logiciel v\u00e9t\u00e9rinaire) : ordonnances, remont\u00e9e des enregistrements v\u00e9t\u00e9rinaires, simplification de la saisie, bilan de sant\u00e9 affin\u00e9 (contactez votre v\u00e9t\u00e9rinaire)<\/li>\n<li>Catalogue des statuts<\/li>\n<li>Etc.<\/li>\n<\/ul>\n<h2><span style=\"color: #9b3590;\">\u00a0<\/span><\/h2>\n<h3><span style=\"color: #2180c0;\"><img loading=\"lazy\" class=\"alignnone wp-image-333\" src=\"http:\/\/gdsreseau3m.com\/wp-content\/uploads\/2018\/06\/treffleMenu.png\" alt=\"\" width=\"22\" height=\"23\" \/><\/span><span style=\"color: #9b3590;\">Logiciels GDS = pour une administration sanitaire efficace et r\u00e9active<\/span><\/h3>\n<p><strong><span style=\"color: #3366ff;\">&gt; G\u00e9D\u00e9<\/span><span style=\"color: #3366ff;\">oS<\/span><span style=\"color: #3366ff;\">, u<\/span><span style=\"color: #3366ff;\">n logiciel original, une d\u00e9marche d&rsquo;utilisateurs, un outil f\u00e9d\u00e9rateur<\/span><\/strong><\/p>\n<ul>\n<li>Du sur-mesure intelligent et \u00e9volutif<\/li>\n<li>Un partage d&rsquo;information enrichissant<\/li>\n<li>Un logiciel d&rsquo;aide \u00e0 la d\u00e9cision<\/li>\n<li>Des avantages directs, des atouts insoup\u00e7onn\u00e9s<\/li>\n<li>Un outil efficace<\/li>\n<li>Voir les principes de G\u00e9d\u00e9os<\/li>\n<\/ul>\n<p><strong>Contact G\u00e9d\u00e9os (GDS) : <\/strong>Gr\u00e9gory JUPPET. &#8211; t\u00e9l. : 03 83 93 44 76<\/p>\n<p><a href=\"http:\/\/gdsreseau3m.com\/wp-content\/uploads\/2018\/06\/1409130029_Plaquette_promotion_gedeos.pdf\" target=\"_blank\" rel=\"noopener noreferrer\"><img loading=\"lazy\" class=\"alignnone wp-image-621 size-thumbnail\" src=\"http:\/\/gdsreseau3m.com\/wp-content\/uploads\/2018\/06\/1409129760_Image_plaquette_promotion_gedeos-150x150.png\" alt=\"\" width=\"150\" height=\"150\" \/><\/a><br \/>\n<span style=\"color: #333333;\"><em>Cliquez sur l&rsquo;image pour voir la plaquette de promotion de notre logiciel<\/em><\/span><\/p>\n<p>&nbsp;<\/p>\n<p><span style=\"color: #3366ff;\"><strong>&gt; Sanipass,<span style=\"color: #3366ff;\"> l<\/span><\/strong><\/span><span style=\"color: #9b3590;\"><strong><span style=\"color: #3366ff;\">a gestion sanitaire des concours \u00e0 l&rsquo;\u00e8re num\u00e9rique<\/span><br \/>\n<\/strong><\/span><\/p>\n<p>Fiabilit\u00e9 et s\u00e9curit\u00e9 des contr\u00f4les sanitaires lors de concours<br \/>\nRapidit\u00e9 des contr\u00f4les pour les \u00e9leveurs et organisateurs<\/p>\n<p>En savoir plus, lire l&rsquo;article\u00a0<strong><a href=\"http:\/\/gdsreseau3m.com\/wp-content\/uploads\/2018\/11\/Sanipass-loutil-lorrain-chez-les-auvergnats.pdf\">\u00ab\u00a0Sanipass, l&rsquo;outil lorrain au pays des volcans\u00a0\u00bb<\/a><\/strong> &#8211; novembre 2018.<\/p>\n<p><strong>Contact Sanipass (GDS) :<\/strong> Claire Dargent.<br \/>\nt\u00e9l. : 03 83 93 44 76<\/p>\n<p><img loading=\"lazy\" class=\"alignnone size-full wp-image-287\" src=\"http:\/\/gdsreseau3m.com\/wp-content\/uploads\/2018\/06\/1409133532_Photo_presentation_sanipass.gif\" alt=\"\" width=\"448\" height=\"415\" \/><\/p>\n<p>&nbsp;<\/p>\n<p>&nbsp;<\/p>\n<\/div>","protected":false},"excerpt":{"rendered":"<p>\u00a0Innover Sites \u00e9leveurs = management du poste sanitaire par les \u00e9leveurs &gt; EstElevage : le site officiel des \u00e9leveurs de l&rsquo;Est www.estelevage.com Avec EstElevage, les \u00e9leveurs de bovins et d&rsquo;ovins\/caprins peuvent g\u00e9rer toutes leurs donn\u00e9es de troupeau \u00e0 l&rsquo;aide d&rsquo;un ordinateur, d&rsquo;une tablette, d&rsquo;un Pocket PC ou d&rsquo;un smartphone en toute simplicit\u00e9 : donn\u00e9es d&rsquo;identification, [&hellip;]<\/p>\n","protected":false},"author":1,"featured_media":0,"parent":0,"menu_order":0,"comment_status":"closed","ping_status":"closed","template":"","meta":[],"_links":{"self":[{"href":"https:\/\/gdsreseau3m.com\/index.php?rest_route=\/wp\/v2\/pages\/276"}],"collection":[{"href":"https:\/\/gdsreseau3m.com\/index.php?rest_route=\/wp\/v2\/pages"}],"about":[{"href":"https:\/\/gdsreseau3m.com\/index.php?rest_route=\/wp\/v2\/types\/page"}],"author":[{"embeddable":true,"href":"https:\/\/gdsreseau3m.com\/index.php?rest_route=\/wp\/v2\/users\/1"}],"replies":[{"embeddable":true,"href":"https:\/\/gdsreseau3m.com\/index.php?rest_route=%2Fwp%2Fv2%2Fcomments&post=276"}],"version-history":[{"count":21,"href":"https:\/\/gdsreseau3m.com\/index.php?rest_route=\/wp\/v2\/pages\/276\/revisions"}],"predecessor-version":[{"id":6842,"href":"https:\/\/gdsreseau3m.com\/index.php?rest_route=\/wp\/v2\/pages\/276\/revisions\/6842"}],"wp:attachment":[{"href":"https:\/\/gdsreseau3m.com\/index.php?rest_route=%2Fwp%2Fv2%2Fmedia&parent=276"}],"curies":[{"name":"wp","href":"https:\/\/api.w.org\/{rel}","templated":true}]}}