{"id":269,"date":"2018-06-15T16:22:47","date_gmt":"2018-06-15T14:22:47","guid":{"rendered":"http:\/\/gdsreseau3m.com\/?page_id=269"},"modified":"2023-02-14T14:02:31","modified_gmt":"2023-02-14T13:02:31","slug":"valoriser","status":"publish","type":"page","link":"https:\/\/gdsreseau3m.com\/?page_id=269","title":{"rendered":"Nos engagements \u2013 Valoriser"},"content":{"rendered":"<div class=\"mpl-content-wrap\"><h1><span style=\"color: #9b3590;\"><img loading=\"lazy\" class=\"alignnone size-full wp-image-606\" src=\"http:\/\/gdsreseau3m.com\/wp-content\/uploads\/2018\/06\/id-engagements.png\" alt=\"\" width=\"175\" height=\"40\" \/>\u00a0<\/span><span style=\"color: #9b3590;\">Valoriser par l&rsquo;apport de garanties et certifications d&rsquo;\u00e9levage<\/span><\/h1>\n<ul>\n<li>Valorisation commerciale &amp; plus-value financi\u00e8re pour l&rsquo;\u00e9leveur<\/li>\n<li>\u00c9changes commerciaux facilit\u00e9s &amp; garantie suppl\u00e9mentaire pour le commer\u00e7ant ou l&rsquo;acheteur<\/li>\n<li>S\u00e9curit\u00e9 sanitaire &amp; alimentaire pour les consommateurs<\/li>\n<\/ul>\n<h2><span style=\"color: #9b3590;\">R\u00f4les des GDS = attribution, maintien &#8211; d\u00e9livrance des documents officiels portant ces mentions<\/span><\/h2>\n<p>Les GDS statuent sur le niveau sanitaire des cheptels en attribuant et g\u00e9rant des appellations sanitaires.<br \/>\nElles sont acquises lorsque que la situation sanitaire d&rsquo;un cheptel est jug\u00e9e favorable, selon un cahier des charges pr\u00e9d\u00e9fini au niveau national.<br \/>\nElles gratifient les efforts collectifs accomplis en mati\u00e8re d&rsquo;\u00e9radication de maladies d&rsquo;\u00e9levage r\u00e9glement\u00e9es ou non r\u00e9glement\u00e9es par l&rsquo;\u00c9tat.<\/p>\n<p><span style=\"color: #9b3590;\"><strong>L&rsquo; ASDA : \u00a0<\/strong>Document officiel qui r\u00e9pertorie le statut sanitaire de chaque bovin. Elle suit l&rsquo;animal dans tous ses d\u00e9placements.<br \/>\n<\/span><\/p>\n<p><img loading=\"lazy\" class=\"alignnone size-full wp-image-272\" src=\"http:\/\/gdsreseau3m.com\/wp-content\/uploads\/2018\/06\/1409557516_asda_floutee_2.gif\" alt=\"\" width=\"686\" height=\"336\" \/><\/p>\n<p><span style=\"color: #808080;\">Cr\u00e9dit photo : GDS 54<\/span><\/p>\n<h2><span style=\"color: #9b3590;\">Les maladies g\u00e9r\u00e9es et les moyens mis en oeuvre pour la certification des \u00e9levages<br \/>\n<\/span><\/h2>\n<p><img loading=\"lazy\" class=\"alignnone size-full wp-image-2117\" src=\"http:\/\/gdsreseau3m.com\/wp-content\/uploads\/2018\/07\/maladies_certif.png\" alt=\"\" width=\"689\" height=\"192\" srcset=\"https:\/\/gdsreseau3m.com\/wp-content\/uploads\/2018\/07\/maladies_certif.png 689w, https:\/\/gdsreseau3m.com\/wp-content\/uploads\/2018\/07\/maladies_certif-300x84.png 300w\" sizes=\"(max-width: 689px) 100vw, 689px\" \/><\/p>\n<p>&nbsp;<\/p>\n<\/div>","protected":false},"excerpt":{"rendered":"<p>\u00a0Valoriser par l&rsquo;apport de garanties et certifications d&rsquo;\u00e9levage Valorisation commerciale &amp; plus-value financi\u00e8re pour l&rsquo;\u00e9leveur \u00c9changes commerciaux facilit\u00e9s &amp; garantie suppl\u00e9mentaire pour le commer\u00e7ant ou l&rsquo;acheteur S\u00e9curit\u00e9 sanitaire &amp; alimentaire pour les consommateurs R\u00f4les des GDS = attribution, maintien &#8211; d\u00e9livrance des documents officiels portant ces mentions Les GDS statuent sur le niveau sanitaire des [&hellip;]<\/p>\n","protected":false},"author":1,"featured_media":0,"parent":0,"menu_order":0,"comment_status":"closed","ping_status":"closed","template":"","meta":[],"_links":{"self":[{"href":"https:\/\/gdsreseau3m.com\/index.php?rest_route=\/wp\/v2\/pages\/269"}],"collection":[{"href":"https:\/\/gdsreseau3m.com\/index.php?rest_route=\/wp\/v2\/pages"}],"about":[{"href":"https:\/\/gdsreseau3m.com\/index.php?rest_route=\/wp\/v2\/types\/page"}],"author":[{"embeddable":true,"href":"https:\/\/gdsreseau3m.com\/index.php?rest_route=\/wp\/v2\/users\/1"}],"replies":[{"embeddable":true,"href":"https:\/\/gdsreseau3m.com\/index.php?rest_route=%2Fwp%2Fv2%2Fcomments&post=269"}],"version-history":[{"count":11,"href":"https:\/\/gdsreseau3m.com\/index.php?rest_route=\/wp\/v2\/pages\/269\/revisions"}],"predecessor-version":[{"id":6480,"href":"https:\/\/gdsreseau3m.com\/index.php?rest_route=\/wp\/v2\/pages\/269\/revisions\/6480"}],"wp:attachment":[{"href":"https:\/\/gdsreseau3m.com\/index.php?rest_route=%2Fwp%2Fv2%2Fmedia&parent=269"}],"curies":[{"name":"wp","href":"https:\/\/api.w.org\/{rel}","templated":true}]}}