{"id":2657,"date":"2018-07-18T08:54:04","date_gmt":"2018-07-18T06:54:04","guid":{"rendered":"http:\/\/gdsreseau3m.com\/?page_id=2657"},"modified":"2021-04-14T14:39:59","modified_gmt":"2021-04-14T12:39:59","slug":"bovins-avortements-documentation-technique-sur-les-maladies-abortives","status":"publish","type":"page","link":"https:\/\/gdsreseau3m.com\/?page_id=2657","title":{"rendered":"Bovins &#8211; Avortements &#8211; Documentation technique sur les maladies abortives"},"content":{"rendered":"<div class=\"mpl-content-wrap\"><h6><img loading=\"lazy\" class=\"alignnone wp-image-333\" src=\"http:\/\/gdsreseau3m.com\/wp-content\/uploads\/2018\/06\/treffleMenu.png\" alt=\"\" width=\"23\" height=\"22\" \/><a href=\"http:\/\/gdsreseau3m.com\/?page_id=444\">Les avortements en \u00e9levage bovin<\/a><img loading=\"lazy\" class=\"alignnone wp-image-333\" src=\"http:\/\/gdsreseau3m.com\/wp-content\/uploads\/2018\/06\/treffleMenu.png\" alt=\"\" width=\"23\" height=\"22\" \/><a href=\"http:\/\/gdsreseau3m.com\/?page_id=1287\">Le pack avortement des GDS<\/a> <img loading=\"lazy\" class=\"alignnone wp-image-333\" src=\"http:\/\/gdsreseau3m.com\/wp-content\/uploads\/2018\/06\/treffleMenu.png\" alt=\"\" width=\"23\" height=\"22\" \/><a href=\"http:\/\/gdsreseau3m.com\/?page_id=2657\">Documentation technique sur les maladies abortives<\/a><\/h6>\n<h1><img loading=\"lazy\" class=\"alignnone wp-image-749 \" src=\"http:\/\/gdsreseau3m.com\/wp-content\/uploads\/2018\/06\/Bovins1.png\" alt=\"\" width=\"55\" height=\"41\" \/> <span style=\"color: #56b74f;\">Documentation technique sur les maladies abortives<\/span><\/h1>\n<p>Pour aller plus loin dans votre connaissance des maladies abortives, nous vous proposons ci-dessous une liste de fiches techniques \u00e0 t\u00e9l\u00e9charger sous format PDF (classer par ordre d&rsquo;importance en terme de fr\u00e9quence).<\/p>\n<ul>\n<li><strong>BVD<\/strong><b><i><br \/>\n<a href=\"http:\/\/gdsreseau3m.com\/wp-content\/uploads\/2018\/06\/Fiche_BVD_F3M_juin2012.pdf\" target=\"_blank\" rel=\"noopener noreferrer\"><img loading=\"lazy\" class=\"alignnone wp-image-1297 size-full\" src=\"http:\/\/gdsreseau3m.com\/wp-content\/uploads\/2018\/06\/Fiche_BVD_F3M_juin2012-icon.png\" alt=\"\" width=\"116\" height=\"156\" \/><\/a><\/i><\/b><i><\/i><\/li>\n<li><strong>Fi\u00e8vre Q<i><\/i><\/strong><b><i><br \/>\n<a href=\"http:\/\/gdsreseau3m.com\/wp-content\/uploads\/2018\/06\/Fiche_Fievre_Q_F3M_juin2012.pdf\" target=\"_blank\" rel=\"noopener noreferrer\"><img loading=\"lazy\" class=\"alignnone wp-image-1299 size-full\" src=\"http:\/\/gdsreseau3m.com\/wp-content\/uploads\/2018\/06\/Fiche_Fievre_Q_F3M_juin2012-icon.png\" alt=\"\" width=\"113\" height=\"156\" \/><\/a><\/i><\/b><\/li>\n<li><strong>N\u00e9osporose<\/strong><b><i><br \/>\n<a href=\"http:\/\/gdsreseau3m.com\/wp-content\/uploads\/2018\/06\/Fiche_Neosporose_F3M_juin2012.pdf\" target=\"_blank\" rel=\"noopener noreferrer\"><img loading=\"lazy\" class=\"alignnone wp-image-1302 size-full\" src=\"http:\/\/gdsreseau3m.com\/wp-content\/uploads\/2018\/06\/Fiche_Neosporose_F3M_juin2012-icon.png\" alt=\"\" width=\"118\" height=\"155\" \/><\/a><\/i><\/b><\/li>\n<li><strong>Salmonellose<\/strong><\/li>\n<\/ul>\n<p><a href=\"http:\/\/gdsreseau3m.com\/wp-content\/uploads\/2018\/07\/Fiche-Salmonellose_F3M_juin2012.pdf\" target=\"_blank\" rel=\"noopener noreferrer\"><img loading=\"lazy\" class=\"alignnone wp-image-2672\" src=\"http:\/\/gdsreseau3m.com\/wp-content\/uploads\/2018\/07\/Fiche-technique-avortement_salmonellose.png\" alt=\"\" width=\"154\" height=\"196\" srcset=\"https:\/\/gdsreseau3m.com\/wp-content\/uploads\/2018\/07\/Fiche-technique-avortement_salmonellose.png 355w, https:\/\/gdsreseau3m.com\/wp-content\/uploads\/2018\/07\/Fiche-technique-avortement_salmonellose-236x300.png 236w\" sizes=\"(max-width: 154px) 100vw, 154px\" \/><\/a><\/p>\n<ul>\n<li><strong>List\u00e9riose (si vente de lait cru) <\/strong><br \/>\n<a href=\"http:\/\/gdsreseau3m.com\/wp-content\/uploads\/2018\/06\/Fiche_Listeriose_F3M_juin2012.pdf\" target=\"_blank\" rel=\"noopener noreferrer\"><img loading=\"lazy\" class=\"alignnone wp-image-1305 size-full\" src=\"http:\/\/gdsreseau3m.com\/wp-content\/uploads\/2018\/06\/Fiche_Listeriose_F3M_juin2012-icon.png\" alt=\"\" width=\"119\" height=\"155\" \/><\/a><\/li>\n<li><strong>Chlamydiose<\/strong><br \/>\n<a href=\"http:\/\/gdsreseau3m.com\/wp-content\/uploads\/2018\/06\/Fiche_Chlamydiose_F3M_juin2012.pdf\" target=\"_blank\" rel=\"noopener noreferrer\"><img loading=\"lazy\" class=\"alignnone wp-image-1309 size-full\" src=\"http:\/\/gdsreseau3m.com\/wp-content\/uploads\/2018\/06\/Fiche_Chlamydiose_F3M_juin2012-icon.png\" alt=\"\" width=\"114\" height=\"156\" \/><\/a><\/li>\n<\/ul>\n<p>&nbsp;<\/p>\n<ul>\n<li><strong><a href=\"http:\/\/gdsreseau3m.com\/wp-content\/uploads\/2020\/04\/R%C3%A9sultats-OSCAR-2018_VF.pdf\" target=\"_blank\" rel=\"noopener noreferrer\">Bilan 2018<\/a> de l&rsquo;Observatoire et suivi des causes d\u2019avortements chez les ruminants OSCAR<\/strong><\/li>\n<li><strong><a href=\"http:\/\/gdsreseau3m.com\/wp-content\/uploads\/2021\/04\/R\u00e9sultats-OSCAR-2019_VF.pdf\" target=\"_blank\" rel=\"noopener noreferrer\">Bilan 2019<\/a> de l&rsquo;Observatoire et suivi des causes d&rsquo;avortements chez les ruminants OSCAR<\/strong><\/li>\n<li><strong><a href=\"http:\/\/gdsreseau3m.com\/wp-content\/uploads\/2021\/04\/R\u00e9sultats-OSCAR-2020_VF_0.pdf\" target=\"_blank\" rel=\"noopener noreferrer\">Bilan 2020<\/a> de l&rsquo;Observatoire et suivi des causes d&rsquo;avortements chez les ruminants OSCAR<\/strong><\/li>\n<\/ul>\n<p style=\"padding-left: 40px;\"><a href=\"http:\/\/gdsreseau3m.com\/wp-content\/uploads\/2019\/07\/R\u00e9sultats-OSCAR-2018_VF.pdf\" target=\"_blank\" rel=\"noopener noreferrer\"><img loading=\"lazy\" class=\"alignnone wp-image-4279\" src=\"http:\/\/gdsreseau3m.com\/wp-content\/uploads\/2019\/07\/gds3m_20190716_OSCAR.png\" alt=\"\" width=\"244\" height=\"163\" srcset=\"https:\/\/gdsreseau3m.com\/wp-content\/uploads\/2019\/07\/gds3m_20190716_OSCAR.png 364w, https:\/\/gdsreseau3m.com\/wp-content\/uploads\/2019\/07\/gds3m_20190716_OSCAR-300x200.png 300w\" sizes=\"(max-width: 244px) 100vw, 244px\" \/><\/a><\/p>\n<h6>Fiches \u00e9labor\u00e9es dans le cadre du groupe de travail national sur les actions de diagnostic diff\u00e9rentiel des avortements chez les bovins (animation GDS France). Janvier 2013<\/h6>\n<h6><em>R\u00e9dactrice initiale : Anne TOURATIER (GDS France) d\u2019apr\u00e8s la fiche \u00e9labor\u00e9e en septembre 2010 sous la coordination de GDS Rh\u00f4ne-Alpes en collaboration avec les GTV Rh\u00f4ne-Alpes et VetAgro-Sup \/ Financement Union Europ\u00e9enne &#8211; FEADER, R\u00e9gion Rh\u00f4ne-Alpes et GDS Rh\u00f4ne-Alpes<\/em><\/h6>\n<\/div>","protected":false},"excerpt":{"rendered":"<p>Les avortements en \u00e9levage bovinLe pack avortement des GDS Documentation technique sur les maladies abortives Documentation technique sur les maladies abortives Pour aller plus loin dans votre connaissance des maladies abortives, nous vous proposons ci-dessous une liste de fiches techniques \u00e0 t\u00e9l\u00e9charger sous format PDF (classer par ordre d&rsquo;importance en terme de fr\u00e9quence). BVD Fi\u00e8vre [&hellip;]<\/p>\n","protected":false},"author":1,"featured_media":0,"parent":0,"menu_order":0,"comment_status":"closed","ping_status":"closed","template":"","meta":[],"_links":{"self":[{"href":"https:\/\/gdsreseau3m.com\/index.php?rest_route=\/wp\/v2\/pages\/2657"}],"collection":[{"href":"https:\/\/gdsreseau3m.com\/index.php?rest_route=\/wp\/v2\/pages"}],"about":[{"href":"https:\/\/gdsreseau3m.com\/index.php?rest_route=\/wp\/v2\/types\/page"}],"author":[{"embeddable":true,"href":"https:\/\/gdsreseau3m.com\/index.php?rest_route=\/wp\/v2\/users\/1"}],"replies":[{"embeddable":true,"href":"https:\/\/gdsreseau3m.com\/index.php?rest_route=%2Fwp%2Fv2%2Fcomments&post=2657"}],"version-history":[{"count":18,"href":"https:\/\/gdsreseau3m.com\/index.php?rest_route=\/wp\/v2\/pages\/2657\/revisions"}],"predecessor-version":[{"id":5641,"href":"https:\/\/gdsreseau3m.com\/index.php?rest_route=\/wp\/v2\/pages\/2657\/revisions\/5641"}],"wp:attachment":[{"href":"https:\/\/gdsreseau3m.com\/index.php?rest_route=%2Fwp%2Fv2%2Fmedia&parent=2657"}],"curies":[{"name":"wp","href":"https:\/\/api.w.org\/{rel}","templated":true}]}}