{"id":2613,"date":"2018-07-17T15:52:12","date_gmt":"2018-07-17T13:52:12","guid":{"rendered":"http:\/\/gdsreseau3m.com\/?page_id=2613"},"modified":"2019-07-16T10:34:05","modified_gmt":"2019-07-16T08:34:05","slug":"test-3","status":"publish","type":"page","link":"https:\/\/gdsreseau3m.com\/?page_id=2613","title":{"rendered":"Bovins \u2013 Paratuberculose \u2013 Garantie d\u2019\u00e9levage"},"content":{"rendered":"<div class=\"mpl-content-wrap\"><h6><img loading=\"lazy\" class=\"alignnone wp-image-333\" src=\"http:\/\/gdsreseau3m.com\/wp-content\/uploads\/2018\/06\/treffleMenu.png\" alt=\"\" width=\"23\" height=\"22\" \/><a href=\"http:\/\/gdsreseau3m.com\/?page_id=2594\">La maladie<\/a><img loading=\"lazy\" class=\"alignnone wp-image-333\" src=\"http:\/\/gdsreseau3m.com\/wp-content\/uploads\/2018\/06\/treffleMenu.png\" alt=\"\" width=\"23\" height=\"22\" \/><a href=\"http:\/\/gdsreseau3m.com\/?page_id=1209\">Situation locale<\/a><img loading=\"lazy\" class=\"alignnone wp-image-333\" src=\"http:\/\/gdsreseau3m.com\/wp-content\/uploads\/2018\/06\/treffleMenu.png\" alt=\"\" width=\"23\" height=\"22\" \/><a href=\"http:\/\/gdsreseau3m.com\/?page_id=1211\">Garantie d&rsquo;\u00e9levage<\/a><img loading=\"lazy\" class=\"alignnone wp-image-333\" src=\"http:\/\/gdsreseau3m.com\/wp-content\/uploads\/2018\/06\/treffleMenu.png\" alt=\"\" width=\"23\" height=\"22\" \/><a href=\"http:\/\/gdsreseau3m.com\/?page_id=1214\">Assainissement<\/a><img loading=\"lazy\" class=\"alignnone wp-image-333\" src=\"http:\/\/gdsreseau3m.com\/wp-content\/uploads\/2018\/06\/treffleMenu.png\" alt=\"\" width=\"23\" height=\"22\" \/><a href=\"http:\/\/gdsreseau3m.com\/?page_id=1216\">Contr\u00f4le des risques<\/a><\/h6>\n<h1><span style=\"color: #56b74f;\"><img loading=\"lazy\" class=\"alignnone wp-image-749 \" src=\"http:\/\/gdsreseau3m.com\/wp-content\/uploads\/2018\/06\/Bovins1.png\" alt=\"\" width=\"43\" height=\"32\" \/><\/span><span style=\"color: #56b74f;\"> La garantie paratuberculose \u00e0 l&rsquo;\u00e9levage<\/span><\/h1>\n<div>\n<p>C&rsquo;est un protocole de suivi des cheptels qui permet d&rsquo;attester qu&rsquo;un \u00e9levage est r\u00e9guli\u00e8rement d\u00e9pist\u00e9 en paratuberculose et <b>qu&rsquo;il pr\u00e9sente des r\u00e9sultats favorables<\/b>.<\/p>\n<h3><span style=\"color: #56b74f;\">Pourquoi une garantie de cheptel ?<\/span><\/h3>\n<\/div>\n<div>\n<p><u><img loading=\"lazy\" class=\"size-full wp-image-1261 alignleft\" src=\"http:\/\/gdsreseau3m.com\/wp-content\/uploads\/2018\/06\/valorisation_concours.jpg\" alt=\"\" width=\"300\" height=\"400\" srcset=\"https:\/\/gdsreseau3m.com\/wp-content\/uploads\/2018\/06\/valorisation_concours.jpg 300w, https:\/\/gdsreseau3m.com\/wp-content\/uploads\/2018\/06\/valorisation_concours-225x300.jpg 225w\" sizes=\"(max-width: 300px) 100vw, 300px\" \/>Elle r\u00e9pond \u00e0 plusieurs attentes fortes des \u00e9leveurs :<\/u><\/p>\n<blockquote>\n<ul>\n<li><b>Apporter une garantie suppl\u00e9mentaire aux acheteurs de reproducteurs<\/b> (g\u00e9nisses pleines, vaches en lactation, taureaux\u2026)<\/li>\n<li><b>Plus-value commerciale pour les vendeurs de reproducteurs<br \/>\n<\/b><\/li>\n<li><b>Valoriser les cheptels sains ou assainis<\/b><\/li>\n<\/ul>\n<\/blockquote>\n<p>Mais la mise en place de cette d\u00e9marche permet avant tout de <b>limiter la diffusion de la maladie d&rsquo;\u00e9levage \u00e0 \u00e9levage<\/b> en limitant l&rsquo;introduction de bovins porteurs de la bact\u00e9rie.<br \/>\nCe r\u00e9f\u00e9rentiel technique se base sur un engagement volontaire de l&rsquo;\u00e9leveur. En raison de la fiabilit\u00e9 variable des tests disponibles, une garantie ne peut \u00eatre apport\u00e9e qu&rsquo;au niveau du cheptel, et non \u00e0 l&rsquo;\u00e9chelon animal individuel.<br \/>\n<span style=\"color: #ff6f00;\"><b>Sans \u00eatre absolue, cette garantie permet une diminution consid\u00e9rable du niveau de risque par rapport \u00e0 des cheptels \u201ctout venant\u201d !<\/b><br \/>\n<\/span><\/p>\n<\/div>\n<h3><span style=\"color: #56b74f;\">Modalit\u00e9s d\u2019acquisition et de maintien<\/span><\/h3>\n<p>Le statut \u00ab\u00a0cheptel en garantie paratuberculose\u00a0\u00bb est recherch\u00e9 par les vendeurs et acheteurs de bovins reproducteurs.<\/p>\n<p>Aussi, il est g\u00e9n\u00e9ralement propos\u00e9 \u00e0 la suite d&rsquo;un plan d&rsquo;assainissement de la maladie, lorsque les r\u00e9sultats annuels deviennent favorables sur plusieurs campagnes, pour valoriser le travail accompli et maintenir une veille sur le troupeau.<\/p>\n<p>Cette garantie r\u00e9pond \u00e0 un <b>cahier des charges<\/b> <b>national AFSE. <\/b>Celui-ci comprend plusieurs volets :<\/p>\n<p><span style=\"color: #74bd2c;\"><b><span style=\"color: #56b74f;\">Acquisition de la garantie <\/span><br \/>\n<\/b><\/span>D\u00e9pistages s\u00e9rologiques sur l&rsquo;ensemble des bovins de plus de 24 mois, comme suit :<\/p>\n<p><img loading=\"lazy\" class=\"alignnone size-full wp-image-1264\" src=\"http:\/\/gdsreseau3m.com\/wp-content\/uploads\/2018\/06\/1406707374_Garantie_paratuberculose_schema.gif\" alt=\"\" width=\"678\" height=\"164\" \/><\/p>\n<p><b style=\"color: #56b74f;\"><span style=\"color: #56b74f;\">Maintien<\/span> de la garantie<br \/>\n<\/b><\/p>\n<p>D\u00e9pistages s\u00e9rologies comme suit :<\/p>\n<div>\n<div>\n<p><img loading=\"lazy\" class=\"alignnone size-full wp-image-1265\" src=\"http:\/\/gdsreseau3m.com\/wp-content\/uploads\/2018\/06\/1406017035_aquisition_garantie_paratub_2._print_key.gif\" alt=\"\" width=\"728\" height=\"205\" \/><\/p>\n<p><span style=\"color: #ff6600;\"><strong>Pour l&rsquo;acquisition ou le maintien de la garantie, toutes les s\u00e9rologies doivent \u00eatre n\u00e9gatives lors des contr\u00f4les. <\/strong><\/span>Cependant, si 1 ou moins de 2 % d&rsquo;animaux r\u00e9agissent positivement, de nouveaux contr\u00f4les sont pr\u00e9vus sur les animaux concern\u00e9s avant de statuer d\u00e9finitivement sur la situation du cheptel vis-\u00e0-vis de la maladie. Ces d\u00e9pistages suppl\u00e9mentaires doivent \u00eatre r\u00e9alis\u00e9s par s\u00e9rologie ET P.C.R.<\/p>\n<\/div>\n<p><span style=\"color: #56b74f;\"><strong>Gestion des introductions\u00a0<\/strong> <\/span><\/p>\n<ul>\n<li>Les bovins provenant d&rsquo;un cheptel sans garantie doivent \u00eatre soumis, apr\u00e8s avoir atteint l&rsquo;\u00e2ge de 18 mois, \u00e0 deux d\u00e9pistages \u00e0 intervalle de 9 \u00e0 15 mois,<\/li>\n<li>Pour les animaux provenant d&rsquo;un cheptel sous garantie, il n&rsquo;est pas n\u00e9cessaire de r\u00e9aliser les contr\u00f4les,<\/li>\n<li>L&rsquo;achat de bovin doit se faire pr\u00e9f\u00e9rentiellement dans des cheptels sous garantie.<\/li>\n<\/ul>\n<\/div>\n<h3><span style=\"color: #56b74f;\">R\u00f4le des GDS<br \/>\n<\/span><\/h3>\n<div>\n<ul>\n<li>Accompagnement et gestion administration de la garantie,<\/li>\n<li>Prise en charge d&rsquo;une partie des frais d&rsquo;analyses <em>(variable en fonction des GDS, se renseigner avant)<\/em><\/li>\n<li>D\u00e9livrance de l&rsquo;attestation de garantie d&rsquo;\u00e9levage <i>(la mention de cette garantie n&rsquo;apparait pas sur les ASDA).<\/i><i>\u00a0<\/i><\/li>\n<\/ul>\n<h3><span style=\"color: #56b74f;\">Consultation des cheptels d&rsquo;Alsace et de Lorraine en garantie paratuberculose<\/span><\/h3>\n<p>Sur Estelevage : connectez-vous avec vos identifiants \u00e0 <span style=\"color: #308562;\"><b>Estelevage <\/b><\/span>\/ <span style=\"color: #308562;\"><b>Estelevage Essentiel <\/b><\/span>\/ <span style=\"color: #308562;\"><b>Sanitaire <\/b><\/span>\/ <span style=\"color: #30854e;\"><b><span style=\"color: #308553;\"><span style=\"color: #308558;\"><span style=\"color: #30855a;\"><span style=\"color: #308562;\">Garantie paratuberculose<br \/>\n<\/span><\/span><\/span><\/span><\/b><\/span>Ou aupr\u00e8s de votre GDS par t\u00e9l\u00e9phone.<\/p>\n<\/div>\n<\/div>","protected":false},"excerpt":{"rendered":"<p>La maladieSituation localeGarantie d&rsquo;\u00e9levageAssainissementContr\u00f4le des risques La garantie paratuberculose \u00e0 l&rsquo;\u00e9levage C&rsquo;est un protocole de suivi des cheptels qui permet d&rsquo;attester qu&rsquo;un \u00e9levage est r\u00e9guli\u00e8rement d\u00e9pist\u00e9 en paratuberculose et qu&rsquo;il pr\u00e9sente des r\u00e9sultats favorables. Pourquoi une garantie de cheptel ? Elle r\u00e9pond \u00e0 plusieurs attentes fortes des \u00e9leveurs : Apporter une garantie suppl\u00e9mentaire aux acheteurs [&hellip;]<\/p>\n","protected":false},"author":1,"featured_media":0,"parent":0,"menu_order":0,"comment_status":"closed","ping_status":"closed","template":"","meta":[],"_links":{"self":[{"href":"https:\/\/gdsreseau3m.com\/index.php?rest_route=\/wp\/v2\/pages\/2613"}],"collection":[{"href":"https:\/\/gdsreseau3m.com\/index.php?rest_route=\/wp\/v2\/pages"}],"about":[{"href":"https:\/\/gdsreseau3m.com\/index.php?rest_route=\/wp\/v2\/types\/page"}],"author":[{"embeddable":true,"href":"https:\/\/gdsreseau3m.com\/index.php?rest_route=\/wp\/v2\/users\/1"}],"replies":[{"embeddable":true,"href":"https:\/\/gdsreseau3m.com\/index.php?rest_route=%2Fwp%2Fv2%2Fcomments&post=2613"}],"version-history":[{"count":12,"href":"https:\/\/gdsreseau3m.com\/index.php?rest_route=\/wp\/v2\/pages\/2613\/revisions"}],"predecessor-version":[{"id":4273,"href":"https:\/\/gdsreseau3m.com\/index.php?rest_route=\/wp\/v2\/pages\/2613\/revisions\/4273"}],"wp:attachment":[{"href":"https:\/\/gdsreseau3m.com\/index.php?rest_route=%2Fwp%2Fv2%2Fmedia&parent=2613"}],"curies":[{"name":"wp","href":"https:\/\/api.w.org\/{rel}","templated":true}]}}