{"id":2594,"date":"2018-07-17T14:47:28","date_gmt":"2018-07-17T12:47:28","guid":{"rendered":"http:\/\/gdsreseau3m.com\/?page_id=2594"},"modified":"2021-12-09T14:39:01","modified_gmt":"2021-12-09T13:39:01","slug":"test-2","status":"publish","type":"page","link":"https:\/\/gdsreseau3m.com\/?page_id=2594","title":{"rendered":"Bovins &#8211; Paratuberculose &#8211; La maladie"},"content":{"rendered":"<div class=\"mpl-content-wrap\"><h6><img loading=\"lazy\" class=\"alignnone wp-image-333\" src=\"http:\/\/gdsreseau3m.com\/wp-content\/uploads\/2018\/06\/treffleMenu.png\" alt=\"\" width=\"23\" height=\"22\" \/><a href=\"http:\/\/gdsreseau3m.com\/?page_id=2594\">La maladie<\/a><img loading=\"lazy\" class=\"alignnone wp-image-333\" src=\"http:\/\/gdsreseau3m.com\/wp-content\/uploads\/2018\/06\/treffleMenu.png\" alt=\"\" width=\"23\" height=\"22\" \/><a href=\"http:\/\/gdsreseau3m.com\/?page_id=1209\">Situation locale<\/a><img loading=\"lazy\" class=\"alignnone wp-image-333\" src=\"http:\/\/gdsreseau3m.com\/wp-content\/uploads\/2018\/06\/treffleMenu.png\" alt=\"\" width=\"23\" height=\"22\" \/><a href=\"http:\/\/gdsreseau3m.com\/?page_id=2613\">Garantie d&rsquo;\u00e9levage<\/a><img loading=\"lazy\" class=\"alignnone wp-image-333\" src=\"http:\/\/gdsreseau3m.com\/wp-content\/uploads\/2018\/06\/treffleMenu.png\" alt=\"\" width=\"23\" height=\"22\" \/><a href=\"http:\/\/gdsreseau3m.com\/?page_id=1214\">Assainissement<\/a><img loading=\"lazy\" class=\"alignnone wp-image-333\" src=\"http:\/\/gdsreseau3m.com\/wp-content\/uploads\/2018\/06\/treffleMenu.png\" alt=\"\" width=\"23\" height=\"22\" \/><a href=\"http:\/\/gdsreseau3m.com\/?page_id=1216\">Contr\u00f4le des risques<\/a><\/h6>\n<h1><span style=\"color: #56b74f;\"><img loading=\"lazy\" class=\"alignnone wp-image-749 \" src=\"http:\/\/gdsreseau3m.com\/wp-content\/uploads\/2018\/06\/Bovins1.png\" alt=\"\" width=\"55\" height=\"41\" \/>\u00a0<\/span><span style=\"color: #56b74f;\">La paratuberculose des ruminants<\/span><\/h1>\n<p>La paratuberculose est une maladie complexe qui provoque des pertes animales et financi\u00e8res importantes. L&rsquo;agent responsable est une une bact\u00e9rie <i>Mycobact\u00e9rium Paratuberculosis\u00a0 <\/i>ou \u00ab\u00a0bacille de Johne\u00a0\u00bb qui se loge dans les intestins des ruminants (bovins, ovins, caprins).<\/p>\n<p>La bact\u00e9rie responsable est <b>tr\u00e8s r\u00e9sistante dans le milieu ext\u00e9rieur : <\/b>elle peut rester au moins 6 mois\/1 an dans l&rsquo;environnement.<\/p>\n<h3><span style=\"color: #56b74f;\">Comment reconnaitre la maladie ?<\/span><\/h3>\n<p>Les sympt\u00f4mes cliniques sont, de fa\u00e7on classique, une <b>diarrh\u00e9e abondante accompagn\u00e9e d&rsquo;un amaigrissement <\/b><strong>sans perte d&rsquo;app\u00e9tit ni fi\u00e8vre, mais ne <\/strong><b>se pr\u00e9sentent qu&rsquo;apr\u00e8s <\/b><b>une incubation longue<\/b> dans la majorit\u00e9 des cas entre 2 et 5\/6 ans &#8211; potentialit\u00e9 de 0 \u00e0 15 ans.<\/p>\n<p>Ce sont donc les adultes qui d\u00e9clenchent les signes cliniques de la maladie, mais c&rsquo;est en fait <b>en \u00e9tant jeunes, entre 0 et 6 mois, que ces animaux se contaminent <\/b>:<\/p>\n<ol>\n<li>Par voie orale apr\u00e8s ingestion de <b>mati\u00e8res f\u00e9cales d&rsquo;animaux infect\u00e9s<\/b>\u00a0 <i>= <\/i>sur les mamelles, mat\u00e9riel d&rsquo;\u00e9levage (barri\u00e8res, seaux), liti\u00e8re, p\u00e2ture, fumier, aliments souill\u00e9, eau, colostrum ou lait de m\u00e8re infect\u00e9e, p\u00e2ture contamin\u00e9s\u2026<\/li>\n<li>Ou <b>in ut\u00e9ro<\/b> lorsque la m\u00e8re gestante est elle-m\u00eame infect\u00e9e.<\/li>\n<\/ol>\n<p>Les signes cliniques se d\u00e9clenchent par intermittence, g\u00e9n\u00e9ralement <b>\u00e0 la suite d&rsquo;un stress <\/b>(v\u00ealage, vente, &#8230;).<\/p>\n<p><b>C&rsquo;est une maladie incurable une fois install\u00e9e dans l&rsquo;organisme de l&rsquo;animal. <\/b><b>Elle \u00e9volue toujours vers la mort de l&rsquo;animal.<\/b><\/p>\n<h3><span style=\"color: #56b74f;\">Diagnostic et gestion<\/span><\/h3>\n<p>Cette maladie \u00e9tant de plus en plus d\u00e9pist\u00e9e, il y a forc\u00e9ment plus d&rsquo;\u00e9leveurs qui d\u00e9couvrent la pr\u00e9sence dans leur troupeau. Plusieurs analyses sont possible, elles se diff\u00e9rencient par leur m\u00e9thode (s\u00e9rologie ou PCR) et par le support de pr\u00e9l\u00e8vement (prise de bouse ou prise de sang)<i>. <\/i>Le choix de l&rsquo;une d&rsquo;entre elles se fait en fonction de l&rsquo;avanc\u00e9e de la maladie dans le troupeau et de l&rsquo;\u00e9tat physique de l&rsquo;animal. Cependant,<strong> les analyses ne peuvent se faire qu&rsquo;\u00e0 partir d&rsquo;un certain \u00e2ge = d\u00e8s 18 mois dans le cadre d&rsquo;un l&rsquo;achat, 24 mois en prophylaxie,<\/strong> car elles ne sont pas assez sensibles sur les animaux trop jeunes.<\/p>\n<p>La paratuberculose se contracte principalement par <b>achat d&rsquo;animaux porteurs <\/b>du germe, ou par \u00e9change de mat\u00e9riel d&rsquo;\u00e9levage (b\u00e9taill\u00e8re souill\u00e9e\u2026).<\/p>\n<p>La paratuberculose est une maladie <b>complexe<\/b>, au <b>d\u00e9veloppement insidieux <\/b>et pour laquelle les outils de d\u00e9pistage sont limit\u00e9s. La principale difficult\u00e9 dans l&rsquo;\u00e9limination de cette maladie r\u00e9side dans le fait que les animaux infect\u00e9s peuvent \u00eatre des <b>porteurs sains ind\u00e9tectables <\/b>par les m\u00e9thodes d&rsquo;analyses actuelles du fait de l&rsquo;incubation longue de la maladie.<\/p>\n<p>Les caract\u00e9ristiques de cette maladie font qu&rsquo;un test isol\u00e9 sur un animal n&rsquo;est pas 100% fiable, il faut donc multiplier les analyses dans le temps et travailler \u00e0 l&rsquo;\u00e9chelle du troupeau.<\/p>\n<div><b>Contactez votre conseiller GDS pour plus d&rsquo;informations<\/b><\/div>\n<\/div>","protected":false},"excerpt":{"rendered":"<p>La maladieSituation localeGarantie d&rsquo;\u00e9levageAssainissementContr\u00f4le des risques \u00a0La paratuberculose des ruminants La paratuberculose est une maladie complexe qui provoque des pertes animales et financi\u00e8res importantes. L&rsquo;agent responsable est une une bact\u00e9rie Mycobact\u00e9rium Paratuberculosis\u00a0 ou \u00ab\u00a0bacille de Johne\u00a0\u00bb qui se loge dans les intestins des ruminants (bovins, ovins, caprins). La bact\u00e9rie responsable est tr\u00e8s r\u00e9sistante dans le [&hellip;]<\/p>\n","protected":false},"author":1,"featured_media":0,"parent":0,"menu_order":0,"comment_status":"closed","ping_status":"closed","template":"","meta":[],"_links":{"self":[{"href":"https:\/\/gdsreseau3m.com\/index.php?rest_route=\/wp\/v2\/pages\/2594"}],"collection":[{"href":"https:\/\/gdsreseau3m.com\/index.php?rest_route=\/wp\/v2\/pages"}],"about":[{"href":"https:\/\/gdsreseau3m.com\/index.php?rest_route=\/wp\/v2\/types\/page"}],"author":[{"embeddable":true,"href":"https:\/\/gdsreseau3m.com\/index.php?rest_route=\/wp\/v2\/users\/1"}],"replies":[{"embeddable":true,"href":"https:\/\/gdsreseau3m.com\/index.php?rest_route=%2Fwp%2Fv2%2Fcomments&post=2594"}],"version-history":[{"count":6,"href":"https:\/\/gdsreseau3m.com\/index.php?rest_route=\/wp\/v2\/pages\/2594\/revisions"}],"predecessor-version":[{"id":6097,"href":"https:\/\/gdsreseau3m.com\/index.php?rest_route=\/wp\/v2\/pages\/2594\/revisions\/6097"}],"wp:attachment":[{"href":"https:\/\/gdsreseau3m.com\/index.php?rest_route=%2Fwp%2Fv2%2Fmedia&parent=2594"}],"curies":[{"name":"wp","href":"https:\/\/api.w.org\/{rel}","templated":true}]}}