{"id":2581,"date":"2018-07-17T10:30:39","date_gmt":"2018-07-17T08:30:39","guid":{"rendered":"http:\/\/gdsreseau3m.com\/?page_id=2581"},"modified":"2019-01-11T15:29:27","modified_gmt":"2019-01-11T14:29:27","slug":"test","status":"publish","type":"page","link":"https:\/\/gdsreseau3m.com\/?page_id=2581","title":{"rendered":"Nos engagements &#8211; Accompagner"},"content":{"rendered":"<div class=\"mpl-content-wrap\"><h1><span style=\"color: #9b3590;\"><img loading=\"lazy\" class=\"alignnone size-full wp-image-606\" src=\"http:\/\/gdsreseau3m.com\/wp-content\/uploads\/2018\/06\/id-engagements.png\" alt=\"\" width=\"175\" height=\"40\" \/>\u00a0<\/span><span style=\"color: #9b3590;\">Accompagner<\/span><\/h1>\n<h2><span style=\"color: #2180c0;\"><img loading=\"lazy\" class=\"alignnone size-full wp-image-333\" src=\"http:\/\/gdsreseau3m.com\/wp-content\/uploads\/2018\/06\/treffleMenu.png\" alt=\"\" width=\"35\" height=\"36\" \/><\/span><span style=\"color: #9b3590;\">Les GDS \u00e0 vos c\u00f4t\u00e9s<\/span><\/h2>\n<ul>\n<li>N\u00e9gociation de subventions et d&rsquo;analyses v\u00e9t\u00e9rinaires \u00e0 des co\u00fbts pr\u00e9f\u00e9rentiels<\/li>\n<li>Caisses de p\u00e9r\u00e9quation en cas d&rsquo;\u00e9pizooties majeures<\/li>\n<li>Aide technique \u00e0 la gestion pr\u00e9ventive ou curative de pathologies d&rsquo;\u00e9levage<\/li>\n<li>Appui administratif pour les prophylaxies annuelles<\/li>\n<li>Conseils neutres et \u00e9quipe disponible<\/li>\n<\/ul>\n<h2><span style=\"color: #2180c0;\"><img loading=\"lazy\" class=\"alignnone size-full wp-image-333\" src=\"http:\/\/gdsreseau3m.com\/wp-content\/uploads\/2018\/06\/treffleMenu.png\" alt=\"\" width=\"35\" height=\"36\" \/><\/span><span style=\"color: #9b3590;\">L\u2019accompagnement financier des GDS<\/span><\/h2>\n<p>Les subventions des GDS et la mise en \u0153uvre des services apport\u00e9s aux adh\u00e9rents sont possibles gr\u00e2ce aux aides financi\u00e8res allou\u00e9es par les Conseils D\u00e9partementaux, la R\u00e9gion Grand-Est et au paiement de la cotisation annuelle par ses adh\u00e9rents.<\/p>\n<p><img loading=\"lazy\" class=\"alignnone size-full wp-image-1891\" src=\"http:\/\/gdsreseau3m.com\/wp-content\/uploads\/2018\/07\/cd54.jpg\" alt=\"\" width=\"194\" height=\"150\" \/>\u00a0<a href=\"http:\/\/gdsreseau3m.com\/wp-content\/uploads\/2018\/07\/CG55-Meuse-logo-2015-3.jpg\"><img loading=\"lazy\" class=\"alignnone wp-image-2533\" src=\"http:\/\/gdsreseau3m.com\/wp-content\/uploads\/2018\/07\/CG55-Meuse-logo-2015-3.jpg\" alt=\"\" width=\"110\" height=\"156\" srcset=\"https:\/\/gdsreseau3m.com\/wp-content\/uploads\/2018\/07\/CG55-Meuse-logo-2015-3.jpg 343w, https:\/\/gdsreseau3m.com\/wp-content\/uploads\/2018\/07\/CG55-Meuse-logo-2015-3-211x300.jpg 211w\" sizes=\"(max-width: 110px) 100vw, 110px\" \/><\/a>\u00a0\u00a0\u00a0 <a href=\"http:\/\/gdsreseau3m.com\/wp-content\/uploads\/2018\/07\/logo-departement-moselle.png\"><img loading=\"lazy\" class=\"alignnone wp-image-2536\" src=\"http:\/\/gdsreseau3m.com\/wp-content\/uploads\/2018\/07\/logo-departement-moselle.png\" alt=\"\" width=\"183\" height=\"133\" srcset=\"https:\/\/gdsreseau3m.com\/wp-content\/uploads\/2018\/07\/logo-departement-moselle.png 320w, https:\/\/gdsreseau3m.com\/wp-content\/uploads\/2018\/07\/logo-departement-moselle-300x218.png 300w\" sizes=\"(max-width: 183px) 100vw, 183px\" \/><\/a><\/p>\n<p><a href=\"http:\/\/gdsreseau3m.com\/wp-content\/uploads\/2018\/07\/Grand-Est_RVB.jpg\"><img loading=\"lazy\" class=\"alignnone wp-image-2542\" src=\"http:\/\/gdsreseau3m.com\/wp-content\/uploads\/2018\/07\/Grand-Est_RVB.jpg\" alt=\"\" width=\"343\" height=\"133\" srcset=\"https:\/\/gdsreseau3m.com\/wp-content\/uploads\/2018\/07\/Grand-Est_RVB.jpg 2717w, https:\/\/gdsreseau3m.com\/wp-content\/uploads\/2018\/07\/Grand-Est_RVB-300x116.jpg 300w, https:\/\/gdsreseau3m.com\/wp-content\/uploads\/2018\/07\/Grand-Est_RVB-768x297.jpg 768w, https:\/\/gdsreseau3m.com\/wp-content\/uploads\/2018\/07\/Grand-Est_RVB-1024x396.jpg 1024w\" sizes=\"(max-width: 343px) 100vw, 343px\" \/><\/a><\/p>\n<p>De plus, le soutien financier garanti par les caisses de solidarit\u00e9 est d\u00e9terminant. Chaque \u00e9leveur garde un int\u00e9r\u00eat \u00e0 participer financi\u00e8rement \u00e0 indemniser ses coll\u00e8gues bloqu\u00e9s et deviennent ainsi collectivement responsables.<\/p>\n<p><span style=\"color: #9b3590;\">Subventions des GDS = Les retours directs aux adh\u00e9rents (en \u20ac)<\/span><\/p>\n<p><span style=\"color: #9b3590;\"><strong>Sur l&rsquo;exercice 2017\/2018, plus de 1 600 000 \u20ac\u00a0<\/strong><\/span><span style=\"color: #9b3590;\"><strong>ont \u00e9t\u00e9 redistribu\u00e9s aux \u00e9leveurs de nos trois d\u00e9partements.<\/strong><\/span><\/p>\n<div class=\"visualizer-front-container\"><style type=\"text\/css\" name=\"visualizer-custom-css\" id=\"customcss-visualizer-1896\">.locker,.locker-loader{position:absolute;top:0;left:0;width:100%;height:100%}.locker{z-index:1000;opacity:.8;background-color:#fff;-ms-filter:\"progid:DXImageTransform.Microsoft.Alpha(Opacity=80)\";filter:alpha(opacity=80)}.locker-loader{z-index:1001;background:url(https:\/\/gdsreseau3m.com\/wp-content\/plugins\/visualizer\/images\/ajax-loader.gif) no-repeat center center}.dt-button{display:none!important}.visualizer-front-container.visualizer-lazy-render{content-visibility: auto;}<\/style><div id=\"visualizer-1896-1964248117\" class=\"visualizer-front  visualizer-front-1896\"><\/div><!-- Not showing structured data for chart 1896 because title is empty --><\/div>\n<\/div>","protected":false},"excerpt":{"rendered":"<p>\u00a0Accompagner Les GDS \u00e0 vos c\u00f4t\u00e9s N\u00e9gociation de subventions et d&rsquo;analyses v\u00e9t\u00e9rinaires \u00e0 des co\u00fbts pr\u00e9f\u00e9rentiels Caisses de p\u00e9r\u00e9quation en cas d&rsquo;\u00e9pizooties majeures Aide technique \u00e0 la gestion pr\u00e9ventive ou curative de pathologies d&rsquo;\u00e9levage Appui administratif pour les prophylaxies annuelles Conseils neutres et \u00e9quipe disponible L\u2019accompagnement financier des GDS Les subventions des GDS et la [&hellip;]<\/p>\n","protected":false},"author":1,"featured_media":0,"parent":0,"menu_order":0,"comment_status":"closed","ping_status":"closed","template":"","meta":[],"_links":{"self":[{"href":"https:\/\/gdsreseau3m.com\/index.php?rest_route=\/wp\/v2\/pages\/2581"}],"collection":[{"href":"https:\/\/gdsreseau3m.com\/index.php?rest_route=\/wp\/v2\/pages"}],"about":[{"href":"https:\/\/gdsreseau3m.com\/index.php?rest_route=\/wp\/v2\/types\/page"}],"author":[{"embeddable":true,"href":"https:\/\/gdsreseau3m.com\/index.php?rest_route=\/wp\/v2\/users\/1"}],"replies":[{"embeddable":true,"href":"https:\/\/gdsreseau3m.com\/index.php?rest_route=%2Fwp%2Fv2%2Fcomments&post=2581"}],"version-history":[{"count":10,"href":"https:\/\/gdsreseau3m.com\/index.php?rest_route=\/wp\/v2\/pages\/2581\/revisions"}],"predecessor-version":[{"id":3907,"href":"https:\/\/gdsreseau3m.com\/index.php?rest_route=\/wp\/v2\/pages\/2581\/revisions\/3907"}],"wp:attachment":[{"href":"https:\/\/gdsreseau3m.com\/index.php?rest_route=%2Fwp%2Fv2%2Fmedia&parent=2581"}],"curies":[{"name":"wp","href":"https:\/\/api.w.org\/{rel}","templated":true}]}}