{"id":25,"date":"2018-06-15T09:59:29","date_gmt":"2018-06-15T07:59:29","guid":{"rendered":"http:\/\/gdsreseau3m.com\/?page_id=25"},"modified":"2018-07-17T08:38:07","modified_gmt":"2018-07-17T06:38:07","slug":"nos-missions","status":"publish","type":"page","link":"https:\/\/gdsreseau3m.com\/?page_id=25","title":{"rendered":"Nos missions"},"content":{"rendered":"<div class=\"mpl-content-wrap\"><h2 style=\"text-align: left;\"><img loading=\"lazy\" class=\"alignnone size-full wp-image-607\" src=\"http:\/\/gdsreseau3m.com\/wp-content\/uploads\/2018\/06\/id-reseau-gds3d.png\" alt=\"\" width=\"175\" height=\"40\" \/><\/h2>\n<h3><span style=\"color: #2180c0;\">N<\/span><span style=\"color: #2180c0;\">os missions au service des \u00e9leveurs<\/span><\/h3>\n<ul>\n<li>Agir pour prot\u00e9ger la sant\u00e9 publique en am\u00e9liorant la sant\u00e9 animale<\/li>\n<li>Favoriser l&rsquo;\u00e9conomie de l&rsquo;\u00e9levage, la libre circulation des animaux et de leurs produits en garantissant la qualit\u00e9 sanitaire des cheptels<\/li>\n<li>Contribuer \u00e0 accroitre le revenu des \u00e9leveurs en r\u00e9duisant les co\u00fbts de d\u00e9penses contre les maladies et leurs traitements<\/li>\n<\/ul>\n<h3><span style=\"color: #2180c0;\">N<\/span><span style=\"color: #2180c0;\">os objectifs au quotidien<\/span><\/h3>\n<p><img loading=\"lazy\" class=\"alignnone wp-image-122 size-full alignleft\" src=\"http:\/\/gdsreseau3m.com\/wp-content\/uploads\/2018\/06\/Schema-objectifs-fond.png\" alt=\"\" width=\"550\" height=\"720\" srcset=\"https:\/\/gdsreseau3m.com\/wp-content\/uploads\/2018\/06\/Schema-objectifs-fond.png 550w, https:\/\/gdsreseau3m.com\/wp-content\/uploads\/2018\/06\/Schema-objectifs-fond-229x300.png 229w\" sizes=\"(max-width: 550px) 100vw, 550px\" \/><\/p>\n<p><a href=\"http:\/\/gdsreseau3m.com\/?page_id=811\"><img loading=\"lazy\" class=\"alignnone wp-image-799\" src=\"http:\/\/gdsreseau3m.com\/wp-content\/uploads\/2018\/06\/picto-video.png\" alt=\"\" width=\"46\" height=\"45\" \/> Voir nos mission en vid\u00e9os !<\/a><\/p>\n<p>&nbsp;<\/p>\n<\/div>","protected":false},"excerpt":{"rendered":"<p>Nos missions au service des \u00e9leveurs Agir pour prot\u00e9ger la sant\u00e9 publique en am\u00e9liorant la sant\u00e9 animale Favoriser l&rsquo;\u00e9conomie de l&rsquo;\u00e9levage, la libre circulation des animaux et de leurs produits en garantissant la qualit\u00e9 sanitaire des cheptels Contribuer \u00e0 accroitre le revenu des \u00e9leveurs en r\u00e9duisant les co\u00fbts de d\u00e9penses contre les maladies et leurs [&hellip;]<\/p>\n","protected":false},"author":1,"featured_media":0,"parent":0,"menu_order":0,"comment_status":"closed","ping_status":"closed","template":"","meta":[],"_links":{"self":[{"href":"https:\/\/gdsreseau3m.com\/index.php?rest_route=\/wp\/v2\/pages\/25"}],"collection":[{"href":"https:\/\/gdsreseau3m.com\/index.php?rest_route=\/wp\/v2\/pages"}],"about":[{"href":"https:\/\/gdsreseau3m.com\/index.php?rest_route=\/wp\/v2\/types\/page"}],"author":[{"embeddable":true,"href":"https:\/\/gdsreseau3m.com\/index.php?rest_route=\/wp\/v2\/users\/1"}],"replies":[{"embeddable":true,"href":"https:\/\/gdsreseau3m.com\/index.php?rest_route=%2Fwp%2Fv2%2Fcomments&post=25"}],"version-history":[{"count":20,"href":"https:\/\/gdsreseau3m.com\/index.php?rest_route=\/wp\/v2\/pages\/25\/revisions"}],"predecessor-version":[{"id":2529,"href":"https:\/\/gdsreseau3m.com\/index.php?rest_route=\/wp\/v2\/pages\/25\/revisions\/2529"}],"wp:attachment":[{"href":"https:\/\/gdsreseau3m.com\/index.php?rest_route=%2Fwp%2Fv2%2Fmedia&parent=25"}],"curies":[{"name":"wp","href":"https:\/\/api.w.org\/{rel}","templated":true}]}}