{"id":242,"date":"2018-06-15T16:08:41","date_gmt":"2018-06-15T14:08:41","guid":{"rendered":"http:\/\/gdsreseau3m.com\/?page_id=242"},"modified":"2023-02-14T13:54:28","modified_gmt":"2023-02-14T12:54:28","slug":"informer","status":"publish","type":"page","link":"https:\/\/gdsreseau3m.com\/?page_id=242","title":{"rendered":"Nos engagements &#8211; Informer"},"content":{"rendered":"<div class=\"mpl-content-wrap\"><h1><span style=\"color: #9b3590;\"><img loading=\"lazy\" class=\"alignnone size-full wp-image-606\" src=\"http:\/\/gdsreseau3m.com\/wp-content\/uploads\/2018\/06\/id-engagements.png\" alt=\"\" width=\"175\" height=\"40\" \/>\u00a0<\/span><span style=\"color: #9b3590;\">Informer<\/span><\/h1>\n<h3><span style=\"color: #9b3590;\">Information et gestion administrative du sanitaire<\/span><\/h3>\n<p><img loading=\"lazy\" class=\"alignnone wp-image-243 \" src=\"http:\/\/gdsreseau3m.com\/wp-content\/uploads\/2018\/06\/1400251167_carole_au_tel-300x225.jpg\" alt=\"\" width=\"257\" height=\"193\" srcset=\"https:\/\/gdsreseau3m.com\/wp-content\/uploads\/2018\/06\/1400251167_carole_au_tel-300x225.jpg 300w, https:\/\/gdsreseau3m.com\/wp-content\/uploads\/2018\/06\/1400251167_carole_au_tel-400x300.jpg 400w, https:\/\/gdsreseau3m.com\/wp-content\/uploads\/2018\/06\/1400251167_carole_au_tel.jpg 448w\" sizes=\"(max-width: 257px) 100vw, 257px\" \/>\u00a0<img loading=\"lazy\" class=\"alignnone wp-image-244 \" src=\"http:\/\/gdsreseau3m.com\/wp-content\/uploads\/2018\/06\/1400251327_dossier_suspendus-300x225.jpg\" alt=\"\" width=\"254\" height=\"190\" srcset=\"https:\/\/gdsreseau3m.com\/wp-content\/uploads\/2018\/06\/1400251327_dossier_suspendus-300x225.jpg 300w, https:\/\/gdsreseau3m.com\/wp-content\/uploads\/2018\/06\/1400251327_dossier_suspendus-400x300.jpg 400w, https:\/\/gdsreseau3m.com\/wp-content\/uploads\/2018\/06\/1400251327_dossier_suspendus.jpg 448w\" sizes=\"(max-width: 254px) 100vw, 254px\" \/><\/p>\n<p><span style=\"color: #333333;\"><strong>Chaque ann\u00e9e, ce sont pr\u00e8s de 10 500 contacts t\u00e9l\u00e9phoniques, mails, fax, courriers et attestations sanitaires \u00e9mis \u00e0 nos adh\u00e9rents (hors appel de cotisation, bulletin d&rsquo;information et invitations aux adh\u00e9rents).<\/strong><\/span><\/p>\n<h3><span style=\"color: #9b3590;\">Diffusion de l&rsquo;information technique<\/span><\/h3>\n<p><b>Parce qu&rsquo;un \u00e9leveur inform\u00e9 <\/b><b>est d&rsquo;autant plus vigilant et r\u00e9actif face aux accidents sanitaires<\/b>, les GDS du R\u00e9seau 3M&rsquo; interviennent de diverses fa\u00e7ons pour<b> diffuser et relayer l&rsquo;information<\/b> sanitaire aupr\u00e8s de chaque \u00e9leveur.<\/p>\n<p><span style=\"color: #3366ff;\"><strong>&#x25b6; Bulletins d&rsquo;information aux adh\u00e9rents et flashs infos sp\u00e9ciaux lors de situation sanitaire singuli\u00e8re<\/strong><\/span><\/p>\n<p><a href=\"http:\/\/gdsreseau3m.com\/?page_id=2804\" target=\"_blank\" rel=\"noopener noreferrer\">Voir tout les bulletins d&rsquo;informations<\/a><\/p>\n<p><a href=\"http:\/\/gdsreseau3m.com\/?page_id=2804\" target=\"_blank\" rel=\"noopener noreferrer\"><img loading=\"lazy\" class=\"alignnone wp-image-2563\" src=\"http:\/\/gdsreseau3m.com\/wp-content\/uploads\/2018\/07\/gds3m_bulletins-aux-adh\u00e9rents.png\" alt=\"\" width=\"571\" height=\"325\" srcset=\"https:\/\/gdsreseau3m.com\/wp-content\/uploads\/2018\/07\/gds3m_bulletins-aux-adh\u00e9rents.png 1533w, https:\/\/gdsreseau3m.com\/wp-content\/uploads\/2018\/07\/gds3m_bulletins-aux-adh\u00e9rents-300x171.png 300w, https:\/\/gdsreseau3m.com\/wp-content\/uploads\/2018\/07\/gds3m_bulletins-aux-adh\u00e9rents-768x437.png 768w, https:\/\/gdsreseau3m.com\/wp-content\/uploads\/2018\/07\/gds3m_bulletins-aux-adh\u00e9rents-1024x582.png 1024w\" sizes=\"(max-width: 571px) 100vw, 571px\" \/><\/a><\/p>\n<p><span style=\"color: #3366ff;\"><strong>&#x25b6; Chaque ann\u00e9e, ce sont plus de 30 articles par d\u00e9partement qui paraissent dans la presse agricole.<\/strong><\/span><\/p>\n<p><img loading=\"lazy\" class=\"alignnone wp-image-2557\" src=\"http:\/\/gdsreseau3m.com\/wp-content\/uploads\/2018\/07\/coupure-presse_png.png\" alt=\"\" width=\"539\" height=\"417\" srcset=\"https:\/\/gdsreseau3m.com\/wp-content\/uploads\/2018\/07\/coupure-presse_png.png 1350w, https:\/\/gdsreseau3m.com\/wp-content\/uploads\/2018\/07\/coupure-presse_png-300x232.png 300w, https:\/\/gdsreseau3m.com\/wp-content\/uploads\/2018\/07\/coupure-presse_png-768x594.png 768w, https:\/\/gdsreseau3m.com\/wp-content\/uploads\/2018\/07\/coupure-presse_png-1024x793.png 1024w\" sizes=\"(max-width: 539px) 100vw, 539px\" \/><\/p>\n<p><i>En partenariat avec les journaux agricoles d\u00e9partementaux \u00a0:<br \/>\n<\/i><i><img loading=\"lazy\" class=\"alignnone wp-image-630\" src=\"http:\/\/gdsreseau3m.com\/wp-content\/uploads\/2018\/06\/1409899469_Journaux_f3m_logos.jpg\" alt=\"\" width=\"264\" height=\"52\" srcset=\"https:\/\/gdsreseau3m.com\/wp-content\/uploads\/2018\/06\/1409899469_Journaux_f3m_logos.jpg 315w, https:\/\/gdsreseau3m.com\/wp-content\/uploads\/2018\/06\/1409899469_Journaux_f3m_logos-300x59.jpg 300w\" sizes=\"(max-width: 264px) 100vw, 264px\" \/><\/i><\/p>\n<h3><span style=\"color: #9b3590;\">Rencontres et moments de partage avec nos adh\u00e9rents<\/span><\/h3>\n<p>Parce que l&rsquo;\u00e9volution sanitaire passe largement par la g\u00e9n\u00e9ralisation des bonnes pratiques sanitaires, les GDS s&rsquo;attachent \u00e0 rencontrer et sensibiliser leurs adh\u00e9rents lors de r\u00e9unions et rencontres techniques<\/p>\n<ul>\n<li>R\u00e9unions d\u00e9localis\u00e9es par arrondissement<\/li>\n<li>Journ\u00e9es de formations pratiques<\/li>\n<li>Assembl\u00e9es G\u00e9n\u00e9rales<\/li>\n<li>Rencontres sur nos stands lors des f\u00eates d\u00e9partementales de l&rsquo;\u00e9levage<\/li>\n<\/ul>\n<p><span style=\"color: #3366ff;\"><strong>&#x25b6; Chaque ann\u00e9e, plus de 60 journ\u00e9es de rencontre sont organis\u00e9es sur l&rsquo;ensemble des 3 d\u00e9partements !<\/strong><\/span><\/p>\n<p><img loading=\"lazy\" class=\"alignnone size-full wp-image-253\" src=\"http:\/\/gdsreseau3m.com\/wp-content\/uploads\/2018\/06\/rencontres.png\" alt=\"\" width=\"584\" height=\"226\" srcset=\"https:\/\/gdsreseau3m.com\/wp-content\/uploads\/2018\/06\/rencontres.png 584w, https:\/\/gdsreseau3m.com\/wp-content\/uploads\/2018\/06\/rencontres-300x116.png 300w\" sizes=\"(max-width: 584px) 100vw, 584px\" \/><\/p>\n<p><span style=\"color: #808080;\">Cr\u00e9dits photos : GDS 54<\/span><\/p>\n<\/div>","protected":false},"excerpt":{"rendered":"<p>\u00a0Informer Information et gestion administrative du sanitaire \u00a0 Chaque ann\u00e9e, ce sont pr\u00e8s de 10 500 contacts t\u00e9l\u00e9phoniques, mails, fax, courriers et attestations sanitaires \u00e9mis \u00e0 nos adh\u00e9rents (hors appel de cotisation, bulletin d&rsquo;information et invitations aux adh\u00e9rents). Diffusion de l&rsquo;information technique Parce qu&rsquo;un \u00e9leveur inform\u00e9 est d&rsquo;autant plus vigilant et r\u00e9actif face aux accidents [&hellip;]<\/p>\n","protected":false},"author":1,"featured_media":0,"parent":0,"menu_order":0,"comment_status":"closed","ping_status":"closed","template":"","meta":[],"_links":{"self":[{"href":"https:\/\/gdsreseau3m.com\/index.php?rest_route=\/wp\/v2\/pages\/242"}],"collection":[{"href":"https:\/\/gdsreseau3m.com\/index.php?rest_route=\/wp\/v2\/pages"}],"about":[{"href":"https:\/\/gdsreseau3m.com\/index.php?rest_route=\/wp\/v2\/types\/page"}],"author":[{"embeddable":true,"href":"https:\/\/gdsreseau3m.com\/index.php?rest_route=\/wp\/v2\/users\/1"}],"replies":[{"embeddable":true,"href":"https:\/\/gdsreseau3m.com\/index.php?rest_route=%2Fwp%2Fv2%2Fcomments&post=242"}],"version-history":[{"count":27,"href":"https:\/\/gdsreseau3m.com\/index.php?rest_route=\/wp\/v2\/pages\/242\/revisions"}],"predecessor-version":[{"id":6478,"href":"https:\/\/gdsreseau3m.com\/index.php?rest_route=\/wp\/v2\/pages\/242\/revisions\/6478"}],"wp:attachment":[{"href":"https:\/\/gdsreseau3m.com\/index.php?rest_route=%2Fwp%2Fv2%2Fmedia&parent=242"}],"curies":[{"name":"wp","href":"https:\/\/api.w.org\/{rel}","templated":true}]}}