{"id":2338,"date":"2018-07-15T19:48:07","date_gmt":"2018-07-15T17:48:07","guid":{"rendered":"http:\/\/gdsreseau3m.com\/?page_id=2338"},"modified":"2018-07-16T09:34:06","modified_gmt":"2018-07-16T07:34:06","slug":"meteo","status":"publish","type":"page","link":"https:\/\/gdsreseau3m.com\/?page_id=2338","title":{"rendered":"meteo"},"content":{"rendered":"<div class=\"mpl-content-wrap\"><p><img loading=\"lazy\" class=\"alignnone size-full wp-image-2349\" src=\"http:\/\/gdsreseau3m.com\/wp-content\/uploads\/2018\/07\/logo-meteo-france-ok.png\" alt=\"\" width=\"409\" height=\"117\" srcset=\"https:\/\/gdsreseau3m.com\/wp-content\/uploads\/2018\/07\/logo-meteo-france-ok.png 409w, https:\/\/gdsreseau3m.com\/wp-content\/uploads\/2018\/07\/logo-meteo-france-ok-300x86.png 300w\" sizes=\"(max-width: 409px) 100vw, 409px\" \/><br \/>\n<a href=\"http:\/\/www.meteofrance.com\/previsions-meteo-france\/meurthe-et-moselle\/54\" target=\"_blank\" rel=\"noopener\"><img loading=\"lazy\" class=\"alignnone wp-image-2003 size-full\" src=\"http:\/\/gdsreseau3m.com\/wp-content\/uploads\/2018\/07\/meteo-54.png\" alt=\"\" width=\"153\" height=\"159\" \/><\/a> <a href=\"http:\/\/www.meteofrance.com\/previsions-meteo-france\/meuse\/55\" target=\"_blank\" rel=\"noopener\"><img loading=\"lazy\" class=\"alignnone wp-image-2004 size-full\" src=\"http:\/\/gdsreseau3m.com\/wp-content\/uploads\/2018\/07\/meteo-55.png\" alt=\"\" width=\"153\" height=\"159\" \/><\/a> <a href=\"http:\/\/www.meteofrance.com\/previsions-meteo-france\/moselle\/57\" target=\"_blank\" rel=\"noopener\"><img loading=\"lazy\" class=\"alignnone wp-image-2005 size-full\" src=\"http:\/\/gdsreseau3m.com\/wp-content\/uploads\/2018\/07\/meteo-57.png\" alt=\"\" width=\"152\" height=\"159\" \/><\/a><\/p>\n<p>Cliquez sur la carte de votre d\u00e9partement pour acc\u00e9der \u00e0 la m\u00e9t\u00e9o.<\/p>\n<\/div>","protected":false},"excerpt":{"rendered":"<p>Cliquez sur la carte de votre d\u00e9partement pour acc\u00e9der \u00e0 la m\u00e9t\u00e9o.<\/p>\n","protected":false},"author":1,"featured_media":0,"parent":0,"menu_order":0,"comment_status":"closed","ping_status":"closed","template":"","meta":[],"_links":{"self":[{"href":"https:\/\/gdsreseau3m.com\/index.php?rest_route=\/wp\/v2\/pages\/2338"}],"collection":[{"href":"https:\/\/gdsreseau3m.com\/index.php?rest_route=\/wp\/v2\/pages"}],"about":[{"href":"https:\/\/gdsreseau3m.com\/index.php?rest_route=\/wp\/v2\/types\/page"}],"author":[{"embeddable":true,"href":"https:\/\/gdsreseau3m.com\/index.php?rest_route=\/wp\/v2\/users\/1"}],"replies":[{"embeddable":true,"href":"https:\/\/gdsreseau3m.com\/index.php?rest_route=%2Fwp%2Fv2%2Fcomments&post=2338"}],"version-history":[{"count":2,"href":"https:\/\/gdsreseau3m.com\/index.php?rest_route=\/wp\/v2\/pages\/2338\/revisions"}],"predecessor-version":[{"id":2350,"href":"https:\/\/gdsreseau3m.com\/index.php?rest_route=\/wp\/v2\/pages\/2338\/revisions\/2350"}],"wp:attachment":[{"href":"https:\/\/gdsreseau3m.com\/index.php?rest_route=%2Fwp%2Fv2%2Fmedia&parent=2338"}],"curies":[{"name":"wp","href":"https:\/\/api.w.org\/{rel}","templated":true}]}}