{"id":2325,"date":"2018-07-11T17:49:25","date_gmt":"2018-07-11T15:49:25","guid":{"rendered":"http:\/\/gdsreseau3m.com\/?page_id=2325"},"modified":"2021-04-22T15:00:15","modified_gmt":"2021-04-22T13:00:15","slug":"xxxxxxxxxxxx","status":"publish","type":"page","link":"https:\/\/gdsreseau3m.com\/?page_id=2325","title":{"rendered":"Bovins &#8211; IBR &#8211; La maladie"},"content":{"rendered":"<div class=\"mpl-content-wrap\"><h6><a href=\"http:\/\/gdsreseau3m.com\/?page_id=304\"><img loading=\"lazy\" class=\"alignnone wp-image-333\" src=\"http:\/\/gdsreseau3m.com\/wp-content\/uploads\/2018\/06\/treffleMenu.png\" alt=\"\" width=\"23\" height=\"22\" \/><\/a><a href=\"http:\/\/gdsreseau3m.com\/?page_id=2325\">La maladie<\/a><a href=\"http:\/\/gdsreseau3m.com\/?page_id=304\"><img loading=\"lazy\" class=\"alignnone wp-image-333\" src=\"http:\/\/gdsreseau3m.com\/wp-content\/uploads\/2018\/06\/treffleMenu.png\" alt=\"\" width=\"23\" height=\"22\" \/><\/a><a href=\"http:\/\/gdsreseau3m.com\/?page_id=519\">Situation locale<\/a><a href=\"http:\/\/gdsreseau3m.com\/?page_id=304\"><img loading=\"lazy\" class=\"alignnone wp-image-333\" src=\"http:\/\/gdsreseau3m.com\/wp-content\/uploads\/2018\/06\/treffleMenu.png\" alt=\"\" width=\"23\" height=\"22\" \/><\/a><a href=\"http:\/\/gdsreseau3m.com\/?page_id=644\">Certification<\/a><a href=\"http:\/\/gdsreseau3m.com\/?page_id=304\"><img loading=\"lazy\" class=\"alignnone wp-image-333\" src=\"http:\/\/gdsreseau3m.com\/wp-content\/uploads\/2018\/06\/treffleMenu.png\" alt=\"\" width=\"23\" height=\"22\" \/><\/a><a href=\"http:\/\/gdsreseau3m.com\/?page_id=646\">Assainissement<\/a><a href=\"http:\/\/gdsreseau3m.com\/?page_id=304\"><img loading=\"lazy\" class=\"alignnone wp-image-333\" src=\"http:\/\/gdsreseau3m.com\/wp-content\/uploads\/2018\/06\/treffleMenu.png\" alt=\"\" width=\"23\" height=\"22\" \/><\/a><a href=\"http:\/\/gdsreseau3m.com\/?page_id=648\">Contr\u00f4le des risques<\/a><a href=\"http:\/\/gdsreseau3m.com\/?page_id=304\"><img loading=\"lazy\" class=\"alignnone wp-image-333\" src=\"http:\/\/gdsreseau3m.com\/wp-content\/uploads\/2018\/06\/treffleMenu.png\" alt=\"\" width=\"23\" height=\"22\" \/><\/a><a href=\"http:\/\/gdsreseau3m.com\/?page_id=650\">L&rsquo;IBR en Grande R\u00e9gion<\/a><a href=\"http:\/\/gdsreseau3m.com\/?page_id=304\"><img loading=\"lazy\" class=\"alignnone wp-image-333\" src=\"http:\/\/gdsreseau3m.com\/wp-content\/uploads\/2018\/06\/treffleMenu.png\" alt=\"\" width=\"23\" height=\"22\" \/><\/a><a href=\"http:\/\/gdsreseau3m.com\/?page_id=652\">Commerce<\/a><\/h6>\n<h5><\/h5>\n<h1><span style=\"color: #56b74f;\"><img loading=\"lazy\" class=\"alignnone wp-image-749 \" src=\"http:\/\/gdsreseau3m.com\/wp-content\/uploads\/2018\/06\/Bovins1.png\" alt=\"\" width=\"55\" height=\"41\" \/>\u00a0<\/span><span style=\"color: #56b74f;\">L&rsquo;IBR : rhinotrach\u00e9ite infectieuse bovine\u00a0<\/span><\/h1>\n<div>\n<p>La Rhinotrach\u00e9ite Infectieuse Bovine (ou I.B.R.) \u00e9tait, il y a plusieurs dizaines d&rsquo;ann\u00e9es, responsable de troubles graves dans les \u00e9levages, entrainant des pertes zootechniques et \u00e9conomiques importantes.<\/p>\n<p>Aujourd&rsquo;hui, les bovins infect\u00e9s par l&rsquo;I.B.R. sont les plus souvent des\u00a0<b>porteurs sains,\u00a0<\/b>qui n&rsquo;expriment aucun signe clinique. Cependant, les risques de voir r\u00e9apparaitre la maladie \u00e0 l&rsquo;occasion du transport et du m\u00e9lange des animaux aux statuts I.B.R. diff\u00e9rents existent et en font\u00a0<b>une maladie \u00e0 enjeu commercial<\/b>.<\/p>\n<p>L&rsquo;I.B.R. est une maladie r\u00e9glement\u00e9e par l&rsquo;\u00c9tat depuis 2006, et inscrite au code zoosanitaire de l&rsquo;<a href=\"http:\/\/www.oie.int\/fr\/sante-animale-dans-le-monde\/maladies-de-la-liste-de-loie-2014\/\" target=\"_blank\" rel=\"noopener noreferrer\">OIE<\/a>\u00a0<i>(Organisation mondiale pour la sant\u00e9 animale)<\/i>. La maladie n&rsquo;est pas transmissible \u00e0 l&rsquo;Homme. Sa gestion administrative et technique est r\u00e9serv\u00e9e aux Groupements de D\u00e9fense Sanitaire.<\/p>\n<div><\/div>\n<h2>Connaitre\u00a0 la maladie<\/h2>\n<p>L&rsquo;I.B.R. est une maladie contagieuse due \u00e0 un\u00a0<b>herp\u00e8svirus\u00a0<\/b>= le BHV-1. Elle se manifeste essentiellement par une rhinotrach\u00e9ite (jetage, salivation), parfois discr\u00e8te ; voire des troubles de la reproduction (infertilit\u00e9, avortement).<br \/>\n<b><br \/>\nLe diagnostic de l&rsquo;I.B.R. ne se fait qu&rsquo;apr\u00e8s des analyses au laboratoire.<\/b><\/p>\n<p><b><span style=\"color: #74bd2c;\"># Le portage latent<\/span><\/b><\/p>\n<ul>\n<li>Aujourd&rsquo;hui, les bovins infect\u00e9s par l&rsquo;I.B.R. sont les plus souvent des porteurs sains, qui n&rsquo;expriment aucun sympt\u00f4me = on dit qu&rsquo;ils sont porteurs latents.<\/li>\n<li><b>Les animaux infect\u00e9s sont porteurs du virus\u00a0<u><span style=\"color: #ff4800;\">\u00e0 vie.<\/span><\/u><\/b><\/li>\n<li><b>Le portage latent des bovins infect\u00e9s peut \u00eatre rompu\u00a0<\/b>\u00e0 tout moment,\u00a0<b>\u00e0<\/b>\u00a0<b>l&rsquo;occasion d&rsquo;un stress important ou d&rsquo;une baisse de l&rsquo;immunit\u00e9<\/b>\u00a0<i>(= transport, v\u00ealage, allotement, infestation parasitaire, circulation d&rsquo;une pathologie immunod\u00e9pressive comme la\u00a0<a href=\"http:\/\/www.gdsreseau3m.com\/bovins-bovins_bvd\" target=\"_self\" rel=\"noopener noreferrer\">BVD<\/a>, etc.<\/i>).\u00a0Le virus se multiplie \u00e0 nouveau et est excr\u00e9t\u00e9 : si l&rsquo;animal initialement infect\u00e9 n&rsquo;exprime alors pas toujours de signes cliniques,<b>\u00a0il devient au minimum contagieux pour les autres.<\/b><\/li>\n<\/ul>\n<p><span style=\"color: #74bd2c;\"><b><br \/>\n# Transmission du virus<\/b><\/span><br \/>\nLa contamination d&rsquo;un bovin sain se fait par contact \u00e9troit avec un animal excr\u00e9teur du virus :<\/p>\n<ul>\n<li>par\u00a0<b>contact \u00ab mufle \u00e0 mufle \u00bb\u00a0<\/b>principalement,<\/li>\n<li>de la m\u00e8re au veau\u00a0<i>in ut\u00e9ro<\/i><\/li>\n<li>\u00e0 travers une all\u00e9e de b\u00e2timent, une cl\u00f4ture,<\/li>\n<li>lors d&rsquo;une proximit\u00e9 prolong\u00e9e de moins de 10 m\u00e8tres.<\/li>\n<\/ul>\n<p><b>La source virale majeure est repr\u00e9sent\u00e9e par les s\u00e9cr\u00e9tions respiratoires.\u00a0<\/b><\/p>\n<p>Le sperme de taureaux infect\u00e9s est aussi une autre source de contamination (le virus r\u00e9siste \u00e0 la cong\u00e9lation).<\/p>\n<p>Le virus de l&rsquo;I.B.R. est peu r\u00e9sistant \u00e0 l&rsquo;air libre et \u00e0 la lumi\u00e8re. Cependant, l&rsquo;environnement peut quand m\u00eame \u00eatre source de contamination<i>\u00a0(mat\u00e9riel pr\u00eat\u00e9, mouchette, b\u00e9taill\u00e8re, v\u00ealeuse, v\u00eatement, bottes, etc.).<\/i><br \/>\n<span style=\"color: #74bd2c;\"><b><br \/>\n# Les causes de contaminations\u00a0 :\u00a0<\/b><\/span><\/p>\n<ul>\n<li><span style=\"color: #050505;\"><b>Achat\/pr\u00eat\/pension<br \/>\n<\/b><\/span><\/li>\n<li><span style=\"color: #050505;\"><b>Divagation<br \/>\n<\/b><\/span><\/li>\n<li><span style=\"color: #050505;\"><b>Lors du transport<\/b><\/span><\/li>\n<li>Pr\u00eat ou \u00e9changes de mat\u00e9riel<\/li>\n<li>Visiteurs<\/li>\n<li>&#8230;<\/li>\n<\/ul>\n<p><b>L&rsquo;animal sain qui se contamine excr\u00e8te de fortes quantit\u00e9s de virus dans les 2 \u00e0 3 semaines qui suivent l&rsquo;infection<\/b>\u00a0<b>(r\u00e9action immunitaire).\u00a0<\/b>L&rsquo;immunit\u00e9 mise en place du bovin nouvellement infect\u00e9 va lui permettre de surmonter l&rsquo;infection et de stopper l&rsquo;excr\u00e9tion du virus, mais sans pour autant d\u00e9barrasser son organisme du virus :<b>\u00a0l&rsquo;animal est porteur du virus \u00e0 vie, positif \u00e0 vie.<\/b><\/p>\n<\/div>\n<p><b><span style=\"color: #74bd2c;\">#<\/span><\/b><b><span style=\"color: #74bd2c;\">\u00a0Traitement<\/span><\/b><br \/>\nComme pour la plupart des maladies virales,\u00a0<b>il n&rsquo;existe pas de traitement sp\u00e9cifique.<\/b><\/p>\n<div>\n<p>Il existe par contre\u00a0<b>des vaccins<\/b>, dont l&rsquo;utilisation\u00a0<b>en \u00e9levage infect\u00e9<\/b>\u00a0vise d&rsquo;une part \u00e0 prot\u00e9ger les animaux infect\u00e9s des manifestations cliniques, d&rsquo;autre part \u00e0 r\u00e9duire notablement l&rsquo;excr\u00e9tion virale, et donc \u00e0 ma\u00eetriser la circulation virale dans l&rsquo;\u00e9levage.\u00a0<b>La d\u00e9cision et l&rsquo;acte vaccinal se fait par le v\u00e9t\u00e9rinaire, en accord avec le G.D.S.<\/b><\/p>\n<div>\n<ul>\n<li><b>En savoir plus :\u00a0<a href=\"http:\/\/www.gdsreseau3m.com\/documents\/fichiers\/pages\/1410436471_Diaporama_presentation_maladie_IBR_55_2014_sans_dia_1-2.pdf\" target=\"_blank\" rel=\"noopener noreferrer\">DIAPORAMA<\/a>\u00a0pr\u00e9sentant la maladie\u00a0<i>(R\u00e9union d&rsquo;information IBR 2014)<\/i><\/b><\/li>\n<\/ul>\n<\/div>\n<\/div>\n<\/div>","protected":false},"excerpt":{"rendered":"<p>La maladieSituation localeCertificationAssainissementContr\u00f4le des risquesL&rsquo;IBR en Grande R\u00e9gionCommerce \u00a0L&rsquo;IBR : rhinotrach\u00e9ite infectieuse bovine\u00a0 La Rhinotrach\u00e9ite Infectieuse Bovine (ou I.B.R.) \u00e9tait, il y a plusieurs dizaines d&rsquo;ann\u00e9es, responsable de troubles graves dans les \u00e9levages, entrainant des pertes zootechniques et \u00e9conomiques importantes. Aujourd&rsquo;hui, les bovins infect\u00e9s par l&rsquo;I.B.R. sont les plus souvent des\u00a0porteurs sains,\u00a0qui n&rsquo;expriment aucun signe [&hellip;]<\/p>\n","protected":false},"author":1,"featured_media":0,"parent":0,"menu_order":0,"comment_status":"closed","ping_status":"closed","template":"","meta":[],"_links":{"self":[{"href":"https:\/\/gdsreseau3m.com\/index.php?rest_route=\/wp\/v2\/pages\/2325"}],"collection":[{"href":"https:\/\/gdsreseau3m.com\/index.php?rest_route=\/wp\/v2\/pages"}],"about":[{"href":"https:\/\/gdsreseau3m.com\/index.php?rest_route=\/wp\/v2\/types\/page"}],"author":[{"embeddable":true,"href":"https:\/\/gdsreseau3m.com\/index.php?rest_route=\/wp\/v2\/users\/1"}],"replies":[{"embeddable":true,"href":"https:\/\/gdsreseau3m.com\/index.php?rest_route=%2Fwp%2Fv2%2Fcomments&post=2325"}],"version-history":[{"count":9,"href":"https:\/\/gdsreseau3m.com\/index.php?rest_route=\/wp\/v2\/pages\/2325\/revisions"}],"predecessor-version":[{"id":5661,"href":"https:\/\/gdsreseau3m.com\/index.php?rest_route=\/wp\/v2\/pages\/2325\/revisions\/5661"}],"wp:attachment":[{"href":"https:\/\/gdsreseau3m.com\/index.php?rest_route=%2Fwp%2Fv2%2Fmedia&parent=2325"}],"curies":[{"name":"wp","href":"https:\/\/api.w.org\/{rel}","templated":true}]}}