{"id":19,"date":"2018-06-15T09:56:02","date_gmt":"2018-06-15T07:56:02","guid":{"rendered":"http:\/\/gdsreseau3m.com\/?page_id=19"},"modified":"2018-08-02T13:44:15","modified_gmt":"2018-08-02T11:44:15","slug":"presentation","status":"publish","type":"page","link":"https:\/\/gdsreseau3m.com\/?page_id=19","title":{"rendered":"Pr\u00e9sentation"},"content":{"rendered":"<div class=\"mpl-content-wrap\"><h2 style=\"text-align: left;\"><img loading=\"lazy\" class=\"alignnone size-full wp-image-607\" src=\"http:\/\/gdsreseau3m.com\/wp-content\/uploads\/2018\/06\/id-reseau-gds3d.png\" alt=\"\" width=\"175\" height=\"40\" \/><\/h2>\n<h3><span style=\"color: #2180c0;\">Qui sommes-nous<\/span><\/h3>\n<h4><img loading=\"lazy\" class=\"alignnone size-full wp-image-778 aligncenter\" src=\"http:\/\/gdsreseau3m.com\/wp-content\/uploads\/2018\/06\/schema-presentation-v2.png\" alt=\"\" width=\"497\" height=\"400\" srcset=\"https:\/\/gdsreseau3m.com\/wp-content\/uploads\/2018\/06\/schema-presentation-v2.png 497w, https:\/\/gdsreseau3m.com\/wp-content\/uploads\/2018\/06\/schema-presentation-v2-300x241.png 300w\" sizes=\"(max-width: 497px) 100vw, 497px\" \/><\/h4>\n<h4 style=\"text-align: left;\">Le r\u00e9seau GDS 3M&rsquo; = une force et un avantage collectif !<\/h4>\n<p><a href=\"http:\/\/gdsreseau3m.com\/?page_id=801\"><img loading=\"lazy\" class=\"alignnone wp-image-797\" src=\"http:\/\/gdsreseau3m.com\/wp-content\/uploads\/2018\/06\/Picto-en-savoir-plus.png\" alt=\"\" width=\"39\" height=\"38\" \/><\/a>\u00a0<a href=\"http:\/\/gdsreseau3m.com\/?page_id=801\"> En savoir plus sur les Organismes \u00e0 Vocation Sanitaire OVS<\/a><\/p>\n<div>\n<div><\/div>\n<\/div>\n<h3><span style=\"color: #2180c0;\">Nos valeurs au quotidien<\/span><\/h3>\n<p><img loading=\"lazy\" class=\"size-full wp-image-54 alignleft\" src=\"http:\/\/gdsreseau3m.com\/wp-content\/uploads\/2018\/06\/treffle.png\" alt=\"\" width=\"237\" height=\"240\" \/><\/p>\n<ul>\n<li>La <b>PROXIMIT\u00c9<\/b> avec les \u00e9leveurs et leurs pr\u00e9occupations, nous permet de mettre en place des actions qui simplifient et am\u00e9liorent la qualit\u00e9 de vie et de travail des \u00e9leveurs.<\/li>\n<li>La <b>SOLIDARIT\u00c9<\/b> parce que tout \u00e9leveur, \u00e0 un moment donn\u00e9 de sa carri\u00e8re, peut \u00eatre confront\u00e9 \u00e0 un \u00e9pisode sanitaire douloureux et difficile \u00e0 surmonter.<\/li>\n<li>La <b>SANT\u00c9<\/b> du cheptel, bien-s\u00fbr, dont le maintien est notre objectif premier pour garantir le revenu de l&rsquo;\u00e9leveur.<\/li>\n<li>La <b>S\u00c9CURIT\u00c9<\/b> car en agissant collectivement, c&rsquo;est la s\u00e9curit\u00e9 de tous qui est pr\u00e9serv\u00e9e.<\/li>\n<li>La <b>NEUTRALIT\u00c9<\/b> qui doit pr\u00e9valoir dans toutes nos d\u00e9cisions.<\/li>\n<\/ul>\n<p>&nbsp;<\/p>\n<h3><span style=\"color: #2180c0;\">Nos sections actives<\/span><\/h3>\n<p><a href=\"http:\/\/gdsreseau3m.com\/?page_id=3186\"><img loading=\"lazy\" class=\"alignnone wp-image-771 size-full\" src=\"http:\/\/gdsreseau3m.com\/wp-content\/uploads\/2018\/06\/id-bovins.png\" alt=\"\" width=\"152\" height=\"140\" \/><\/a><a href=\"http:\/\/gdsreseau3m.com\/?page_id=503\"><img loading=\"lazy\" class=\"alignnone size-full wp-image-773\" src=\"http:\/\/gdsreseau3m.com\/wp-content\/uploads\/2018\/06\/id-ovins-1.png\" alt=\"\" width=\"152\" height=\"140\" \/><\/a><a href=\"http:\/\/gdsreseau3m.com\/?page_id=539\"><img loading=\"lazy\" class=\"alignnone size-full wp-image-774\" src=\"http:\/\/gdsreseau3m.com\/wp-content\/uploads\/2018\/06\/id-porcins-1.png\" alt=\"\" width=\"152\" height=\"140\" \/><\/a><a href=\"http:\/\/gdsreseau3m.com\/?page_id=570\"><img loading=\"lazy\" class=\"alignnone wp-image-1974 size-full\" src=\"http:\/\/gdsreseau3m.com\/wp-content\/uploads\/2018\/07\/id-abeilles.png\" alt=\"\" width=\"153\" height=\"140\" \/><\/a><\/p>\n<\/div>","protected":false},"excerpt":{"rendered":"<p>Qui sommes-nous Le r\u00e9seau GDS 3M&rsquo; = une force et un avantage collectif ! \u00a0 En savoir plus sur les Organismes \u00e0 Vocation Sanitaire OVS Nos valeurs au quotidien La PROXIMIT\u00c9 avec les \u00e9leveurs et leurs pr\u00e9occupations, nous permet de mettre en place des actions qui simplifient et am\u00e9liorent la qualit\u00e9 de vie et de [&hellip;]<\/p>\n","protected":false},"author":1,"featured_media":0,"parent":0,"menu_order":0,"comment_status":"closed","ping_status":"closed","template":"","meta":[],"_links":{"self":[{"href":"https:\/\/gdsreseau3m.com\/index.php?rest_route=\/wp\/v2\/pages\/19"}],"collection":[{"href":"https:\/\/gdsreseau3m.com\/index.php?rest_route=\/wp\/v2\/pages"}],"about":[{"href":"https:\/\/gdsreseau3m.com\/index.php?rest_route=\/wp\/v2\/types\/page"}],"author":[{"embeddable":true,"href":"https:\/\/gdsreseau3m.com\/index.php?rest_route=\/wp\/v2\/users\/1"}],"replies":[{"embeddable":true,"href":"https:\/\/gdsreseau3m.com\/index.php?rest_route=%2Fwp%2Fv2%2Fcomments&post=19"}],"version-history":[{"count":35,"href":"https:\/\/gdsreseau3m.com\/index.php?rest_route=\/wp\/v2\/pages\/19\/revisions"}],"predecessor-version":[{"id":3207,"href":"https:\/\/gdsreseau3m.com\/index.php?rest_route=\/wp\/v2\/pages\/19\/revisions\/3207"}],"wp:attachment":[{"href":"https:\/\/gdsreseau3m.com\/index.php?rest_route=%2Fwp%2Fv2%2Fmedia&parent=19"}],"curies":[{"name":"wp","href":"https:\/\/api.w.org\/{rel}","templated":true}]}}