{"id":1803,"date":"2018-06-28T10:24:51","date_gmt":"2018-06-28T08:24:51","guid":{"rendered":"http:\/\/gdsreseau3m.com\/?page_id=1803"},"modified":"2019-08-06T11:53:07","modified_gmt":"2019-08-06T09:53:07","slug":"abeilles-adresses-coordonnees-utiles","status":"publish","type":"page","link":"https:\/\/gdsreseau3m.com\/?page_id=1803","title":{"rendered":"Abeilles &#8211; Adresses coordonn\u00e9es utiles"},"content":{"rendered":"<div class=\"mpl-content-wrap\"><h1><img loading=\"lazy\" class=\"alignnone wp-image-1975\" src=\"http:\/\/gdsreseau3m.com\/wp-content\/uploads\/2018\/07\/picto-abeille.png\" alt=\"\" width=\"43\" height=\"36\" \/>\u00a0<span style=\"color: #ff9900;\">Adresses et coordonn\u00e9es utiles\u00a0\u00a0<\/span><\/h1>\n<h3><span style=\"color: #56b74f;\">Personnes r\u00e9f\u00e9rentes<br \/>\n<\/span><\/h3>\n<table style=\"height: 1273px;\" width=\"959\">\n<tbody>\n<tr>\n<td width=\"44\"><\/td>\n<td width=\"178\">\n<p style=\"text-align: center;\">\u00a0<strong>Op\u00e9rateur GDS<\/strong><\/p>\n<\/td>\n<td width=\"168\">\n<p style=\"text-align: center;\"><strong>\u00a0Centre de Formalit\u00e9s des Entreprises<\/strong><\/p>\n<\/td>\n<td width=\"205\">\n<p style=\"text-align: center;\"><strong>\u00a0Services v\u00e9t\u00e9rinaires<\/strong><\/p>\n<\/td>\n<td width=\"146\">\n<p style=\"text-align: center;\"><strong>GDS Apicole<\/strong><\/p>\n<\/td>\n<\/tr>\n<tr>\n<td width=\"44\">&nbsp;<\/p>\n<p style=\"text-align: center;\"><strong>54<\/strong><\/p>\n<\/td>\n<td width=\"178\">\n<p style=\"text-align: center;\"><strong>GDS 54<\/strong><\/p>\n<p style=\"text-align: center;\">9 rue de la Vologne<\/p>\n<p style=\"text-align: center;\">\u00a054520 LAXOU<\/p>\n<p style=\"text-align: center;\"><u>Tel<\/u>: 03 83 93 44 76<\/p>\n<p style=\"text-align: center;\"><u>Mail <\/u>: <a href=\"mailto:gds54@gds54.com\">gds54@gds54.com<\/a><\/p>\n<p>&nbsp;<\/td>\n<td width=\"168\">\n<p style=\"text-align: center;\"><strong>Chambre d&rsquo;Agriculture de Meurthe-et-Moselle<\/strong><\/p>\n<p style=\"text-align: center;\">5 rue de la Vologne &#8211;\u00a054520 LAXOU<\/p>\n<p style=\"text-align: center;\"><u>Tel<\/u>. : 03 83 93 34 10<\/p>\n<\/td>\n<td width=\"205\">\n<p style=\"text-align: center;\"><strong>\u00a0DDPP 54<\/strong><\/p>\n<p style=\"text-align: center;\">Cit\u00e9 Administrative<br \/>\nB\u00e2timent P<br \/>\n45 rue Sainte Catherine<br \/>\n54000 NANCY<\/p>\n<p style=\"text-align: center;\"><u>Tel<\/u>: 03 57 29 16 20<\/p>\n<p style=\"text-align: center;\">(Attention, la DDPP 54 a d\u00e9m\u00e9nag\u00e9 depuis mai 2017)<\/p>\n<\/td>\n<td width=\"146\">\n<p style=\"text-align: center;\"><strong>Pr\u00e9sidente du GDSA 54 : <\/strong><\/p>\n<p style=\"text-align: center;\">Mme Liliane MACADRE<\/p>\n<p style=\"text-align: center;\"><a href=\"mailto:lilianemacadre@orange.fr\">lilianemacadre@orange.fr<\/a><\/p>\n<p style=\"text-align: center;\">06.72.40.07.48<\/p>\n<p style=\"text-align: center;\"><a href=\"http:\/\/osad54.fr\/\"><strong>http:\/\/osad54.fr\/<\/strong><\/a><\/p>\n<p>&nbsp;<\/td>\n<\/tr>\n<tr>\n<td width=\"44\">\n<p style=\"text-align: center;\"><strong>55<\/strong><\/p>\n<\/td>\n<td width=\"178\">\n<p style=\"text-align: center;\"><strong>GDS 55<br \/>\n<\/strong>Maison de l&rsquo;Agriculture<\/p>\n<p style=\"text-align: center;\">CS 50400<br \/>\n55108 VERDUN CEDEX<\/p>\n<p style=\"text-align: center;\"><u>Tel<\/u>: 03 29 83 30 31<\/p>\n<p style=\"text-align: center;\"><u>Mail <\/u>: <a href=\"mailto:gds55@gds55.com\">gds55@gds55.com<\/a><\/p>\n<\/td>\n<td width=\"168\">\n<p style=\"text-align: center;\"><strong>Chambre d&rsquo;Agriculture de Meuse<\/strong><\/p>\n<p style=\"text-align: center;\">Maison de l&rsquo;Agriculture <strong><br \/>\n<\/strong>CS 50400<br \/>\n55108 VERDUN CEDEX<\/p>\n<p style=\"text-align: center;\"><u>Contact <\/u>:<br \/>\nResponsable: Christophe EVEN\u00a0 03.29.83.30.53<br \/>\nSuppl\u00e9ante : Karine PURSON\u00a0 03.29.83.30.09<\/p>\n<p>&nbsp;<\/td>\n<td width=\"205\">\n<p style=\"text-align: center;\"><strong>DDCSPP 55<\/strong><\/p>\n<p style=\"text-align: center;\">11 rue Jeanne d&rsquo;Arc &#8211; BP 40539<\/p>\n<p style=\"text-align: center;\">55013 BAR LE DUC CEDEX<\/p>\n<p style=\"text-align: center;\"><u>Contact <\/u>: Michel WEISS<\/p>\n<p style=\"text-align: center;\"><u>Tel<\/u>: 03 29 77 42 37<\/p>\n<\/td>\n<td width=\"146\">\n<p style=\"text-align: center;\"><strong>Pr\u00e9sident du GDSA 55 : <\/strong><\/p>\n<p style=\"text-align: center;\">M Jean-Claude LEGOUGNE<\/p>\n<p style=\"text-align: center;\"><a href=\"jean-claude.legougne@orange.fr\">jean-claude.legougne@orange.fr<\/a><\/p>\n<p style=\"text-align: center;\">06.62.25.00.41<\/p>\n<\/td>\n<\/tr>\n<tr>\n<td width=\"44\">&nbsp;<\/p>\n<p style=\"text-align: center;\"><strong>57<\/strong><\/p>\n<\/td>\n<td width=\"178\">\n<p style=\"text-align: center;\"><strong>\u00a0GDS 57<\/strong><\/p>\n<p style=\"text-align: center;\">64, avenue Andr\u00e9 Malraux<\/p>\n<p style=\"text-align: center;\">\u00a0Maison de l&rsquo;Agriculture<\/p>\n<p style=\"text-align: center;\">\u00a057045 METZ 01<\/p>\n<p style=\"text-align: center;\"><u>Contact <\/u>: Karine ROGOSCH<\/p>\n<p style=\"text-align: center;\"><u>Tel<\/u>: 03 87 66 12 98<\/p>\n<p style=\"text-align: center;\"><u>mail<\/u>: <a href=\"mailto:rogosch@gddsb-moselle.asso.fr\">rogosch@gddsb-moselle.asso.fr<\/a><\/p>\n<\/td>\n<td width=\"168\">\n<p style=\"text-align: center;\"><strong>\u00a0Chambre d&rsquo;Agriculture de la Moselle<\/strong><\/p>\n<p style=\"text-align: center;\">64 avenue Andr\u00e9 Malraux<\/p>\n<p style=\"text-align: center;\">57045 Metz cedex 1<\/p>\n<p style=\"text-align: center;\"><u>Tel<\/u>: 03 87 66 12 57<\/p>\n<\/td>\n<td width=\"205\">\n<p style=\"text-align: center;\">\u00a0<strong>DDPP 57<\/strong><\/p>\n<p style=\"text-align: center;\">4 rue des Remparts<\/p>\n<p style=\"text-align: center;\">BP 40443<\/p>\n<p style=\"text-align: center;\">57008 METZ CEDEX 01<\/p>\n<p style=\"text-align: center;\"><u>Contact<\/u>: Yan LANGLOIS<\/p>\n<p style=\"text-align: center;\"><u>Tel<\/u>: 03 87 39 75 00<\/p>\n<\/td>\n<td width=\"146\">\n<p style=\"text-align: center;\"><strong>Pr\u00e9sident du GDSA 57 : <\/strong><\/p>\n<p style=\"text-align: center;\">M Louis PISTER<\/p>\n<p style=\"text-align: center;\"><a href=\"louis.pister@cegetel.ne\">louis.pister@cegetel.ne<\/a><\/p>\n<p style=\"text-align: center;\">\u00c9galement pr\u00e9sident du GDS A Grand Est<\/p>\n<\/td>\n<\/tr>\n<\/tbody>\n<\/table>\n<h3><span style=\"color: #56b74f;\">Les diff\u00e9rents contacts apicoles au sein de la r\u00e9gion Grand Est (GDS Apicoles)<\/span><\/h3>\n<p style=\"text-align: center;\">Cliquez sur l&rsquo;image ci-dessous pour obtenir la liste<\/p>\n<p><a href=\"http:\/\/gdsreseau3m.com\/wp-content\/uploads\/2019\/08\/Les-diff\u00e9rents-contacts-apicoles-au-sein-de-la-r\u00e9gion-grand-est.pdf\"><img loading=\"lazy\" class=\"alignnone size-full wp-image-4401\" src=\"http:\/\/gdsreseau3m.com\/wp-content\/uploads\/2019\/08\/Illu-contacts-apicole-_20190806.gif\" alt=\"\" width=\"663\" height=\"944\" \/><\/a><\/p>\n<h3><span style=\"color: #56b74f;\">Autres adresses utiles<br \/>\n<\/span><\/h3>\n<div><b>L&rsquo;Abeille Lorraine, Syndicat des apiculteurs de Meurthe-et-Moselle<br \/>\n<\/b>Site internet : <span style=\"color: #56b74f;\"><a style=\"color: #56b74f;\" href=\"http:\/\/www.abeillelorraine.fr\/\" target=\"_blank\" rel=\"noopener noreferrer\">www.abeillelorraine.fr<\/a><\/span><\/div>\n<p>&nbsp;<\/p>\n<p><b>FREDON LORRAINE<\/b><br \/>\nF\u00e9d\u00e9ration R\u00e9gionale de D\u00e9fense contre les Organismes Nuisibles de Lorraine<br \/>\nDomaine de Pixer\u00e9court &#8211; BP 30 017 &#8211; 54 220 MALZEVILLE<br \/>\nT\u00e9l. : 03 83 33 86 70 &#8211; Fax : 03 83 21 07 62<\/p>\n<p>Site internet : <span style=\"color: #56b74f;\"><a style=\"color: #56b74f;\" href=\"http:\/\/www.fredon-lorraine.com\/fr\/accueil.html\" target=\"_blank\" rel=\"noopener noreferrer\">www.fredon-lorraine.com<\/a><\/span><\/p>\n<div>\n<div><span style=\"color: #993300;\"><b>Vous suspectez la pr\u00e9sence du frelon asiatique, contactez au plus vite le r\u00e9f\u00e9rent<\/b><b> de votre d\u00e9partement :<\/b><\/span><\/div>\n<p><a href=\"http:\/\/gdsreseau3m.com\/wp-content\/uploads\/2019\/06\/Coordonn\u00e9es-FA_Fredon-Lorraine_2019.jpeg\"><img loading=\"lazy\" class=\"alignnone wp-image-4165\" src=\"http:\/\/gdsreseau3m.com\/wp-content\/uploads\/2019\/06\/Coordonn\u00e9es-FA_Fredon-Lorraine_2019.jpeg\" alt=\"\" width=\"729\" height=\"181\" srcset=\"https:\/\/gdsreseau3m.com\/wp-content\/uploads\/2019\/06\/Coordonn\u00e9es-FA_Fredon-Lorraine_2019.jpeg 907w, https:\/\/gdsreseau3m.com\/wp-content\/uploads\/2019\/06\/Coordonn\u00e9es-FA_Fredon-Lorraine_2019-300x74.jpeg 300w, https:\/\/gdsreseau3m.com\/wp-content\/uploads\/2019\/06\/Coordonn\u00e9es-FA_Fredon-Lorraine_2019-768x191.jpeg 768w\" sizes=\"(max-width: 729px) 100vw, 729px\" \/><\/a><\/p>\n<div><strong>En cas de suspicion, r\u00e9coltez le maximum d&rsquo;informations :<\/strong><\/div>\n<ol>\n<li>Photo de bonne qualit\u00e9 du nid ou d&rsquo;un individu<\/li>\n<li>R\u00e9colter un individu (sans se mettre en danger)<\/li>\n<li>Description pr\u00e9cise de l&rsquo;environnement imm\u00e9diat du nid<\/li>\n<li>Lieu exact (ville, adresse, etc.)<\/li>\n<\/ol>\n<div>Coordonn\u00e9es issues du site de la Fredon Lorraine \/ page Frelon Asiatique &#8211; v\u00e9rifier l&rsquo;exactitude des informations <a href=\"https:\/\/www.fredon-lorraine.com\/fr\/frelon-asiatique-1.html\"><span style=\"color: #56b74f;\">ici<\/span><\/a><\/div>\n<div><\/div>\n<\/div>\n<\/div>","protected":false},"excerpt":{"rendered":"<p>\u00a0Adresses et coordonn\u00e9es utiles\u00a0\u00a0 Personnes r\u00e9f\u00e9rentes \u00a0Op\u00e9rateur GDS \u00a0Centre de Formalit\u00e9s des Entreprises \u00a0Services v\u00e9t\u00e9rinaires GDS Apicole &nbsp; 54 GDS 54 9 rue de la Vologne \u00a054520 LAXOU Tel: 03 83 93 44 76 Mail : gds54@gds54.com &nbsp; Chambre d&rsquo;Agriculture de Meurthe-et-Moselle 5 rue de la Vologne &#8211;\u00a054520 LAXOU Tel. : 03 83 93 34 [&hellip;]<\/p>\n","protected":false},"author":1,"featured_media":0,"parent":0,"menu_order":0,"comment_status":"closed","ping_status":"closed","template":"","meta":[],"_links":{"self":[{"href":"https:\/\/gdsreseau3m.com\/index.php?rest_route=\/wp\/v2\/pages\/1803"}],"collection":[{"href":"https:\/\/gdsreseau3m.com\/index.php?rest_route=\/wp\/v2\/pages"}],"about":[{"href":"https:\/\/gdsreseau3m.com\/index.php?rest_route=\/wp\/v2\/types\/page"}],"author":[{"embeddable":true,"href":"https:\/\/gdsreseau3m.com\/index.php?rest_route=\/wp\/v2\/users\/1"}],"replies":[{"embeddable":true,"href":"https:\/\/gdsreseau3m.com\/index.php?rest_route=%2Fwp%2Fv2%2Fcomments&post=1803"}],"version-history":[{"count":19,"href":"https:\/\/gdsreseau3m.com\/index.php?rest_route=\/wp\/v2\/pages\/1803\/revisions"}],"predecessor-version":[{"id":4405,"href":"https:\/\/gdsreseau3m.com\/index.php?rest_route=\/wp\/v2\/pages\/1803\/revisions\/4405"}],"wp:attachment":[{"href":"https:\/\/gdsreseau3m.com\/index.php?rest_route=%2Fwp%2Fv2%2Fmedia&parent=1803"}],"curies":[{"name":"wp","href":"https:\/\/api.w.org\/{rel}","templated":true}]}}