{"id":1801,"date":"2018-06-28T10:24:17","date_gmt":"2018-06-28T08:24:17","guid":{"rendered":"http:\/\/gdsreseau3m.com\/?page_id=1801"},"modified":"2019-08-06T14:10:08","modified_gmt":"2019-08-06T12:10:08","slug":"abeilles-maladie-des-abeilles","status":"publish","type":"page","link":"https:\/\/gdsreseau3m.com\/?page_id=1801","title":{"rendered":"Abeilles &#8211; Maladie des abeilles"},"content":{"rendered":"<div class=\"mpl-content-wrap\"><h1><img loading=\"lazy\" class=\"alignnone wp-image-1975\" src=\"http:\/\/gdsreseau3m.com\/wp-content\/uploads\/2018\/07\/picto-abeille.png\" alt=\"\" width=\"43\" height=\"36\" \/>\u00a0<span style=\"color: #ff9900;\">Maladie des abeilles \u00a0<\/span><\/h1>\n<p>Consultez les fiches ci-dessous. Auteur : Dr Michel Pottiez (AFSSA)<\/p>\n<ul>\n<li><strong><span style=\"color: #56b74f;\"><a style=\"color: #56b74f;\" href=\"http:\/\/gdsreseau3m.com\/wp-content\/uploads\/2018\/06\/NOSEMOSE.pdf\" target=\"_blank\" rel=\"noopener noreferrer\">Nosemose<\/a><\/span>\u00a0:<\/strong><br \/>\n<a href=\"http:\/\/gdsreseau3m.com\/wp-content\/uploads\/2018\/06\/NOSEMOSE.pdf\" target=\"_blank\" rel=\"noopener noreferrer\"><img loading=\"lazy\" class=\"alignnone wp-image-1810 size-full\" src=\"http:\/\/gdsreseau3m.com\/wp-content\/uploads\/2018\/06\/NOSEMOSE-1.jpg\" alt=\"\" width=\"267\" height=\"200\" \/><\/a><\/li>\n<li><span style=\"color: #56b74f;\"><strong>Varroase (paras<span style=\"color: #56b74f;\">itos<\/span>e)<\/strong><\/span><br \/>\n&gt;\u00a0<span style=\"color: #56b74f;\"><a style=\"color: #56b74f;\" href=\"http:\/\/gdsreseau3m.com\/wp-content\/uploads\/2018\/06\/1408612444_VARROASE_MALADIE.pdf\" target=\"_blank\" rel=\"noopener noreferrer\">La maladie :<\/a><\/span><br \/>\n<a href=\"http:\/\/gdsreseau3m.com\/wp-content\/uploads\/2018\/06\/1408612444_VARROASE_MALADIE.pdf\" target=\"_blank\" rel=\"noopener noreferrer\"><img loading=\"lazy\" class=\"alignnone wp-image-1811 size-full\" src=\"http:\/\/gdsreseau3m.com\/wp-content\/uploads\/2018\/06\/1408612444_VARROASE_MALADIE-1.jpg\" alt=\"\" width=\"267\" height=\"200\" \/><\/a><br \/>\n<a href=\"http:\/\/gdsreseau3m.com\/wp-content\/uploads\/2018\/06\/1408612487_20100318_VARROASE_TRAITEMENT.pdf\" target=\"_blank\" rel=\"noopener noreferrer\">&gt; <span style=\"color: #56b74f;\">Le traitement :<\/span><\/a><br \/>\n<a href=\"http:\/\/gdsreseau3m.com\/wp-content\/uploads\/2018\/06\/1408612487_20100318_VARROASE_TRAITEMENT.pdf\" target=\"_blank\" rel=\"noopener noreferrer\"><img loading=\"lazy\" class=\"alignnone size-full wp-image-1813\" src=\"http:\/\/gdsreseau3m.com\/wp-content\/uploads\/2018\/06\/1408612487_20100318_VARROASE_TRAITEMENT-1.jpg\" alt=\"\" width=\"267\" height=\"200\" \/><\/a><i>\u00a0<\/i><\/li>\n<\/ul>\n<ul>\n<li><span style=\"color: #56b74f;\"><strong><i>Aethina tumida<\/i> (col\u00e9opt\u00e8re) :<br \/>\n<\/strong><\/span>&gt; <span style=\"color: #56b74f;\"><a style=\"color: #56b74f;\" href=\"http:\/\/gdsreseau3m.com\/wp-content\/uploads\/2018\/06\/1408612520_AETHINA_TUMIDA.compressed.pdf\" target=\"_blank\" rel=\"noopener noreferrer\">la maladie :<\/a><\/span><br \/>\n<a href=\"http:\/\/gdsreseau3m.com\/wp-content\/uploads\/2018\/06\/1408612520_AETHINA_TUMIDA.compressed.pdf\" target=\"_blank\" rel=\"noopener noreferrer\"><img loading=\"lazy\" class=\"alignnone wp-image-1818 size-full\" src=\"http:\/\/gdsreseau3m.com\/wp-content\/uploads\/2018\/06\/1408612520_AETHINA_TUMIDA.compressed-1.jpg\" alt=\"\" width=\"289\" height=\"200\" \/><\/a><br \/>\n<b><a href=\"http:\/\/gdsreseau3m.com\/wp-content\/uploads\/2018\/06\/1444639540_20140401-LRUE-ABEILLES-petit_coleoptere_aethina_tumida_plaquette_ANSES.pdf\" target=\"_blank\" rel=\"noopener noreferrer\">&gt; <span style=\"color: #56b74f;\">plaquette de l&rsquo;ANSES <\/span><\/a><\/b>sur les risques li\u00e9s \u00e0 Aethina tumida et ceux li\u00e9s aux importations de mat\u00e9riels en provenance de l&rsquo;Italie (10\/2015) :<br \/>\n<a href=\"http:\/\/gdsreseau3m.com\/wp-content\/uploads\/2018\/06\/1444639540_20140401-LRUE-ABEILLES-petit_coleoptere_aethina_tumida_plaquette_ANSES.pdf\" target=\"_blank\" rel=\"noopener noreferrer\"><img loading=\"lazy\" class=\"alignnone wp-image-1775 size-full\" src=\"http:\/\/gdsreseau3m.com\/wp-content\/uploads\/2018\/06\/1444639540_20140401-LRUE-ABEILLES-petit_coleoptere_aethina_tumida_plaquette_ANSES-1.jpg\" alt=\"\" width=\"141\" height=\"199\" \/><\/a><b><br \/>\n<\/b><\/li>\n<li><span style=\"color: #56b74f;\"><strong><a style=\"color: #56b74f;\" href=\"http:\/\/gdsreseau3m.com\/wp-content\/uploads\/2018\/06\/1408612550_Romanzin_AG_SNA_2010_FRELON_ASIATIQUE.compressed.pdf\" target=\"_blank\" rel=\"noopener noreferrer\">Frelon asiatique <\/a><i>Vespa Velutina<br \/>\n<a href=\"http:\/\/gdsreseau3m.com\/wp-content\/uploads\/2018\/06\/1408612550_Romanzin_AG_SNA_2010_FRELON_ASIATIQUE.compressed.pdf\" target=\"_blank\" rel=\"noopener noreferrer\"><img loading=\"lazy\" class=\"alignnone wp-image-1821 size-full\" src=\"http:\/\/gdsreseau3m.com\/wp-content\/uploads\/2018\/06\/1408612550_Romanzin_AG_SNA_2010_FRELON_ASIATIQUE.compressed-1.jpg\" alt=\"\" width=\"305\" height=\"200\" \/><\/a><br \/>\n<\/i><\/strong><i><span style=\"color: #141412;\">&gt; T\u00e9l\u00e9chargez la <\/span><\/i><i><span style=\"color: #56b74f;\"><a style=\"color: #56b74f;\" href=\"http:\/\/gdsreseau3m.com\/wp-content\/uploads\/2018\/06\/1479460966_plaquette_54.pdf\" target=\"_blank\" rel=\"noopener noreferrer\">plaquette informative sur le frelon asiatique<\/a><\/span><span style=\"color: #141412;\"> (GDSA Lorraine &amp; Fredon Lorraine)<br \/>\n<a href=\"http:\/\/gdsreseau3m.com\/wp-content\/uploads\/2018\/06\/1479460966_plaquette_54.pdf\" target=\"_blank\" rel=\"noopener noreferrer\"><img loading=\"lazy\" class=\"alignnone wp-image-1767 size-full\" src=\"http:\/\/gdsreseau3m.com\/wp-content\/uploads\/2018\/06\/1479460966_plaquette_54-1.jpg\" alt=\"\" width=\"283\" height=\"200\" \/><\/a><\/span><\/i><strong><i><span style=\"color: #141412;\"><br \/>\n<\/span><\/i><\/strong><\/span>&gt; Contact en cas de suspicion de pr\u00e9sence en Lorraine =&gt; contacts sur la plaquette ci-dessus.<br \/>\n&gt; <span style=\"color: #56b74f;\"><a style=\"color: #56b74f;\" href=\"http:\/\/gdsreseau3m.com\/wp-content\/uploads\/2018\/06\/1517988480_1712006_SW_Note_Frelon_MTES_DGAl.pdf\" target=\"_blank\" rel=\"noopener noreferrer\">Note de la DGAL<\/a><\/span> concernant le cadre r\u00e8glementaire pour ce qui a trait au frelon asiatique <i>(rappel et synth\u00e8se des textes en vigueur en f\u00e9vrier 2018).<\/i><\/li>\n<\/ul>\n<p>Bulletin \u00c9pid\u00e9miologique Sant\u00e9 Animale (Juin 2014 &#8211;<span style=\"color: #56b74f;\"> <a style=\"color: #56b74f;\" href=\"http:\/\/plateforme-esa.fr\/index.php?option=com_wrapper&amp;view=wrapper&amp;Itemid=179\" target=\"_blank\" rel=\"noopener noreferrer\">Plateforme ESA<\/a><\/span>)<\/p>\n<ul>\n<li><span style=\"color: #56b74f;\"><a style=\"color: #56b74f;\" href=\"http:\/\/gdsreseau3m.com\/wp-content\/uploads\/2018\/06\/1408610717_BEP-mg-BE62_enquete_mortalite_abeilles_2.pdf\" target=\"_blank\" rel=\"noopener noreferrer\">Surveillance de la mortalit\u00e9 et des maladies des abeilles en France :<\/a><\/span><br \/>\n<a href=\"http:\/\/gdsreseau3m.com\/wp-content\/uploads\/2018\/06\/1408610717_BEP-mg-BE62_enquete_mortalite_abeilles_2.pdf\" target=\"_blank\" rel=\"noopener noreferrer\"><img loading=\"lazy\" class=\"alignnone wp-image-1827 size-full\" src=\"http:\/\/gdsreseau3m.com\/wp-content\/uploads\/2018\/06\/1408610717_BEP-mg-BE62_enquete_mortalite_abeilles_2-1.jpg\" alt=\"\" width=\"141\" height=\"199\" \/><\/a><\/li>\n<\/ul>\n<p><i>R\u00e9sultats de la premi\u00e8re ann\u00e9e du programme europ\u00e9en dans six d\u00e9partements pilotes<\/i><\/p>\n<\/div>","protected":false},"excerpt":{"rendered":"<p>\u00a0Maladie des abeilles \u00a0 Consultez les fiches ci-dessous. Auteur : Dr Michel Pottiez (AFSSA) Nosemose\u00a0: Varroase (parasitose) &gt;\u00a0La maladie : &gt; Le traitement : \u00a0 Aethina tumida (col\u00e9opt\u00e8re) : &gt; la maladie : &gt; plaquette de l&rsquo;ANSES sur les risques li\u00e9s \u00e0 Aethina tumida et ceux li\u00e9s aux importations de mat\u00e9riels en provenance de l&rsquo;Italie [&hellip;]<\/p>\n","protected":false},"author":1,"featured_media":0,"parent":0,"menu_order":0,"comment_status":"closed","ping_status":"closed","template":"","meta":[],"_links":{"self":[{"href":"https:\/\/gdsreseau3m.com\/index.php?rest_route=\/wp\/v2\/pages\/1801"}],"collection":[{"href":"https:\/\/gdsreseau3m.com\/index.php?rest_route=\/wp\/v2\/pages"}],"about":[{"href":"https:\/\/gdsreseau3m.com\/index.php?rest_route=\/wp\/v2\/types\/page"}],"author":[{"embeddable":true,"href":"https:\/\/gdsreseau3m.com\/index.php?rest_route=\/wp\/v2\/users\/1"}],"replies":[{"embeddable":true,"href":"https:\/\/gdsreseau3m.com\/index.php?rest_route=%2Fwp%2Fv2%2Fcomments&post=1801"}],"version-history":[{"count":14,"href":"https:\/\/gdsreseau3m.com\/index.php?rest_route=\/wp\/v2\/pages\/1801\/revisions"}],"predecessor-version":[{"id":4415,"href":"https:\/\/gdsreseau3m.com\/index.php?rest_route=\/wp\/v2\/pages\/1801\/revisions\/4415"}],"wp:attachment":[{"href":"https:\/\/gdsreseau3m.com\/index.php?rest_route=%2Fwp%2Fv2%2Fmedia&parent=1801"}],"curies":[{"name":"wp","href":"https:\/\/api.w.org\/{rel}","templated":true}]}}